{"id":147,"date":"2012-07-07T18:54:13","date_gmt":"2012-07-07T21:54:13","guid":{"rendered":"https:\/\/2012.saopaulo.wordcamp.org\/?page_id=147"},"modified":"2012-07-14T03:41:22","modified_gmt":"2012-07-14T06:41:22","slug":"f-a-q","status":"publish","type":"page","link":"https:\/\/saopaulo.wordcamp.org\/2012\/f-a-q\/","title":{"rendered":"F.A.Q."},"content":{"rendered":"<h2>Qual o local e data do WordCamp S\u00e3o Paulo?<\/h2>\n<p style=\"text-align: justify;\">O WordCamp acontecer\u00e1 no dia 25 de agosto de 2012, na Faculdade de Ci\u00eancias Exatas e Tecnologia da\u00a0<a href=\"http:\/\/www.pucsp.br\/\">PUC SP<\/a>, no\u00a0<a href=\"https:\/\/maps.google.com.br\/maps?q=Pontif%C3%ADcia+Universidade+Cat%C3%B3lica+Puc+SP&amp;hl=pt-BR&amp;ie=UTF8&amp;ll=-23.547779,-46.650052&amp;spn=0.009776,0.021136&amp;cid=4364350801819954388&amp;gl=BR&amp;t=m&amp;z=16&amp;iwloc=A\">Campus Consola\u00e7\u00e3o, localizado na Rua Marqu\u00eas de Paranagu\u00e1, 111, regi\u00e3o central<\/a>.\u00a0\u00a0As palestras ser\u00e3o ministradas\u00a0<a title=\"Veja aqui a infraestrutura cedida pela PUC-SP.\" href=\"http:\/\/www4.pucsp.br\/dci\/eventos\/espacos\/marques.html\" target=\"_blank\">no audit\u00f3rio central ou na sala multim\u00eddia Joel Martins<\/a>, com capacidade para 200 e 39 pessoas, respectivamente. As oficinas ser\u00e3o ministradas nos laborat\u00f3rios de inform\u00e1tica com capacidade para 30 pessoas.<\/p>\n<h2>Quais os hor\u00e1rios de in\u00edcio e t\u00e9rmino do evento?<\/h2>\n<p style=\"text-align: justify;\">As atividades ter\u00e3o in\u00edcio \u00e0s 09h de 25\/08\/2012,\u00a0com t\u00e9rmino previsto para as 18h da mesma data. Haver\u00e1 intervalo para alimenta\u00e7\u00e3o e a grade de programa\u00e7\u00e3o ser\u00e1 anunciada pela organiza\u00e7\u00e3o do evento quando ocorrer o fim da <a href=\"http:\/\/saopaulo.wp-brasil.org\/proposta\/\">chamada para trabalhos<\/a>.<\/p>\n<h2 style=\"text-align: justify;\">Quero ministrar uma palestra, oficina ou coordenar uma atividade no WordCamp S\u00e3o Paulo. Qual o procedimento?<\/h2>\n<p style=\"text-align: justify;\">Se voc\u00ea tem interesse em realizar uma palestra, apresenta\u00e7\u00e3o ou oficina,\u00a0<a title=\"Encaminhe sua proposta para o WordCamp SP\" href=\"http:\/\/saopaulo.wp-brasil.org\/proposta\/\" target=\"_blank\">encaminhe sua proposta<\/a>\u00a0para a organiza\u00e7\u00e3o do\u00a0<strong>WordCamp<\/strong>. O prazo \u00e9 dia<strong><span style=\"text-decoration: underline;\"> 27 de julho<\/span><\/strong>.<\/p>\n<h2>Quero patrocinar o WordCamp S\u00e3o Paulo 2012. Como eu fa\u00e7o?<\/h2>\n<p>Aos interessados em patrocinar, por favor, leiam a p\u00e1gina sobre <a href=\"https:\/\/2012.saopaulo.wordcamp.org\/patrocinio\">patroc\u00ednios<\/a> e entrem em contato pelo email saopaulo[arroba]wordcamp[ponto]org.<\/p>\n<h2>Por que est\u00e1 sendo cobrada a taxa de inscri\u00e7\u00e3o?<\/h2>\n<p style=\"text-align: justify;\">A taxa de inscri\u00e7\u00e3o do evento possui valor simb\u00f3lico, e ser\u00e1 utilizada para cobrir o custo da camiseta oficial, sem marcas de patrocinadores, e poss\u00edveis brindes, a depender do total arrecadado. Ela tamb\u00e9m serve para aumentar o comprometimento das pessoas em comparecer ao evento e n\u00e3o segurar a vaga de outras pessoas interessadas. O WordCamp S\u00e3o Paulo \u00e9 em sua ess\u00eancia um evento sem fins lucrativos. Assim, todo e qualquer valor arrecadado com a taxa de inscri\u00e7\u00e3o ser\u00e1 destinado exclusivamente para a realiza\u00e7\u00e3o do WordCamp e em benef\u00edcio de seus inscritos e da comunidade de usu\u00e1rios de WordPress.<\/p>\n<h2 style=\"text-align: justify;\">Como eu recebo o ingresso do evento e a minha camiseta?<\/h2>\n<p style=\"text-align: justify;\">Primeiramente tenha certeza de efetuar a sua\u00a0<strong><a title=\"Fa\u00e7a j\u00e1 sua inscri\u00e7\u00e3o no WordCamp S\u00e3o Paulo\" href=\"http:\/\/saopaulo.wp-brasil.org\/inscricao\/\" target=\"_blank\">inscri\u00e7\u00e3o<\/a>\u00a0<\/strong>no WordCamp S\u00e3o Paulo 2012. Uma vez confirmado o pagamento, voc\u00ea poder\u00e1 retirar suas credenciais (e respectiva camiseta) no dia e local do evento, junto ao balc\u00e3o de credenciamento.\u00a0O sistema de inscri\u00e7\u00e3o utilizado pelo WordCamp S\u00e3o Paulo j\u00e1 cria automaticamente uma rela\u00e7\u00e3o de todos os inscritos e a\u00a0situa\u00e7\u00e3o\u00a0de pagamento de suas respectivas taxas, enviando-a aos organizadores respons\u00e1veis pelo controle de presen\u00e7a e acesso. Voc\u00ea poder\u00e1 levar consigo o comprovante de pagamento impresso, se assim o desejar, por mera precau\u00e7\u00e3o.<\/p>\n<h2 style=\"text-align: justify;\">Quanto custa a taxa de inscri\u00e7\u00e3o?<\/h2>\n<p style=\"text-align: justify;\">A taxa de inscri\u00e7\u00e3o tem o valor simb\u00f3lico de R$30,00 (trinta reais).\u00a0Este valor considera a estimativa de custos atual do WordCamp, e poder\u00e1 sofrer reajuste (ou seja, subir um pouco) em per\u00edodo imediatamente pr\u00f3ximo ao evento. Por isso\u00a0<strong><a title=\"Fa\u00e7a j\u00e1 sua inscri\u00e7\u00e3o no WordCamp S\u00e3o Paulo\" href=\"http:\/\/saopaulo.wp-brasil.org\/inscricao\/\" target=\"_blank\">garanta hoje mesmo sua inscri\u00e7\u00e3o<\/a><\/strong>!<\/p>\n<h2>O que est\u00e1 inclu\u00eddo na taxa de inscri\u00e7\u00e3o?<\/h2>\n<ul>\n<li style=\"text-align: justify;\">comparecimento irrestrito a todas as atividades, oficinas e palestras do evento, limitado pela lota\u00e7\u00e3o m\u00e1xima dos audit\u00f3rios e salas.<\/li>\n<li style=\"text-align: justify;\">camiseta oficial, em tamanho escolhido pelo inscrito.<\/li>\n<\/ul>\n<div>\n<h2>Fiz a inscri\u00e7\u00e3o e n\u00e3o recebi o email de confirma\u00e7\u00e3o. O que eu fa\u00e7o?<\/h2>\n<p>Verifique, por favor, sua caixa de SPAM. Caso o problema persista,\u00a0entrem em contato pelo email saopaulo[arroba]wordcamp[ponto]org.<\/p>\n<\/div>\n<h2>Quero trocar o tamanho da camiseta escolhida. \u00c9 poss\u00edvel?<\/h2>\n<p style=\"text-align: justify;\">As solicita\u00e7\u00f5es de troca de tamanho da camiseta estar\u00e3o sujeitas \u00e0 eventual disponibilidade no dia de realiza\u00e7\u00e3o do evento.<\/p>\n<h2>Quem deve comparecer ao WordCamp?<\/h2>\n<p>Voc\u00ea!<\/p>\n<p>WordCamps s\u00e3o frequentados por uma variedade incr\u00edvel de pessoas, desde blogueiros iniciantes at\u00e9 desenvolvedores, gestores de conte\u00fado e consultores profissionais de WordPress. A abrang\u00eancia do p\u00fablico interessado reflete a diversidade do universo de pessoas envolvidas com a ferramenta.<\/p>\n<p>As atividades que far\u00e3o parte do WordCamp S\u00e3o Paulo ser\u00e3o programadas levando justamente essa amplitude de temas e enfoques.<\/p>\n<ul>\n<li style=\"text-align: justify;\"><strong>Pessoas que se interessam por ter um site ou um blog.<\/strong><br \/>\nSe voc\u00ea n\u00e3o entende nada de html ou css, mas gostaria de ter seu pr\u00f3prio site ou blog, e mant\u00ea-lo sozinho, compare\u00e7a ao WordCamp! Voc\u00ea poder\u00e1 se interessar especialmente por atividades voltadas a conte\u00fado. O WordPress \u00e9 uma plataforma de publica\u00e7\u00e3o gratuita que possibilita a qualquer pessoa manter um site.<\/li>\n<li style=\"text-align: justify;\"><strong>Empresas e organiza\u00e7\u00f5es<\/strong><br \/>\nSe voc\u00ea deseja uma plataforma est\u00e1vel e segura para o site de seu neg\u00f3cio, ou seja, WordPress. Neste caso, voc\u00ea poder\u00e1 desejar a ajuda de um desenvolvedor e\/ou designer da sua comunidade local de WordPress. E nenhum local \u00e9 mais apropriado para conhec\u00ea-los do que o WordCamp!<\/li>\n<li style=\"text-align: justify;\"><strong>Usu\u00e1rios de WordPress<\/strong><br \/>\nSe voc\u00ea tem um site ou blog que utiliza a plataforma, e gostaria de aprender mais sobre ela e como utilizar o WordPress em seu potencial pleno, promov\u00ea-lo, mudar sua apar\u00eancia, etc., o WordCamp tamb\u00e9m ir\u00e1 lhe surpreender positivamente.<\/li>\n<li style=\"text-align: justify;\"><strong>Desenvolvedores<\/strong><br \/>\nConhe\u00e7a\u00a0as melhores pr\u00e1ticas e casos de sucesso, e aprimore sua rede de relacionamentos profissionais. Veja truques, dicas e outros segredos dos palestrantes. Oportunidade \u00fanica de aprender e compartilhar conhecimento.<\/li>\n<li style=\"text-align: justify;\"><strong>Empresas interessadas em TI<\/strong><br \/>\nSe voc\u00ea precisa contratar desenvolvedores e designers que usam e conhecem WordPress em profundidade, h\u00e1 uma boa chance de encontr\u00e1-los no WordCamp S\u00e3o Paulo.<\/li>\n<\/ul>\n<p style=\"text-align: justify;\">Seja como for, todos os usu\u00e1rios inscritos encontrar\u00e3o palestras, oficinas e apresenta\u00e7\u00f5es que correspondam aos seus interesses, criando\u00a0uma experi\u00eancia \u00fanica e divertida sobre WordPress. O evento \u00e9 organizado localmente, pelos usu\u00e1rios e para eles, em todo o respeito aos ideais que sustentam a cria\u00e7\u00e3o e o desenvolvimento do WordPress.<\/p>\n<h2>Como eu chego ao WordCamp S\u00e3o Paulo 2012?<\/h2>\n<div>\n<p>Muito f\u00e1cil!<\/p>\n<p>Consulte o &#8220;<a title=\"Guia de Sobreviv\u00eancia\" href=\"http:\/\/wp.me\/P2tL57-23\" target=\"_blank\">Guia de Sobreviv\u00eancia<\/a>&#8220;.<\/p>\n<h2>O que eu devo levar ao WordCamp?<\/h2>\n<ul>\n<li style=\"text-align: justify;\">Documento de identifica\u00e7\u00e3o com foto, para fins de credenciamento.<\/li>\n<li style=\"text-align: justify;\">Seu laptop, tablet, ultrabook etc. &#8211; \u00e9 recomendado, mas n\u00e3o \u00e9 necess\u00e1rio.<\/li>\n<li style=\"text-align: justify;\">C\u00e2meras fotogr\u00e1ficas, filmadoras etc. &#8211; \u00e9 permitido filmar, fotografar e gravar o evento. N\u00e3o se esque\u00e7a de compartilhar o resultado com a sua comunidade local de WordPress.<\/li>\n<li style=\"text-align: justify;\">Voc\u00ea pode ter a inten\u00e7\u00e3o de registrar anota\u00e7\u00f5es do evento. Leve caneta, papel, gravador, ou qualquer outro dispositivo que lhe permita registrar seus apontamentos, neste caso.<\/li>\n<li style=\"text-align: justify;\">Energia: cabos, carregadores, baterias extras. Nunca \u00e9 demais.<\/li>\n<li style=\"text-align: justify;\">Cart\u00f5es de visita. Sim, as pessoas ainda usam e gostam deles.<\/li>\n<li style=\"text-align: justify;\">A programa\u00e7\u00e3o do evento &#8211; certamente lhe ajudar\u00e1 a manter e acompanhar as atividades de seu interesse.<\/li>\n<li style=\"text-align: justify;\">Uma garrafa de \u00e1gua. WordCamp \u00e9 bom, mas mantenha-se sempre hidratado para assimilar melhor tantas novidades e informa\u00e7\u00f5es no dia do evento.<\/li>\n<li style=\"text-align: justify;\">Um <em>snack<\/em> (ou tr\u00eas): barras de\u00a0cereal, talvez uma fruta. Embora haja diversas op\u00e7\u00f5es de alimenta\u00e7\u00e3o pr\u00f3ximas ao evento &#8211; e intervalo para almo\u00e7o, \u00e9 sempre bom ter a possibilidade de recuperar suas energias com um lanche sem ter que deixar a palestra.<\/li>\n<li style=\"text-align: justify;\">Agasalhos. O tempo em S\u00e3o Paulo \u00e9 muito imprevis\u00edvel. Salas e audit\u00f3rios com ar-condicionado tamb\u00e9m podem ser desconfort\u00e1veis.<\/li>\n<li style=\"text-align: justify;\">Uma mochila ou bolsa, com espa\u00e7o extra. Sim, porque al\u00e9m de tudo isso, voc\u00ea poder\u00e1 voltar de l\u00e1 com alguns brindes e surpresas.<\/li>\n<li style=\"text-align: justify;\">Pendrive. Caso voc\u00ea queira compartilhar arquivos com outros participantes, que sejam grandes demais para transfer\u00eancia por email.<\/li>\n<\/ul>\n<h2 style=\"text-align: justify;\">Qual \u00e9 a hashtag oficial do evento?<\/h2>\n<\/div>\n<p>A\u00a0hashtag\u00a0oficial \u00e9<strong>\u00a0<\/strong>\u00a0<a href=\"http:\/\/twitter.com\/#!\/search\/wcsp\" target=\"_blank\">#<strong>WCSP<\/strong><\/a>, e a divulga\u00e7\u00e3o do evento est\u00e1 sendo realizada pela organiza\u00e7\u00e3o, atrav\u00e9s do <a href=\"https:\/\/twitter.com\/wordpressbrasil\" target=\"_blank\">twitter oficial da Comunidade WordPress Brasil<\/a>.<\/p>\n<h2>Haver\u00e1 alguma festa ou confraterniza\u00e7\u00e3o para os participantes do evento?<\/h2>\n<p style=\"text-align: justify;\">Obviamente que sim! O WordCana, como \u00e9 conhecida a nossa confraterniza\u00e7\u00e3o p\u00f3s-evento ser\u00e1 na noite do s\u00e1bado, 25\/08\/12, e todos os detalhes ser\u00e3o divulgados com anteced\u00eancia, aqui no <a href=\"https:\/\/2012.saopaulo.wordcamp.org\" target=\"_blank\">site oficial<\/a>.<\/p>\n<h2>Haver\u00e1 disponibilidade de tomadas de energia el\u00e9trica?<\/h2>\n<p style=\"text-align: justify;\">Para os palestrantes, sim. Por\u00e9m com tantos participantes trazendo notebooks, tablets etc., n\u00f3s sugerimos que voc\u00ea traga seus dispositivos m\u00f3veis com a bateria integralmente abastecida, e respectivos carregadores e cabos, na hip\u00f3tese de pretender utiliz\u00e1-los durante o evento.<\/p>\n<h2>Quantos participantes s\u00e3o esperados?<\/h2>\n<p>O WordCamp S\u00e3o Paulo est\u00e1 sendo estruturado para um p\u00fablico de 250 a 300 pessoas. Incr\u00edvel, n\u00e3o?<\/p>\n<h2>Haver\u00e1 disponibilidade\u00a0de\u00a0conex\u00e3o\u00a0\u00e0 internet sem fio?<\/h2>\n<p>Sim, a <a href=\"http:\/\/www.pucsp.br\/\">PUC SP<\/a>, apoiadora oficial para <a title=\"Veja aqui a infraestrutura cedida pela PUC-SP.\" href=\"http:\/\/www4.pucsp.br\/dci\/eventos\/espacos\/marques.html\" target=\"_blank\">infraestrutura do evento<\/a>, ceder\u00e1 aos participantes acesso gratuito wi-fi \u00e0 internet. Observamos, por\u00e9m, que poder\u00e1 haver eventuais limita\u00e7\u00f5es em raz\u00e3o da disponibilidade e natureza do servi\u00e7o.<\/p>\n<h2>Credenciamento e certificados de participa\u00e7\u00e3o:<\/h2>\n<p style=\"text-align: justify;\">Por favor, chegue pontualmente ao in\u00edcio da confer\u00eancia, para possibilitar agilidade na realiza\u00e7\u00e3o de seu credenciamento e entrega de camiseta e kit de boas-vindas. A grade de programa\u00e7\u00e3o ser\u00e1 divulgada quando do t\u00e9rmino da chamada para trabalhos. O credenciamento \u00e9 um processo r\u00e1pido, e possibilita a expedi\u00e7\u00e3o dos certificados de participa\u00e7\u00e3o dos inscritos.<\/p>\n<p>Obrigado a todos e at\u00e9 25 de agosto!<\/p>\n<p style=\"text-align: justify;\"><em>* Este F.A.Q. foi elaborado com base naqueles utilizados nos <a href=\"http:\/\/2012.columbus.wordcamp.org\/faq\/\">WordCamp Columbus<\/a>, <a href=\"http:\/\/2012.fayetteville.wordcamp.org\/faq\/\">WordCamp Fayetteville<\/a>, e <a href=\"http:\/\/2011.albuquerque.wordcamp.org\/faq\/\">WordCamp Albuquerque<\/a>, porque eles fizeram um excelente trabalho em sua cria\u00e7\u00e3o.<\/em><\/p>\n<p style=\"text-align: justify;\"><span style=\"color: #000000;\"><strong><br \/>\n<\/strong><\/span><\/p>\n","protected":false},"excerpt":{"rendered":"<p>Qual o local e data do WordCamp S\u00e3o Paulo? O WordCamp acontecer\u00e1 no dia 25 de agosto de 2012, na Faculdade de Ci\u00eancias Exatas e Tecnologia da\u00a0PUC SP, no\u00a0Campus Consola\u00e7\u00e3o, localizado na Rua Marqu\u00eas de Paranagu\u00e1, 111, regi\u00e3o central.\u00a0\u00a0As palestras &hellip; <a href=\"https:\/\/saopaulo.wordcamp.org\/2012\/f-a-q\/\">Continuar a ler <span class=\"screen-reader-text\">F.A.Q.<\/span>  <span class=\"meta-nav\">&rarr;<\/span><\/a><\/p>\n","protected":false},"author":1364586,"featured_media":0,"parent":0,"menu_order":0,"comment_status":"closed","ping_status":"closed","template":"","meta":{"jetpack_post_was_ever_published":false,"footnotes":""},"class_list":["post-147","page","type-page","status-publish","hentry"],"jetpack_sharing_enabled":true,"jetpack_shortlink":"https:\/\/wp.me\/P2tL57-2n","_links":{"self":[{"href":"https:\/\/saopaulo.wordcamp.org\/2012\/wp-json\/wp\/v2\/pages\/147","targetHints":{"allow":["GET"]}}],"collection":[{"href":"https:\/\/saopaulo.wordcamp.org\/2012\/wp-json\/wp\/v2\/pages"}],"about":[{"href":"https:\/\/saopaulo.wordcamp.org\/2012\/wp-json\/wp\/v2\/types\/page"}],"author":[{"embeddable":true,"href":"https:\/\/saopaulo.wordcamp.org\/2012\/wp-json\/wp\/v2\/users\/1364586"}],"replies":[{"embeddable":true,"href":"https:\/\/saopaulo.wordcamp.org\/2012\/wp-json\/wp\/v2\/comments?post=147"}],"version-history":[{"count":36,"href":"https:\/\/saopaulo.wordcamp.org\/2012\/wp-json\/wp\/v2\/pages\/147\/revisions"}],"predecessor-version":[{"id":181,"href":"https:\/\/saopaulo.wordcamp.org\/2012\/wp-json\/wp\/v2\/pages\/147\/revisions\/181"}],"wp:attachment":[{"href":"https:\/\/saopaulo.wordcamp.org\/2012\/wp-json\/wp\/v2\/media?parent=147"}],"curies":[{"name":"wp","href":"https:\/\/api.w.org\/{rel}","templated":true}]}}