{"id":162,"date":"2012-07-07T18:14:40","date_gmt":"2012-07-07T21:14:40","guid":{"rendered":"https:\/\/2012.saopaulo.wordcamp.org\/?page_id=162"},"modified":"2012-08-06T15:50:22","modified_gmt":"2012-08-06T18:50:22","slug":"press-release","status":"publish","type":"page","link":"https:\/\/saopaulo.wordcamp.org\/2012\/press-release\/","title":{"rendered":"Press Release"},"content":{"rendered":"<p>A comunidade de usu\u00e1rios de WordPress realiza pela primeira vez o <strong>WordCamp S\u00e3o Paulo<\/strong> dia 25 de agosto, das 9h \u00e0s 18h,\u00a0no campus Consola\u00e7\u00e3o da PUC-SP, na <a title=\"Saiba como chegar\" href=\"https:\/\/www.google.com\/maps?q=Rua+Marqu%C3%AAs+de+Paranagu%C3%A1,+111,S%C3%A3o+Paulo,+Brasil&amp;hl=pt-BR&amp;ie=UTF8&amp;sll=37.0625,-95.677068&amp;sspn=37.188995,71.630859&amp;hnear=R.+Marqu%C3%AAs+de+Paranagu%C3%A1,+111+-+Consola%C3%A7%C3%A3o,+S%C3%A3o+Paulo,+01303-050,+Brasil&amp;t=m&amp;z=16\" target=\"_blank\">Rua Marqu\u00eas de Paranagu\u00e1, 111<\/a>. O evento reunir\u00e1 desenvolvedores, designers, blogueiros e usu\u00e1rios casuais da plataforma de c\u00f3digo aberto mais utilizada no gerenciamento de blogs, sites e portais em todo o mundo. Os participantes poder\u00e3o acompanhar palestras, apresenta\u00e7\u00f5es, tutoriais e ter\u00e3o espa\u00e7o para interagir com os outros num ambiente informal, uma das caracter\u00edsticas desse encontro.<img decoding=\"async\" title=\"gallery columns=&quot;4&quot;\" src=\"https:\/\/2012.saopaulo.wordcamp.org\/wp-includes\/js\/tinymce\/plugins\/wpgallery\/img\/t.gif\" alt=\"\" \/> A programa\u00e7\u00e3o est\u00e1 dispon\u00edvel no endere\u00e7o: <a href=\"https:\/\/2012.saopaulo.wordcamp.org\/programacao\/\">https:\/\/2012.saopaulo.wordcamp.org\/programacao\/<\/a><\/p>\n<p>As inscri\u00e7\u00f5es, feitas exclusivamente online pelo endere\u00e7o <a href=\"http:\/\/saopaulo.wp-brasil.org\/inscricao\/\">http:\/\/saopaulo.wp-brasil.org\/inscricao<\/a>, est\u00e3o abertas a um pre\u00e7o simb\u00f3lico de R$ 30,00, que tamb\u00e9m d\u00e1 direito a uma camiseta, e se encerram no dia 19 de agosto.<\/p>\n<p><strong>Hist\u00f3ria do WordCamp<\/strong><\/p>\n<p>O primeiro <strong>WordCamp<\/strong> aconteceu em julho de 2006 em S\u00e3o Francisco. Foi organizado por Matt Mullenweg, criador do WordPress. A primeira vers\u00e3o internacional da qual se teve not\u00edcia aconteceu em Israel no dia 25 de outubro de 2007. Desde ent\u00e3o o WordCamp se espalhou pelas capitais e principais cidades do mundo, tais como: Paris, Mil\u00e3o, T\u00f3quio, Melbourne, Sydney, Birmingham, Hamburgo e Vancouver (veja <a href=\"http:\/\/central.wordcamp.org\/schedule\/past-wordcamps\/\">lista com todos os WordCamps<\/a> realizados).<\/p>\n<p>Em 2009 foi realizado o primeiro WordCamp Brasil, na cidade de S\u00e3o Paulo, com a presen\u00e7a de Matt Mullenweg. Depois disso, a comunidade decidiu organizar o evento de forma descentralizada: houve duas edi\u00e7\u00f5es em Curitiba, uma em outubro de 2010 e outra nos dias 14 e 15 de junho passados.<\/p>\n","protected":false},"excerpt":{"rendered":"<p>A comunidade de usu\u00e1rios de WordPress realiza pela primeira vez o WordCamp S\u00e3o Paulo dia 25 de agosto, das 9h \u00e0s 18h,\u00a0no campus Consola\u00e7\u00e3o da PUC-SP, na Rua Marqu\u00eas de Paranagu\u00e1, 111. O evento reunir\u00e1 desenvolvedores, designers, blogueiros e usu\u00e1rios &hellip; <a href=\"https:\/\/saopaulo.wordcamp.org\/2012\/press-release\/\">Continuar a ler <span class=\"screen-reader-text\">Press Release<\/span>  <span class=\"meta-nav\">&rarr;<\/span><\/a><\/p>\n","protected":false},"author":397920,"featured_media":0,"parent":0,"menu_order":0,"comment_status":"closed","ping_status":"closed","template":"","meta":{"jetpack_post_was_ever_published":false,"footnotes":""},"class_list":["post-162","page","type-page","status-publish","hentry"],"jetpack_sharing_enabled":true,"jetpack_shortlink":"https:\/\/wp.me\/P2tL57-2C","_links":{"self":[{"href":"https:\/\/saopaulo.wordcamp.org\/2012\/wp-json\/wp\/v2\/pages\/162","targetHints":{"allow":["GET"]}}],"collection":[{"href":"https:\/\/saopaulo.wordcamp.org\/2012\/wp-json\/wp\/v2\/pages"}],"about":[{"href":"https:\/\/saopaulo.wordcamp.org\/2012\/wp-json\/wp\/v2\/types\/page"}],"author":[{"embeddable":true,"href":"https:\/\/saopaulo.wordcamp.org\/2012\/wp-json\/wp\/v2\/users\/397920"}],"replies":[{"embeddable":true,"href":"https:\/\/saopaulo.wordcamp.org\/2012\/wp-json\/wp\/v2\/comments?post=162"}],"version-history":[{"count":14,"href":"https:\/\/saopaulo.wordcamp.org\/2012\/wp-json\/wp\/v2\/pages\/162\/revisions"}],"predecessor-version":[{"id":175,"href":"https:\/\/saopaulo.wordcamp.org\/2012\/wp-json\/wp\/v2\/pages\/162\/revisions\/175"}],"wp:attachment":[{"href":"https:\/\/saopaulo.wordcamp.org\/2012\/wp-json\/wp\/v2\/media?parent=162"}],"curies":[{"name":"wp","href":"https:\/\/api.w.org\/{rel}","templated":true}]}}