{"id":505,"date":"2012-08-05T15:27:11","date_gmt":"2012-08-05T18:27:11","guid":{"rendered":"https:\/\/2012.saopaulo.wordcamp.org\/?page_id=505"},"modified":"2012-11-06T10:46:18","modified_gmt":"2012-11-06T12:46:18","slug":"palestrantes","status":"publish","type":"page","link":"https:\/\/saopaulo.wordcamp.org\/2012\/palestrantes\/","title":{"rendered":"Palestrantes"},"content":{"rendered":"\n\t\t<div class=\"cpt-loop speaker-gravatar-list clearfix\">\n\t\t\t<p>\n\t\t\t\t\t\t\t<a href='#bruno-borges' title='Bruno Borges'><img alt='' src='https:\/\/secure.gravatar.com\/avatar\/e58471484233a717104e41863fd681e87a756838f7013887a22452f71f14b54a?s=48&#038;d=mm&#038;r=g' srcset='https:\/\/secure.gravatar.com\/avatar\/e58471484233a717104e41863fd681e87a756838f7013887a22452f71f14b54a?s=96&#038;d=mm&#038;r=g 2x' class='avatar avatar-48 photo' height='48' width='48' \/><\/a>\t\t\t\t\t\t\t<a href='#catia-kitahara' title='C\u00e1tia Kitahara'><img alt='' src='https:\/\/secure.gravatar.com\/avatar\/8173d5ebed8bab06d86c0ec8842d5f84f4df2752db3ed4badec1d2c9e7b3f9e1?s=48&#038;d=mm&#038;r=g' srcset='https:\/\/secure.gravatar.com\/avatar\/8173d5ebed8bab06d86c0ec8842d5f84f4df2752db3ed4badec1d2c9e7b3f9e1?s=96&#038;d=mm&#038;r=g 2x' class='avatar avatar-48 photo' height='48' width='48' \/><\/a>\t\t\t\t\t\t\t<a href='#daniel-antunes-rocha' title='Daniel Antunes Rocha'><img alt='' src='https:\/\/secure.gravatar.com\/avatar\/b275105f08597bc11e302d653809203ca2ce7881db1a194287a7174358326124?s=48&#038;d=mm&#038;r=g' srcset='https:\/\/secure.gravatar.com\/avatar\/b275105f08597bc11e302d653809203ca2ce7881db1a194287a7174358326124?s=96&#038;d=mm&#038;r=g 2x' class='avatar avatar-48 photo' height='48' width='48' \/><\/a>\t\t\t\t\t\t\t<a href='#diogenes-buarque-ianakiara' title='Diogenes Buarque Ianakiara'><img alt='' src='https:\/\/secure.gravatar.com\/avatar\/b48f3139a59da10bd632656fb321dda44689fee38a094ffb036e4567b07f20f4?s=48&#038;d=mm&#038;r=g' srcset='https:\/\/secure.gravatar.com\/avatar\/b48f3139a59da10bd632656fb321dda44689fee38a094ffb036e4567b07f20f4?s=96&#038;d=mm&#038;r=g 2x' class='avatar avatar-48 photo' height='48' width='48' \/><\/a>\t\t\t\t\t\t\t<a href='#felipe-coelho-kussik' title='Felipe Coelho Kussik'><img alt='' src='https:\/\/secure.gravatar.com\/avatar\/5a5cfa09cf236ad07953fb2b83b08ddcaf4d924c061d58fb7e117c867d0f169e?s=48&#038;d=mm&#038;r=g' srcset='https:\/\/secure.gravatar.com\/avatar\/5a5cfa09cf236ad07953fb2b83b08ddcaf4d924c061d58fb7e117c867d0f169e?s=96&#038;d=mm&#038;r=g 2x' class='avatar avatar-48 photo' height='48' width='48' \/><\/a>\t\t\t\t\t\t\t<a href='#gustavo-bordoni' title='Gustavo Bordoni'><img alt='' src='https:\/\/secure.gravatar.com\/avatar\/bac31ec25b96dedee853b8959528ef17e13fafaef16d590e7bf2fa2d90397da5?s=48&#038;d=mm&#038;r=g' srcset='https:\/\/secure.gravatar.com\/avatar\/bac31ec25b96dedee853b8959528ef17e13fafaef16d590e7bf2fa2d90397da5?s=96&#038;d=mm&#038;r=g 2x' class='avatar avatar-48 photo' height='48' width='48' \/><\/a>\t\t\t\t\t\t\t<a href='#leo-germani' title='Leo Germani'><img alt='' src='https:\/\/secure.gravatar.com\/avatar\/d9dcd98edfbe31a7fa391458eda78cc74ec6b899c49bb687be90b79ba1f69def?s=48&#038;d=mm&#038;r=g' srcset='https:\/\/secure.gravatar.com\/avatar\/d9dcd98edfbe31a7fa391458eda78cc74ec6b899c49bb687be90b79ba1f69def?s=96&#038;d=mm&#038;r=g 2x' class='avatar avatar-48 photo' height='48' width='48' \/><\/a>\t\t\t\t\t\t\t<a href='#marcelo-mesquita' title='Marcelo Mesquita'><img alt='' src='https:\/\/secure.gravatar.com\/avatar\/89fddefe7e7674fb46f09412a6052ae533bccfa21b7f237ab75ff35af13b69fb?s=48&#038;d=mm&#038;r=g' srcset='https:\/\/secure.gravatar.com\/avatar\/89fddefe7e7674fb46f09412a6052ae533bccfa21b7f237ab75ff35af13b69fb?s=96&#038;d=mm&#038;r=g 2x' class='avatar avatar-48 photo' height='48' width='48' \/><\/a>\t\t\t\t\t\t\t<a href='#matias-ventura' title='Mat\u00edas Ventura'><img alt='' src='https:\/\/secure.gravatar.com\/avatar\/e837760269dc3bbaa5f118fb169afd62bf33ed0fd16d5a51c61665e0a4c1d692?s=48&#038;d=mm&#038;r=g' srcset='https:\/\/secure.gravatar.com\/avatar\/e837760269dc3bbaa5f118fb169afd62bf33ed0fd16d5a51c61665e0a4c1d692?s=96&#038;d=mm&#038;r=g 2x' class='avatar avatar-48 photo' height='48' width='48' \/><\/a>\t\t\t\t\t\t\t<a href='#mayara-alanna-pereira-martins' title='Mayara Alanna Pereira Martins'><img alt='' src='https:\/\/secure.gravatar.com\/avatar\/4cb6a74a071a7668981772e8fc2dbfb5ab13d7d2c9d82ad057fde4f4c54608a7?s=48&#038;d=mm&#038;r=g' srcset='https:\/\/secure.gravatar.com\/avatar\/4cb6a74a071a7668981772e8fc2dbfb5ab13d7d2c9d82ad057fde4f4c54608a7?s=96&#038;d=mm&#038;r=g 2x' class='avatar avatar-48 photo' height='48' width='48' \/><\/a>\t\t\t\t\t\t\t<a href='#rafael-ehlers' title='Rafael Ehlers'><img alt='' src='https:\/\/secure.gravatar.com\/avatar\/4b84726cd68dd569b3e481784a27d7e1951b45d281738e636516475a1a300e1c?s=48&#038;d=mm&#038;r=g' srcset='https:\/\/secure.gravatar.com\/avatar\/4b84726cd68dd569b3e481784a27d7e1951b45d281738e636516475a1a300e1c?s=96&#038;d=mm&#038;r=g 2x' class='avatar avatar-48 photo' height='48' width='48' \/><\/a>\t\t\t\t\t\t\t<a href='#ricardo-moraleida' title='Ricardo Moraleida'><img alt='' src='https:\/\/secure.gravatar.com\/avatar\/7968ad9195bf5aa3ca864eba02557b6f49a847537d8a098a52536a00aa1b4ea2?s=48&#038;d=mm&#038;r=g' srcset='https:\/\/secure.gravatar.com\/avatar\/7968ad9195bf5aa3ca864eba02557b6f49a847537d8a098a52536a00aa1b4ea2?s=96&#038;d=mm&#038;r=g 2x' class='avatar avatar-48 photo' height='48' width='48' \/><\/a>\t\t\t\t\t\t\t<a href='#rubens-souza-meyer' title='Rubens Souza Meyer'><img alt='' src='https:\/\/secure.gravatar.com\/avatar\/562c69051c63a10e6dac47c1eed16060a9ddf83de84bd8529abe8a2d7772c6fa?s=48&#038;d=mm&#038;r=g' srcset='https:\/\/secure.gravatar.com\/avatar\/562c69051c63a10e6dac47c1eed16060a9ddf83de84bd8529abe8a2d7772c6fa?s=96&#038;d=mm&#038;r=g 2x' class='avatar avatar-48 photo' height='48' width='48' \/><\/a>\t\t\t\t\t\t\t<a href='#vinicius-massuchetto' title='Vinicius Massuchetto'><img alt='' src='https:\/\/secure.gravatar.com\/avatar\/ca7c50f37d15544f64c1af4449f58710cbaa7a1ca4ae1e3f400beb6f08a011c0?s=48&#038;d=mm&#038;r=g' srcset='https:\/\/secure.gravatar.com\/avatar\/ca7c50f37d15544f64c1af4449f58710cbaa7a1ca4ae1e3f400beb6f08a011c0?s=96&#038;d=mm&#038;r=g 2x' class='avatar avatar-48 photo' height='48' width='48' \/><\/a>\t\t\t\t\t\t<\/p>\n\t\t<\/div>\n\n\t\t\t\t\n\t\t<div class=\"cpt-loop speakers\">\n\t\t\t<div class=\"grid_6 alpha\">\n\n\t\t\t\t\n\t\t\t\t\t\n\t\t\t\t\t<div id=\"bruno-borges\" class=\"speaker clearfix odd post-521 wcb_speaker type-wcb_speaker status-publish hentry\" >\n\t\t\t\t\t\t<h3 class=\"entry-title speaker-name\">Bruno Borges<\/h3>\n\t\t\t\t\t\t<div class=\"entry-content speaker-bio\">\n\t\t\t\t\t\t<img alt='' src='https:\/\/secure.gravatar.com\/avatar\/e58471484233a717104e41863fd681e87a756838f7013887a22452f71f14b54a?s=102&#038;d=mm&#038;r=g' srcset='https:\/\/secure.gravatar.com\/avatar\/e58471484233a717104e41863fd681e87a756838f7013887a22452f71f14b54a?s=204&#038;d=mm&#038;r=g 2x' class='avatar avatar-102 photo' height='102' width='102' \/><p>Analista de seguran\u00e7a, pesquisador de malware, trabalha no time de resposta a incidentes e limpeza de sites da empresa americana <a href=\"http:\/\/sucuri.net\">Sucuri.net<\/a>. Atua diariamente removendo c\u00f3digos maliciosos de centenas de sites, principalmente em WordPress. Profissional certificado CompTIA Security + e Information Security Foundation on ISO\/IEC 27002.<\/p>\n<p>Palestra: <a title=\"Liga\u00e7\u00e3o permamente para Malware e Seguran\u00e7a em WordPress\" href=\"https:\/\/2012.saopaulo.wordcamp.org\/session\/malware-e-seguranca-em-wordpress\/\" rel=\"bookmark\">Malware e Seguran\u00e7a em WordPress<\/a><\/p>\n\t\t\t\t\t\t<\/div>\n\t\t\t\t\t<\/div>\n\t\t\t\t\n\t\t\t\t\t\n\t\t\t\t\t<div id=\"catia-kitahara\" class=\"speaker clearfix even post-516 wcb_speaker type-wcb_speaker status-publish hentry\" >\n\t\t\t\t\t\t<h3 class=\"entry-title speaker-name\">C\u00e1tia Kitahara<\/h3>\n\t\t\t\t\t\t<div class=\"entry-content speaker-bio\">\n\t\t\t\t\t\t<img alt='' src='https:\/\/secure.gravatar.com\/avatar\/8173d5ebed8bab06d86c0ec8842d5f84f4df2752db3ed4badec1d2c9e7b3f9e1?s=102&#038;d=mm&#038;r=g' srcset='https:\/\/secure.gravatar.com\/avatar\/8173d5ebed8bab06d86c0ec8842d5f84f4df2752db3ed4badec1d2c9e7b3f9e1?s=204&#038;d=mm&#038;r=g 2x' class='avatar avatar-102 photo' height='102' width='102' \/><p>Formada em arquitetura e p\u00f3s-graduada em design de hiperm\u00eddia, trabalha como webdesigner h\u00e1 mais de 10 anos e hoje \u00e9 s\u00f3cia no <a href=\"http:\/\/hacklab.com.br\">Hacklab<\/a>. \u00c9 especialista em WordPress e participa ativamente, como membro fundador, da Comunidade Brasileira de WordPress. Organizou o primeiro WordCamp Brasil em 2009 e ajuda na organiza\u00e7\u00e3o de outras edi\u00e7\u00f5es do evento.<\/p>\n<p>Palestra: <a title=\"Liga\u00e7\u00e3o permamente para WordPress para Webdesigners \u2013 Classes e IDs gerados automaticamente\" href=\"https:\/\/2012.saopaulo.wordcamp.org\/session\/wordpress-para-webdesigners-classes-e-ids-gerados-automaticamente\/\" rel=\"bookmark\">WordPress para Webdesigners \u2013 Classes e IDs gerados automaticamente<\/a><\/p>\n\t\t\t\t\t\t<\/div>\n\t\t\t\t\t<\/div>\n\t\t\t\t\n\t\t\t\t\t\n\t\t\t\t\t<div id=\"daniel-antunes-rocha\" class=\"speaker clearfix odd post-564 wcb_speaker type-wcb_speaker status-publish hentry\" >\n\t\t\t\t\t\t<h3 class=\"entry-title speaker-name\">Daniel Antunes Rocha<\/h3>\n\t\t\t\t\t\t<div class=\"entry-content speaker-bio\">\n\t\t\t\t\t\t<img alt='' src='https:\/\/secure.gravatar.com\/avatar\/b275105f08597bc11e302d653809203ca2ce7881db1a194287a7174358326124?s=102&#038;d=mm&#038;r=g' srcset='https:\/\/secure.gravatar.com\/avatar\/b275105f08597bc11e302d653809203ca2ce7881db1a194287a7174358326124?s=204&#038;d=mm&#038;r=g 2x' class='avatar avatar-102 photo' height='102' width='102' \/><p>Trabalha na <a href=\"http:\/\/apiki.com\/\">Apiki<\/a>, uma empresa 100% focada em WordPress. Especialista no desenvolvimento de plugins, professor da Apiki WP Cursos, graduado em Sistemas de Infoma\u00e7\u00e3o, foi palestrante no WordCamp 2010 com o tema: Boas pr\u00e1ticas no desenvolvimento de plugins WordPress. Tamb\u00e9m ministrou um mini-curso sobre desenvolvimento de plugins orientado a objetos.<\/p>\n<p>Oficina: <a href=\"https:\/\/2012.saopaulo.wordcamp.org\/session\/desenvolvimento-de-plugins-com-wp-list-table\/\">Desenvolvimento de plugins com WP List Table<\/a><\/p>\n\t\t\t\t\t\t<\/div>\n\t\t\t\t\t<\/div>\n\t\t\t\t\n\t\t\t\t\t\n\t\t\t\t\t<div id=\"diogenes-buarque-ianakiara\" class=\"speaker clearfix even post-530 wcb_speaker type-wcb_speaker status-publish hentry\" >\n\t\t\t\t\t\t<h3 class=\"entry-title speaker-name\">Diogenes Buarque Ianakiara<\/h3>\n\t\t\t\t\t\t<div class=\"entry-content speaker-bio\">\n\t\t\t\t\t\t<img alt='' src='https:\/\/secure.gravatar.com\/avatar\/b48f3139a59da10bd632656fb321dda44689fee38a094ffb036e4567b07f20f4?s=102&#038;d=mm&#038;r=g' srcset='https:\/\/secure.gravatar.com\/avatar\/b48f3139a59da10bd632656fb321dda44689fee38a094ffb036e4567b07f20f4?s=204&#038;d=mm&#038;r=g 2x' class='avatar avatar-102 photo' height='102' width='102' \/><p>Diogenes Buarque \u00e9 engenheiro de software, especialista em<br \/>\ndesenvolvimento de sistemas de alta performance e cloud<br \/>\ncomputing, possui mais de 8 anos de experi\u00eancia atendendo<br \/>\ngrandes empresas do Brasil e exterior. Atualmente \u00e9 CTO da <a href=\"http:\/\/performanz.com.br\">Performanz Technology<\/a>.<\/p>\n<p>Palestra: <a href=\"https:\/\/2012.saopaulo.wordcamp.org\/session\/wordpress-com-alta-performance\/\">WordPress com Alta Performance<\/a><\/p>\n\t\t\t\t\t\t<\/div>\n\t\t\t\t\t<\/div>\n\t\t\t\t\n\t\t\t\t\t\n\t\t\t\t\t<div id=\"felipe-coelho-kussik\" class=\"speaker clearfix odd post-728 wcb_speaker type-wcb_speaker status-publish hentry\" >\n\t\t\t\t\t\t<h3 class=\"entry-title speaker-name\">Felipe Coelho Kussik<\/h3>\n\t\t\t\t\t\t<div class=\"entry-content speaker-bio\">\n\t\t\t\t\t\t<img alt='' src='https:\/\/secure.gravatar.com\/avatar\/5a5cfa09cf236ad07953fb2b83b08ddcaf4d924c061d58fb7e117c867d0f169e?s=102&#038;d=mm&#038;r=g' srcset='https:\/\/secure.gravatar.com\/avatar\/5a5cfa09cf236ad07953fb2b83b08ddcaf4d924c061d58fb7e117c867d0f169e?s=204&#038;d=mm&#038;r=g 2x' class='avatar avatar-102 photo' height='102' width='102' \/><p><a href=\"http:\/\/seufelipe.com.br\/\">Seu Felipe<\/a> \u00e9 designer e desenvolvedor front-end, trabalha com WordPress h\u00e1 7 anos prestando servi\u00e7os para pessoas e empresas. \u00c9 membro da comunidade brasileira, tendo participado das tradu\u00e7\u00f5es para o portugu\u00eas. J\u00e1 deu palestras e workshops em outras edi\u00e7\u00f5es do WordCamp e em outros eventos relacionados.<\/p>\n<p>Palestra: <a title=\"Liga\u00e7\u00e3o permamente para WordPress Total*\" href=\"..\/session\/wordpress-total\/\" rel=\"bookmark\">WordPress Total<\/a><\/p>\n\t\t\t\t\t\t<\/div>\n\t\t\t\t\t<\/div>\n\t\t\t\t\n\t\t\t\t\t\n\t\t\t\t\t<div id=\"gustavo-bordoni\" class=\"speaker clearfix even post-573 wcb_speaker type-wcb_speaker status-publish hentry\" >\n\t\t\t\t\t\t<h3 class=\"entry-title speaker-name\">Gustavo Bordoni<\/h3>\n\t\t\t\t\t\t<div class=\"entry-content speaker-bio\">\n\t\t\t\t\t\t<img alt='' src='https:\/\/secure.gravatar.com\/avatar\/bac31ec25b96dedee853b8959528ef17e13fafaef16d590e7bf2fa2d90397da5?s=102&#038;d=mm&#038;r=g' srcset='https:\/\/secure.gravatar.com\/avatar\/bac31ec25b96dedee853b8959528ef17e13fafaef16d590e7bf2fa2d90397da5?s=204&#038;d=mm&#038;r=g 2x' class='avatar avatar-102 photo' height='102' width='102' \/><p>Trabalha com o WordPress h\u00e1 cinco anos e meio e hoje \u00e9 desenvolvedor na Quatix, onde trabalhou durante um grande per\u00edodo completamente focado na plataforma em projetos para a Editora Globo.<\/p>\n<p>Oficina: <a href=\"https:\/\/2012.saopaulo.wordcamp.org\/session\/instalacao-de-servidor-otimizado-para-o-wordpress-na-amazon\">Instala\u00e7\u00e3o de Servidor Otimizado para o WordPress na Amazon<\/a><\/p>\n\t\t\t\t\t\t<\/div>\n\t\t\t\t\t<\/div>\n\t\t\t\t\n\t\t\t\t\t\n\t\t\t\t\t<div id=\"leo-germani\" class=\"speaker clearfix odd post-538 wcb_speaker type-wcb_speaker status-publish hentry\" >\n\t\t\t\t\t\t<h3 class=\"entry-title speaker-name\">Leo Germani<\/h3>\n\t\t\t\t\t\t<div class=\"entry-content speaker-bio\">\n\t\t\t\t\t\t<img alt='' src='https:\/\/secure.gravatar.com\/avatar\/d9dcd98edfbe31a7fa391458eda78cc74ec6b899c49bb687be90b79ba1f69def?s=102&#038;d=mm&#038;r=g' srcset='https:\/\/secure.gravatar.com\/avatar\/d9dcd98edfbe31a7fa391458eda78cc74ec6b899c49bb687be90b79ba1f69def?s=204&#038;d=mm&#038;r=g 2x' class='avatar avatar-102 photo' height='102' width='102' \/><p>Leo Germani trabalha com desenvolvimento Web desde o s\u00e9culo passado e com WordPress h\u00e1 uns cinco anos. Desenvolveu e publicou diversos <a href=\"http:\/\/wordpress.org\/extend\/plugins\/profile\/leogermani\">plugins<\/a>. Em 2008, um de seus plugins foi ganhador do primeiro lugar na categoria Plugins Compat\u00edveis com WordPress MU no <a href=\"http:\/\/weblogtoolscollection.com\/pluginblog\/2008\/07\/07\/wpmu-plugin-vote2publish\/\">pr\u00eamio promovido pelo site WeblogToolsCollection<\/a>. \u00c9 s\u00f3cio-fundador do <a href=\"http:\/\/hacklab.com.br\">Hacklab<\/a>, onde desenvolveu projetos em WordPress como o <a href=\"http:\/\/catracalivre.com.br\">Catraca Livre<\/a> e o <a href=\"http:\/\/tnb.art.br\">Toque no Brasil<\/a>.<\/p>\n<p>Palestra: <a title=\"Liga\u00e7\u00e3o permamente para Utilizando o Novo Personalizador de Temas\" href=\"https:\/\/2012.saopaulo.wordcamp.org\/session\/utilizando-o-novo-personalizador-de-temas\/\" rel=\"bookmark\">Utilizando o Novo Personalizador de Temas<\/a><\/p>\n\t\t\t\t\t\t<\/div>\n\t\t\t\t\t<\/div>\n\t\t\t\t\n\t\t\t\t\t<\/div><div class=\"grid_6 omega\">\n\t\t\t\t\t<div id=\"marcelo-mesquita\" class=\"speaker clearfix even post-567 wcb_speaker type-wcb_speaker status-publish hentry\" >\n\t\t\t\t\t\t<h3 class=\"entry-title speaker-name\">Marcelo Mesquita<\/h3>\n\t\t\t\t\t\t<div class=\"entry-content speaker-bio\">\n\t\t\t\t\t\t<img alt='' src='https:\/\/secure.gravatar.com\/avatar\/89fddefe7e7674fb46f09412a6052ae533bccfa21b7f237ab75ff35af13b69fb?s=102&#038;d=mm&#038;r=g' srcset='https:\/\/secure.gravatar.com\/avatar\/89fddefe7e7674fb46f09412a6052ae533bccfa21b7f237ab75ff35af13b69fb?s=204&#038;d=mm&#038;r=g 2x' class='avatar avatar-102 photo' height='102' width='102' \/><p>Formado em Desenvolvimento de Sistemas para a Web e h\u00e1 mais de cinco anos trabalhando com desenvolvimento de sites, \u00e9 especialista no WordPress. Possui conhecimentos avan\u00e7ados em: Apache, MySQL, HTML, XML, PHP, JavaScript, jQuery, Ajax, UML. Atualmente trabalha no <a title=\"Minist\u00e9rio da Cultura\" href=\"http:\/\/www.cultura.gov.br\/\" target=\"_blank\">Minist\u00e9rio da Cultura<\/a> realizando tarefas de An\u00e1lise, Documenta\u00e7\u00e3o e Desenvolvimento nas linguagens PHP e JavaScript.<\/p>\n<p>Oficina: <a title=\"Liga\u00e7\u00e3o permamente para WordPress com Multisites Integrados\" href=\"https:\/\/2012.saopaulo.wordcamp.org\/session\/wordpress-com-multisites-integrados\/\" rel=\"bookmark\">WordPress com Multisites Integrados<\/a><\/p>\n\t\t\t\t\t\t<\/div>\n\t\t\t\t\t<\/div>\n\t\t\t\t\n\t\t\t\t\t\n\t\t\t\t\t<div id=\"matias-ventura\" class=\"speaker clearfix odd post-578 wcb_speaker type-wcb_speaker status-publish hentry\" >\n\t\t\t\t\t\t<h3 class=\"entry-title speaker-name\">Mat\u00edas Ventura<\/h3>\n\t\t\t\t\t\t<div class=\"entry-content speaker-bio\">\n\t\t\t\t\t\t<img alt='' src='https:\/\/secure.gravatar.com\/avatar\/e837760269dc3bbaa5f118fb169afd62bf33ed0fd16d5a51c61665e0a4c1d692?s=102&#038;d=mm&#038;r=g' srcset='https:\/\/secure.gravatar.com\/avatar\/e837760269dc3bbaa5f118fb169afd62bf33ed0fd16d5a51c61665e0a4c1d692?s=204&#038;d=mm&#038;r=g 2x' class='avatar avatar-102 photo' height='102' width='102' \/><p>Mat\u00edas Ventura ocupa a posi\u00e7\u00e3o de Theme Wrangler na <a href=\"http:\/\/automattic.com\">Automattic<\/a>, respons\u00e1vel pelo desenvolvimento de temas. Al\u00e9m de designer, ele \u00e9 <a href=\"http:\/\/www.imdb.com\/name\/nm3273033\/\">filmmaker<\/a> e estudante de filosofia.<\/p>\n<p>Palestra: <a title=\"Liga\u00e7\u00e3o permamente para Como desenhar com CSS e _s\" href=\"https:\/\/2012.saopaulo.wordcamp.org\/session\/design-com-css-e-_s\/\" rel=\"bookmark\">Desenhando um tema com CSS e _s<\/a><\/p>\n\t\t\t\t\t\t<\/div>\n\t\t\t\t\t<\/div>\n\t\t\t\t\n\t\t\t\t\t\n\t\t\t\t\t<div id=\"mayara-alanna-pereira-martins\" class=\"speaker clearfix even post-559 wcb_speaker type-wcb_speaker status-publish hentry\" >\n\t\t\t\t\t\t<h3 class=\"entry-title speaker-name\">Mayara Alanna Pereira Martins<\/h3>\n\t\t\t\t\t\t<div class=\"entry-content speaker-bio\">\n\t\t\t\t\t\t<img alt='' src='https:\/\/secure.gravatar.com\/avatar\/4cb6a74a071a7668981772e8fc2dbfb5ab13d7d2c9d82ad057fde4f4c54608a7?s=102&#038;d=mm&#038;r=g' srcset='https:\/\/secure.gravatar.com\/avatar\/4cb6a74a071a7668981772e8fc2dbfb5ab13d7d2c9d82ad057fde4f4c54608a7?s=204&#038;d=mm&#038;r=g 2x' class='avatar avatar-102 photo' height='102' width='102' \/><p>Formada em Publicidade e Propaganda, trabalha h\u00e1 2 anos na <a href=\"http:\/\/apiki.com\/\">Apiki<\/a>, primeira empresa brasileira focada no desenvolvimento de temas e plugins WordPress, onde iniciou como gestora de conte\u00fado, gerenciando os mais diversos sites\/blogs WordPress e atualmente ocupa o cargo de gerente de projetos e de qualidade da empresa.<\/p>\n<p>Oficina: <a title=\"Liga\u00e7\u00e3o permamente para Gerenciamento de sites\/blogs com o WordPress 3.4\" href=\"https:\/\/2012.saopaulo.wordcamp.org\/session\/gerenciamento-de-sitesblogs-com-o-wordpress-3-4\/\" rel=\"bookmark\">Gerenciamento de sites\/blogs com o WordPress 3.4<\/a><\/p>\n\t\t\t\t\t\t<\/div>\n\t\t\t\t\t<\/div>\n\t\t\t\t\n\t\t\t\t\t\n\t\t\t\t\t<div id=\"rafael-ehlers\" class=\"speaker clearfix odd post-553 wcb_speaker type-wcb_speaker status-publish hentry\" >\n\t\t\t\t\t\t<h3 class=\"entry-title speaker-name\">Rafael Ehlers<\/h3>\n\t\t\t\t\t\t<div class=\"entry-content speaker-bio\">\n\t\t\t\t\t\t<img alt='' src='https:\/\/secure.gravatar.com\/avatar\/4b84726cd68dd569b3e481784a27d7e1951b45d281738e636516475a1a300e1c?s=102&#038;d=mm&#038;r=g' srcset='https:\/\/secure.gravatar.com\/avatar\/4b84726cd68dd569b3e481784a27d7e1951b45d281738e636516475a1a300e1c?s=204&#038;d=mm&#038;r=g 2x' class='avatar avatar-102 photo' height='102' width='102' \/><p>Rafael Ehlers \u00e9 analista de sistemas. Trabalha em sua pr\u00f3pria empresa, a <a href=\"http:\/\/risewp.com.br\">Rise<\/a>, especializada na terceiriza\u00e7\u00e3o de desenvolvimento web para ag\u00eancias digitais e de publicidade com foco na utiliza\u00e7\u00e3o do WordPress como CMS.<\/p>\n<p>Palestra: <a title=\"Liga\u00e7\u00e3o permamente para E-commerce no WordPress utilizando PayPal e PagSeguro\" href=\"https:\/\/2012.saopaulo.wordcamp.org\/session\/e-commerce-no-wordpress-utilizando-paypal-e-pagseguro\/\" rel=\"bookmark\">E-commerce no WordPress utilizando PayPal e PagSeguro<\/a><\/p>\n\t\t\t\t\t\t<\/div>\n\t\t\t\t\t<\/div>\n\t\t\t\t\n\t\t\t\t\t\n\t\t\t\t\t<div id=\"ricardo-moraleida\" class=\"speaker clearfix even post-502 wcb_speaker type-wcb_speaker status-publish hentry\" >\n\t\t\t\t\t\t<h3 class=\"entry-title speaker-name\">Ricardo Moraleida<\/h3>\n\t\t\t\t\t\t<div class=\"entry-content speaker-bio\">\n\t\t\t\t\t\t<img alt='' src='https:\/\/secure.gravatar.com\/avatar\/7968ad9195bf5aa3ca864eba02557b6f49a847537d8a098a52536a00aa1b4ea2?s=102&#038;d=mm&#038;r=g' srcset='https:\/\/secure.gravatar.com\/avatar\/7968ad9195bf5aa3ca864eba02557b6f49a847537d8a098a52536a00aa1b4ea2?s=204&#038;d=mm&#038;r=g 2x' class='avatar avatar-102 photo' height='102' width='102' \/><p>Desenvolvedor faz-tudo, especialista em temas e plugins para WordPress. Ex-Gerente de Projetos, Ex-Rela\u00e7\u00f5es P\u00fablicas. Volunt\u00e1rio no <a href=\"http:\/\/codex.wordpress.org\">Codex<\/a>, <a href=\"http:\/\/br.forums.wordpress.org\">F\u00f3rum Brasileiro<\/a>, <a href=\"http:\/\/wordpress.stackexchange.com\/\">WordPress StackExchange<\/a> e do <a href=\"http:\/\/make.wordpress.org\/themes\/\">WP Theme Review Team<\/a>.<\/p>\n<p>Palestra: <a title=\"Liga\u00e7\u00e3o permamente para Theme Review e Unit Test \u2013 \u201cO\u201d guia de boas pr\u00e1ticas para temas\" href=\"https:\/\/2012.saopaulo.wordcamp.org\/session\/theme-review-e-unit-test-o-guia-de-boas-praticas-para-temas\/\" rel=\"bookmark\">Theme Review e Unit Test \u2013 \u201cO\u201d guia de boas pr\u00e1ticas para temas<\/a><\/p>\n\t\t\t\t\t\t<\/div>\n\t\t\t\t\t<\/div>\n\t\t\t\t\n\t\t\t\t\t\n\t\t\t\t\t<div id=\"rubens-souza-meyer\" class=\"speaker clearfix odd post-544 wcb_speaker type-wcb_speaker status-publish hentry\" >\n\t\t\t\t\t\t<h3 class=\"entry-title speaker-name\">Rubens Souza Meyer<\/h3>\n\t\t\t\t\t\t<div class=\"entry-content speaker-bio\">\n\t\t\t\t\t\t<img alt='' src='https:\/\/secure.gravatar.com\/avatar\/562c69051c63a10e6dac47c1eed16060a9ddf83de84bd8529abe8a2d7772c6fa?s=102&#038;d=mm&#038;r=g' srcset='https:\/\/secure.gravatar.com\/avatar\/562c69051c63a10e6dac47c1eed16060a9ddf83de84bd8529abe8a2d7772c6fa?s=204&#038;d=mm&#038;r=g 2x' class='avatar avatar-102 photo' height='102' width='102' \/><p>Rubens S. Meyer \u00e9 jornalista formado pela ECA\/USP, com 20 anos de experi\u00eancia em produ\u00e7\u00e3o de TV e v\u00eddeo e passagem por diversas emissoras e produtoras. Especializado em TI, atua h\u00e1 15 anos no mercado de comunica\u00e7\u00e3o digital. Nesse per\u00edodo trabalhou no desenvolvimento de projetos web, como portais, sites e blogs, canais nas redes sociais e em solu\u00e7\u00f5es multim\u00eddia (webcast, WebTV, transmiss\u00f5es de \u00e1udio e v\u00eddeo pela Internet).<\/p>\n<p>Palestra: <a title=\"Liga\u00e7\u00e3o permamente para Como Criar uma WebTV com WordPress\" href=\"https:\/\/2012.saopaulo.wordcamp.org\/session\/como-criar-uma-webtv-com-wordpress\/\" rel=\"bookmark\">Como Criar uma WebTV com WordPress<\/a><\/p>\n\t\t\t\t\t\t<\/div>\n\t\t\t\t\t<\/div>\n\t\t\t\t\n\t\t\t\t\t\n\t\t\t\t\t<div id=\"vinicius-massuchetto\" class=\"speaker clearfix even post-534 wcb_speaker type-wcb_speaker status-publish hentry\" >\n\t\t\t\t\t\t<h3 class=\"entry-title speaker-name\">Vinicius Massuchetto<\/h3>\n\t\t\t\t\t\t<div class=\"entry-content speaker-bio\">\n\t\t\t\t\t\t<img alt='' src='https:\/\/secure.gravatar.com\/avatar\/ca7c50f37d15544f64c1af4449f58710cbaa7a1ca4ae1e3f400beb6f08a011c0?s=102&#038;d=mm&#038;r=g' srcset='https:\/\/secure.gravatar.com\/avatar\/ca7c50f37d15544f64c1af4449f58710cbaa7a1ca4ae1e3f400beb6f08a011c0?s=204&#038;d=mm&#038;r=g 2x' class='avatar avatar-102 photo' height='102' width='102' \/><p><a href=\"http:\/\/vinicius.soylocoporti.org.br\">Vinicius Massuchetto<\/a> \u00e9 desenvolvedor formado em Qu\u00edmica pela UTFPR e Ci\u00eancia da Computa\u00e7\u00e3o pela UFPR. Trabalha intensamente com tecnologias Web, e foi tamb\u00e9m o organizador dos dois WordCamps de Curitiba. Defensor da liberdade de c\u00f3digo e do conhecimento, v\u00ea no WordPress uma express\u00e3o valiosa da comunidade do software livre.<\/p>\n<p>Palestra: <a title=\"Liga\u00e7\u00e3o permamente para Plugins no WordPress \u2013 Fazendo o Neg\u00f3cio Direito\" href=\"https:\/\/2012.saopaulo.wordcamp.org\/session\/plugins-no-wordpress-fazendo-o-negocio-direito\/\" rel=\"bookmark\">Plugins no WordPress \u2013 Fazendo o Neg\u00f3cio Direito<\/a><\/p>\n\t\t\t\t\t\t<\/div>\n\t\t\t\t\t<\/div>\n\t\t\t\t\n\t\t\t<\/div>\n\t\t<\/div>\n\n\t\t\n","protected":false},"excerpt":{"rendered":"","protected":false},"author":397920,"featured_media":0,"parent":0,"menu_order":0,"comment_status":"open","ping_status":"closed","template":"template-full-width.php","meta":{"jetpack_post_was_ever_published":false,"footnotes":""},"class_list":["post-505","page","type-page","status-publish","hentry"],"jetpack_sharing_enabled":true,"jetpack_shortlink":"https:\/\/wp.me\/P2tL57-89","_links":{"self":[{"href":"https:\/\/saopaulo.wordcamp.org\/2012\/wp-json\/wp\/v2\/pages\/505","targetHints":{"allow":["GET"]}}],"collection":[{"href":"https:\/\/saopaulo.wordcamp.org\/2012\/wp-json\/wp\/v2\/pages"}],"about":[{"href":"https:\/\/saopaulo.wordcamp.org\/2012\/wp-json\/wp\/v2\/types\/page"}],"author":[{"embeddable":true,"href":"https:\/\/saopaulo.wordcamp.org\/2012\/wp-json\/wp\/v2\/users\/397920"}],"replies":[{"embeddable":true,"href":"https:\/\/saopaulo.wordcamp.org\/2012\/wp-json\/wp\/v2\/comments?post=505"}],"version-history":[{"count":4,"href":"https:\/\/saopaulo.wordcamp.org\/2012\/wp-json\/wp\/v2\/pages\/505\/revisions"}],"predecessor-version":[{"id":929,"href":"https:\/\/saopaulo.wordcamp.org\/2012\/wp-json\/wp\/v2\/pages\/505\/revisions\/929"}],"wp:attachment":[{"href":"https:\/\/saopaulo.wordcamp.org\/2012\/wp-json\/wp\/v2\/media?parent=505"}],"curies":[{"name":"wp","href":"https:\/\/api.w.org\/{rel}","templated":true}]}}