{"id":51,"date":"2012-07-02T10:56:37","date_gmt":"2012-07-02T13:56:37","guid":{"rendered":"https:\/\/2012.saopaulo.wordcamp.org\/?page_id=51"},"modified":"2012-07-14T11:37:35","modified_gmt":"2012-07-14T14:37:35","slug":"patrocinio","status":"publish","type":"page","link":"https:\/\/saopaulo.wordcamp.org\/2012\/patrocinio\/","title":{"rendered":"Patroc\u00ednio"},"content":{"rendered":"<p>As Cotas de Patroc\u00ednio do WordCamp S\u00e3o Paulo 2012 est\u00e3o definidas de acordo com itens desejados para a realiza\u00e7\u00e3o completa do evento. Os valores abaixo j\u00e1 foram cotados com poss\u00edveis fornecedores, mas o patrocinador dever\u00e1 pagar diretamente ao prestador de servi\u00e7os e dever\u00e1 divulgar, com comprova\u00e7\u00e3o, o valor investido. Interessados devem entrar em contato com a organiza\u00e7\u00e3o pelo email saopaulo[arroba]wordcamp[ponto]org.<\/p>\n<h3>Comunica\u00e7\u00e3o<\/h3>\n<p>O patrocinador desse item viabilizar\u00e1 a produ\u00e7\u00e3o de materiais gr\u00e1ficos\u00a0como: banners, cartazes, blocos de notas e credenciais. Esses produtos ter\u00e3o sua arte final desenvolvida por designers volunt\u00e1rios da comunidade.<\/p>\n<h4>Investimento<\/h4>\n<p>R$3.500,00<\/p>\n<h4>Benef\u00edcios<\/h4>\n<ul>\n<li>banner no site com link destacado como patrocinador <strong>da Comunica\u00e7\u00e3o<\/strong><\/li>\n<li>inser\u00e7\u00e3o do logotipo em todos os produtos impressos*<\/li>\n<li>men\u00e7\u00e3o na abertura e encerramento do evento<\/li>\n<\/ul>\n<h3><em>Coffee-break<\/em><\/h3>\n<p>O patrocinador desse item viabilizar\u00e1 duas sess\u00f5es de <em>coffe-break<\/em>, uma pela manh\u00e3 e outra \u00e0 tarde, com caf\u00e9, ch\u00e1, \u00e1gua, bolos, salgados, biscoitos &#8211; para 300 pessoas.<\/p>\n<h4>Investimento<\/h4>\n<p>R$7.000,00<\/p>\n<h4>Benef\u00edcios:<\/h4>\n<ul>\n<li>banner no site com link destacado como patrocinador <strong>do <em>Coffe-break<\/em><br \/>\n<\/strong><\/li>\n<li>\u00a0inser\u00e7\u00e3o do logotipo em todos os produtos impressos*<\/li>\n<li>\u00a0men\u00e7\u00e3o na abertura e encerramento do evento<\/li>\n<\/ul>\n<h3>Almo\u00e7o<\/h3>\n<p>O patrocinador desse item viabilizar\u00e1 refei\u00e7\u00e3o em restaurante pr\u00f3ximo ao local do evento para 300 pessoas.<\/p>\n<h4>Investimento<\/h4>\n<p>R$6.000,00<\/p>\n<h4>Benef\u00edcios:<\/h4>\n<ul>\n<li>banner no site com link destacado como patrocinador <strong>do Almo\u00e7o<\/strong><\/li>\n<li>inser\u00e7\u00e3o do logotipo em todos os produtos impressos*<\/li>\n<li>men\u00e7\u00e3o na abertura e encerramento do evento<\/li>\n<\/ul>\n<h3>Passagens \u00c1ereas &#8211; <em>item indispon\u00edvel<\/em><\/h3>\n<p>O patrocinador desse item ser\u00e1 a empresa Hacklab, que viabilizar\u00e1 a compra de passagens a\u00e9reas para palestrantes ou participantes do evento provindos de outros estados.<\/p>\n<h4>Investimento<\/h4>\n<p>R$2.500,00<\/p>\n<h4>Benef\u00edcios<\/h4>\n<ul>\n<li>banner no site com link destacado como patrocinador <strong>das Passagens \u00c1ereas<\/strong><\/li>\n<li>inser\u00e7\u00e3o do logotipo em todos os produtos impressos*<\/li>\n<li>men\u00e7\u00e3o na abertura e encerramento do evento<\/li>\n<\/ul>\n<h3>V\u00eddeo e Transmiss\u00e3o &#8211; <em>item indispon\u00edvel<\/em><\/h3>\n<p>O patrocinador desse item ser\u00e1 a Prima Est\u00fadio, que viabilizar\u00e1 a grava\u00e7\u00e3o do evento em v\u00eddeo, transmiss\u00e3o ao vivo online e posterior edi\u00e7\u00e3o dos v\u00eddeos para publica\u00e7\u00e3o no site WordPress.tv.<\/p>\n<h4>Investimento<\/h4>\n<p>R$10.000,00<\/p>\n<h4>Benef\u00edcios<\/h4>\n<ul>\n<li>banner no site com link destacado como patrocinador da cobertura em<strong> V\u00eddeo e Transmiss\u00e3o<br \/>\n<\/strong><\/li>\n<li>inser\u00e7\u00e3o do logotipo em todos os produtos impressos*<\/li>\n<li>men\u00e7\u00e3o na abertura e encerramento do evento<\/li>\n<\/ul>\n<h3>Tradu\u00e7\u00e3o Simult\u00e2nea &#8211; <em>item indispon\u00edvel<\/em><\/h3>\n<p>O patrocinador desse item ser\u00e1 o Code Poet e viabilizar\u00e1 a tradu\u00e7\u00e3o simult\u00e2nea da palestra em espanhol com equipamento de \u00e1udio e cabine para o tradutor.<\/p>\n<h4>Investimento<\/h4>\n<p>R$ 2.500,00<\/p>\n<h4>Benef\u00edcios<\/h4>\n<ul>\n<li>banner no site com link destacado como patrocinador <strong>da Tradu\u00e7\u00e3o Simult\u00e2nea<br \/>\n<\/strong><\/li>\n<li>inser\u00e7\u00e3o do logotipo em todos os produtos impressos*<\/li>\n<li>men\u00e7\u00e3o na abertura e encerramento do evento<\/li>\n<\/ul>\n<p>*Camisetas n\u00e3o est\u00e3o inclusas. Elas ser\u00e3o custeadas pelas inscri\u00e7\u00f5es.<\/p>\n","protected":false},"excerpt":{"rendered":"<p>As Cotas de Patroc\u00ednio do WordCamp S\u00e3o Paulo 2012 est\u00e3o definidas de acordo com itens desejados para a realiza\u00e7\u00e3o completa do evento. Os valores abaixo j\u00e1 foram cotados com poss\u00edveis fornecedores, mas o patrocinador dever\u00e1 pagar diretamente ao prestador de &hellip; <a href=\"https:\/\/saopaulo.wordcamp.org\/2012\/patrocinio\/\">Continuar a ler <span class=\"screen-reader-text\">Patroc\u00ednio<\/span>  <span class=\"meta-nav\">&rarr;<\/span><\/a><\/p>\n","protected":false},"author":397920,"featured_media":0,"parent":0,"menu_order":0,"comment_status":"closed","ping_status":"closed","template":"","meta":{"jetpack_post_was_ever_published":false,"footnotes":""},"class_list":["post-51","page","type-page","status-publish","hentry"],"jetpack_sharing_enabled":true,"jetpack_shortlink":"https:\/\/wp.me\/P2tL57-P","_links":{"self":[{"href":"https:\/\/saopaulo.wordcamp.org\/2012\/wp-json\/wp\/v2\/pages\/51","targetHints":{"allow":["GET"]}}],"collection":[{"href":"https:\/\/saopaulo.wordcamp.org\/2012\/wp-json\/wp\/v2\/pages"}],"about":[{"href":"https:\/\/saopaulo.wordcamp.org\/2012\/wp-json\/wp\/v2\/types\/page"}],"author":[{"embeddable":true,"href":"https:\/\/saopaulo.wordcamp.org\/2012\/wp-json\/wp\/v2\/users\/397920"}],"replies":[{"embeddable":true,"href":"https:\/\/saopaulo.wordcamp.org\/2012\/wp-json\/wp\/v2\/comments?post=51"}],"version-history":[{"count":50,"href":"https:\/\/saopaulo.wordcamp.org\/2012\/wp-json\/wp\/v2\/pages\/51\/revisions"}],"predecessor-version":[{"id":69,"href":"https:\/\/saopaulo.wordcamp.org\/2012\/wp-json\/wp\/v2\/pages\/51\/revisions\/69"}],"wp:attachment":[{"href":"https:\/\/saopaulo.wordcamp.org\/2012\/wp-json\/wp\/v2\/media?parent=51"}],"curies":[{"name":"wp","href":"https:\/\/api.w.org\/{rel}","templated":true}]}}