{"id":697,"date":"2012-08-09T22:13:51","date_gmt":"2012-08-10T01:13:51","guid":{"rendered":"https:\/\/2012.saopaulo.wordcamp.org\/?page_id=697"},"modified":"2012-08-30T13:45:37","modified_gmt":"2012-08-30T16:45:37","slug":"paginas-amigas","status":"publish","type":"page","link":"https:\/\/saopaulo.wordcamp.org\/2012\/paginas-amigas\/","title":{"rendered":"P\u00e1ginas Amigas"},"content":{"rendered":"<p>Abaixo banners de p\u00e1ginas amigas que est\u00e3o divulgando o WordCamp. Se voc\u00ea quiser aparecer aqui coloque <a href=\"https:\/\/2012.saopaulo.wordcamp.org\/divulgacao\/\">nosso banner<\/a> em seu site e nos envie o seu banner no tamanho 120x120px para o endere\u00e7o contato[arroba]wp-brasil[ponto]org.<\/p>\n<div class=\"clearfix\"><a href=\"http:\/\/wpmidia.com.br\"><img loading=\"lazy\" decoding=\"async\" class=\"alignleft size-full wp-image-698\" src=\"https:\/\/2012.saopaulo.wordcamp.org\/files\/2012\/08\/banner-wpmidia-120x120.jpg\" alt=\"\" width=\"120\" height=\"120\" \/><\/a><a href=\"http:\/\/2012.latinoware.org\"><img loading=\"lazy\" decoding=\"async\" class=\"alignleft size-full wp-image-713\" src=\"https:\/\/2012.saopaulo.wordcamp.org\/files\/2012\/08\/120x60-P.jpg\" alt=\"\" width=\"120\" height=\"60\" \/><\/a><a href=\"http:\/\/blog.inurl.com.br\"><img loading=\"lazy\" decoding=\"async\" class=\"alignleft size-full wp-image-726\" src=\"https:\/\/2012.saopaulo.wordcamp.org\/files\/2012\/08\/GoogleBanner.png\" alt=\"\" width=\"120\" height=\"120\" \/><\/a><a href=\"http:\/\/facebook.com\/GonowTecnologia\" target=\"_blank\"><img decoding=\"async\" src=\"http:\/\/www.gonow.com.br\/wp-content\/uploads\/2012\/08\/Gonow-120x120.jpg\" alt=\"\" \/><\/a><\/div>\n","protected":false},"excerpt":{"rendered":"<p>Abaixo banners de p\u00e1ginas amigas que est\u00e3o divulgando o WordCamp. Se voc\u00ea quiser aparecer aqui coloque nosso banner em seu site e nos envie o seu banner no tamanho 120x120px para o endere\u00e7o contato[arroba]wp-brasil[ponto]org.<\/p>\n","protected":false},"author":397920,"featured_media":0,"parent":0,"menu_order":0,"comment_status":"open","ping_status":"open","template":"","meta":{"jetpack_post_was_ever_published":false,"footnotes":""},"class_list":["post-697","page","type-page","status-publish","hentry"],"jetpack_sharing_enabled":true,"jetpack_shortlink":"https:\/\/wp.me\/P2tL57-bf","_links":{"self":[{"href":"https:\/\/saopaulo.wordcamp.org\/2012\/wp-json\/wp\/v2\/pages\/697","targetHints":{"allow":["GET"]}}],"collection":[{"href":"https:\/\/saopaulo.wordcamp.org\/2012\/wp-json\/wp\/v2\/pages"}],"about":[{"href":"https:\/\/saopaulo.wordcamp.org\/2012\/wp-json\/wp\/v2\/types\/page"}],"author":[{"embeddable":true,"href":"https:\/\/saopaulo.wordcamp.org\/2012\/wp-json\/wp\/v2\/users\/397920"}],"replies":[{"embeddable":true,"href":"https:\/\/saopaulo.wordcamp.org\/2012\/wp-json\/wp\/v2\/comments?post=697"}],"version-history":[{"count":7,"href":"https:\/\/saopaulo.wordcamp.org\/2012\/wp-json\/wp\/v2\/pages\/697\/revisions"}],"predecessor-version":[{"id":714,"href":"https:\/\/saopaulo.wordcamp.org\/2012\/wp-json\/wp\/v2\/pages\/697\/revisions\/714"}],"wp:attachment":[{"href":"https:\/\/saopaulo.wordcamp.org\/2012\/wp-json\/wp\/v2\/media?parent=697"}],"curies":[{"name":"wp","href":"https:\/\/api.w.org\/{rel}","templated":true}]}}