{"id":127,"date":"2012-07-06T19:35:33","date_gmt":"2012-07-06T22:35:33","guid":{"rendered":"http:\/\/2012.saopaulo.wordcamp.org\/?page_id=127"},"modified":"2013-10-04T12:17:17","modified_gmt":"2013-10-04T15:17:17","slug":"guia-de-sobrevivencia","status":"publish","type":"page","link":"https:\/\/saopaulo.wordcamp.org\/2013\/guia-de-sobrevivencia\/","title":{"rendered":"Guia de Sobreviv\u00eancia"},"content":{"rendered":"<h1>Localiza\u00e7\u00e3o<\/h1>\n<p>PUC-SP \u2013 Campus Consola\u00e7\u00e3o<br \/>\nRua Marqu\u00eas de Paranagu\u00e1, 111 \u2013 S\u00e3o Paulo<\/p>\n<div class=\"googlemaps\">\n\t\t\t\t<iframe loading=\"lazy\" width=\"700\" height=\"400\" frameborder=\"0\" scrolling=\"no\" marginheight=\"0\" marginwidth=\"0\"  src=\"https:\/\/maps.google.com\/maps\/ms?msa=0&#038;msid=200423722454341110864.0004c42d3997644bc92c8&#038;ie=UTF8&#038;t=m&#038;ll=-23.549392,-46.650052&#038;spn=0.015736,0.029998&#038;z=15&#038;output=embed\"><\/iframe>\n\t\t\t<\/div>\n<h1>Como chegar<\/h1>\n<h2>Do aeroporto de Congonhas<\/h2>\n<p><strong>econ\u00f4mico:<\/strong> Saia do aeroporto e procure pela passarela de pedestres. Ao lado dela h\u00e1 um ponto de \u00f4nibus. N\u00e3o atravesse a passarela. Deste mesmo lado, pegue o \u00f4nibus &#8220;Perdizes &#8211; 875-A ou 875-M&#8221;. Pe\u00e7a para descer na Consola\u00e7\u00e3o pr\u00f3ximo a rua Marqu\u00eas de Paranagu\u00e1. A passagem custa R$3,00.<\/p>\n<p><strong>r\u00e1pido:<\/strong> T\u00e1xi &#8211; aproximadamente R$40,00<\/p>\n<h2>Do aeroporto de Guarulhos<\/h2>\n<p><strong>econ\u00f4mico:<\/strong> No terminal norte, procure pelo \u00f4nibus da Airport Bus Service que vai para o metr\u00f4 Tatuap\u00e9. A passagem custa R$4,30. Ao descer na esta\u00e7\u00e3o, pegue o metr\u00f4 sentido Barra Funda e des\u00e7a na esta\u00e7\u00e3o Rep\u00fablica. Caminhe at\u00e9 a PUC (<a href=\"https:\/\/maps.google.com.br\/maps\/ms?msid=200423722454341110864.0004c42e3b4ffa85b7629&amp;msa=0&amp;ll=-23.550691,-46.651082&amp;spn=0.032889,0.038581\" target=\"_blank\">veja mapa da caminhada<\/a>).<\/p>\n<p><strong>conforto:<\/strong> A linha Airport Bus Service tem um \u00f4nibus executivo que vai direto para a pra\u00e7a da Rep\u00fablica. A passagem custa R$35,00 (<a href=\"http:\/\/www.emtu.sp.gov.br\/sistemas\/linha\/resultado1.htm?numlinha=10351\" target=\"_blank\">veja tabela de hor\u00e1rios<\/a>). Ap\u00f3s descer na pra\u00e7a da Rep\u00fablica caminhe at\u00e9 a PUC\u00a0(<a href=\"https:\/\/maps.google.com.br\/maps\/ms?msid=200423722454341110864.0004c42e3b4ffa85b7629&amp;msa=0&amp;ll=-23.550691,-46.651082&amp;spn=0.032889,0.038581\" target=\"_blank\">veja mapa da caminhada<\/a>).<\/p>\n<p><strong>VIP:<\/strong> O t\u00e1xi sai aproximadamente R$100 at\u00e9 o local do evento.<\/p>\n<h2>Da rodovi\u00e1ria do Tiet\u00ea<\/h2>\n<p><strong>de metr\u00f4:<\/strong> Pegue o metr\u00f4 sentido Jabaquara e des\u00e7a na esta\u00e7\u00e3o S\u00e9. Troque de trem e pegue a linha vermelha\u00a0sentido Barra Funda e des\u00e7a na esta\u00e7\u00e3o Rep\u00fablica. Caminhe at\u00e9 a PUC\u00a0(<a href=\"https:\/\/maps.google.com.br\/maps\/ms?msid=200423722454341110864.0004c42e3b4ffa85b7629&amp;msa=0&amp;ll=-23.550691,-46.651082&amp;spn=0.032889,0.038581\" target=\"_blank\">veja mapa da caminhada<\/a>).<\/p>\n<p><strong>de t\u00e1xi:<\/strong> aproximadamente R$30,00<\/p>\n<h2>Da rodovi\u00e1ria da Barra Funda<\/h2>\n<p>Pegue o metr\u00f4 sentido Itaquera e des\u00e7a na esta\u00e7\u00e3o Rep\u00fablica. Caminhe at\u00e9 a PUC\u00a0(<a href=\"https:\/\/maps.google.com.br\/maps\/ms?msid=200423722454341110864.0004c42e3b4ffa85b7629&amp;msa=0&amp;ll=-23.550691,-46.651082&amp;spn=0.032889,0.038581\" target=\"_blank\">veja mapa da caminhada<\/a>).<\/p>\n","protected":false},"excerpt":{"rendered":"<p>Localiza\u00e7\u00e3o PUC-SP \u2013 Campus Consola\u00e7\u00e3o Rua Marqu\u00eas de Paranagu\u00e1, 111 \u2013 S\u00e3o Paulo Como chegar Do aeroporto de Congonhas econ\u00f4mico: Saia do aeroporto e procure pela passarela de pedestres. Ao lado dela h\u00e1 um ponto de \u00f4nibus. N\u00e3o atravesse a &hellip; <a href=\"https:\/\/saopaulo.wordcamp.org\/2013\/guia-de-sobrevivencia\/\">Continuar a ler <span class=\"meta-nav\">&rarr;<\/span><\/a><\/p>\n","protected":false},"author":11646155,"featured_media":0,"parent":0,"menu_order":0,"comment_status":"closed","ping_status":"closed","template":"","meta":{"jetpack_post_was_ever_published":false,"footnotes":""},"class_list":["post-127","page","type-page","status-publish","hentry"],"jetpack_shortlink":"https:\/\/wp.me\/P3P0wN-23","jetpack_sharing_enabled":true,"_links":{"self":[{"href":"https:\/\/saopaulo.wordcamp.org\/2013\/wp-json\/wp\/v2\/pages\/127","targetHints":{"allow":["GET"]}}],"collection":[{"href":"https:\/\/saopaulo.wordcamp.org\/2013\/wp-json\/wp\/v2\/pages"}],"about":[{"href":"https:\/\/saopaulo.wordcamp.org\/2013\/wp-json\/wp\/v2\/types\/page"}],"author":[{"embeddable":true,"href":"https:\/\/saopaulo.wordcamp.org\/2013\/wp-json\/wp\/v2\/users\/11646155"}],"replies":[{"embeddable":true,"href":"https:\/\/saopaulo.wordcamp.org\/2013\/wp-json\/wp\/v2\/comments?post=127"}],"version-history":[{"count":2,"href":"https:\/\/saopaulo.wordcamp.org\/2013\/wp-json\/wp\/v2\/pages\/127\/revisions"}],"predecessor-version":[{"id":155135,"href":"https:\/\/saopaulo.wordcamp.org\/2013\/wp-json\/wp\/v2\/pages\/127\/revisions\/155135"}],"wp:attachment":[{"href":"https:\/\/saopaulo.wordcamp.org\/2013\/wp-json\/wp\/v2\/media?parent=127"}],"curies":[{"name":"wp","href":"https:\/\/api.w.org\/{rel}","templated":true}]}}