{"id":154966,"date":"2013-10-03T18:57:45","date_gmt":"2013-10-03T21:57:45","guid":{"rendered":"https:\/\/2013.saopaulo.wordcamp.org\/?page_id=154966"},"modified":"2013-11-19T00:25:26","modified_gmt":"2013-11-19T02:25:26","slug":"entre-em-contato-conosco","status":"publish","type":"page","link":"https:\/\/saopaulo.wordcamp.org\/2013\/entre-em-contato-conosco\/","title":{"rendered":"Entre em Contato Conosco"},"content":{"rendered":"<p>Para enviar um e-mail diretamente para a organiza\u00e7\u00e3o do evento, preencha o formul\u00e1rio abaixo.<\/p>\n<div data-test='contact-form'\n\t\t\tid='contact-form-154966'\n\t\t\tclass='wp-block-jetpack-contact-form-container '\n\t\t\tdata-wp-interactive='jetpack\/form' data-wp-context='{\"formId\":\"154966\",\"formHash\":\"9a3bdd2d1bd010d2a4246ac04e7484962abfa55b\",\"showErrors\":false,\"errors\":[],\"fields\":[],\"isMultiStep\":false,\"useAjax\":true,\"submissionData\":null,\"formattedSubmissionData\":[],\"submissionSuccess\":false,\"submissionError\":null,\"elementId\":\"jp-form-9a3bdd2d1bd010d2a4246ac04e7484962abfa55b\",\"isSingleInputForm\":false}'\n\t\t\tdata-wp-watch--scroll-to-wrapper=\"callbacks.scrollToWrapper\"\n\t\t>\n<div class=\"contact-form-submission contact-form-ajax-submission\" data-wp-bind--aria-hidden=\"state.isSuccessMessageAriaHidden\" data-wp-class--submission-success=\"context.submissionSuccess\" id=\"contact-form-success-9a3bdd2d1bd010d2a4246ac04e7484962abfa55b\" tabindex=\"-1\" aria-labelledby=\"contact-form-success-header-9a3bdd2d1bd010d2a4246ac04e7484962abfa55b\"><p class=\"go-back-message\"><a class=\"link\" role=\"button\" tabindex=\"0\" data-wp-on--click=\"actions.goBack\" href=\"\/2013\/wp-json\/wp\/v2\/pages\/154966\">\u2190 Back<\/a><\/p><h4 data-wp-bind--aria-hidden=\"state.isSuccessMessageAriaHidden\" id=\"contact-form-success-header-9a3bdd2d1bd010d2a4246ac04e7484962abfa55b\">Your message has been sent<\/h4>\n\n<template data-wp-each--submission=\"context.formattedSubmissionData\">\n\t\t\t\t\t<div class=\"jetpack_forms_contact-form-success-summary\">\n\t\t\t\t\t\t<div class=\"field-name\" data-wp-text=\"context.submission.label\" data-wp-bind--hidden=\"!context.submission.label\"><\/div>\n\t\t\t\t\t\t<div class=\"field-value\" data-wp-text=\"context.submission.value\" data-wp-bind--hidden=\"!context.submission.showPlainValue\"><\/div>\n\t\t\t\t\t\t<a class=\"field-url\" data-wp-bind--href=\"context.submission.url\" data-wp-text=\"context.submission.value\" data-wp-bind--hidden=\"!context.submission.url\" target=\"_blank\" rel=\"noopener noreferrer\"><\/a>\n\t\t\t\t\t\t<div class=\"field-rating\" data-wp-bind--hidden=\"!context.submission.rating\" data-wp-watch=\"callbacks.watchRatingIcons\"><\/div>\n\t\t\t\t\t\t<div class=\"field-images\" data-wp-bind--hidden=\"!context.submission.images\">\n\t\t\t\t\t\t\t<template data-wp-each--image=\"context.submission.images\">\n\t\t\t\t\t\t\t\t<div class=\"field-image-option\" data-wp-class--is-empty=\"!context.image.src\">\n\t\t\t\t\t\t\t\t\t<figure class=\"field-image-option__image\" data-wp-class--is-empty=\"!context.image.src\">\n\t\t\t\t\t\t\t\t\t\t<img data-wp-bind--src=\"context.image.src\" data-wp-bind--hidden=\"!context.image.src\" \/>\n\t\t\t\t\t\t\t\t\t\t<img decoding=\"async\" src=\"data:image\/gif;base64,R0lGODlhAQABAAD\/ACwAAAAAAQABAAACADs=\" data-wp-bind--hidden=\"context.image.src\" \/>\n\t\t\t\t\t\t\t\t\t<\/figure>\n\t\t\t\t\t\t\t\t\t<div class=\"field-image-option__label-wrapper\">\n\t\t\t\t\t\t\t\t\t\t<span class=\"field-image-option__label-code\" data-wp-text=\"context.image.letterCode\"><\/span>\n\t\t\t\t\t\t\t\t\t\t<span class=\"field-image-option__label\" data-wp-text=\"context.image.label\" data-wp-bind--hidden=\"!context.image.label\"><\/span>\n\t\t\t\t\t\t\t\t\t<\/div>\n\t\t\t\t\t\t\t\t<\/div>\n\t\t\t\t\t\t\t<\/template>\n\t\t\t\t\t\t<\/div>\n\t\t\t\t\t\t<div class=\"field-files\" data-wp-bind--hidden=\"!context.submission.files\">\n\t\t\t\t\t\t\t<template data-wp-each--file=\"context.submission.files\">\n\t\t\t\t\t\t\t\t<div class=\"field-file\">\n\t\t\t\t\t\t\t\t\t<div class=\"field-file__thumbnail\" data-wp-style--background-image=\"context.file.previewUrl\" data-wp-style--mask-image=\"context.file.iconUrl\" data-wp-bind--hidden=\"!context.file.hasPreview\"><\/div>\n\t\t\t\t\t\t\t\t\t<svg class=\"field-file__icon\" data-wp-bind--hidden=\"context.file.hasPreview\" width=\"20\" height=\"20\" viewBox=\"0 0 24 24\" fill=\"none\" xmlns=\"http:\/\/www.w3.org\/2000\/svg\" aria-hidden=\"true\">\n\t\t\t\t\t\t\t\t\t\t<path d=\"M14 2H6C4.9 2 4 2.9 4 4V20C4 21.1 4.89 22 5.99 22H18C19.1 22 20 21.1 20 20V8L14 2ZM18 20H6V4H13V9H18V20Z\" fill=\"currentColor\"\/>\n\t\t\t\t\t\t\t\t\t<\/svg>\n\t\t\t\t\t\t\t\t\t<span class=\"field-file__name\" data-wp-text=\"context.file.name\"><\/span>\n\t\t\t\t\t\t\t\t\t<span class=\"field-file__size\" data-wp-text=\"context.file.size\"><\/span>\n\t\t\t\t\t\t\t\t<\/div>\n\t\t\t\t\t\t\t<\/template>\n\t\t\t\t\t\t<\/div>\n\t\t\t\t\t<\/div>\n\t\t\t\t<\/template><\/div><form action='https:\/\/saopaulo.wordcamp.org\/2013\/entre-em-contato-conosco\/'\n\t\t\t\tid='jp-form-9a3bdd2d1bd010d2a4246ac04e7484962abfa55b'\n\t\t\t\tmethod='post'\n\t\t\t\tclass='contact-form commentsblock' aria-label=\"Entre em Contato Conosco\"\n\t\t\t\tdata-wp-on--submit=\"actions.onFormSubmit\"\n\t\t\t\tdata-wp-on--reset=\"actions.onFormReset\"\n\t\t\t\tdata-wp-class--submission-success=\"context.submissionSuccess\"\n\t\t\t\tdata-wp-class--is-first-step=\"state.isFirstStep\"\n\t\t\t\tdata-wp-class--is-last-step=\"state.isLastStep\"\n\t\t\t\tdata-wp-class--is-ajax-form=\"context.useAjax\"\n\t\t\t\tnovalidate >\n<input type='hidden' name='jetpack_contact_form_jwt' value='eyJ0eXAiOiJKV1QiLCJhbGciOiJIUzI1NiJ9.eyJlbmNyeXB0ZWRfYXR0cmlidXRlcyI6InljZzdoM3NGWXRYckg5c1RPektZRUVyaEViR3h3UVJsRW1oTlp5NzBqeCtLTG8weXo2RXlsdGxwL012S2J2UmplcjZweVg1Mk9xb21PcGNzb2pMS2ZFM2ZMc0pHbUZoSGtjWCt6VTVtZDhaQ0ZrY0c3UFZleVhTUTYrN0dJNm1pRVUzVzBycExuNXk2dmFWSUpDcGQzS3JCenpRU0k0OFpwNkxkTWFBS1ZkTW9WVVRVVUdOQnN6WjN0ZGZ1TmVGM1JudVFFNlVtdC82ME1NMDFOMW1KcTZoL2d4WGYyT1VtWTJjRHNCWDMxQVhoUVNYb3doeHJxVmNrcmw5RFl3Sjdab29lU2Z3eVBpdzExRlZ6c0JPemV1SDN4UlQySUNzYVF6TURwbFU4WFpRRXhNa3J0bEdXN0lMdjFIRmVXbjh2aEZERnlNQVMwUGl3QnF0YzdIZjRSOHV2bjJ1OU5obU9OUnh5NURHOUVYak9Rb3RoZ1JxTWp1Z2NxRnduTG9TemtvM3hlTUU2NDNyQWp1czNkZkd0dzFOcW44TnN0QTBjRnZ6dlR3My9LM0t6blhtc1h1VzlFTjVTcmJTdWdRdWlpU1h6cjNuUnFheU1xT2dFaVk5blV4U29OcDAxUXU1NUQwclNzY2FNbythSndYU1JHL3hJRVRHWFU0UlJmNFdjeDVLU1JBQnJJNmZFVzY0WmpaWndSengySkNRa0puTHNVYTN0cklDaktWenl2NkdCUTRTUkx1L29iWjUvZ3ZXTkZ1SzgrUDQ2RVB0QWhTd3NwQmorTnJwdi9oWkl5bnRKNkR1Z2tXaXhUSFNZbkpRcVdmTi96SkhENityVFpUVGlTODllb1hsUHVWRXZ6M3EvR0k0R2F5Y2NUS1N4R0NSemd6SlcybEkvc3hCeVJnYUlHT1lyY1lqa2pCUElRczNZRmNaRE8vOUNBRUpiVWtMb0VKdkJnZHRxRSt4cENaQkNsbjNKQXp4R3Z3ZkFQYmtaRkdnbk1DT0RmTmh1ZHFPY2ZmQmRKS0QzRVgrSTFQOFdheGJMTjIrWHNEZmFFdytBRXI4eVZ5YnZYdkpMSkJoQWhBNk9HMWVqVmw4YkJrdFMrT2N3ekNIMGZ0aGFLelFrK3dVQ1FXSWFUT095M1VSQzExRjJmVExOdUJDaUdlaDVuYzNXV1lnZCs0UHZrdFE5Qm10R3dtdDZGc0RHTFdnd3dqbjJ3V1VyZzJCNDRPM3dUQmJrSnVZQytIZU9mdz09IiwiY29udGVudCI6Iltjb250YWN0LWZpZWxkIGxhYmVsPSdOb21lJyB0eXBlPSduYW1lJyByZXF1aXJlZD0nMScvXVtjb250YWN0LWZpZWxkIGxhYmVsPSdFbWFpbCcgdHlwZT0nZW1haWwnIHJlcXVpcmVkPScxJy9dW2NvbnRhY3QtZmllbGQgbGFiZWw9J1NpdGUnIHR5cGU9J3VybCcvXVtjb250YWN0LWZpZWxkIGxhYmVsPSdNZW5zYWdlbScgdHlwZT0ndGV4dGFyZWEnIHJlcXVpcmVkPScxJy9dIiwiaGFzaCI6IjlhM2JkZDJkMWJkMDEwZDJhNDI0NmFjMDRlNzQ4NDk2MmFiZmE1NWIiLCJzb3VyY2UiOnsiZW50cnlfdGl0bGUiOiJFbnRyZSBlbSBDb250YXRvIENvbm9zY28iLCJlbnRyeV9wYWdlIjoxLCJzb3VyY2VfaWQiOjE1NDk2Niwic291cmNlX3R5cGUiOiJzaW5nbGUiLCJyZXF1ZXN0X3VybCI6Imh0dHBzOi8vc2FvcGF1bG8ud29yZGNhbXAub3JnLzIwMTMvd3AtanNvbi93cC92Mi9wYWdlcy8xNTQ5NjYifSwidmVyc2lvbiI6MiwiY2lwaGVyIjoiYWVzLTI1Ni1nY20ifQ.167FkUQAB3CeLaoYi1lw_XzQE0fvHnEt5E192srx4EE' \/>\n\n<div style=\"\"  data-wp-interactive=\"jetpack\/form\" data-wp-context='{\"fieldId\":\"g154966-nome\",\"fieldType\":\"name\",\"fieldLabel\":\"Nome\",\"fieldValue\":\"\",\"fieldPlaceholder\":\"\",\"fieldIsRequired\":\"1\",\"fieldErrorMessage\":\"\",\"fieldExtra\":[],\"formHash\":\"9a3bdd2d1bd010d2a4246ac04e7484962abfa55b\"}'  class='grunion-field-name-wrap grunion-field-wrap'  data-wp-init='callbacks.initializeField' data-wp-on--jetpack-form-reset='callbacks.initializeField' >\n<label\n\t\t\t\tfor='g154966-nome' class=\"grunion-field-label name\" >Nome<span class=\"grunion-label-required\" aria-hidden=\"true\">(required)<\/span><\/label>\n<input\n\t\t\t\t\ttype='text'\n\t\t\t\t\tname='g154966-nome'\n\t\t\t\t\tid='g154966-nome'\n\t\t\t\t\tvalue=''\n\n\t\t\t\t\tdata-wp-bind--aria-invalid='state.fieldAriaInvalid'\n\t\t\t\t\tdata-wp-bind--value='state.getFieldValue'\n\t\t\t\t\taria-describedby='g154966-nome-text-error-message'\n\t\t\t\t\tdata-wp-on--input='actions.onFieldChange'\n\t\t\t\t\tdata-wp-on--blur='actions.onFieldBlur'\n\t\t\t\t\tdata-wp-class--has-value='state.hasFieldValue'\n\n\t\t\t\t\tclass='name  grunion-field' \n\t\t\t\t\trequired='true' aria-required='true'  \/>\n \n\t\t\t<div id=\"g154966-nome-text-error\" class=\"contact-form__input-error\" data-wp-class--has-errors=\"state.fieldHasErrors\">\n\t\t\t\t<span class=\"contact-form__warning-icon\" aria-hidden=\"true\">\n\t\t\t\t\t<svg width=\"16\" height=\"16\" viewBox=\"0 0 16 16\" fill=\"none\" xmlns=\"http:\/\/www.w3.org\/2000\/svg\">\n\t\t\t\t\t\t<path d=\"M8.50015 11.6402H7.50015V10.6402H8.50015V11.6402Z\" \/>\n\t\t\t\t\t\t<path d=\"M7.50015 9.64018H8.50015V6.30684H7.50015V9.64018Z\" \/>\n\t\t\t\t\t\t<path fill-rule=\"evenodd\" clip-rule=\"evenodd\" d=\"M6.98331 3.0947C7.42933 2.30177 8.57096 2.30177 9.01698 3.09469L13.8771 11.7349C14.3145 12.5126 13.7525 13.4735 12.8602 13.4735H3.14004C2.24774 13.4735 1.68575 12.5126 2.12321 11.7349L6.98331 3.0947ZM8.14541 3.58496C8.08169 3.47168 7.9186 3.47168 7.85488 3.58496L2.99478 12.2251C2.93229 12.3362 3.01257 12.4735 3.14004 12.4735H12.8602C12.9877 12.4735 13.068 12.3362 13.0055 12.2251L8.14541 3.58496Z\" \/>\n\t\t\t\t\t<\/svg>\n\t\t\t\t<\/span>\n\t\t\t\t<span data-wp-text=\"state.errorMessage\" id=\"g154966-nome-text-error-message\"><\/span>\n\t\t\t<\/div> \n\t<\/div>\n\n<div style=\"\"  data-wp-interactive=\"jetpack\/form\" data-wp-context='{\"fieldId\":\"g154966-email\",\"fieldType\":\"email\",\"fieldLabel\":\"Email\",\"fieldValue\":\"\",\"fieldPlaceholder\":\"\",\"fieldIsRequired\":\"1\",\"fieldErrorMessage\":\"\",\"fieldExtra\":[],\"formHash\":\"9a3bdd2d1bd010d2a4246ac04e7484962abfa55b\"}'  class='grunion-field-email-wrap grunion-field-wrap'  data-wp-init='callbacks.initializeField' data-wp-on--jetpack-form-reset='callbacks.initializeField' >\n<label\n\t\t\t\tfor='g154966-email' class=\"grunion-field-label email\" >Email<span class=\"grunion-label-required\" aria-hidden=\"true\">(required)<\/span><\/label>\n<input\n\t\t\t\t\ttype='email'\n\t\t\t\t\tname='g154966-email'\n\t\t\t\t\tid='g154966-email'\n\t\t\t\t\tvalue=''\n\n\t\t\t\t\tdata-wp-bind--aria-invalid='state.fieldAriaInvalid'\n\t\t\t\t\tdata-wp-bind--value='state.getFieldValue'\n\t\t\t\t\taria-describedby='g154966-email-email-error-message'\n\t\t\t\t\tdata-wp-on--input='actions.onFieldChange'\n\t\t\t\t\tdata-wp-on--blur='actions.onFieldBlur'\n\t\t\t\t\tdata-wp-class--has-value='state.hasFieldValue'\n\n\t\t\t\t\tclass='email  grunion-field' \n\t\t\t\t\trequired='true' aria-required='true'  \/>\n \n\t\t\t<div id=\"g154966-email-email-error\" class=\"contact-form__input-error\" data-wp-class--has-errors=\"state.fieldHasErrors\">\n\t\t\t\t<span class=\"contact-form__warning-icon\" aria-hidden=\"true\">\n\t\t\t\t\t<svg width=\"16\" height=\"16\" viewBox=\"0 0 16 16\" fill=\"none\" xmlns=\"http:\/\/www.w3.org\/2000\/svg\">\n\t\t\t\t\t\t<path d=\"M8.50015 11.6402H7.50015V10.6402H8.50015V11.6402Z\" \/>\n\t\t\t\t\t\t<path d=\"M7.50015 9.64018H8.50015V6.30684H7.50015V9.64018Z\" \/>\n\t\t\t\t\t\t<path fill-rule=\"evenodd\" clip-rule=\"evenodd\" d=\"M6.98331 3.0947C7.42933 2.30177 8.57096 2.30177 9.01698 3.09469L13.8771 11.7349C14.3145 12.5126 13.7525 13.4735 12.8602 13.4735H3.14004C2.24774 13.4735 1.68575 12.5126 2.12321 11.7349L6.98331 3.0947ZM8.14541 3.58496C8.08169 3.47168 7.9186 3.47168 7.85488 3.58496L2.99478 12.2251C2.93229 12.3362 3.01257 12.4735 3.14004 12.4735H12.8602C12.9877 12.4735 13.068 12.3362 13.0055 12.2251L8.14541 3.58496Z\" \/>\n\t\t\t\t\t<\/svg>\n\t\t\t\t<\/span>\n\t\t\t\t<span data-wp-text=\"state.errorMessage\" id=\"g154966-email-email-error-message\"><\/span>\n\t\t\t<\/div> \n\t<\/div>\n\n<div style=\"\"  data-wp-interactive=\"jetpack\/form\" data-wp-context='{\"fieldId\":\"g154966-site\",\"fieldType\":\"url\",\"fieldLabel\":\"Site\",\"fieldValue\":\"\",\"fieldPlaceholder\":\"\",\"fieldIsRequired\":\"\",\"fieldErrorMessage\":\"\",\"fieldExtra\":[],\"formHash\":\"9a3bdd2d1bd010d2a4246ac04e7484962abfa55b\"}'  class='grunion-field-url-wrap grunion-field-wrap'  data-wp-init='callbacks.initializeField' data-wp-on--jetpack-form-reset='callbacks.initializeField' >\n<label\n\t\t\t\tfor='g154966-site' class=\"grunion-field-label url\" >Site<\/label>\n<input\n\t\t\t\t\ttype='text'\n\t\t\t\t\tname='g154966-site'\n\t\t\t\t\tid='g154966-site'\n\t\t\t\t\tvalue=''\n\n\t\t\t\t\tdata-wp-bind--aria-invalid='state.fieldAriaInvalid'\n\t\t\t\t\tdata-wp-bind--value='state.getFieldValue'\n\t\t\t\t\taria-describedby='g154966-site-text-error-message'\n\t\t\t\t\tdata-wp-on--input='actions.onFieldChange'\n\t\t\t\t\tdata-wp-on--blur='actions.onFieldBlur'\n\t\t\t\t\tdata-wp-class--has-value='state.hasFieldValue'\n\n\t\t\t\t\tclass='url  grunion-field' \n\t\t\t\t\t \/>\n \n\t\t\t<div id=\"g154966-site-text-error\" class=\"contact-form__input-error\" data-wp-class--has-errors=\"state.fieldHasErrors\">\n\t\t\t\t<span class=\"contact-form__warning-icon\" aria-hidden=\"true\">\n\t\t\t\t\t<svg width=\"16\" height=\"16\" viewBox=\"0 0 16 16\" fill=\"none\" xmlns=\"http:\/\/www.w3.org\/2000\/svg\">\n\t\t\t\t\t\t<path d=\"M8.50015 11.6402H7.50015V10.6402H8.50015V11.6402Z\" \/>\n\t\t\t\t\t\t<path d=\"M7.50015 9.64018H8.50015V6.30684H7.50015V9.64018Z\" \/>\n\t\t\t\t\t\t<path fill-rule=\"evenodd\" clip-rule=\"evenodd\" d=\"M6.98331 3.0947C7.42933 2.30177 8.57096 2.30177 9.01698 3.09469L13.8771 11.7349C14.3145 12.5126 13.7525 13.4735 12.8602 13.4735H3.14004C2.24774 13.4735 1.68575 12.5126 2.12321 11.7349L6.98331 3.0947ZM8.14541 3.58496C8.08169 3.47168 7.9186 3.47168 7.85488 3.58496L2.99478 12.2251C2.93229 12.3362 3.01257 12.4735 3.14004 12.4735H12.8602C12.9877 12.4735 13.068 12.3362 13.0055 12.2251L8.14541 3.58496Z\" \/>\n\t\t\t\t\t<\/svg>\n\t\t\t\t<\/span>\n\t\t\t\t<span data-wp-text=\"state.errorMessage\" id=\"g154966-site-text-error-message\"><\/span>\n\t\t\t<\/div> \n\t<\/div>\n\n<div style=\"\"  data-wp-interactive=\"jetpack\/form\" data-wp-context='{\"fieldId\":\"g154966-mensagem\",\"fieldType\":\"textarea\",\"fieldLabel\":\"Mensagem\",\"fieldValue\":\"\",\"fieldPlaceholder\":\"\",\"fieldIsRequired\":\"1\",\"fieldErrorMessage\":\"\",\"fieldExtra\":[],\"formHash\":\"9a3bdd2d1bd010d2a4246ac04e7484962abfa55b\"}'  class='grunion-field-textarea-wrap grunion-field-wrap'  data-wp-init='callbacks.initializeField' data-wp-on--jetpack-form-reset='callbacks.initializeField' >\n<label\n\t\t\t\tfor='contact-form-comment-g154966-mensagem' class=\"grunion-field-label textarea\" >Mensagem<span class=\"grunion-label-required\" aria-hidden=\"true\">(required)<\/span><\/label>\n<textarea\n\t\t                style=''\n\t\t                name='g154966-mensagem'\n\t\t                id='contact-form-comment-g154966-mensagem'\n\t\t                rows='20'\n\t\t\t\t\t\tdata-wp-text='state.getFieldValue'\n\t\t\t\t\t\tdata-wp-on--input='actions.onFieldChange'\n\t\t\t\t\t\tdata-wp-on--blur='actions.onFieldBlur'\n\t\t\t\t\t\tdata-wp-class--has-value='state.hasFieldValue'\n\t\t\t\t\t\taria-describedby='g154966-mensagem-textarea-error-message'\n\t\t\t\t\t\tdata-wp-bind--aria-invalid='state.fieldAriaInvalid'\n\t\t\t\t\t\tclass='textarea  grunion-field'  required aria-required='true'><\/textarea>\n \n\t\t\t<div id=\"g154966-mensagem-textarea-error\" class=\"contact-form__input-error\" data-wp-class--has-errors=\"state.fieldHasErrors\">\n\t\t\t\t<span class=\"contact-form__warning-icon\" aria-hidden=\"true\">\n\t\t\t\t\t<svg width=\"16\" height=\"16\" viewBox=\"0 0 16 16\" fill=\"none\" xmlns=\"http:\/\/www.w3.org\/2000\/svg\">\n\t\t\t\t\t\t<path d=\"M8.50015 11.6402H7.50015V10.6402H8.50015V11.6402Z\" \/>\n\t\t\t\t\t\t<path d=\"M7.50015 9.64018H8.50015V6.30684H7.50015V9.64018Z\" \/>\n\t\t\t\t\t\t<path fill-rule=\"evenodd\" clip-rule=\"evenodd\" d=\"M6.98331 3.0947C7.42933 2.30177 8.57096 2.30177 9.01698 3.09469L13.8771 11.7349C14.3145 12.5126 13.7525 13.4735 12.8602 13.4735H3.14004C2.24774 13.4735 1.68575 12.5126 2.12321 11.7349L6.98331 3.0947ZM8.14541 3.58496C8.08169 3.47168 7.9186 3.47168 7.85488 3.58496L2.99478 12.2251C2.93229 12.3362 3.01257 12.4735 3.14004 12.4735H12.8602C12.9877 12.4735 13.068 12.3362 13.0055 12.2251L8.14541 3.58496Z\" \/>\n\t\t\t\t\t<\/svg>\n\t\t\t\t<\/span>\n\t\t\t\t<span data-wp-text=\"state.errorMessage\" id=\"g154966-mensagem-textarea-error-message\"><\/span>\n\t\t\t<\/div>\n\t<\/div>\n\t<p class='contact-submit'>\n<div class=\"contact-form__error\" data-wp-class--show-errors=\"state.showFormErrors\"><span class=\"contact-form__warning-icon\" aria-hidden=\"true\"><i><\/i><\/span><span class=\"contact-form__error-message\" tabindex=\"-1\" data-wp-watch=\"callbacks.focusOnValidationError\" data-wp-text=\"state.getFormErrorMessage\"><\/span><ul aria-label=\"Form errors\">\n\t\t\t\t<template data-wp-each=\"state.getErrorList\" data-wp-key=\"context.item.id\">\n\t\t\t\t\t<li><a data-wp-bind--href=\"context.item.anchor\" data-wp-on--click=\"actions.scrollIntoView\" data-wp-text=\"context.item.label\"><\/a><\/li>\n\t\t\t\t<\/template>\n\t\t\t\t<\/ul><\/div><div class=\"contact-form__error\" data-wp-class--show-errors=\"state.showSubmissionError\" data-wp-text=\"context.submissionError\" tabindex=\"-1\" data-wp-watch=\"callbacks.focusOnSubmissionError\"><\/div>\t\t<button type='submit' class='pushbutton-wide'>Submit<\/button>\t\t<input type='hidden' name='contact-form-id' value='154966' \/>\n\t\t<input type='hidden' name='action' value='grunion-contact-form' \/>\n\t\t<input type='hidden' name='contact-form-hash' value='9a3bdd2d1bd010d2a4246ac04e7484962abfa55b' \/>\n\t<\/p>\n<p style=\"display: none !important;\" class=\"akismet-fields-container\" data-prefix=\"ak_\"><label>&#916;<textarea name=\"ak_hp_textarea\" cols=\"45\" rows=\"8\" maxlength=\"100\"><\/textarea><\/label><input type=\"hidden\" id=\"ak_js_1\" name=\"ak_js\" value=\"73\"\/><script type=\"text\/javascript\">\n\/* <![CDATA[ *\/\ndocument.getElementById( \"ak_js_1\" ).setAttribute( \"value\", ( new Date() ).getTime() );\n\/* ]]> *\/\n<\/script>\n<\/p><\/form>\n<\/div>\n","protected":false},"excerpt":{"rendered":"<p>Para enviar um e-mail diretamente para a organiza\u00e7\u00e3o do evento, preencha o formul\u00e1rio abaixo.<\/p>\n","protected":false},"author":257122,"featured_media":0,"parent":0,"menu_order":0,"comment_status":"closed","ping_status":"closed","template":"","meta":{"jetpack_post_was_ever_published":false,"footnotes":""},"class_list":["post-154966","page","type-page","status-publish","hentry"],"jetpack_shortlink":"https:\/\/wp.me\/P3P0wN-Ejs","jetpack_sharing_enabled":false,"_links":{"self":[{"href":"https:\/\/saopaulo.wordcamp.org\/2013\/wp-json\/wp\/v2\/pages\/154966","targetHints":{"allow":["GET"]}}],"collection":[{"href":"https:\/\/saopaulo.wordcamp.org\/2013\/wp-json\/wp\/v2\/pages"}],"about":[{"href":"https:\/\/saopaulo.wordcamp.org\/2013\/wp-json\/wp\/v2\/types\/page"}],"author":[{"embeddable":true,"href":"https:\/\/saopaulo.wordcamp.org\/2013\/wp-json\/wp\/v2\/users\/257122"}],"replies":[{"embeddable":true,"href":"https:\/\/saopaulo.wordcamp.org\/2013\/wp-json\/wp\/v2\/comments?post=154966"}],"version-history":[{"count":5,"href":"https:\/\/saopaulo.wordcamp.org\/2013\/wp-json\/wp\/v2\/pages\/154966\/revisions"}],"predecessor-version":[{"id":345409,"href":"https:\/\/saopaulo.wordcamp.org\/2013\/wp-json\/wp\/v2\/pages\/154966\/revisions\/345409"}],"wp:attachment":[{"href":"https:\/\/saopaulo.wordcamp.org\/2013\/wp-json\/wp\/v2\/media?parent=154966"}],"curies":[{"name":"wp","href":"https:\/\/api.w.org\/{rel}","templated":true}]}}