{"id":157450,"date":"2013-10-04T09:22:26","date_gmt":"2013-10-04T12:22:26","guid":{"rendered":"https:\/\/2013.saopaulo.wordcamp.org\/?page_id=157450"},"modified":"2013-10-04T12:17:17","modified_gmt":"2013-10-04T15:17:17","slug":"organizadores","status":"publish","type":"page","link":"https:\/\/saopaulo.wordcamp.org\/2013\/organizadores\/","title":{"rendered":"Organizadores"},"content":{"rendered":"<p>Estes s\u00e3o os membros da comunidade que est\u00e3o voluntariamente organizando mais esta edi\u00e7\u00e3o do WordCamp:<\/p>\n\t<div class=\"wcorg-organizers\">\n\n\t\t\n\t\t\t<div class=\"wcorg-organizer\">\n\t\t\t\t<h2>Rafael Funchal<\/h2>\n\t\t\t\t<div class=\"wcorg-organizer-description\">\n\t\t\t\t\t\t\t\t\t\t<img alt='' src='https:\/\/secure.gravatar.com\/avatar\/f11628da9cf1003b290583f04edc6e9a6c2ae879cedfe30d51375822cccc017c?s=100&#038;d=mm&#038;r=g' srcset='https:\/\/secure.gravatar.com\/avatar\/f11628da9cf1003b290583f04edc6e9a6c2ae879cedfe30d51375822cccc017c?s=200&#038;d=mm&#038;r=g 2x' class='avatar avatar-100 photo' height='100' width='100' \/>\t\t\t\t\t<p>Publicit\u00e1rio, designer e m\u00fasico nas horas vagas. Desenvolve com WordPress desde 2009, \u00e9 um dos administradores do grupo <a href=\"https:\/\/www.facebook.com\/groups\/wordpress.brasil\/\" target=\"_blank\">WordPress Brasil no Facebook<\/a> e participa do projeto <a href=\"http:\/\/wpod.in\/\" target=\"_blank\">Odin Framework<\/a>.<\/p>\n\t\t\t\t<\/div>\n\t\t\t<\/div>\n\n\t\t\n\t\t\t<div class=\"wcorg-organizer\">\n\t\t\t\t<h2>Fabio Fiss<\/h2>\n\t\t\t\t<div class=\"wcorg-organizer-description\">\n\t\t\t\t\t\t\t\t\t\t<img alt='' src='https:\/\/secure.gravatar.com\/avatar\/dba7a57609ca018990c0f193a59e00ef0ecd55825baa8c9f840e3f98530a76e3?s=100&#038;d=mm&#038;r=g' srcset='https:\/\/secure.gravatar.com\/avatar\/dba7a57609ca018990c0f193a59e00ef0ecd55825baa8c9f840e3f98530a76e3?s=200&#038;d=mm&#038;r=g 2x' class='avatar avatar-100 photo' height='100' width='100' \/>\t\t\t\t\t<p>Designer e Desenvolvedor Front-End freelancer desde 2004 (trabalhando com WordPress desde 2010). Organizador de <a href=\"http:\/\/www.meetup.com\/wordpressbr\/\" target=\"_blank\">Meetups sobre WordPress em S\u00e3o Paulo<\/a> com o objetivo de juntar designers, desenvolvedores e produtores de conte\u00fado para conversar e interagir sobre a plataforma que todos amamos.<\/p>\n\t\t\t\t<\/div>\n\t\t\t<\/div>\n\n\t\t\n\t\t\t<div class=\"wcorg-organizer\">\n\t\t\t\t<h2>M\u00e1rcio Pires<\/h2>\n\t\t\t\t<div class=\"wcorg-organizer-description\">\n\t\t\t\t\t\t\t\t\t\t<img alt='' src='https:\/\/secure.gravatar.com\/avatar\/843568534144d969b62a564c4c67a68fd9d5d4cba940f28a26abdee6bad72dc5?s=100&#038;d=mm&#038;r=g' srcset='https:\/\/secure.gravatar.com\/avatar\/843568534144d969b62a564c4c67a68fd9d5d4cba940f28a26abdee6bad72dc5?s=200&#038;d=mm&#038;r=g 2x' class='avatar avatar-100 photo' height='100' width='100' \/>\t\t\t\t\t<p>Gerente de projetos e redator no <a title=\"Est\u00fadio Plot\" href=\"http:\/\/www.estudioplot.com.br\" target=\"_blank\">Est\u00fadio Plot<\/a>.\u00a0Participante da Comunidade Brasileira de WordPress. Acredita que o WordCamp, mais do que um evento onde se discute tecnologia, seja\u00a0um espa\u00e7o para integrar pessoas.<\/p>\n\t\t\t\t<\/div>\n\t\t\t<\/div>\n\n\t\t\n\t\t\t<div class=\"wcorg-organizer\">\n\t\t\t\t<h2>Claudio Sanches<\/h2>\n\t\t\t\t<div class=\"wcorg-organizer-description\">\n\t\t\t\t\t\t\t\t\t\t<img alt='' src='https:\/\/secure.gravatar.com\/avatar\/ac91c7d73bb4501567ab3790755bf001d53dac8d1f4311a2480a5fb62dfb180c?s=100&#038;d=mm&#038;r=g' srcset='https:\/\/secure.gravatar.com\/avatar\/ac91c7d73bb4501567ab3790755bf001d53dac8d1f4311a2480a5fb62dfb180c?s=200&#038;d=mm&#038;r=g 2x' class='avatar avatar-100 photo' height='100' width='100' \/>\t\t\t\t\t<p>Programador PHP, Python e Ruby, desenvolve com WordPress h\u00e1 6 anos e possui cerca de 30 plugins no <a href=\"http:\/\/profiles.wordpress.org\/claudiosanches\" target=\"_blank\">reposit\u00f3rio oficial do WP<\/a> e tamb\u00e9m \u00e9 l\u00edder do projeto <a href=\"http:\/\/wpod.in\/\" target=\"_blank\">Odin Framework<\/a>.<\/p>\n\t\t\t\t<\/div>\n\t\t\t<\/div>\n\n\t\t\n\t\t\t<div class=\"wcorg-organizer\">\n\t\t\t\t<h2>Everaldo Matias<\/h2>\n\t\t\t\t<div class=\"wcorg-organizer-description\">\n\t\t\t\t\t\t\t\t\t\t<img alt='' src='https:\/\/secure.gravatar.com\/avatar\/4be285873888714112eb9729f19bd622a1c97065dae866aac2b3909165a9640c?s=100&#038;d=mm&#038;r=g' srcset='https:\/\/secure.gravatar.com\/avatar\/4be285873888714112eb9729f19bd622a1c97065dae866aac2b3909165a9640c?s=200&#038;d=mm&#038;r=g 2x' class='avatar avatar-100 photo' height='100' width='100' \/>\t\t\t\t\t<p>Artista Pl\u00e1stico e Gr\u00e1fico. Desenvolvedor WordPress na <a href=\"http:\/\/brasa.art.br\" target=\"_blank\">Brasa<\/a>. Participei e colaborei com os WordCamps de Curitiba e S\u00e3o Paulo. E colaboro com a Comunidade WordPress-BR.<\/p>\n\t\t\t\t<\/div>\n\t\t\t<\/div>\n\n\t\t\n\t\t\t<div class=\"wcorg-organizer\">\n\t\t\t\t<h2>Diego Rojas<\/h2>\n\t\t\t\t<div class=\"wcorg-organizer-description\">\n\t\t\t\t\t\t\t\t\t\t<img alt='' src='https:\/\/secure.gravatar.com\/avatar\/f8ae629de05ed8729124b26d77905a81327b63b3bd8ef691f01972ce84078759?s=100&#038;d=mm&#038;r=g' srcset='https:\/\/secure.gravatar.com\/avatar\/f8ae629de05ed8729124b26d77905a81327b63b3bd8ef691f01972ce84078759?s=200&#038;d=mm&#038;r=g 2x' class='avatar avatar-100 photo' height='100' width='100' \/>\t\t\t\t\t<p>Designer Gr\u00e1fico e Desenvolvedor de Temas WordPress na <a href=\"http:\/\/brasa.art.br\/\" target=\"_blank\">Brasa<\/a>. Amando WP desde 2008. Palestrante no WordCamp Curitiba 2010 e membro da comunidade desde ent\u00e3o. \u00c9 moderador do <a href=\"http:\/\/br.forums.wordpress.org\/\">F\u00f3rum Brasileiro<\/a>\u00a0e contribui com a tradu\u00e7\u00e3o da vers\u00e3o pt_BR. Ajudou na organiza\u00e7\u00e3o do 2\u00ba WC Curitiba e do WC S\u00e3o Paulo 2012.<\/p>\n\t\t\t\t<\/div>\n\t\t\t<\/div>\n\n\t\t\n\t\t\t<div class=\"wcorg-organizer\">\n\t\t\t\t<h2>Gabriel Reguly<\/h2>\n\t\t\t\t<div class=\"wcorg-organizer-description\">\n\t\t\t\t\t\t\t\t\t\t<img alt='' src='https:\/\/secure.gravatar.com\/avatar\/2e08023fe3fecf48524491fdaf75ebaf2f9c001ef519a8436cb6ab96293b509e?s=100&#038;d=mm&#038;r=g' srcset='https:\/\/secure.gravatar.com\/avatar\/2e08023fe3fecf48524491fdaf75ebaf2f9c001ef519a8436cb6ab96293b509e?s=200&#038;d=mm&#038;r=g 2x' class='avatar avatar-100 photo' height='100' width='100' \/>\t\t\t\t\t<div id=\"item-meta\">\n<p>Desenvolvedor WordPress na <a title=\"omniWP, tudo para WordPress\" href=\"http:\/\/omniwp.com.br\">omniWP<\/a> , participante da comunidade brasileira de WordPress, montador do pacote pt_BR no WordPress.org.<\/p>\n<\/div>\n\t\t\t\t<\/div>\n\t\t\t<\/div>\n\n\t\t\n\t\t\t<div class=\"wcorg-organizer\">\n\t\t\t\t<h2>Vinicius Massuchetto<\/h2>\n\t\t\t\t<div class=\"wcorg-organizer-description\">\n\t\t\t\t\t\t\t\t\t\t<img alt='' src='https:\/\/secure.gravatar.com\/avatar\/cda9dfb61b6a8a39f8b7511c2ef10e58a753e699821a47786d0414edda805947?s=100&#038;d=mm&#038;r=g' srcset='https:\/\/secure.gravatar.com\/avatar\/cda9dfb61b6a8a39f8b7511c2ef10e58a753e699821a47786d0414edda805947?s=200&#038;d=mm&#038;r=g 2x' class='avatar avatar-100 photo' height='100' width='100' \/>\t\t\t\t\t<p>Desenvolvedor envolvido com o WordPress h\u00e1 uns 7 anos, foi organizador das duas edi\u00e7\u00f5es do WordCamp Curitiba e do WordCamp S\u00e3o Paulo 2012. Este ano est\u00e1 novamente buscando proporcionar um espa\u00e7o de conviv\u00eancia e intera\u00e7\u00e3o para a comunidade brasileira de WordPress.<\/p>\n\t\t\t\t<\/div>\n\t\t\t<\/div>\n\n\t\t\n\t<\/div><!-- .wcorg-organizers -->\n\t\n","protected":false},"excerpt":{"rendered":"<p>Estes s\u00e3o os membros da comunidade que est\u00e3o voluntariamente organizando mais esta edi\u00e7\u00e3o do WordCamp:<\/p>\n","protected":false},"author":11646155,"featured_media":0,"parent":0,"menu_order":0,"comment_status":"closed","ping_status":"open","template":"","meta":{"jetpack_post_was_ever_published":false,"footnotes":""},"class_list":["post-157450","page","type-page","status-publish","hentry"],"jetpack_shortlink":"https:\/\/wp.me\/P3P0wN-EXw","jetpack_sharing_enabled":true,"_links":{"self":[{"href":"https:\/\/saopaulo.wordcamp.org\/2013\/wp-json\/wp\/v2\/pages\/157450","targetHints":{"allow":["GET"]}}],"collection":[{"href":"https:\/\/saopaulo.wordcamp.org\/2013\/wp-json\/wp\/v2\/pages"}],"about":[{"href":"https:\/\/saopaulo.wordcamp.org\/2013\/wp-json\/wp\/v2\/types\/page"}],"author":[{"embeddable":true,"href":"https:\/\/saopaulo.wordcamp.org\/2013\/wp-json\/wp\/v2\/users\/11646155"}],"replies":[{"embeddable":true,"href":"https:\/\/saopaulo.wordcamp.org\/2013\/wp-json\/wp\/v2\/comments?post=157450"}],"version-history":[{"count":2,"href":"https:\/\/saopaulo.wordcamp.org\/2013\/wp-json\/wp\/v2\/pages\/157450\/revisions"}],"predecessor-version":[{"id":157452,"href":"https:\/\/saopaulo.wordcamp.org\/2013\/wp-json\/wp\/v2\/pages\/157450\/revisions\/157452"}],"wp:attachment":[{"href":"https:\/\/saopaulo.wordcamp.org\/2013\/wp-json\/wp\/v2\/media?parent=157450"}],"curies":[{"name":"wp","href":"https:\/\/api.w.org\/{rel}","templated":true}]}}