{"id":162,"date":"2012-07-07T18:14:40","date_gmt":"2012-07-07T21:14:40","guid":{"rendered":"http:\/\/2012.saopaulo.wordcamp.org\/?page_id=162"},"modified":"2013-10-06T14:20:21","modified_gmt":"2013-10-06T17:20:21","slug":"press-release","status":"publish","type":"page","link":"https:\/\/saopaulo.wordcamp.org\/2013\/press-release\/","title":{"rendered":"Press Release"},"content":{"rendered":"<h2>WordCamp\u00a0leva o melhor conte\u00fado de WordPress para a PUC<\/h2>\n<p><img loading=\"lazy\" decoding=\"async\" data-attachment-id=\"155136\" data-permalink=\"https:\/\/saopaulo.wordcamp.org\/2013\/press-release\/attachment\/img_7365\/\" data-orig-file=\"https:\/\/saopaulo.wordcamp.org\/2013\/files\/2012\/07\/IMG_7365.jpg\" data-orig-size=\"2376,1584\" data-comments-opened=\"1\" data-image-meta=\"{&quot;aperture&quot;:&quot;0&quot;,&quot;credit&quot;:&quot;De Fotos&quot;,&quot;camera&quot;:&quot;&quot;,&quot;caption&quot;:&quot;&quot;,&quot;created_timestamp&quot;:&quot;1345893764&quot;,&quot;copyright&quot;:&quot;15079016000109&quot;,&quot;focal_length&quot;:&quot;0&quot;,&quot;iso&quot;:&quot;0&quot;,&quot;shutter_speed&quot;:&quot;0&quot;,&quot;title&quot;:&quot;&quot;}\" data-image-title=\"IMG_7365\" data-image-description=\"\" data-image-caption=\"\" data-medium-file=\"https:\/\/saopaulo.wordcamp.org\/2013\/files\/2012\/07\/IMG_7365-300x200.jpg\" data-large-file=\"https:\/\/saopaulo.wordcamp.org\/2013\/files\/2012\/07\/IMG_7365-1024x682.jpg\" class=\"alignnone size-large wp-image-155136\" alt=\"IMG_7365\" src=\"https:\/\/2013.saopaulo.wordcamp.org\/files\/2012\/07\/IMG_7365-1024x682.jpg\" width=\"584\" height=\"388\" srcset=\"https:\/\/saopaulo.wordcamp.org\/2013\/files\/2012\/07\/IMG_7365-1024x682.jpg 1024w, https:\/\/saopaulo.wordcamp.org\/2013\/files\/2012\/07\/IMG_7365-300x200.jpg 300w, https:\/\/saopaulo.wordcamp.org\/2013\/files\/2012\/07\/IMG_7365-450x300.jpg 450w\" sizes=\"auto, (max-width: 584px) 100vw, 584px\" \/><\/p>\n<p>Pelo segundo ano consecutivo, o campus Consola\u00e7\u00e3o da PUC-SP recebe o\u00a0WordCamp\u00a0Sampa 2013, a confer\u00eancia oficial da comunidade WordPress realizada em diversas cidades do mundo. O evento acontece no pr\u00f3ximo dia 23 de novembro, a partir das 8h da manh\u00e3.<\/p>\n<p>Criado em 2003, o WordPress \u00e9 hoje a plataforma para cria\u00e7\u00e3o e gerenciamento de blogs e sites mais utilizada em todo o mundo. Cerca de 20% de todo o conte\u00fado da internet atual roda no sistema, desde blogs pessoais at\u00e9 portais corporativos. Al\u00e9m de ser livre, gratuita e de ter vers\u00f5es em v\u00e1rios idiomas, a plataforma atingiu esse n\u00edvel de popularidade gra\u00e7as a uma comunidade de milhares de designers e desenvolvedores que desenvolvem temas (padr\u00f5es de design visual) e plugins (m\u00f3dulos auxiliares que adicionam fun\u00e7\u00f5es ao WordPress).<\/p>\n<p>\u201cA comunidade brasileira de WordPress \u00e9 a grande respons\u00e1vel pelo\u00a0WordCamp\u201d, diz Vinicius Massuchetto, um dos organizadores do encontro. Ele explica que a programa\u00e7\u00e3o de palestras est\u00e1 sendo montada com base nas propostas que os designers e programadores podem enviar para o site do\u00a0WordCamp\u00a0(<a href=\"https:\/\/2013.saopaulo.wordcamp.org\/\" target=\"_blank\">saopaulo.wordcamp.org\/2013<\/a>), organizada em tr\u00eas \u00e1reas diferentes: design e desenvolvimento; produ\u00e7\u00e3o de conte\u00fado; e neg\u00f3cios e oportunidades.<\/p>\n<p><img loading=\"lazy\" decoding=\"async\" alt=\"IMG_7391\" src=\"https:\/\/2013.saopaulo.wordcamp.org\/files\/2012\/07\/IMG_7391-1024x682.jpg\" width=\"584\" height=\"388\" \/><\/p>\n<p>O professor David de Oliveira Lemes, Chefe do Departamento de Computa\u00e7\u00e3o da Faculdade de Ci\u00eancias Exatas e Tecnologia da PUC-SP, diz que \u201cconhecer os movimentos de inova\u00e7\u00e3o que acontecem na comunidade WordPress \u00e9 estrat\u00e9gico para quem trabalha no ambiente online\u201d. A PUC-SP apoia o\u00a0WordCamp\u00a0com a cess\u00e3o de infraestrutura, equipamentos e servi\u00e7os de apoio geral.<\/p>\n<p>A edi\u00e7\u00e3o 2012 do\u00a0WordCamp\u00a0Sampa reuniu quase 200 participantes na PUC-SP e gerou 17 materiais, entre v\u00eddeos, apresenta\u00e7\u00f5es e outros conte\u00fados que podem ser acessados no site do evento:\u00a0<a href=\"http:\/\/2012.saopaulo.wordcamp.org\/\" target=\"_blank\">2012.saopaulo.wordcamp.org<\/a>.<\/p>\n<p><img loading=\"lazy\" decoding=\"async\" data-attachment-id=\"155138\" data-permalink=\"https:\/\/saopaulo.wordcamp.org\/2013\/press-release\/attachment\/img_7473\/\" data-orig-file=\"https:\/\/saopaulo.wordcamp.org\/2013\/files\/2012\/07\/IMG_7473.jpg\" data-orig-size=\"2376,1584\" data-comments-opened=\"1\" data-image-meta=\"{&quot;aperture&quot;:&quot;0&quot;,&quot;credit&quot;:&quot;De Fotos&quot;,&quot;camera&quot;:&quot;&quot;,&quot;caption&quot;:&quot;&quot;,&quot;created_timestamp&quot;:&quot;1345902848&quot;,&quot;copyright&quot;:&quot;15079016000109&quot;,&quot;focal_length&quot;:&quot;0&quot;,&quot;iso&quot;:&quot;0&quot;,&quot;shutter_speed&quot;:&quot;0&quot;,&quot;title&quot;:&quot;&quot;}\" data-image-title=\"IMG_7473\" data-image-description=\"\" data-image-caption=\"\" data-medium-file=\"https:\/\/saopaulo.wordcamp.org\/2013\/files\/2012\/07\/IMG_7473-300x200.jpg\" data-large-file=\"https:\/\/saopaulo.wordcamp.org\/2013\/files\/2012\/07\/IMG_7473-1024x682.jpg\" class=\"alignnone size-large wp-image-155138\" alt=\"IMG_7473\" src=\"https:\/\/2013.saopaulo.wordcamp.org\/files\/2012\/07\/IMG_7473-1024x682.jpg\" width=\"584\" height=\"388\" srcset=\"https:\/\/saopaulo.wordcamp.org\/2013\/files\/2012\/07\/IMG_7473-1024x682.jpg 1024w, https:\/\/saopaulo.wordcamp.org\/2013\/files\/2012\/07\/IMG_7473-300x200.jpg 300w, https:\/\/saopaulo.wordcamp.org\/2013\/files\/2012\/07\/IMG_7473-450x300.jpg 450w\" sizes=\"auto, (max-width: 584px) 100vw, 584px\" \/><\/p>\n<h2>Servi\u00e7o<\/h2>\n<p>WordCamp\u00a0Sampa 2013<br \/>\nDia 23 de novembro, a partir das 8h<br \/>\nPUC \u2013 Campus Consola\u00e7\u00e3o (Rua Marqu\u00eas de Paranagu\u00e1, 111 \u2013 S\u00e3o Paulo)<br \/>\nPrograma\u00e7\u00e3o e inscri\u00e7\u00f5es pelo site\u00a0<a href=\"https:\/\/2013.saopaulo.wordcamp.org\/\" target=\"_blank\">saopaulo.wordcamp.org\/2013<br \/>\n<\/a>Inscri\u00e7\u00f5es: R$ 35,00, com direito \u00e0 camiseta do evento<br \/>\nInforma\u00e7\u00f5es:\u00a0wordcampsampa[arroba]wp-brasil.org<\/p>\n","protected":false},"excerpt":{"rendered":"<p>WordCamp\u00a0leva o melhor conte\u00fado de WordPress para a PUC Pelo segundo ano consecutivo, o campus Consola\u00e7\u00e3o da PUC-SP recebe o\u00a0WordCamp\u00a0Sampa 2013, a confer\u00eancia oficial da comunidade WordPress realizada em diversas cidades do mundo. O evento acontece no pr\u00f3ximo dia 23 &hellip; <a href=\"https:\/\/saopaulo.wordcamp.org\/2013\/press-release\/\">Continuar a ler <span class=\"meta-nav\">&rarr;<\/span><\/a><\/p>\n","protected":false},"author":11370912,"featured_media":0,"parent":0,"menu_order":0,"comment_status":"closed","ping_status":"closed","template":"","meta":{"jetpack_post_was_ever_published":false,"footnotes":""},"class_list":["post-162","page","type-page","status-publish","hentry"],"jetpack_shortlink":"https:\/\/wp.me\/P3P0wN-2C","jetpack_sharing_enabled":true,"_links":{"self":[{"href":"https:\/\/saopaulo.wordcamp.org\/2013\/wp-json\/wp\/v2\/pages\/162","targetHints":{"allow":["GET"]}}],"collection":[{"href":"https:\/\/saopaulo.wordcamp.org\/2013\/wp-json\/wp\/v2\/pages"}],"about":[{"href":"https:\/\/saopaulo.wordcamp.org\/2013\/wp-json\/wp\/v2\/types\/page"}],"author":[{"embeddable":true,"href":"https:\/\/saopaulo.wordcamp.org\/2013\/wp-json\/wp\/v2\/users\/11370912"}],"replies":[{"embeddable":true,"href":"https:\/\/saopaulo.wordcamp.org\/2013\/wp-json\/wp\/v2\/comments?post=162"}],"version-history":[{"count":7,"href":"https:\/\/saopaulo.wordcamp.org\/2013\/wp-json\/wp\/v2\/pages\/162\/revisions"}],"predecessor-version":[{"id":165903,"href":"https:\/\/saopaulo.wordcamp.org\/2013\/wp-json\/wp\/v2\/pages\/162\/revisions\/165903"}],"wp:attachment":[{"href":"https:\/\/saopaulo.wordcamp.org\/2013\/wp-json\/wp\/v2\/media?parent=162"}],"curies":[{"name":"wp","href":"https:\/\/api.w.org\/{rel}","templated":true}]}}