{"id":284326,"date":"2013-11-04T20:28:54","date_gmt":"2013-11-04T22:28:54","guid":{"rendered":"https:\/\/2013.saopaulo.wordcamp.org\/?page_id=284326"},"modified":"2013-11-05T19:32:26","modified_gmt":"2013-11-05T21:32:26","slug":"programacao","status":"publish","type":"page","link":"https:\/\/saopaulo.wordcamp.org\/2013\/programacao\/","title":{"rendered":"Programa\u00e7\u00e3o"},"content":{"rendered":"<table style=\"width: 100%\" border=\"1\">\n<thead>\n<tr>\n<th style=\"width: 10%\"><\/th>\n<th class=\"palestras\" style=\"width: 45%;text-align: center\"><strong>Audit\u00f3rio<\/strong><\/th>\n<th class=\"palestras\" style=\"width: 45%;text-align: center\"><strong>Mini-Audit\u00f3rio<\/strong><\/th>\n<\/tr>\n<\/thead>\n<tbody>\n<tr>\n<td>8h<\/td>\n<td colspan=\"2\">\n<h4 style=\"text-align: center\">Credenciamento<\/h4>\n<\/td>\n<\/tr>\n<tr>\n<td>8h30<\/td>\n<td colspan=\"2\">\n<h4 style=\"text-align: center\">Abertura<\/h4>\n<\/td>\n<\/tr>\n<tr>\n<td>9h<\/td>\n<td>\n<p style=\"font-size: 80%\"><span style=\"float: left;margin-right: 5px\"><img alt='' src='https:\/\/secure.gravatar.com\/avatar\/cda9dfb61b6a8a39f8b7511c2ef10e58a753e699821a47786d0414edda805947?s=30&#038;d=mm&#038;r=g' srcset='https:\/\/secure.gravatar.com\/avatar\/cda9dfb61b6a8a39f8b7511c2ef10e58a753e699821a47786d0414edda805947?s=60&#038;d=mm&#038;r=g 2x' class='avatar avatar-30 photo' height='30' width='30' \/><\/span> <a href=\"#wcorg-speaker-vinicius-massuchetto\">Vinicius Massuchetto:<\/a><br \/>\n<strong><a href=\"https:\/\/2013.saopaulo.wordcamp.org\/session\/desenvolvimento-em-comunidade-a-historia-tecnica-e-politica-de-um-plugin-do-wordpress\/\">Desenvolvimento em comunidade: A hist\u00f3ria t\u00e9cnica e pol\u00edtica de um plugin do WordPress<\/a><\/strong><\/p>\n<\/td>\n<td>\n<p style=\"font-size: 80%\"><span style=\"float: left;margin-right: 5px\"><img alt='' src='https:\/\/secure.gravatar.com\/avatar\/9abbedda84eb6eafdda6a9a472701f43c7e34c2f5881386d74905247a5dfcab5?s=30&#038;d=mm&#038;r=g' srcset='https:\/\/secure.gravatar.com\/avatar\/9abbedda84eb6eafdda6a9a472701f43c7e34c2f5881386d74905247a5dfcab5?s=60&#038;d=mm&#038;r=g 2x' class='avatar avatar-30 photo' height='30' width='30' \/><\/span> <a href=\"#wcorg-speaker-cadu-de-castro-alves\">Cadu de Castro Alves:<\/a><br \/>\n<strong><a href=\"https:\/\/2013.saopaulo.wordcamp.org\/session\/criando-start-ups-com-wordpress\/\">Criando Start-ups com WordPress<\/a><\/strong><\/p>\n<\/td>\n<\/tr>\n<tr>\n<td>10h<\/td>\n<td>\n<p style=\"font-size: 80%\"><span style=\"float: left;margin-right: 5px\"><img alt='' src='https:\/\/secure.gravatar.com\/avatar\/7de7685834ccda177f4a8fcfd7c0d7dc7e17f42b6703f566af165f7734558df9?s=30&#038;d=mm&#038;r=g' srcset='https:\/\/secure.gravatar.com\/avatar\/7de7685834ccda177f4a8fcfd7c0d7dc7e17f42b6703f566af165f7734558df9?s=60&#038;d=mm&#038;r=g 2x' class='avatar avatar-30 photo' height='30' width='30' \/><\/span> <a href=\"#wcorg-speaker-rodrigo-primo\">Rodrigo Primo:<\/a><br \/>\n<strong><a href=\"https:\/\/2013.saopaulo.wordcamp.org\/session\/gerenciando-o-wordpress-com-o-wp-cli\/\">Gerenciando o WordPress com o WP-CLI<\/a><\/strong><\/p>\n<\/td>\n<td>\n<p style=\"font-size: 80%\"><span style=\"float: left;margin-right: 5px\"><img alt='' src='https:\/\/secure.gravatar.com\/avatar\/f2139489eb73263cef1136ff020d7b411b6e0d5a9faff2b4c05ad37dc4a12d26?s=30&#038;d=mm&#038;r=g' srcset='https:\/\/secure.gravatar.com\/avatar\/f2139489eb73263cef1136ff020d7b411b6e0d5a9faff2b4c05ad37dc4a12d26?s=60&#038;d=mm&#038;r=g 2x' class='avatar avatar-30 photo' height='30' width='30' \/><\/span> <a href=\"#wcorg-speaker-rodrigo-dantas-santos\">Rodrigo Dantas Santos:<\/a><br \/>\n<strong><a href=\"https:\/\/2013.saopaulo.wordcamp.org\/session\/como-criar-um-negocio-de-assinaturas-usando-wordpress\/\">Como criar um neg\u00f3cio de Assinaturas usando WordPress<\/a><\/strong><\/p>\n<\/td>\n<\/tr>\n<tr>\n<td>11h<\/td>\n<td>\n<p style=\"font-size: 80%\"><span style=\"float: left;margin-right: 5px\"><img alt='' src='https:\/\/secure.gravatar.com\/avatar\/e3171496e198834c638911ad3c3220bec77871cdf6557eaa9e2a58d16600a1a1?s=30&#038;d=mm&#038;r=g' srcset='https:\/\/secure.gravatar.com\/avatar\/e3171496e198834c638911ad3c3220bec77871cdf6557eaa9e2a58d16600a1a1?s=60&#038;d=mm&#038;r=g 2x' class='avatar avatar-30 photo' height='30' width='30' \/><\/span> <a href=\"#wcorg-speaker-gustavo-bordoni\">Gustavo Bordoni:<\/a><br \/>\n<strong><a href=\"https:\/\/2013.saopaulo.wordcamp.org\/session\/usuarios-permissoes-e-capacidades\/\">Usu\u00e1rios, permiss\u00f5es e Capacidades<\/a><\/strong><\/p>\n<\/td>\n<td>\n<p style=\"font-size: 80%\"><span style=\"float: left;margin-right: 5px\"><img alt='' src='https:\/\/secure.gravatar.com\/avatar\/47cd7962239f71e643b9b00f5eae21c1a4a33793fe2206946dbbabdc34ee93d7?s=30&#038;d=mm&#038;r=g' srcset='https:\/\/secure.gravatar.com\/avatar\/47cd7962239f71e643b9b00f5eae21c1a4a33793fe2206946dbbabdc34ee93d7?s=60&#038;d=mm&#038;r=g 2x' class='avatar avatar-30 photo' height='30' width='30' \/><\/span> <a href=\"#wcorg-speaker-valerio-de-souza\">Val\u00e9rio de Souza:<\/a><br \/>\n<strong><a href=\"https:\/\/2013.saopaulo.wordcamp.org\/session\/vamos-focar-no-usuario\/\">Vamos focar no Usu\u00e1rio?<\/a><\/strong><\/p>\n<\/td>\n<\/tr>\n<tr>\n<td>12h<\/td>\n<td colspan=\"2\">\n<h4 style=\"text-align: center\">Almo\u00e7o<\/h4>\n<\/td>\n<\/tr>\n<tr>\n<td>14h<\/td>\n<td colspan=\"2\">\n<h4 style=\"text-align: center\">Lightning Talks<\/h4>\n<\/td>\n<\/tr>\n<tr>\n<td>14h30<\/td>\n<td>\n<p style=\"font-size: 80%\"><span style=\"float: left;margin-right: 5px\"><img alt='' src='https:\/\/secure.gravatar.com\/avatar\/3e76bcd7a79f7fcb6bd146575116cfbaf68a9c6a7ae55ee03fcc37598a961787?s=30&#038;d=mm&#038;r=g' srcset='https:\/\/secure.gravatar.com\/avatar\/3e76bcd7a79f7fcb6bd146575116cfbaf68a9c6a7ae55ee03fcc37598a961787?s=60&#038;d=mm&#038;r=g 2x' class='avatar avatar-30 photo' height='30' width='30' \/><\/span> <a href=\"#wcorg-speaker-diego-figueiredo-rojas\">Diego Figueiredo Rojas:<\/a><br \/>\n<strong><a href=\"https:\/\/2013.saopaulo.wordcamp.org\/session\/wordpress-no-mundo-modelo-de-software-de-trabalho-e-de-negocio-e-possivel-mensurar-seu-tamanho\/\">WordPress no Mundo: modelo de software, de trabalho e de neg\u00f3cio. \u00c9 poss\u00edvel mensurar seu tamanho?<\/a><\/strong><\/p>\n<\/td>\n<td>\n<p style=\"font-size: 80%\"><span style=\"float: left;margin-right: 5px\"><img alt='' src='https:\/\/secure.gravatar.com\/avatar\/db440a8de1a478d852318c23c5f8c5e569b5f277e0d3340c1ed717e2143f4d44?s=30&#038;d=mm&#038;r=g' srcset='https:\/\/secure.gravatar.com\/avatar\/db440a8de1a478d852318c23c5f8c5e569b5f277e0d3340c1ed717e2143f4d44?s=60&#038;d=mm&#038;r=g 2x' class='avatar avatar-30 photo' height='30' width='30' \/><\/span> <a href=\"#wcorg-speaker-michele-dos-santos-da-silva\">Michele dos Santos da Silva:<\/a><br \/>\n<strong><a href=\"https:\/\/2013.saopaulo.wordcamp.org\/session\/criando-sites-multilingues-com-o-wpml\/\">Criando sites multil\u00edngues com o WPML<\/a><\/strong><\/p>\n<\/td>\n<\/tr>\n<tr>\n<td>15h30<\/td>\n<td>\n<p style=\"font-size: 80%\"><span style=\"float: left;margin-right: 5px\"><img alt='' src='https:\/\/secure.gravatar.com\/avatar\/2bb28470352c969615480bad9545226701104d2ca26a6f2015261d4b4866c5d4?s=30&#038;d=mm&#038;r=g' srcset='https:\/\/secure.gravatar.com\/avatar\/2bb28470352c969615480bad9545226701104d2ca26a6f2015261d4b4866c5d4?s=60&#038;d=mm&#038;r=g 2x' class='avatar avatar-30 photo' height='30' width='30' \/><\/span> <a href=\"#wcorg-speaker-guga-alves\">Guga Alves:<\/a><br \/>\n<strong><a href=\"https:\/\/2013.saopaulo.wordcamp.org\/session\/seo-para-wordpress\/\">SEO para WordPress<\/a><\/strong><\/p>\n<\/td>\n<td>\n<p style=\"font-size: 80%\"><span style=\"float: left;margin-right: 5px\"><img alt='' src='https:\/\/secure.gravatar.com\/avatar\/a5077d59b37f0ea30add728e3230954e734df5beaaa64f953837d5f191fc6bb4?s=30&#038;d=mm&#038;r=g' srcset='https:\/\/secure.gravatar.com\/avatar\/a5077d59b37f0ea30add728e3230954e734df5beaaa64f953837d5f191fc6bb4?s=60&#038;d=mm&#038;r=g 2x' class='avatar avatar-30 photo' height='30' width='30' \/><\/span> <a href=\"#wcorg-speaker-celso-bessa\">Celso Bessa:<\/a><br \/>\n<strong><a href=\"https:\/\/2013.saopaulo.wordcamp.org\/session\/deixe-fluir-gafanhoto-produtividade-e-macetes-para-a-criacao-de-conteudo\/\">Deixe fluir, gafanhoto! Produtividade e macetes para a cria\u00e7\u00e3o de conte\u00fado<\/a><\/strong><\/p>\n<\/td>\n<\/tr>\n<tr>\n<td>16h30<\/td>\n<td>\n<p style=\"font-size: 80%\"><span style=\"float: left;margin-right: 5px\"><img alt='' src='https:\/\/secure.gravatar.com\/avatar\/6ab7473fe788ee8fb9e2899fd2964a7abafa90f73505ed70dbd0f31c955e8d71?s=30&#038;d=mm&#038;r=g' srcset='https:\/\/secure.gravatar.com\/avatar\/6ab7473fe788ee8fb9e2899fd2964a7abafa90f73505ed70dbd0f31c955e8d71?s=60&#038;d=mm&#038;r=g 2x' class='avatar avatar-30 photo' height='30' width='30' \/><\/span> <a href=\"#wcorg-speaker-claudio-sanches\">Claudio Sanches:<\/a><br \/>\n<strong><a href=\"https:\/\/2013.saopaulo.wordcamp.org\/session\/nao-e-porque-funcionou-que-significa-que-esta-certo-boas-praticas-de-programacao-no-wordpress\/\">N\u00e3o \u00e9 porque funcionou que significa que esta certo (Boas praticas de programa\u00e7\u00e3o no WordPress)<\/a><\/strong><\/p>\n<\/td>\n<td>\n<p style=\"font-size: 80%\"><span style=\"float: left;margin-right: 5px\"><img alt='' src='https:\/\/secure.gravatar.com\/avatar\/9f6b83d51c906863ca0f05c637a83e786717cb95e9cab93c5e3b76dfc8581e4f?s=30&#038;d=mm&#038;r=g' srcset='https:\/\/secure.gravatar.com\/avatar\/9f6b83d51c906863ca0f05c637a83e786717cb95e9cab93c5e3b76dfc8581e4f?s=60&#038;d=mm&#038;r=g 2x' class='avatar avatar-30 photo' height='30' width='30' \/><\/span> <a href=\"#wcorg-speaker-guilherme-mazetto\">Guilherme Mazetto:<\/a><br \/>\n<strong><a href=\"https:\/\/2013.saopaulo.wordcamp.org\/session\/wordpress-developer-uma-nova-profissao\/\">WordPress Developer: Uma nova profiss\u00e3o?<\/a><\/strong><\/p>\n<\/td>\n<\/tr>\n<tr>\n<td>17h30<\/td>\n<td colspan=\"2\">\n<h4 style=\"text-align: center\">Encerramento<\/h4>\n<\/td>\n<\/tr>\n<tr>\n<td>20h<\/td>\n<td colspan=\"2\">\n<h4 style=\"text-align: center\">WordCana<\/h4>\n<\/td>\n<\/tr>\n<\/tbody>\n<\/table>\n<h3><a href=\"https:\/\/2013.saopaulo.wordcamp.org\/inscricoes\/\"><img loading=\"lazy\" decoding=\"async\" data-attachment-id=\"288432\" data-permalink=\"https:\/\/saopaulo.wordcamp.org\/2013\/programacao\/attachment\/btn_inscricao\/\" data-orig-file=\"https:\/\/saopaulo.wordcamp.org\/2013\/files\/2013\/11\/btn_inscricao.jpg\" data-orig-size=\"400,123\" data-comments-opened=\"1\" data-image-meta=\"{&quot;aperture&quot;:&quot;0&quot;,&quot;credit&quot;:&quot;&quot;,&quot;camera&quot;:&quot;&quot;,&quot;caption&quot;:&quot;&quot;,&quot;created_timestamp&quot;:&quot;0&quot;,&quot;copyright&quot;:&quot;&quot;,&quot;focal_length&quot;:&quot;0&quot;,&quot;iso&quot;:&quot;0&quot;,&quot;shutter_speed&quot;:&quot;0&quot;,&quot;title&quot;:&quot;&quot;}\" data-image-title=\"btn_inscricao\" data-image-description=\"\" data-image-caption=\"\" data-medium-file=\"https:\/\/saopaulo.wordcamp.org\/2013\/files\/2013\/11\/btn_inscricao.jpg\" data-large-file=\"https:\/\/saopaulo.wordcamp.org\/2013\/files\/2013\/11\/btn_inscricao.jpg\" class=\"size-full wp-image-288432 aligncenter\" alt=\"btn_inscricao\" src=\"https:\/\/2013.saopaulo.wordcamp.org\/files\/2013\/11\/btn_inscricao.jpg\" width=\"400\" height=\"123\" \/><\/a><\/h3>\n<h3>Palestrantes:<\/h3>\n\n\t<div class=\"wcorg-speakers\">\n\n\t\t\n\t\t\t<!-- Organizers note: The id attribute is deprecated and only remains for backwards compatibility, please use the corresponding class to target individual speakers -->\n\t\t\t<div id=\"wcorg-speaker-cadu-de-castro-alves\" class=\"wcorg-speaker wcorg-speaker-cadu-de-castro-alves\">\n\t\t\t\t<h2>\n\t\t\t\t\t\n\t\t\t\t\t\tCadu de Castro Alves\n\t\t\t\t\t\t\t\t\t<\/h2>\n\n\t\t\t\t<div class=\"wcorg-speaker-description\">\n\t\t\t\t\t<img alt='' src='https:\/\/secure.gravatar.com\/avatar\/9abbedda84eb6eafdda6a9a472701f43c7e34c2f5881386d74905247a5dfcab5?s=80&#038;d=mm&#038;r=g' srcset='https:\/\/secure.gravatar.com\/avatar\/9abbedda84eb6eafdda6a9a472701f43c7e34c2f5881386d74905247a5dfcab5?s=160&#038;d=mm&#038;r=g 2x' class='avatar avatar-80 photo' height='80' width='80' \/>\t\t\t\t\t<p>Desenvolvedor web desde 2001, j\u00e1 tendo participado de projetos para empresas como Globo.com, R\u00e1dio Globo, R\u00e1dio CBN, Beat98, FGV, Fiocruz, Cidade Ol\u00edmpica, dentre outros. Especialista em desenvolvimento de websites, aplicativos, temas e plugins para WordPress, al\u00e9m de evangelista da ferramenta atrav\u00e9s de eventos e palestras.<\/p>\n\t\t\t\t<\/div>\n\t\t\t<\/div>\n\n\t\t\n\t\t\t<!-- Organizers note: The id attribute is deprecated and only remains for backwards compatibility, please use the corresponding class to target individual speakers -->\n\t\t\t<div id=\"wcorg-speaker-celso-bessa\" class=\"wcorg-speaker wcorg-speaker-celso-bessa\">\n\t\t\t\t<h2>\n\t\t\t\t\t\n\t\t\t\t\t\tCelso Bessa\n\t\t\t\t\t\t\t\t\t<\/h2>\n\n\t\t\t\t<div class=\"wcorg-speaker-description\">\n\t\t\t\t\t<img alt='' src='https:\/\/secure.gravatar.com\/avatar\/a5077d59b37f0ea30add728e3230954e734df5beaaa64f953837d5f191fc6bb4?s=80&#038;d=mm&#038;r=g' srcset='https:\/\/secure.gravatar.com\/avatar\/a5077d59b37f0ea30add728e3230954e734df5beaaa64f953837d5f191fc6bb4?s=160&#038;d=mm&#038;r=g 2x' class='avatar avatar-80 photo' height='80' width='80' \/>\t\t\t\t\t<p>Cidad\u00e3o e empreendedor digital, prefiro construir pontes \u00e0 muros. Uso WordPress desde 2006 e sou fundador da 2Aces, co-fundador do site A Vida Secreta, editor do Jornal da Fotografia e estrategista de conte\u00fado e marketing digital da galeria Fotospot.<\/p>\n\t\t\t\t<\/div>\n\t\t\t<\/div>\n\n\t\t\n\t\t\t<!-- Organizers note: The id attribute is deprecated and only remains for backwards compatibility, please use the corresponding class to target individual speakers -->\n\t\t\t<div id=\"wcorg-speaker-claudio-sanches\" class=\"wcorg-speaker wcorg-speaker-claudio-sanches\">\n\t\t\t\t<h2>\n\t\t\t\t\t\n\t\t\t\t\t\tClaudio Sanches\n\t\t\t\t\t\t\t\t\t<\/h2>\n\n\t\t\t\t<div class=\"wcorg-speaker-description\">\n\t\t\t\t\t<img alt='' src='https:\/\/secure.gravatar.com\/avatar\/6ab7473fe788ee8fb9e2899fd2964a7abafa90f73505ed70dbd0f31c955e8d71?s=80&#038;d=mm&#038;r=g' srcset='https:\/\/secure.gravatar.com\/avatar\/6ab7473fe788ee8fb9e2899fd2964a7abafa90f73505ed70dbd0f31c955e8d71?s=160&#038;d=mm&#038;r=g 2x' class='avatar avatar-80 photo' height='80' width='80' \/>\t\t\t\t\t<p>Programador PHP, Python e Ruby, desenvolve com WordPress h\u00e1 6 anos e possui cerca de 30 plugins no <a href=\"http:\/\/profiles.wordpress.org\/claudiosanches\" target=\"_blank\">reposit\u00f3rio oficial do WP<\/a> e tamb\u00e9m \u00e9 l\u00edder do projeto <a href=\"http:\/\/wpod.in\/\" target=\"_blank\">Odin Framework<\/a>.<\/p>\n\t\t\t\t<\/div>\n\t\t\t<\/div>\n\n\t\t\n\t\t\t<!-- Organizers note: The id attribute is deprecated and only remains for backwards compatibility, please use the corresponding class to target individual speakers -->\n\t\t\t<div id=\"wcorg-speaker-diego-figueiredo-rojas\" class=\"wcorg-speaker wcorg-speaker-diego-figueiredo-rojas\">\n\t\t\t\t<h2>\n\t\t\t\t\t\n\t\t\t\t\t\tDiego Figueiredo Rojas\n\t\t\t\t\t\t\t\t\t<\/h2>\n\n\t\t\t\t<div class=\"wcorg-speaker-description\">\n\t\t\t\t\t<img alt='' src='https:\/\/secure.gravatar.com\/avatar\/3e76bcd7a79f7fcb6bd146575116cfbaf68a9c6a7ae55ee03fcc37598a961787?s=80&#038;d=mm&#038;r=g' srcset='https:\/\/secure.gravatar.com\/avatar\/3e76bcd7a79f7fcb6bd146575116cfbaf68a9c6a7ae55ee03fcc37598a961787?s=160&#038;d=mm&#038;r=g 2x' class='avatar avatar-80 photo' height='80' width='80' \/>\t\t\t\t\t<p>Designer Gr\u00e1fico e Desenvolvedor de Temas WordPress na Brasa. Amando WP desde 2008. Palestrante no WordCamp Curitiba 2010 e membro da comunidade desde ent\u00e3o. \u00c9 moderador do F\u00f3rum Brasileiro e contribui com a tradu\u00e7\u00e3o da vers\u00e3o pt_BR. Ajudou na organiza\u00e7\u00e3o do 2\u00ba WC Curitiba e do WC S\u00e3o Paulo 2012.<\/p>\n\t\t\t\t<\/div>\n\t\t\t<\/div>\n\n\t\t\n\t\t\t<!-- Organizers note: The id attribute is deprecated and only remains for backwards compatibility, please use the corresponding class to target individual speakers -->\n\t\t\t<div id=\"wcorg-speaker-guga-alves\" class=\"wcorg-speaker wcorg-speaker-guga-alves\">\n\t\t\t\t<h2>\n\t\t\t\t\t\n\t\t\t\t\t\tGuga Alves\n\t\t\t\t\t\t\t\t\t<\/h2>\n\n\t\t\t\t<div class=\"wcorg-speaker-description\">\n\t\t\t\t\t<img alt='' src='https:\/\/secure.gravatar.com\/avatar\/2bb28470352c969615480bad9545226701104d2ca26a6f2015261d4b4866c5d4?s=80&#038;d=mm&#038;r=g' srcset='https:\/\/secure.gravatar.com\/avatar\/2bb28470352c969615480bad9545226701104d2ca26a6f2015261d4b4866c5d4?s=160&#038;d=mm&#038;r=g 2x' class='avatar avatar-80 photo' height='80' width='80' \/>\t\t\t\t\t<p>Guga Alves \u00e9 Analista de Sistemas e P\u00f3s graduado em Gest\u00e3o Estrat\u00e9gica em Marketing Digital e idealizador do site Tudo Para WordPress. \u00c9 tamb\u00e9m Coordenador de Projetos Digitais da Ag\u00eancia Trii e coordena o desenvolvimento de sites e sistemas sempre usando o WordPress como base. Professor de Marketing Digital do Instituto Infnet, j\u00e1 foi consultor de Search Engine Optimization (SEO) da Hostnet, ganhador do Desafio de SEO promovido pelo site MestreSEO em 2010 e palestrantes em diversos eventos pelo Brasil.<\/p>\n\t\t\t\t<\/div>\n\t\t\t<\/div>\n\n\t\t\n\t\t\t<!-- Organizers note: The id attribute is deprecated and only remains for backwards compatibility, please use the corresponding class to target individual speakers -->\n\t\t\t<div id=\"wcorg-speaker-guilherme-mazetto\" class=\"wcorg-speaker wcorg-speaker-guilherme-mazetto\">\n\t\t\t\t<h2>\n\t\t\t\t\t\n\t\t\t\t\t\tGuilherme Mazetto\n\t\t\t\t\t\t\t\t\t<\/h2>\n\n\t\t\t\t<div class=\"wcorg-speaker-description\">\n\t\t\t\t\t<img alt='' src='https:\/\/secure.gravatar.com\/avatar\/9f6b83d51c906863ca0f05c637a83e786717cb95e9cab93c5e3b76dfc8581e4f?s=80&#038;d=mm&#038;r=g' srcset='https:\/\/secure.gravatar.com\/avatar\/9f6b83d51c906863ca0f05c637a83e786717cb95e9cab93c5e3b76dfc8581e4f?s=160&#038;d=mm&#038;r=g 2x' class='avatar avatar-80 photo' height='80' width='80' \/>\t\t\t\t\t<p>S\u00f3cio fundador da Kodame, tecn\u00f3logo em inform\u00e1tica pela Fatec, desenvolvedor web. Entre as atribui\u00e7\u00f5es do cotidiano, soluciona problemas l\u00f3gicos, de marca\u00e7\u00e3o, formata\u00e7\u00e3o e comportamento dos projetos no qual se envolve.<\/p>\n\t\t\t\t<\/div>\n\t\t\t<\/div>\n\n\t\t\n\t\t\t<!-- Organizers note: The id attribute is deprecated and only remains for backwards compatibility, please use the corresponding class to target individual speakers -->\n\t\t\t<div id=\"wcorg-speaker-gustavo-bordoni\" class=\"wcorg-speaker wcorg-speaker-gustavo-bordoni\">\n\t\t\t\t<h2>\n\t\t\t\t\t\n\t\t\t\t\t\tGustavo Bordoni\n\t\t\t\t\t\t\t\t\t<\/h2>\n\n\t\t\t\t<div class=\"wcorg-speaker-description\">\n\t\t\t\t\t<img alt='' src='https:\/\/secure.gravatar.com\/avatar\/e3171496e198834c638911ad3c3220bec77871cdf6557eaa9e2a58d16600a1a1?s=80&#038;d=mm&#038;r=g' srcset='https:\/\/secure.gravatar.com\/avatar\/e3171496e198834c638911ad3c3220bec77871cdf6557eaa9e2a58d16600a1a1?s=160&#038;d=mm&#038;r=g 2x' class='avatar avatar-80 photo' height='80' width='80' \/>\t\t\t\t\t<p>Gustavo Bordoni \u00e9 desenvolvedor e sysadmin, um apaixonado por WordPress e performance. Atualmente fissurado na possibilidade que a AWS criou para os empreendedores, e tem se aprofundado no assunto pelo \u00faltimo 1 ano e meio.<\/p>\n\t\t\t\t<\/div>\n\t\t\t<\/div>\n\n\t\t\n\t\t\t<!-- Organizers note: The id attribute is deprecated and only remains for backwards compatibility, please use the corresponding class to target individual speakers -->\n\t\t\t<div id=\"wcorg-speaker-michele-dos-santos-da-silva\" class=\"wcorg-speaker wcorg-speaker-michele-dos-santos-da-silva\">\n\t\t\t\t<h2>\n\t\t\t\t\t\n\t\t\t\t\t\tMichele dos Santos da Silva\n\t\t\t\t\t\t\t\t\t<\/h2>\n\n\t\t\t\t<div class=\"wcorg-speaker-description\">\n\t\t\t\t\t<img alt='' src='https:\/\/secure.gravatar.com\/avatar\/db440a8de1a478d852318c23c5f8c5e569b5f277e0d3340c1ed717e2143f4d44?s=80&#038;d=mm&#038;r=g' srcset='https:\/\/secure.gravatar.com\/avatar\/db440a8de1a478d852318c23c5f8c5e569b5f277e0d3340c1ed717e2143f4d44?s=160&#038;d=mm&#038;r=g 2x' class='avatar avatar-80 photo' height='80' width='80' \/>\t\t\t\t\t<p>Desenvolvedora h\u00e1 mais de dez anos, entrou para o mundo do WordPress h\u00e1 dois. Come\u00e7ou a programar no curso de T\u00e9cnico em Telecomunica\u00e7\u00f5es do CEFET-RS e n\u00e3o parou mais. Graduou-se em Ci\u00eancia da Computa\u00e7\u00e3o pela UFPel e fez mestrado em computa\u00e7\u00e3o pela UFRGS. Atualmente \u00e9 membro da equipe de desenvolvimento do WPML, o plugin Multil\u00edngue para WordPress.<\/p>\n\t\t\t\t<\/div>\n\t\t\t<\/div>\n\n\t\t\n\t\t\t<!-- Organizers note: The id attribute is deprecated and only remains for backwards compatibility, please use the corresponding class to target individual speakers -->\n\t\t\t<div id=\"wcorg-speaker-rodrigo-dantas-santos\" class=\"wcorg-speaker wcorg-speaker-rodrigo-dantas-santos\">\n\t\t\t\t<h2>\n\t\t\t\t\t\n\t\t\t\t\t\tRodrigo Dantas Santos\n\t\t\t\t\t\t\t\t\t<\/h2>\n\n\t\t\t\t<div class=\"wcorg-speaker-description\">\n\t\t\t\t\t<img alt='' src='https:\/\/secure.gravatar.com\/avatar\/f2139489eb73263cef1136ff020d7b411b6e0d5a9faff2b4c05ad37dc4a12d26?s=80&#038;d=mm&#038;r=g' srcset='https:\/\/secure.gravatar.com\/avatar\/f2139489eb73263cef1136ff020d7b411b6e0d5a9faff2b4c05ad37dc4a12d26?s=160&#038;d=mm&#038;r=g 2x' class='avatar avatar-80 photo' height='80' width='80' \/>\t\t\t\t\t<p>Fui Executivo do Ita\u00fa por 8 anos, escrevo em WordPress desde 2006 &#8211; Criei minha primeira Startup em 2009 &#8211; Sou o CEO da <a href=\"http:\/\/vindi.com.br\" target=\"_blank\">Vindi<\/a> &#8211; Colaborador do Techtudo (Globo), fundei 2 Startups &#8211; Escrevo sobre Empreendedorismo, Startups e etc.<\/p>\n\t\t\t\t<\/div>\n\t\t\t<\/div>\n\n\t\t\n\t\t\t<!-- Organizers note: The id attribute is deprecated and only remains for backwards compatibility, please use the corresponding class to target individual speakers -->\n\t\t\t<div id=\"wcorg-speaker-rodrigo-primo\" class=\"wcorg-speaker wcorg-speaker-rodrigo-primo\">\n\t\t\t\t<h2>\n\t\t\t\t\t\n\t\t\t\t\t\tRodrigo Primo\n\t\t\t\t\t\t\t\t\t<\/h2>\n\n\t\t\t\t<div class=\"wcorg-speaker-description\">\n\t\t\t\t\t<img alt='' src='https:\/\/secure.gravatar.com\/avatar\/7de7685834ccda177f4a8fcfd7c0d7dc7e17f42b6703f566af165f7734558df9?s=80&#038;d=mm&#038;r=g' srcset='https:\/\/secure.gravatar.com\/avatar\/7de7685834ccda177f4a8fcfd7c0d7dc7e17f42b6703f566af165f7734558df9?s=160&#038;d=mm&#038;r=g 2x' class='avatar avatar-80 photo' height='80' width='80' \/>\t\t\t\t\t<p>Desenvolvedor de software desde 2005, trabalha no Hacklab, empresa que ajudou a fundar em 2008. Utiliza o WordPress e contribui com a comunidade desde 2009. Vegetariano, cicloativista e defensor do software livre e educa\u00e7\u00e3o libert\u00e1ria.<\/p>\n\t\t\t\t<\/div>\n\t\t\t<\/div>\n\n\t\t\n\t\t\t<!-- Organizers note: The id attribute is deprecated and only remains for backwards compatibility, please use the corresponding class to target individual speakers -->\n\t\t\t<div id=\"wcorg-speaker-valerio-de-souza\" class=\"wcorg-speaker wcorg-speaker-valerio-de-souza\">\n\t\t\t\t<h2>\n\t\t\t\t\t\n\t\t\t\t\t\tVal\u00e9rio de Souza\n\t\t\t\t\t\t\t\t\t<\/h2>\n\n\t\t\t\t<div class=\"wcorg-speaker-description\">\n\t\t\t\t\t<img alt='' src='https:\/\/secure.gravatar.com\/avatar\/47cd7962239f71e643b9b00f5eae21c1a4a33793fe2206946dbbabdc34ee93d7?s=80&#038;d=mm&#038;r=g' srcset='https:\/\/secure.gravatar.com\/avatar\/47cd7962239f71e643b9b00f5eae21c1a4a33793fe2206946dbbabdc34ee93d7?s=160&#038;d=mm&#038;r=g 2x' class='avatar avatar-80 photo' height='80' width='80' \/>\t\t\t\t\t<p>\u00c9 Especialista WordPress desde 2008 e trabalha com WEB desde 1998. Estudante de Publicidade e Propaganda na Est\u00e1cio de S\u00e1 e formado em Marketing. Hoje est\u00e1 a frente da CodeHost WordPress, \u00e9 desenvolvedor da Trii, e j\u00e1 participou de grandes projetos desenvolvidos em WordPress. Participou do desenvolvimento do WordPress 3.6, 3.7 e 3.8 e \u00e9 o respons\u00e1vel pelo WordCamp BH.<\/p>\n\t\t\t\t<\/div>\n\t\t\t<\/div>\n\n\t\t\n\t\t\t<!-- Organizers note: The id attribute is deprecated and only remains for backwards compatibility, please use the corresponding class to target individual speakers -->\n\t\t\t<div id=\"wcorg-speaker-vinicius-massuchetto\" class=\"wcorg-speaker wcorg-speaker-vinicius-massuchetto\">\n\t\t\t\t<h2>\n\t\t\t\t\t\n\t\t\t\t\t\tVinicius Massuchetto\n\t\t\t\t\t\t\t\t\t<\/h2>\n\n\t\t\t\t<div class=\"wcorg-speaker-description\">\n\t\t\t\t\t<img alt='' src='https:\/\/secure.gravatar.com\/avatar\/cda9dfb61b6a8a39f8b7511c2ef10e58a753e699821a47786d0414edda805947?s=80&#038;d=mm&#038;r=g' srcset='https:\/\/secure.gravatar.com\/avatar\/cda9dfb61b6a8a39f8b7511c2ef10e58a753e699821a47786d0414edda805947?s=160&#038;d=mm&#038;r=g 2x' class='avatar avatar-80 photo' height='80' width='80' \/>\t\t\t\t\t<p>Vinicius Massuchetto \u00e9 desenvolvedor formado em Qu\u00edmica pela UTFPR e Ci\u00eancia da Computa\u00e7\u00e3o pela UFPR, atualmente \u00e9 mestrando em Tecnologia Nuclear no IPEN\/USP. Trabalha com WordPress h\u00e1 7 anos e foi organizador dos WordCamps em Curitiba e em S\u00e3o Paulo.<\/p>\n\t\t\t\t<\/div>\n\t\t\t<\/div>\n\n\t\t\n\t<\/div>\n\n\t\n<h3><a href=\"https:\/\/2013.saopaulo.wordcamp.org\/inscricoes\/\"><img loading=\"lazy\" decoding=\"async\" class=\"aligncenter\" alt=\"btn_inscricao\" src=\"https:\/\/2013.saopaulo.wordcamp.org\/files\/2013\/11\/btn_inscricao.jpg\" width=\"400\" height=\"123\" \/><\/a><\/h3>\n","protected":false},"excerpt":{"rendered":"<p>Audit\u00f3rio Mini-Audit\u00f3rio 8h Credenciamento 8h30 Abertura 9h Vinicius Massuchetto: Desenvolvimento em comunidade: A hist\u00f3ria t\u00e9cnica e pol\u00edtica de um plugin do WordPress Cadu de Castro Alves: Criando Start-ups com WordPress 10h Rodrigo Primo: Gerenciando o WordPress com o WP-CLI Rodrigo &hellip; <a href=\"https:\/\/saopaulo.wordcamp.org\/2013\/speaker\/vinicius-massuchetto\/\">Continuar a ler <span class=\"meta-nav\">&rarr;<\/span><\/a><\/p>\n","protected":false},"author":6207869,"featured_media":0,"parent":0,"menu_order":0,"comment_status":"open","ping_status":"open","template":"","meta":{"jetpack_post_was_ever_published":false,"footnotes":""},"class_list":["post-284326","page","type-page","status-publish","hentry"],"jetpack_shortlink":"https:\/\/wp.me\/P3P0wN-1bXU","jetpack_sharing_enabled":true,"_links":{"self":[{"href":"https:\/\/saopaulo.wordcamp.org\/2013\/wp-json\/wp\/v2\/pages\/284326","targetHints":{"allow":["GET"]}}],"collection":[{"href":"https:\/\/saopaulo.wordcamp.org\/2013\/wp-json\/wp\/v2\/pages"}],"about":[{"href":"https:\/\/saopaulo.wordcamp.org\/2013\/wp-json\/wp\/v2\/types\/page"}],"author":[{"embeddable":true,"href":"https:\/\/saopaulo.wordcamp.org\/2013\/wp-json\/wp\/v2\/users\/6207869"}],"replies":[{"embeddable":true,"href":"https:\/\/saopaulo.wordcamp.org\/2013\/wp-json\/wp\/v2\/comments?post=284326"}],"version-history":[{"count":29,"href":"https:\/\/saopaulo.wordcamp.org\/2013\/wp-json\/wp\/v2\/pages\/284326\/revisions"}],"predecessor-version":[{"id":288435,"href":"https:\/\/saopaulo.wordcamp.org\/2013\/wp-json\/wp\/v2\/pages\/284326\/revisions\/288435"}],"wp:attachment":[{"href":"https:\/\/saopaulo.wordcamp.org\/2013\/wp-json\/wp\/v2\/media?parent=284326"}],"curies":[{"name":"wp","href":"https:\/\/api.w.org\/{rel}","templated":true}]}}