{"id":7,"date":"2012-06-23T17:35:40","date_gmt":"2012-06-23T20:35:40","guid":{"rendered":"http:\/\/2012.saopaulo.wordcamp.org\/?page_id=7"},"modified":"2013-10-04T12:17:17","modified_gmt":"2013-10-04T15:17:17","slug":"sobre-o-evento","status":"publish","type":"page","link":"https:\/\/saopaulo.wordcamp.org\/2013\/sobre-o-evento\/","title":{"rendered":"Sobre o evento"},"content":{"rendered":"<p><img loading=\"lazy\" decoding=\"async\" data-attachment-id=\"139894\" data-permalink=\"https:\/\/saopaulo.wordcamp.org\/2013\/novidades\/em-breve-as-inscricoes-estarao-abertas\/attachment\/rodape-bg-2\/\" data-orig-file=\"https:\/\/saopaulo.wordcamp.org\/2013\/files\/2013\/09\/rodape-bg1.png\" data-orig-size=\"1024,783\" data-comments-opened=\"1\" data-image-meta=\"{&quot;aperture&quot;:&quot;0&quot;,&quot;credit&quot;:&quot;&quot;,&quot;camera&quot;:&quot;&quot;,&quot;caption&quot;:&quot;&quot;,&quot;created_timestamp&quot;:&quot;0&quot;,&quot;copyright&quot;:&quot;&quot;,&quot;focal_length&quot;:&quot;0&quot;,&quot;iso&quot;:&quot;0&quot;,&quot;shutter_speed&quot;:&quot;0&quot;,&quot;title&quot;:&quot;&quot;}\" data-image-title=\"rodape-bg\" data-image-description=\"\" data-image-caption=\"\" data-medium-file=\"https:\/\/saopaulo.wordcamp.org\/2013\/files\/2013\/09\/rodape-bg1-300x229.png\" data-large-file=\"https:\/\/saopaulo.wordcamp.org\/2013\/files\/2013\/09\/rodape-bg1.png\" class=\"alignnone size-full wp-image-139894\" alt=\"rodape-bg\" src=\"https:\/\/2013.saopaulo.wordcamp.org\/files\/2013\/09\/rodape-bg1.png\" width=\"1024\" height=\"783\" srcset=\"https:\/\/saopaulo.wordcamp.org\/2013\/files\/2013\/09\/rodape-bg1.png 1024w, https:\/\/saopaulo.wordcamp.org\/2013\/files\/2013\/09\/rodape-bg1-300x229.png 300w\" sizes=\"auto, (max-width: 1024px) 100vw, 1024px\" \/><\/p>\n<p>O <a href=\"http:\/\/central.wordcamp.org\/\">WordCamp<\/a> \u00e9 um tipo de confer\u00eancia originada nos Estados Unidos sobre tudo o que for relacionado ao WordPress, plataforma opensource de publica\u00e7\u00e3o de blogs. S\u00e3o eventos organizados por comunidades de usu\u00e1rios do WordPress ao redor do mundo, onde desenvolvedores, designers, blogueiros e usu\u00e1rios casuais podem assistir palestras e apresenta\u00e7\u00f5es, trocar id\u00e9ias e se conhecer num ambiente informal.<\/p>\n<div id=\"attachment_10\" style=\"width: 209px\" class=\"wp-caption alignleft\"><a href=\"http:\/\/2012.saopaulo.wordcamp.org\/files\/2012\/06\/matt4.jpg\"><img loading=\"lazy\" decoding=\"async\" aria-describedby=\"caption-attachment-10\" class=\"size-medium wp-image-10\" title=\"Matt Mullenweg no WordCamp Brasil\" alt=\"Matt Mullenweg no WordCamp Brasil\" src=\"http:\/\/2012.saopaulo.wordcamp.org\/files\/2012\/06\/matt4-199x300.jpg\" width=\"199\" height=\"300\" \/><\/a><p id=\"caption-attachment-10\" class=\"wp-caption-text\">Matt Mullenweg no WordCamp Brasil<\/p><\/div>\n<p>O primeiro WordCamp aconteceu em julho de 2006 em S\u00e3o Francisco. Foi organizado por Matt Mullenweg, criador do WordPress, em apenas tr\u00eas semanas, tornando-se um sucesso absoluto com 300 participantes. O primeiro WordCamp internacional do qual se teve not\u00edcia aconteceu em Israel no dia 25 de outubro de 2007. Desde ent\u00e3o o WordCamp se espalhou pelas capitais e principais cidades do mundo todo, como: Paris, Mil\u00e3o, T\u00f3quio, Melbourne, Sydney, Birmingham, Hamburgo e Vancouver (<a href=\"http:\/\/central.wordcamp.org\/schedule\/past-wordcamps\/\">veja lista com todos os WordCamps realizados<\/a>)<\/p>\n<p dir=\"ltr\">Em 2009 foi realizado o primeiro WordCamp Brasil na cidade de S\u00e3o Paulo com a presen\u00e7a de Matt Mullenweg, ano passado aconteceu o 1\u00ba WordCamp S\u00e3o Paulo com cerca de 300 participantes, esse ano, a Comunidade WordPress Brasil, est\u00e1 aprovada novamente pela Funda\u00e7\u00e3o WordPress como equipe organizadora do WordCamp S\u00e3o Paulo 2013, em parceria com a PUC-SP, para sua realiza\u00e7\u00e3o no campus de Ci\u00eancias Exatas e Tecnologia da Faculdade, ao lado da R. da Consola\u00e7\u00e3o, no centro da cidade.<\/p>\n<h2>WordCamps no Brasil<\/h2>\n<p>Depois do primeiro WordCamp Brasil a comunidade come\u00e7ou a se organizar para descentralizar a a\u00e7\u00e3o de S\u00e3o Paulo e v\u00e1rias cidades como Rio de Janeiro, Curitiba, Porto Alegre e Belo Horizonte come\u00e7aram a articular MeetUps e a falar sobre novos WordCamps.<\/p>\n<p dir=\"ltr\">Em Outubro de 2010 foi realizado em <a href=\"http:\/\/2010.curitiba.wordcamp.org\/\" target=\"_blank\">Curitiba\/PR o segundo WordCamp (no Brasil)<\/a> contando com a presen\u00e7a de cerca de 300 pessoas em 2 dias de evento. Em Junho de 2012 foi realizado o<a href=\"http:\/\/2012.curitiba.wordcamp.org\/\" target=\"_blank\"> II WordCamp Curitiba<\/a> com o mesmo sucesso do ano anterior de p\u00fablico e de gera\u00e7\u00e3o de conte\u00fado. Em Agosto de 2012, o<a href=\"http:\/\/2010.curitiba.wordcamp.org\/\" target=\"_blank\"> primeiro WordCamp S\u00e3o Paulo<\/a> aconteceu com 250 participantes, 14 atividades, 17 conte\u00fados publicados na web, 4 v\u00eddeos publicados na wordpress.tv. Foram mais de 20 mil visitas no site nos 2 meses pr\u00e9, durante e logo ap\u00f3s o evento.<\/p>\n<p>Em Julho de 2013 aconteceu em <a href=\"http:\/\/2013.portoalegre.wordcamp.org\/\" target=\"_blank\">Porto Alegre o quinto WordCamp (no Brasil)<\/a> com cerca de 250 participantes e 10 palestras, durante 1 dia de evento.<\/p>\n<p>&nbsp;<\/p>\n","protected":false},"excerpt":{"rendered":"<p>O WordCamp \u00e9 um tipo de confer\u00eancia originada nos Estados Unidos sobre tudo o que for relacionado ao WordPress, plataforma opensource de publica\u00e7\u00e3o de blogs. S\u00e3o eventos organizados por comunidades de usu\u00e1rios do WordPress ao redor do mundo, onde desenvolvedores, &hellip; <a href=\"https:\/\/saopaulo.wordcamp.org\/2013\/sobre-o-evento\/\">Continuar a ler <span class=\"meta-nav\">&rarr;<\/span><\/a><\/p>\n","protected":false},"author":11646155,"featured_media":0,"parent":0,"menu_order":0,"comment_status":"closed","ping_status":"closed","template":"","meta":{"jetpack_post_was_ever_published":false,"footnotes":""},"class_list":["post-7","page","type-page","status-publish","hentry"],"jetpack_shortlink":"https:\/\/wp.me\/P3P0wN-7","jetpack_sharing_enabled":true,"_links":{"self":[{"href":"https:\/\/saopaulo.wordcamp.org\/2013\/wp-json\/wp\/v2\/pages\/7","targetHints":{"allow":["GET"]}}],"collection":[{"href":"https:\/\/saopaulo.wordcamp.org\/2013\/wp-json\/wp\/v2\/pages"}],"about":[{"href":"https:\/\/saopaulo.wordcamp.org\/2013\/wp-json\/wp\/v2\/types\/page"}],"author":[{"embeddable":true,"href":"https:\/\/saopaulo.wordcamp.org\/2013\/wp-json\/wp\/v2\/users\/11646155"}],"replies":[{"embeddable":true,"href":"https:\/\/saopaulo.wordcamp.org\/2013\/wp-json\/wp\/v2\/comments?post=7"}],"version-history":[{"count":6,"href":"https:\/\/saopaulo.wordcamp.org\/2013\/wp-json\/wp\/v2\/pages\/7\/revisions"}],"predecessor-version":[{"id":148530,"href":"https:\/\/saopaulo.wordcamp.org\/2013\/wp-json\/wp\/v2\/pages\/7\/revisions\/148530"}],"wp:attachment":[{"href":"https:\/\/saopaulo.wordcamp.org\/2013\/wp-json\/wp\/v2\/media?parent=7"}],"curies":[{"name":"wp","href":"https:\/\/api.w.org\/{rel}","templated":true}]}}