{"id":1,"date":"2014-06-16T16:48:32","date_gmt":"2014-06-16T19:48:32","guid":{"rendered":"https:\/\/2014.saopaulo.wordcamp.org\/schedule\/"},"modified":"2014-10-07T23:50:28","modified_gmt":"2014-10-08T02:50:28","slug":"programacao","status":"publish","type":"page","link":"https:\/\/saopaulo.wordcamp.org\/2014\/sobre-o-evento\/programacao\/","title":{"rendered":"Programa\u00e7\u00e3o"},"content":{"rendered":"<p>Teremos 20 palestras divididas entre 2 espa\u00e7os (audit\u00f3rio e mini audit\u00f3rio).<\/p>\n<p>Estamos em contato com os demais palestrantes aprovados para concluir a grade.<\/p>\n<table class=\"wcpt-schedule\" border=\"0\"><thead><tr><th class=\"wcpt-col-time\">Hora<\/th><th class=\"wcpt-col-track\"> <span class=\"wcpt-track-name\">Audit\u00f3rio<\/span> <span class=\"wcpt-track-description\"><\/span> <\/th><th class=\"wcpt-col-track\"> <span class=\"wcpt-track-name\">Mini Audit\u00f3rio<\/span> <span class=\"wcpt-track-description\"><\/span> <\/th><\/tr><\/thead><tbody><tr class=\"wcpt-time-0800 global-session credenciamento\"><td class=\"wcpt-time\">08:00<\/td><td colspan=\"2\" class=\"wcb-track-auditorio wcb-track-mini-auditorio wcpt-session-type-custom wcb-session-credenciamento\" data-track-title=\"Audit\u00f3rio, Mini Audit\u00f3rio\" data-session-id=\"13096\"><div class=\"wcb-session-cell-content\"><span class=\"wcpt-session-title\">Credenciamento<\/span><\/div><\/td><\/tr><tr class=\"wcpt-time-0830 global-session abertura\"><td class=\"wcpt-time\">08:30<\/td><td colspan=\"2\" class=\"wcb-track-auditorio wcb-track-mini-auditorio wcpt-session-type-custom wcb-session-abertura\" data-track-title=\"Audit\u00f3rio, Mini Audit\u00f3rio\" data-session-id=\"13100\"><div class=\"wcb-session-cell-content\"><span class=\"wcpt-session-title\">Abertura<\/span><\/div><\/td><\/tr><tr class=\"wcpt-time-0900\"><td class=\"wcpt-time\">09:00<\/td><td colspan=\"1\" class=\"wcb-speaker-breno-alves wcb-track-auditorio wcb-track-desenvolvimento wcpt-session-type-session wcb-session-como-eu-aprendo-wordpress\" data-track-title=\"Audit\u00f3rio, Desenvolvimento\" data-session-id=\"13258\"><div class=\"wcb-session-cell-content\"><a class=\"wcpt-session-title\" href=\"https:\/\/saopaulo.wordcamp.org\/2014\/session\/como-eu-aprendo-wordpress\/\">Como eu aprendo WordPress?<\/a> <span class=\"wcpt-session-speakers\"><a href=\"https:\/\/saopaulo.wordcamp.org\/2014\/speaker\/breno-alves\/\">Breno Alves<\/a><\/span><\/div><div class=\"wcb-session-favourite-icon\"><a href=\"#\" role=\"button\" class=\"fav-session-button\" aria-pressed=\"false\"><span class=\"screen-reader-text\">Palestra favorita: Como eu aprendo WordPress?<\/span><span class=\"dashicons dashicons-star-filled\"><\/span><\/a><\/div><\/td><td colspan=\"1\" class=\"wcb-speaker-diego-brito wcb-track-design wcb-track-mini-auditorio wcpt-session-type-session wcb-session-layout-vs-resultado-challenge-accepted\" data-track-title=\"Design, Mini Audit\u00f3rio\" data-session-id=\"13216\"><div class=\"wcb-session-cell-content\"><a class=\"wcpt-session-title\" href=\"https:\/\/saopaulo.wordcamp.org\/2014\/session\/layout-vs-resultado-challenge-accepted\/\">Layout vs Resultado: challenge accepted!<\/a> <span class=\"wcpt-session-speakers\"><a href=\"https:\/\/saopaulo.wordcamp.org\/2014\/speaker\/diego-brito\/\">Diego Brito<\/a><\/span><\/div><div class=\"wcb-session-favourite-icon\"><a href=\"#\" role=\"button\" class=\"fav-session-button\" aria-pressed=\"false\"><span class=\"screen-reader-text\">Palestra favorita: Layout vs Resultado: challenge accepted!<\/span><span class=\"dashicons dashicons-star-filled\"><\/span><\/a><\/div><\/td><\/tr><tr class=\"wcpt-time-0940\"><td class=\"wcpt-time\">09:40<\/td><td colspan=\"1\" class=\"wcb-speaker-andre-rosa wcb-track-auditorio wcb-track-conteudo wcpt-session-type-session wcb-session-como-escrever-para-a-web\" data-track-title=\"Audit\u00f3rio, Conte\u00fado\" data-session-id=\"13201\"><div class=\"wcb-session-cell-content\"><a class=\"wcpt-session-title\" href=\"https:\/\/saopaulo.wordcamp.org\/2014\/session\/como-escrever-para-a-web\/\">Como escrever para a web?<\/a> <span class=\"wcpt-session-speakers\"><a href=\"https:\/\/saopaulo.wordcamp.org\/2014\/speaker\/andre-rosa\/\">Andr\u00e9 Rosa<\/a><\/span><\/div><div class=\"wcb-session-favourite-icon\"><a href=\"#\" role=\"button\" class=\"fav-session-button\" aria-pressed=\"false\"><span class=\"screen-reader-text\">Palestra favorita: Como escrever para a web?<\/span><span class=\"dashicons dashicons-star-filled\"><\/span><\/a><\/div><\/td><td colspan=\"1\" class=\"wcb-speaker-fernando-daciuk wcb-track-desenvolvimento wcb-track-mini-auditorio wcpt-session-type-session wcb-session-um-gole-de-otimizacao-no-wordpress\" data-track-title=\"Desenvolvimento, Mini Audit\u00f3rio\" data-session-id=\"13185\"><div class=\"wcb-session-cell-content\"><a class=\"wcpt-session-title\" href=\"https:\/\/saopaulo.wordcamp.org\/2014\/session\/um-gole-de-otimizacao-no-wordpress\/\">Um gole de otimiza\u00e7\u00e3o no WordPress<\/a> <span class=\"wcpt-session-speakers\"><a href=\"https:\/\/saopaulo.wordcamp.org\/2014\/speaker\/fernando-daciuk\/\">Fernando Daciuk<\/a><\/span><\/div><div class=\"wcb-session-favourite-icon\"><a href=\"#\" role=\"button\" class=\"fav-session-button\" aria-pressed=\"false\"><span class=\"screen-reader-text\">Palestra favorita: Um gole de otimiza\u00e7\u00e3o no WordPress<\/span><span class=\"dashicons dashicons-star-filled\"><\/span><\/a><\/div><\/td><\/tr><tr class=\"wcpt-time-1020 global-session coffee-break\"><td class=\"wcpt-time\">10:20<\/td><td colspan=\"2\" class=\"wcb-track-auditorio wcb-track-mini-auditorio wcpt-session-type-custom wcb-session-coffee-break\" data-track-title=\"Audit\u00f3rio, Mini Audit\u00f3rio\" data-session-id=\"13104\"><div class=\"wcb-session-cell-content\"><span class=\"wcpt-session-title\">Coffee Break<\/span><\/div><\/td><\/tr><tr class=\"wcpt-time-1050\"><td class=\"wcpt-time\">10:50<\/td><td colspan=\"1\" class=\"wcb-speaker-leo-germani wcb-track-auditorio wcb-track-desenvolvimento wcpt-session-type-session wcb-session-um-guia-pratico-para-planejar-seu-projeto-wordpress\" data-track-title=\"Audit\u00f3rio, Desenvolvimento\" data-session-id=\"13315\"><div class=\"wcb-session-cell-content\"><a class=\"wcpt-session-title\" href=\"https:\/\/saopaulo.wordcamp.org\/2014\/session\/um-guia-pratico-para-planejar-seu-projeto-wordpress\/\">Um guia pr\u00e1tico para planejar seu projeto WordPress<\/a> <span class=\"wcpt-session-speakers\"><a href=\"https:\/\/saopaulo.wordcamp.org\/2014\/speaker\/leo-germani\/\">Leo Germani<\/a><\/span><\/div><div class=\"wcb-session-favourite-icon\"><a href=\"#\" role=\"button\" class=\"fav-session-button\" aria-pressed=\"false\"><span class=\"screen-reader-text\">Palestra favorita: Um guia pr\u00e1tico para planejar seu projeto WordPress<\/span><span class=\"dashicons dashicons-star-filled\"><\/span><\/a><\/div><\/td><td colspan=\"1\" class=\"wcb-speaker-valerio-souza wcb-track-conteudo wcb-track-mini-auditorio wcpt-session-type-session wcb-session-%e2%80%8bjetpack-um-canivete-suico-no-seu-wordpress%e2%80%8b\" data-track-title=\"Conte\u00fado, Mini Audit\u00f3rio\" data-session-id=\"13193\"><div class=\"wcb-session-cell-content\"><a class=\"wcpt-session-title\" href=\"https:\/\/saopaulo.wordcamp.org\/2014\/session\/%e2%80%8bjetpack-um-canivete-suico-no-seu-wordpress%e2%80%8b\/\">\u200bJetpack, um canivete su\u00ed\u00e7o no seu WordPress\u200b<\/a> <span class=\"wcpt-session-speakers\"><a href=\"https:\/\/saopaulo.wordcamp.org\/2014\/speaker\/valerio-souza\/\">Valerio Souza<\/a><\/span><\/div><div class=\"wcb-session-favourite-icon\"><a href=\"#\" role=\"button\" class=\"fav-session-button\" aria-pressed=\"false\"><span class=\"screen-reader-text\">Palestra favorita: \u200bJetpack, um canivete su\u00ed\u00e7o no seu WordPress\u200b<\/span><span class=\"dashicons dashicons-star-filled\"><\/span><\/a><\/div><\/td><\/tr><tr class=\"wcpt-time-1130\"><td class=\"wcpt-time\">11:30<\/td><td colspan=\"1\" class=\"wcb-speaker-raphael-tavares wcb-track-auditorio wcb-track-desenvolvimento wcpt-session-type-session wcb-session-como-projetar-sites-acessiveis-usando-o-wordpress\" data-track-title=\"Audit\u00f3rio, Desenvolvimento\" data-session-id=\"13181\"><div class=\"wcb-session-cell-content\"><a class=\"wcpt-session-title\" href=\"https:\/\/saopaulo.wordcamp.org\/2014\/session\/como-projetar-sites-acessiveis-usando-o-wordpress\/\">Como projetar sites acess\u00edveis usando o WordPress<\/a> <span class=\"wcpt-session-speakers\"><a href=\"https:\/\/saopaulo.wordcamp.org\/2014\/speaker\/raphael-tavares\/\">Raphael Tavares<\/a><\/span><\/div><div class=\"wcb-session-favourite-icon\"><a href=\"#\" role=\"button\" class=\"fav-session-button\" aria-pressed=\"false\"><span class=\"screen-reader-text\">Palestra favorita: Como projetar sites acess\u00edveis usando o WordPress<\/span><span class=\"dashicons dashicons-star-filled\"><\/span><\/a><\/div><\/td><td colspan=\"1\" class=\"wcb-speaker-ruan-barbosa wcb-track-desenvolvimento wcb-track-mini-auditorio wcpt-session-type-session wcb-session-seo-para-desenvolvedores\" data-track-title=\"Desenvolvimento, Mini Audit\u00f3rio\" data-session-id=\"13052\"><div class=\"wcb-session-cell-content\"><a class=\"wcpt-session-title\" href=\"https:\/\/saopaulo.wordcamp.org\/2014\/session\/seo-para-desenvolvedores\/\">SEO para Desenvolvedores<\/a> <span class=\"wcpt-session-speakers\"><a href=\"https:\/\/saopaulo.wordcamp.org\/2014\/speaker\/ruan-barbosa\/\">Ruan Barbosa<\/a><\/span><\/div><div class=\"wcb-session-favourite-icon\"><a href=\"#\" role=\"button\" class=\"fav-session-button\" aria-pressed=\"false\"><span class=\"screen-reader-text\">Palestra favorita: SEO para Desenvolvedores<\/span><span class=\"dashicons dashicons-star-filled\"><\/span><\/a><\/div><\/td><\/tr><tr class=\"wcpt-time-1210 global-session almoo\"><td class=\"wcpt-time\">12:10<\/td><td colspan=\"2\" class=\"wcb-track-auditorio wcb-track-mini-auditorio wcpt-session-type-custom wcb-session-almoco\" data-track-title=\"Audit\u00f3rio, Mini Audit\u00f3rio\" data-session-id=\"13102\"><div class=\"wcb-session-cell-content\"><span class=\"wcpt-session-title\">Almo\u00e7o<\/span><\/div><\/td><\/tr><tr class=\"wcpt-time-1340\"><td class=\"wcpt-time\">13:40<\/td><td colspan=\"1\" class=\"wcb-speaker-guga-alves wcb-track-auditorio wcb-track-desenvolvimento wcpt-session-type-session wcb-session-campos-personalizados-like-a-pro-conheca-o-advanced-custom-fields\" data-track-title=\"Audit\u00f3rio, Desenvolvimento\" data-session-id=\"13309\"><div class=\"wcb-session-cell-content\"><a class=\"wcpt-session-title\" href=\"https:\/\/saopaulo.wordcamp.org\/2014\/session\/campos-personalizados-like-a-pro-conheca-o-advanced-custom-fields\/\">Campos personalizados like a pro: conhe\u00e7a o Advanced Custom Fields<\/a> <span class=\"wcpt-session-speakers\"><a href=\"https:\/\/saopaulo.wordcamp.org\/2014\/speaker\/guga-alves\/\">Guga Alves<\/a><\/span><\/div><div class=\"wcb-session-favourite-icon\"><a href=\"#\" role=\"button\" class=\"fav-session-button\" aria-pressed=\"false\"><span class=\"screen-reader-text\">Palestra favorita: Campos personalizados like a pro: conhe\u00e7a o Advanced Custom Fields<\/span><span class=\"dashicons dashicons-star-filled\"><\/span><\/a><\/div><\/td><td colspan=\"1\" class=\"wcb-speaker-ruda-almeida wcb-track-desenvolvimento wcb-track-mini-auditorio wcpt-session-type-session wcb-session-guia-pratico-de-sobrevivencia-no-multisite\" data-track-title=\"Desenvolvimento, Mini Audit\u00f3rio\" data-session-id=\"13155\"><div class=\"wcb-session-cell-content\"><a class=\"wcpt-session-title\" href=\"https:\/\/saopaulo.wordcamp.org\/2014\/session\/guia-pratico-de-sobrevivencia-no-multisite\/\">Guia pr\u00e1tico de sobreviv\u00eancia no Multisite<\/a> <span class=\"wcpt-session-speakers\"><a href=\"https:\/\/saopaulo.wordcamp.org\/2014\/speaker\/ruda-almeida\/\">Rud\u00e1 Almeida<\/a><\/span><\/div><div class=\"wcb-session-favourite-icon\"><a href=\"#\" role=\"button\" class=\"fav-session-button\" aria-pressed=\"false\"><span class=\"screen-reader-text\">Palestra favorita: Guia pr\u00e1tico de sobreviv\u00eancia no Multisite<\/span><span class=\"dashicons dashicons-star-filled\"><\/span><\/a><\/div><\/td><\/tr><tr class=\"wcpt-time-1420\"><td class=\"wcpt-time\">14:20<\/td><td colspan=\"1\" class=\"wcb-speaker-anyssa-ferreira wcb-track-auditorio wcb-track-design wcpt-session-type-session wcb-session-design-para-wordpress-como-desenvolver-layouts-especificos-para-wordpress\" data-track-title=\"Audit\u00f3rio, Design\" data-session-id=\"13076\"><div class=\"wcb-session-cell-content\"><a class=\"wcpt-session-title\" href=\"https:\/\/saopaulo.wordcamp.org\/2014\/session\/design-para-wordpress-como-desenvolver-layouts-especificos-para-wordpress\/\">Design para WordPress: como desenvolver layouts espec\u00edficos para WordPress<\/a> <span class=\"wcpt-session-speakers\"><a href=\"https:\/\/saopaulo.wordcamp.org\/2014\/speaker\/anyssa-ferreira\/\">Anyssa Ferreira<\/a><\/span><\/div><div class=\"wcb-session-favourite-icon\"><a href=\"#\" role=\"button\" class=\"fav-session-button\" aria-pressed=\"false\"><span class=\"screen-reader-text\">Palestra favorita: Design para WordPress: como desenvolver layouts espec\u00edficos para WordPress<\/span><span class=\"dashicons dashicons-star-filled\"><\/span><\/a><\/div><\/td><td colspan=\"1\" class=\"wcb-speaker-leo-baiano wcb-track-desenvolvimento wcb-track-mini-auditorio wcpt-session-type-session wcb-session-dicas-e-truques-para-desenvolver-projetos-web-utilizando-wordpress\" data-track-title=\"Desenvolvimento, Mini Audit\u00f3rio\" data-session-id=\"13151\"><div class=\"wcb-session-cell-content\"><a class=\"wcpt-session-title\" href=\"https:\/\/saopaulo.wordcamp.org\/2014\/session\/dicas-e-truques-para-desenvolver-projetos-web-utilizando-wordpress\/\">Dicas e truques para desenvolver projetos WEB utilizando WordPress<\/a> <span class=\"wcpt-session-speakers\"><a href=\"https:\/\/saopaulo.wordcamp.org\/2014\/speaker\/leo-baiano\/\">Leo Baiano<\/a><\/span><\/div><div class=\"wcb-session-favourite-icon\"><a href=\"#\" role=\"button\" class=\"fav-session-button\" aria-pressed=\"false\"><span class=\"screen-reader-text\">Palestra favorita: Dicas e truques para desenvolver projetos WEB utilizando WordPress<\/span><span class=\"dashicons dashicons-star-filled\"><\/span><\/a><\/div><\/td><\/tr><tr class=\"wcpt-time-1500\"><td class=\"wcpt-time\">15:00<\/td><td colspan=\"1\" class=\"wcb-speaker-airton-vancin wcb-speaker-raphael-fabeni wcb-track-auditorio wcb-track-desenvolvimento wcpt-session-type-session wcb-session-planejamento-desenvolvimento-e-desafios\" data-track-title=\"Audit\u00f3rio, Desenvolvimento\" data-session-id=\"13177\"><div class=\"wcb-session-cell-content\"><a class=\"wcpt-session-title\" href=\"https:\/\/saopaulo.wordcamp.org\/2014\/session\/planejamento-desenvolvimento-e-desafios\/\">Do in\u00edcio ao fim com WordPress: Planejamento, desenvolvimento e desafios<\/a> <span class=\"wcpt-session-speakers\"><a href=\"https:\/\/saopaulo.wordcamp.org\/2014\/speaker\/airton-vancin\/\">Airton Vancin<\/a>, <a href=\"https:\/\/saopaulo.wordcamp.org\/2014\/speaker\/raphael-fabeni\/\">Raphael Fabeni<\/a><\/span><\/div><div class=\"wcb-session-favourite-icon\"><a href=\"#\" role=\"button\" class=\"fav-session-button\" aria-pressed=\"false\"><span class=\"screen-reader-text\">Palestra favorita: Do in\u00edcio ao fim com WordPress: Planejamento, desenvolvimento e desafios<\/span><span class=\"dashicons dashicons-star-filled\"><\/span><\/a><\/div><\/td><td colspan=\"1\" class=\"wcb-speaker-herick-correa wcb-track-design wcb-track-mini-auditorio wcpt-session-type-session wcb-session-desenhando-wordpress\" data-track-title=\"Design, Mini Audit\u00f3rio\" data-session-id=\"13334\"><div class=\"wcb-session-cell-content\"><a class=\"wcpt-session-title\" href=\"https:\/\/saopaulo.wordcamp.org\/2014\/session\/desenhando-wordpress\/\">Desenhando WordPress<\/a> <span class=\"wcpt-session-speakers\"><a href=\"https:\/\/saopaulo.wordcamp.org\/2014\/speaker\/herick-correa\/\">Herick Correa<\/a><\/span><\/div><div class=\"wcb-session-favourite-icon\"><a href=\"#\" role=\"button\" class=\"fav-session-button\" aria-pressed=\"false\"><span class=\"screen-reader-text\">Palestra favorita: Desenhando WordPress<\/span><span class=\"dashicons dashicons-star-filled\"><\/span><\/a><\/div><\/td><\/tr><tr class=\"wcpt-time-1540 global-session coffee-break\"><td class=\"wcpt-time\">15:40<\/td><td colspan=\"2\" class=\"wcb-track-auditorio wcb-track-mini-auditorio wcpt-session-type-custom wcb-session-coffee-break-2\" data-track-title=\"Audit\u00f3rio, Mini Audit\u00f3rio\" data-session-id=\"13106\"><div class=\"wcb-session-cell-content\"><span class=\"wcpt-session-title\">Coffee Break<\/span><\/div><\/td><\/tr><tr class=\"wcpt-time-1610\"><td class=\"wcpt-time\">16:10<\/td><td colspan=\"1\" class=\"wcb-speaker-allyson-souza wcb-track-auditorio wcb-track-desenvolvimento wcpt-session-type-session wcb-session-custom-post-types-taxonomies-e-meta-boxes-os-tres-superpoderes-do-wordpress\" data-track-title=\"Audit\u00f3rio, Desenvolvimento\" data-session-id=\"13070\"><div class=\"wcb-session-cell-content\"><a class=\"wcpt-session-title\" href=\"https:\/\/saopaulo.wordcamp.org\/2014\/session\/custom-post-types-taxonomies-e-meta-boxes-os-tres-superpoderes-do-wordpress\/\">Custom Post Types, Taxonomies e Meta boxes: Os tr\u00eas superpoderes do WordPress<\/a> <span class=\"wcpt-session-speakers\"><a href=\"https:\/\/saopaulo.wordcamp.org\/2014\/speaker\/allyson-souza\/\">Allyson Souza<\/a><\/span><\/div><div class=\"wcb-session-favourite-icon\"><a href=\"#\" role=\"button\" class=\"fav-session-button\" aria-pressed=\"false\"><span class=\"screen-reader-text\">Palestra favorita: Custom Post Types, Taxonomies e Meta boxes: Os tr\u00eas superpoderes do WordPress<\/span><span class=\"dashicons dashicons-star-filled\"><\/span><\/a><\/div><\/td><td colspan=\"1\" class=\"wcb-speaker-tiago-hillebrandt wcb-speaker-julian-fernandes wcb-track-desenvolvimento wcb-track-mini-auditorio wcpt-session-type-session wcb-session-melhorando-o-desempenho-do-seu-wordpress\" data-track-title=\"Desenvolvimento, Mini Audit\u00f3rio\" data-session-id=\"13226\"><div class=\"wcb-session-cell-content\"><a class=\"wcpt-session-title\" href=\"https:\/\/saopaulo.wordcamp.org\/2014\/session\/melhorando-o-desempenho-do-seu-wordpress\/\">Melhorando o desempenho do seu WordPress<\/a> <span class=\"wcpt-session-speakers\"><a href=\"https:\/\/saopaulo.wordcamp.org\/2014\/speaker\/tiago-hillebrandt\/\">Tiago Hillebrandt<\/a>, <a href=\"https:\/\/saopaulo.wordcamp.org\/2014\/speaker\/julian-fernandes\/\">Julian Fernandes<\/a><\/span><\/div><div class=\"wcb-session-favourite-icon\"><a href=\"#\" role=\"button\" class=\"fav-session-button\" aria-pressed=\"false\"><span class=\"screen-reader-text\">Palestra favorita: Melhorando o desempenho do seu WordPress<\/span><span class=\"dashicons dashicons-star-filled\"><\/span><\/a><\/div><\/td><\/tr><tr class=\"wcpt-time-1650\"><td class=\"wcpt-time\">16:50<\/td><td colspan=\"1\" class=\"wcb-speaker-gustavo-bordoni wcb-track-auditorio wcb-track-desenvolvimento wcpt-session-type-session wcb-session-faca-parte-da-comunidade-wordpress\" data-track-title=\"Audit\u00f3rio, Desenvolvimento\" data-session-id=\"13269\"><div class=\"wcb-session-cell-content\"><a class=\"wcpt-session-title\" href=\"https:\/\/saopaulo.wordcamp.org\/2014\/session\/faca-parte-da-comunidade-wordpress\/\">Fa\u00e7a parte da comunidade WordPress<\/a> <span class=\"wcpt-session-speakers\"><a href=\"https:\/\/saopaulo.wordcamp.org\/2014\/speaker\/gustavo-bordoni\/\">Gustavo Bordoni<\/a><\/span><\/div><div class=\"wcb-session-favourite-icon\"><a href=\"#\" role=\"button\" class=\"fav-session-button\" aria-pressed=\"false\"><span class=\"screen-reader-text\">Palestra favorita: Fa\u00e7a parte da comunidade WordPress<\/span><span class=\"dashicons dashicons-star-filled\"><\/span><\/a><\/div><\/td><td colspan=\"1\" class=\"wcb-speaker-romulo-zoch wcb-track-desenvolvimento wcb-track-mini-auditorio wcpt-session-type-session wcb-session-usando-o-wordpress-como-api-para-servir-um-mundo-de-dispositivos\" data-track-title=\"Desenvolvimento, Mini Audit\u00f3rio\" data-session-id=\"13189\"><div class=\"wcb-session-cell-content\"><a class=\"wcpt-session-title\" href=\"https:\/\/saopaulo.wordcamp.org\/2014\/session\/usando-o-wordpress-como-api-para-servir-um-mundo-de-dispositivos\/\">Usando o WordPress como API para servir um mundo de dispositivos<\/a> <span class=\"wcpt-session-speakers\"><a href=\"https:\/\/saopaulo.wordcamp.org\/2014\/speaker\/romulo-zoch\/\">R\u00f4mulo Zoch<\/a><\/span><\/div><div class=\"wcb-session-favourite-icon\"><a href=\"#\" role=\"button\" class=\"fav-session-button\" aria-pressed=\"false\"><span class=\"screen-reader-text\">Palestra favorita: Usando o WordPress como API para servir um mundo de dispositivos<\/span><span class=\"dashicons dashicons-star-filled\"><\/span><\/a><\/div><\/td><\/tr><tr class=\"wcpt-time-1730\"><td class=\"wcpt-time\">17:30<\/td><td colspan=\"1\" class=\"wcb-speaker-rafael-funchal wcb-speaker-deblyn-prado wcb-track-auditorio wcb-track-desenvolvimento wcpt-session-type-session wcb-session-fazendo-milagres-com-wordpress\" data-track-title=\"Audit\u00f3rio, Desenvolvimento\" data-session-id=\"13119\"><div class=\"wcb-session-cell-content\"><a class=\"wcpt-session-title\" href=\"https:\/\/saopaulo.wordcamp.org\/2014\/session\/fazendo-milagres-com-wordpress\/\">Fazendo milagres com WordPress<\/a> <span class=\"wcpt-session-speakers\"><a href=\"https:\/\/saopaulo.wordcamp.org\/2014\/speaker\/rafael-funchal\/\">Rafael Funchal<\/a>, <a href=\"https:\/\/saopaulo.wordcamp.org\/2014\/speaker\/deblyn-prado\/\">Deblyn Prado<\/a><\/span><\/div><div class=\"wcb-session-favourite-icon\"><a href=\"#\" role=\"button\" class=\"fav-session-button\" aria-pressed=\"false\"><span class=\"screen-reader-text\">Palestra favorita: Fazendo milagres com WordPress<\/span><span class=\"dashicons dashicons-star-filled\"><\/span><\/a><\/div><\/td><td colspan=\"1\" class=\"wcb-speaker-juan-manuel-arias wcb-track-desenvolvimento wcb-track-mini-auditorio wcpt-session-type-session wcb-session-agilizando-a-criacao-com-wp-agencias-digitais-turbo-mode\" data-track-title=\"Desenvolvimento, Mini Audit\u00f3rio\" data-session-id=\"13160\"><div class=\"wcb-session-cell-content\"><a class=\"wcpt-session-title\" href=\"https:\/\/saopaulo.wordcamp.org\/2014\/session\/agilizando-a-criacao-com-wp-agencias-digitais-turbo-mode\/\">Agilizando a cria\u00e7\u00e3o com WP: Agencias digitais TURBO MODE<\/a> <span class=\"wcpt-session-speakers\"><a href=\"https:\/\/saopaulo.wordcamp.org\/2014\/speaker\/juan-manuel-arias\/\">Juan Manuel Arias<\/a><\/span><\/div><div class=\"wcb-session-favourite-icon\"><a href=\"#\" role=\"button\" class=\"fav-session-button\" aria-pressed=\"false\"><span class=\"screen-reader-text\">Palestra favorita: Agilizando a cria\u00e7\u00e3o com WP: Agencias digitais TURBO MODE<\/span><span class=\"dashicons dashicons-star-filled\"><\/span><\/a><\/div><\/td><\/tr><tr class=\"wcpt-time-1810 global-session encerramento\"><td class=\"wcpt-time\">18:10<\/td><td colspan=\"2\" class=\"wcb-track-auditorio wcb-track-mini-auditorio wcpt-session-type-custom wcb-session-encerramento\" data-track-title=\"Audit\u00f3rio, Mini Audit\u00f3rio\" data-session-id=\"13108\"><div class=\"wcb-session-cell-content\"><span class=\"wcpt-session-title\">Encerramento<\/span><\/div><\/td><\/tr><tr class=\"wcpt-time-2000 global-session wordcana\"><td class=\"wcpt-time\">20:00<\/td><td colspan=\"2\" class=\"wcb-track-auditorio wcb-track-mini-auditorio wcpt-session-type-custom wcb-session-wordcana\" data-track-title=\"Audit\u00f3rio, Mini Audit\u00f3rio\" data-session-id=\"13110\"><div class=\"wcb-session-cell-content\"><span class=\"wcpt-session-title\">WordCana<\/span><\/div><\/td><\/tr><\/tbody><\/table>\n\t<div class=\"email-form fav-session-email-form-hide\">\n\t\t<!-- Tab links -->\n\t\t<div class=\"fav-session-share-tab\">\n\t\t\t\t\t\t\t<div class=\"fav-session-tablinks\" id=\"fav-session-btn-email\">\n\t\t\t\t\tE-mail\t\t\t\t<\/div>\n\t\t\t\n\t\t\t<div class=\"fav-session-tablinks\" id=\"fav-session-btn-link\">\n\t\t\t\tLink\t\t\t<\/div>\n\n\t\t\t<div class=\"fav-session-tablinks\" id=\"fav-session-btn-print\">\n\t\t\t\tImprimir\t\t\t<\/div>\n\t\t<\/div>\n\n\t\t<!-- Tab content -->\n\t\t\t\t\t<div id=\"fav-session-tab-email\" class=\"fav-session-share-tabcontent\">\n\t\t\t\t<div id=\"fav-session-email-form\">\n\t\t\t\t\tEnvie-me minhas sess\u00f5es favoritas:\n\t\t\t\t\t<form id=\"fav-sessions-form\">\n\t\t\t\t\t\t<input\n\t\t\t\t\t\t\ttype=\"text\"\n\t\t\t\t\t\t\tname=\"email_address\"\n\t\t\t\t\t\t\tid=\"fav-sessions-email-address\"\n\t\t\t\t\t\t\tplaceholder=\"me@protonmail.com\"\n\t\t\t\t\t\t\/>\n\t\t\t\t\t\t<input type=\"submit\" value=\"Enviar\" \/>\n\t\t\t\t\t<\/form>\n\t\t\t\t<\/div>\n\n\t\t\t\t<div class=\"fav-session-email-wait-spinner\"><\/div>\n\t\t\t\t<div class=\"fav-session-email-result\"><\/div>\n\t\t\t<\/div>\n\t\t\n\t\t<div id=\"fav-session-tab-link\" class=\"fav-session-share-tabcontent\">\n\t\t\tLink compartilh\u00e1vel:\t\t\t<br \/>\n\t\t\t<a id=\"fav-sessions-link\" href=\"\"><\/a>\n\t\t<\/div>\n\n\t\t<div id=\"fav-session-tab-print\" class=\"fav-session-share-tabcontent\">\n\t\t\t<button id=\"fav-session-print\">\n\t\t\t\tImprimir sess\u00f5es favoritas\t\t\t<\/button>\n\t\t<\/div>\n\t<\/div>\n\n\t<a class=\"show-email-form\" href=\"javascript:\">\n\t\t<span class=\"dashicons dashicons-star-filled\"><\/span>\n\t\t<span class=\"dashicons dashicons-email-alt\"><\/span>\n\t<\/a>\n\n\t\n","protected":false},"excerpt":{"rendered":"<p>Teremos 20 palestras divididas entre 2 espa\u00e7os (audit\u00f3rio e mini audit\u00f3rio). Estamos em contato com os demais palestrantes aprovados para concluir a grade.<\/p>\n","protected":false},"author":6207869,"featured_media":0,"parent":11899,"menu_order":0,"comment_status":"closed","ping_status":"closed","template":"","meta":{"jetpack_post_was_ever_published":false,"footnotes":""},"class_list":["post-1","page","type-page","status-publish","hentry"],"jetpack_sharing_enabled":true,"jetpack_shortlink":"https:\/\/wp.me\/P4JEfU-1","_links":{"self":[{"href":"https:\/\/saopaulo.wordcamp.org\/2014\/wp-json\/wp\/v2\/pages\/1","targetHints":{"allow":["GET"]}}],"collection":[{"href":"https:\/\/saopaulo.wordcamp.org\/2014\/wp-json\/wp\/v2\/pages"}],"about":[{"href":"https:\/\/saopaulo.wordcamp.org\/2014\/wp-json\/wp\/v2\/types\/page"}],"author":[{"embeddable":true,"href":"https:\/\/saopaulo.wordcamp.org\/2014\/wp-json\/wp\/v2\/users\/6207869"}],"replies":[{"embeddable":true,"href":"https:\/\/saopaulo.wordcamp.org\/2014\/wp-json\/wp\/v2\/comments?post=1"}],"version-history":[{"count":17,"href":"https:\/\/saopaulo.wordcamp.org\/2014\/wp-json\/wp\/v2\/pages\/1\/revisions"}],"predecessor-version":[{"id":13083,"href":"https:\/\/saopaulo.wordcamp.org\/2014\/wp-json\/wp\/v2\/pages\/1\/revisions\/13083"}],"up":[{"embeddable":true,"href":"https:\/\/saopaulo.wordcamp.org\/2014\/wp-json\/wp\/v2\/pages\/11899"}],"wp:attachment":[{"href":"https:\/\/saopaulo.wordcamp.org\/2014\/wp-json\/wp\/v2\/media?parent=1"}],"curies":[{"name":"wp","href":"https:\/\/api.w.org\/{rel}","templated":true}]}}