{"id":11899,"date":"2014-09-08T22:18:13","date_gmt":"2014-09-08T22:18:13","guid":{"rendered":"https:\/\/2014.saopaulo.wordcamp.org\/?page_id=11899"},"modified":"2014-09-09T21:32:37","modified_gmt":"2014-09-10T00:32:37","slug":"sobre-o-evento","status":"publish","type":"page","link":"https:\/\/saopaulo.wordcamp.org\/2014\/sobre-o-evento\/","title":{"rendered":"Sobre o evento"},"content":{"rendered":"<p>O <a href=\"http:\/\/central.wordcamp.org\/\">WordCamp<\/a> \u00e9 uma confer\u00eancia originada nos Estados Unidos sobre tudo o que for relacionado ao WordPress, plataforma opensource de publica\u00e7\u00e3o de blogs. S\u00e3o eventos organizados por comunidades de usu\u00e1rios do WordPress ao redor do mundo, onde desenvolvedores, designers, blogueiros e usu\u00e1rios casuais podem assistir palestras e apresenta\u00e7\u00f5es, trocar id\u00e9ias e se conhecer num ambiente informal.<\/p>\n<p><a href=\"http:\/\/2012.saopaulo.wordcamp.org\/files\/2012\/06\/matt4.jpg\"><img loading=\"lazy\" decoding=\"async\" class=\"alignleft wp-image-10 size-medium\" title=\"Matt Mullenweg no WordCamp Brasil\" src=\"http:\/\/2012.saopaulo.wordcamp.org\/files\/2012\/06\/matt4-199x300.jpg\" alt=\"Matt Mullenweg no WordCamp Brasil\" width=\"199\" height=\"300\" \/><\/a><\/p>\n<p>O primeiro WordCamp aconteceu em julho de 2006 em S\u00e3o Francisco. Foi organizado por Matt Mullenweg, criador do WordPress, em apenas tr\u00eas semanas, tornando-se um sucesso absoluto com 300 participantes. O primeiro WordCamp internacional do qual se teve not\u00edcia aconteceu em Israel no dia 25 de outubro de 2007. Desde ent\u00e3o o WordCamp se espalhou pelas capitais e principais cidades do mundo todo, como: Paris, Mil\u00e3o, T\u00f3quio, Melbourne, Sydney, Birmingham, Hamburgo e Vancouver (<a href=\"http:\/\/central.wordcamp.org\/schedule\/past-wordcamps\/\">veja lista com todos os WordCamps realizados<\/a>)<\/p>\n<p dir=\"ltr\">Em 2009 foi realizado o primeiro WordCamp Brasil na cidade de S\u00e3o Paulo com a presen\u00e7a de Matt Mullenweg, desde ent\u00e3o outros 2 WordCamps foram feitos em\u00a0S\u00e3o Paulo com cerca de 300 participantes, esse ano\u00a0realizaremos novamente o evento em\u00a0parceria com a PUC-SP.<\/p>\n<h2>WordPress\u00a0no Brasil<\/h2>\n<p>Depois do primeiro WordCamp Brasil a comunidade come\u00e7ou a se organizar para descentralizar a a\u00e7\u00e3o de S\u00e3o Paulo e v\u00e1rias cidades como Rio de Janeiro, Curitiba, Salvador, Porto Alegre e Belo Horizonte come\u00e7aram a articular MeetUps e a falar sobre novos WordCamps.<\/p>\n<p>Atualmente a lista de eventos exclusivos de WordPress est\u00e1 dividida em WordCamps e Meetups:<\/p>\n<p><strong>WordCamps<\/strong><\/p>\n<ul>\n<li><a title=\"WordCamp Belo Horizonte\" href=\"http:\/\/belohorizonte.wordcamp.org\/\">Belo Horizonte<\/a><\/li>\n<li><a title=\"WordCamp Porto Alegre\" href=\"http:\/\/portoalegre.wordcamp.org\/\">Porto Alegre<\/a><\/li>\n<li><a title=\"WordCamp Rio de Janeiro\" href=\"http:\/\/riodejaneiro.wordcamp.org\/\">Rio de Janeiro<\/a><\/li>\n<li><a title=\"WordCamp Salvador\" href=\"http:\/\/salvador.wordcamp.org\/\">Salvador<\/a><\/li>\n<li><a title=\"WordCamp S\u00e3o Paulo\" href=\"https:\/\/saopaulo.wordcamp.org\/\">S\u00e3o Paulo<\/a><\/li>\n<\/ul>\n<p><strong>Meetups<\/strong><\/p>\n<ul>\n<li><a title=\"Grupo de Meetup sobre WordPress em Belo Horizonte\" href=\"http:\/\/www.meetup.com\/WordPressBeloHorizonte\">Belo Horizonte<\/a><\/li>\n<li><a title=\"Grupo de Meetup sobre WordPress em Curitiba\" href=\"http:\/\/www.meetup.com\/wpcuritiba\/\">Curitiba<\/a><\/li>\n<li><a title=\"Grupo de Meetup sobre WordPress em Joinville\" href=\"http:\/\/www.meetup.com\/wpjoinville\/\">Joinville<\/a><\/li>\n<li><a title=\"Grupo de Meetup sobre WordPress em Porto Alegre\" href=\"http:\/\/www.meetup.com\/wp-poa\/\">Porto Alegre<\/a><\/li>\n<li><a title=\"Grupo de Meetup sobre WordPress no Rio de Janeiro \" href=\"http:\/\/www.meetup.com\/wp-rio\">Rio de Janeiro<\/a><\/li>\n<li><a title=\"Grupo de Meetup sobre WordPress em Salvador\" href=\"http:\/\/meetup.com\/wpsalvador\">Salvador<\/a><\/li>\n<li><a title=\"Grupo de Meetup sobre WordPress em S\u00e3o Paulo\" href=\"http:\/\/www.meetup.com\/wpsampa\/\">S\u00e3o Paulo<\/a><\/li>\n<\/ul>\n<h2>Cr\u00e9ditos<\/h2>\n<ul>\n<li>Foto da cidade de <a href=\"https:\/\/www.flickr.com\/photos\/stankuns\/2646136269\/\">S\u00e3o Paulo<\/a> por <a href=\"https:\/\/www.flickr.com\/photos\/stankuns\/\">Fernando Stankuns<\/a>.<\/li>\n<\/ul>\n","protected":false},"excerpt":{"rendered":"<p>O WordCamp \u00e9 uma confer\u00eancia originada nos Estados Unidos sobre tudo o que for relacionado ao WordPress, plataforma opensource de publica\u00e7\u00e3o de blogs. S\u00e3o eventos organizados por comunidades de usu\u00e1rios do WordPress ao redor do mundo, onde desenvolvedores, designers, blogueiros &hellip; <a href=\"https:\/\/saopaulo.wordcamp.org\/2014\/sobre-o-evento\/\">Continue lendo <span class=\"assistive-text\">Sobre o evento<\/span>  <span class=\"meta-nav\">&rarr;<\/span><\/a><\/p>\n","protected":false},"author":6038041,"featured_media":0,"parent":0,"menu_order":0,"comment_status":"closed","ping_status":"closed","template":"","meta":{"jetpack_post_was_ever_published":false,"footnotes":""},"class_list":["post-11899","page","type-page","status-publish","hentry"],"jetpack_sharing_enabled":true,"jetpack_shortlink":"https:\/\/wp.me\/P4JEfU-35V","_links":{"self":[{"href":"https:\/\/saopaulo.wordcamp.org\/2014\/wp-json\/wp\/v2\/pages\/11899","targetHints":{"allow":["GET"]}}],"collection":[{"href":"https:\/\/saopaulo.wordcamp.org\/2014\/wp-json\/wp\/v2\/pages"}],"about":[{"href":"https:\/\/saopaulo.wordcamp.org\/2014\/wp-json\/wp\/v2\/types\/page"}],"author":[{"embeddable":true,"href":"https:\/\/saopaulo.wordcamp.org\/2014\/wp-json\/wp\/v2\/users\/6038041"}],"replies":[{"embeddable":true,"href":"https:\/\/saopaulo.wordcamp.org\/2014\/wp-json\/wp\/v2\/comments?post=11899"}],"version-history":[{"count":8,"href":"https:\/\/saopaulo.wordcamp.org\/2014\/wp-json\/wp\/v2\/pages\/11899\/revisions"}],"predecessor-version":[{"id":12140,"href":"https:\/\/saopaulo.wordcamp.org\/2014\/wp-json\/wp\/v2\/pages\/11899\/revisions\/12140"}],"wp:attachment":[{"href":"https:\/\/saopaulo.wordcamp.org\/2014\/wp-json\/wp\/v2\/media?parent=11899"}],"curies":[{"name":"wp","href":"https:\/\/api.w.org\/{rel}","templated":true}]}}