{"id":11990,"date":"2014-09-08T20:37:58","date_gmt":"2014-09-08T23:37:58","guid":{"rendered":"https:\/\/2014.saopaulo.wordcamp.org\/?page_id=11990"},"modified":"2014-10-08T11:37:36","modified_gmt":"2014-10-08T14:37:36","slug":"patrocinio","status":"publish","type":"page","link":"https:\/\/saopaulo.wordcamp.org\/2014\/patrocinio\/","title":{"rendered":"Patroc\u00ednio"},"content":{"rendered":"<p><strong>As cotas j\u00e1 est\u00e3o encerradas<\/strong><br \/>\nEntre em contato caso queira patrocinar o evento em 2015, n\u00f3s iremos inclu\u00ed-lo na lista e entraremos em contato.<\/p>\n<p>N\u00e3o quer esperar? \u00c9 poss\u00edvel patrocinar o WordCamp de Salvador que ser\u00e1 no dia 6 de dezembro de 2014, saiba como em <a href=\"http:\/\/2014.salvador.wordcamp.org\/patrocinar-o-evento\/\" target=\"_blank\">http:\/\/2014.salvador.wordcamp.org\/patrocinar-o-evento\/<\/a><\/p>\n<hr \/>\n<p>Esse ano decidimos fazer diferente do <a href=\"http:\/\/2013.saopaulo.wordcamp.org\/patrocinio\/\">ano passado<\/a> e distribuir o valor do Patroc\u00ednio em diversas cotas, o que torna poss\u00edvel que mais pessoas\/empresas ajudem a realizar o evento.<\/p>\n<p><strong>Est\u00e1 interessado em patrocinar?<\/strong> <a title=\"Chamada para Patrocinadores\" href=\"https:\/\/2014.saopaulo.wordcamp.org\/2014\/09\/08\/chamada-para-patrocinadores\/\">Entre em contato conosco<\/a>.<\/p>\n<h2>Cotas\u00a0de Patroc\u00ednio<\/h2>\n<h4>Paulista\u00a0\u2013 R$ 2.000<\/h4>\n<ul>\n<li>05 ingressos para o WordCamp\u00a0S\u00e3o Paulo<\/li>\n<li>Espa\u00e7o para stand no evento, de at\u00e9 4m\u00b2<\/li>\n<li>Distribui\u00e7\u00e3o de brindes<\/li>\n<li>Logo e link no site oficial<\/li>\n<li>Logo no programa do evento (impresso)<\/li>\n<li>Logo nos banners do evento<\/li>\n<li>Logo no tel\u00e3o do evento nos intervalos entre as palestras<\/li>\n<li>Post com an\u00fancio oficial de seu patroc\u00ednio no blog, Twitter e Facebook do evento<\/li>\n<li>Agradecimento no encerramento do evento<\/li>\n<\/ul>\n<h4>Ibirapuera\u00a0\u2013 R$ 1.500<\/h4>\n<ul>\n<li>04 ingressos para o WordCamp\u00a0S\u00e3o Paulo<\/li>\n<li>Espa\u00e7o para stand no evento, de at\u00e9 4m\u00b2<\/li>\n<li>Distribui\u00e7\u00e3o de brindes<\/li>\n<li>Logo e link no site oficial<\/li>\n<li>Logo no programa do evento (impresso)<\/li>\n<li>Logo nos banners do evento<\/li>\n<li>Logo no tel\u00e3o do evento nos intervalos entre as palestras<\/li>\n<li>Post com an\u00fancio oficial de seu patroc\u00ednio no blog, Twitter e Facebook do evento<\/li>\n<li>Agradecimento no encerramento do evento<\/li>\n<\/ul>\n<h4>Augusta\u00a0\u2013 R$ 1.000<\/h4>\n<ul>\n<li>03 ingressos para o WordCamp\u00a0S\u00e3o Paulo<\/li>\n<li>Distribui\u00e7\u00e3o de brindes<\/li>\n<li>Logo e link no site oficial<\/li>\n<li>Logo nos banners do evento<\/li>\n<li>Post com an\u00fancio oficial de seu patroc\u00ednio no blog, Twitter e Facebook do evento<\/li>\n<li>Agradecimento no encerramento do evento<\/li>\n<\/ul>\n<h4>Ipiranga\u00a0\u2013 R$ 500,00<\/h4>\n<ul>\n<li>02 ingressos para o WordCamp\u00a0S\u00e3o Paulo<\/li>\n<li>Logo e link no site oficial<\/li>\n<li>Logo nos banners do evento<\/li>\n<li>Post com an\u00fancio oficial de seu patroc\u00ednio no blog, Twitter e Facebook do evento<\/li>\n<li>Agradecimento no encerramento do evento<\/li>\n<\/ul>\n","protected":false},"excerpt":{"rendered":"<p>As cotas j\u00e1 est\u00e3o encerradas Entre em contato caso queira patrocinar o evento em 2015, n\u00f3s iremos inclu\u00ed-lo na lista e entraremos em contato. N\u00e3o quer esperar? \u00c9 poss\u00edvel patrocinar o WordCamp de Salvador que ser\u00e1 no dia 6 de &hellip; <a href=\"https:\/\/saopaulo.wordcamp.org\/2014\/patrocinio\/\">Continue lendo <span class=\"assistive-text\">Patroc\u00ednio<\/span>  <span class=\"meta-nav\">&rarr;<\/span><\/a><\/p>\n","protected":false},"author":6038041,"featured_media":0,"parent":0,"menu_order":0,"comment_status":"closed","ping_status":"closed","template":"","meta":{"jetpack_post_was_ever_published":false,"footnotes":""},"class_list":["post-11990","page","type-page","status-publish","hentry"],"jetpack_sharing_enabled":true,"jetpack_shortlink":"https:\/\/wp.me\/P4JEfU-37o","_links":{"self":[{"href":"https:\/\/saopaulo.wordcamp.org\/2014\/wp-json\/wp\/v2\/pages\/11990","targetHints":{"allow":["GET"]}}],"collection":[{"href":"https:\/\/saopaulo.wordcamp.org\/2014\/wp-json\/wp\/v2\/pages"}],"about":[{"href":"https:\/\/saopaulo.wordcamp.org\/2014\/wp-json\/wp\/v2\/types\/page"}],"author":[{"embeddable":true,"href":"https:\/\/saopaulo.wordcamp.org\/2014\/wp-json\/wp\/v2\/users\/6038041"}],"replies":[{"embeddable":true,"href":"https:\/\/saopaulo.wordcamp.org\/2014\/wp-json\/wp\/v2\/comments?post=11990"}],"version-history":[{"count":26,"href":"https:\/\/saopaulo.wordcamp.org\/2014\/wp-json\/wp\/v2\/pages\/11990\/revisions"}],"predecessor-version":[{"id":13320,"href":"https:\/\/saopaulo.wordcamp.org\/2014\/wp-json\/wp\/v2\/pages\/11990\/revisions\/13320"}],"wp:attachment":[{"href":"https:\/\/saopaulo.wordcamp.org\/2014\/wp-json\/wp\/v2\/media?parent=11990"}],"curies":[{"name":"wp","href":"https:\/\/api.w.org\/{rel}","templated":true}]}}