{"id":6,"date":"2014-06-16T16:48:32","date_gmt":"2014-06-16T16:48:32","guid":{"rendered":"https:\/\/2014.saopaulo.wordcamp.org\/organizers\/"},"modified":"2014-09-17T03:46:07","modified_gmt":"2014-09-17T06:46:07","slug":"organizadores","status":"publish","type":"page","link":"https:\/\/saopaulo.wordcamp.org\/2014\/sobre-o-evento\/organizadores\/","title":{"rendered":"Organizadores"},"content":{"rendered":"<p>Aqui est\u00e3o alguns dos incr\u00edveis colaboradores que est\u00e3o dedicando seu valioso tempo para fazer do WordCamp Sampa 2014 um evento sensacional. D\u00ea uma olhadinha, voc\u00ea vai encontrar pessoas muito interessantes nessa lista para conversar no dia 18 de Outubro!<\/p>\n\t<div class=\"wcorg-organizers\">\n\n\t\t\n\t\t\t<div class=\"wcorg-organizer\">\n\t\t\t\t<h2>Diego Rojas<\/h2>\n\t\t\t\t<div class=\"wcorg-organizer-description\">\n\t\t\t\t\t\t\t\t\t\t<img alt='' src='https:\/\/secure.gravatar.com\/avatar\/f8ae629de05ed8729124b26d77905a81327b63b3bd8ef691f01972ce84078759?s=100&#038;d=monsterid&#038;r=g' srcset='https:\/\/secure.gravatar.com\/avatar\/f8ae629de05ed8729124b26d77905a81327b63b3bd8ef691f01972ce84078759?s=200&#038;d=monsterid&#038;r=g 2x' class='avatar avatar-100 photo' height='100' width='100' \/>\t\t\t\t\t<p>Artista Gr\u00e1fico e Desenvolvedor de Temas WordPress, apaixonado pelo WP desde 2008, co-fundador da\u00a0<a href=\"http:\/\/brasa.art.br\/\" target=\"_blank\">Brasa.art.br<\/a>, uma ag\u00eancia especializada em\u00a0WordPress. Participou como palestrante do\u00a0<a href=\"http:\/\/2010.curitiba.wordcamp.org\/\" target=\"_blank\">WordCamp Curitiba 2010<\/a> e desde ent\u00e3o \u00e9 membro da\u00a0<a href=\"http:\/\/participe.wp-brasil.org\/\" target=\"_blank\">Comunidade WordPress-BR<\/a>. Contribue com a tradu\u00e7\u00e3o da vers\u00e3o\u00a0<a href=\"http:\/\/br.wordpress.org\/\" target=\"_blank\">pt_BR<\/a>\u00a0e\u00a0ajudou na organiza\u00e7\u00e3o do<a href=\"http:\/\/2012.curitiba.wordcamp.org\/\" target=\"_blank\"> 2\u00ba WC Curitiba<\/a> e do <a href=\"http:\/\/2012.saopaulo.wordcamp.org\/\" target=\"_blank\">1\u00ba WC S\u00e3o Paulo<\/a>. Um dos Organizadores do\u00a0WordCamp S\u00e3o Paulo desde 2013.<\/p>\n\t\t\t\t<\/div>\n\t\t\t<\/div>\n\n\t\t\n\t\t\t<div class=\"wcorg-organizer\">\n\t\t\t\t<h2>Lucas Lima<\/h2>\n\t\t\t\t<div class=\"wcorg-organizer-description\">\n\t\t\t\t\t\t\t\t\t\t<img alt='' src='https:\/\/secure.gravatar.com\/avatar\/027ec941ed248ab9507703ee2064f12255d728be7da37c46d0fd667cd47eb3b4?s=100&#038;d=monsterid&#038;r=g' srcset='https:\/\/secure.gravatar.com\/avatar\/027ec941ed248ab9507703ee2064f12255d728be7da37c46d0fd667cd47eb3b4?s=200&#038;d=monsterid&#038;r=g 2x' class='avatar avatar-100 photo' height='100' width='100' \/>\t\t\t\t\t<p>Formado em Sistemas de Informa\u00e7\u00e3o pela USP, <a title=\"Lucas Lima\" href=\"http:\/\/www.lucaslima.blog.br\/\" target=\"_blank\">Lucas Lima<\/a> \u00e9 entusiasta do desenvolvimento Web e do Software Livre, enxerga na Internet infinitas formas de se tornar uma ferramenta promotora de igualdade social e busca promove-la com esta finalidade. Utiliza o WordPress como ferramenta para aproximar e promover grupos e individuos que possuem os mesmos princ\u00edpios. Contribui com a comunidade brasileira de WordPress em f\u00f3runs, moderando sites da comunidade, Meetups e WordCamps.<\/p>\n\t\t\t\t<\/div>\n\t\t\t<\/div>\n\n\t\t\n\t\t\t<div class=\"wcorg-organizer\">\n\t\t\t\t<h2>Everaldo Matias<\/h2>\n\t\t\t\t<div class=\"wcorg-organizer-description\">\n\t\t\t\t\t\t\t\t\t\t<img alt='' src='https:\/\/secure.gravatar.com\/avatar\/4be285873888714112eb9729f19bd622a1c97065dae866aac2b3909165a9640c?s=100&#038;d=monsterid&#038;r=g' srcset='https:\/\/secure.gravatar.com\/avatar\/4be285873888714112eb9729f19bd622a1c97065dae866aac2b3909165a9640c?s=200&#038;d=monsterid&#038;r=g 2x' class='avatar avatar-100 photo' height='100' width='100' \/>\t\t\t\t\t<p><a title=\"Link para Eve14\" href=\"http:\/\/eve14.com.br\" target=\"_blank\">Grafiteiro<\/a> e formado como designer gr\u00e1fico, ingressou no universo WordPress em 2010 ao fundar a <a title=\"Link para Brasa\" href=\"http:\/\/brasa.art.br\" target=\"_blank\">Brasa.art.br<\/a>, uma empresa especializada em WordPress\u00a0 com outros dois amigos. Com a Comunidade Brasileira de WP, colabora na organiza\u00e7\u00e3o de WordCamps e \u00e9 volunt\u00e1rio no <a title=\"Link para o F\u00f3rum Brasileiro\" href=\"https:\/\/br.forums.wordpress.org\/profile\/everaldomatias\" target=\"_blank\">F\u00f3rum Brasileiro<\/a>. Seu objetivo \u00e9 conseguir trabalhar em projetos em que a arte seja paralela ao desenvolvimento WordPress.<\/p>\n\t\t\t\t<\/div>\n\t\t\t<\/div>\n\n\t\t\n\t\t\t<div class=\"wcorg-organizer\">\n\t\t\t\t<h2>Claudio Sanches<\/h2>\n\t\t\t\t<div class=\"wcorg-organizer-description\">\n\t\t\t\t\t\t\t\t\t\t<img alt='' src='https:\/\/secure.gravatar.com\/avatar\/ac91c7d73bb4501567ab3790755bf001d53dac8d1f4311a2480a5fb62dfb180c?s=100&#038;d=monsterid&#038;r=g' srcset='https:\/\/secure.gravatar.com\/avatar\/ac91c7d73bb4501567ab3790755bf001d53dac8d1f4311a2480a5fb62dfb180c?s=200&#038;d=monsterid&#038;r=g 2x' class='avatar avatar-100 photo' height='100' width='100' \/>\t\t\t\t\t<p>Programador PHP, Python e Ruby, desenvolve com WordPress h\u00e1 7 anos, possui cerca de 40 plugins no reposit\u00f3rio oficial do WP e trabalha no WooThemes com o WooCommerce e extens\u00f5es.<\/p>\n\t\t\t\t<\/div>\n\t\t\t<\/div>\n\n\t\t\n\t\t\t<div class=\"wcorg-organizer\">\n\t\t\t\t<h2>Deblyn Prado<\/h2>\n\t\t\t\t<div class=\"wcorg-organizer-description\">\n\t\t\t\t\t\t\t\t\t\t<img alt='' src='https:\/\/secure.gravatar.com\/avatar\/fc7b7354288e97a1cba5928e0446c7ba3c3c710d397e8a347e496d462502711d?s=100&#038;d=monsterid&#038;r=g' srcset='https:\/\/secure.gravatar.com\/avatar\/fc7b7354288e97a1cba5928e0446c7ba3c3c710d397e8a347e496d462502711d?s=200&#038;d=monsterid&#038;r=g 2x' class='avatar avatar-100 photo' height='100' width='100' \/>\t\t\t\t\t<p>Filho do Supremo Criador, Desenvolvedor Front-End no NIC.br e Carioca. Trabalha com WordPress desde meados de 2009 e em algum momento n\u00e3o muito feliz da vida j\u00e1 preferiu outro CMS. Organiza e participa de Meetups sobre a plataforma e colabora em diversas outras atividades da comunidade.<\/p>\n\t\t\t\t<\/div>\n\t\t\t<\/div>\n\n\t\t\n\t\t\t<div class=\"wcorg-organizer\">\n\t\t\t\t<h2>Allyson Souza<\/h2>\n\t\t\t\t<div class=\"wcorg-organizer-description\">\n\t\t\t\t\t\t\t\t\t\t<img alt='' src='https:\/\/secure.gravatar.com\/avatar\/2390e8368b3a4667c5213a889fb4cc40ce5a3d5c6080aeb6e7cdbbe41ca5ffdb?s=100&#038;d=monsterid&#038;r=g' srcset='https:\/\/secure.gravatar.com\/avatar\/2390e8368b3a4667c5213a889fb4cc40ce5a3d5c6080aeb6e7cdbbe41ca5ffdb?s=200&#038;d=monsterid&#038;r=g 2x' class='avatar avatar-100 photo' height='100' width='100' \/>\t\t\t\t\t<p>Graduando em Jogos Digitais pela FATEC S\u00e3o Caetano do Sul, \u00e9 Designer e Programador (PHP, JavaScript), h\u00e1 5 anos s\u00f3cio na <a href=\"http:\/\/www.hastedesign.com.br\" title=\"Haste Design\" target=\"_blank\" rel=\"nofollow\">Haste Design<\/a>, est\u00fadio que desenvolve projetos diversos de design e web. Desenvolve com WordPress seriamente h\u00e1 cerca de 1 ano e meio. Participa dos meetups da comunidade WP Sampa e busca sempre que poss\u00edvel contribuir com a comunidade.<\/p>\n\t\t\t\t<\/div>\n\t\t\t<\/div>\n\n\t\t\n\t\t\t<div class=\"wcorg-organizer\">\n\t\t\t\t<h2>Fellyph Cintra<\/h2>\n\t\t\t\t<div class=\"wcorg-organizer-description\">\n\t\t\t\t\t\t\t\t\t\t<img alt='' src='https:\/\/secure.gravatar.com\/avatar\/3d503e66dd5ba59cf8b6f33f54a8cd197ebe6cf0b72cf97c589d44f2ab044192?s=100&#038;d=monsterid&#038;r=g' srcset='https:\/\/secure.gravatar.com\/avatar\/3d503e66dd5ba59cf8b6f33f54a8cd197ebe6cf0b72cf97c589d44f2ab044192?s=200&#038;d=monsterid&#038;r=g 2x' class='avatar avatar-100 photo' height='100' width='100' \/>\t\t\t\t\t<p>Iniciou sua carreia de desenvolvedor web em 2004. Em 2008 entrou no mundo WordPress, desenvolveu seu primeiro tema e n\u00e3o parou mais. Atualmente, \u00e9 Front-end Engineer do Marketplace Elo7. Nas horas vagas ministra treinamentos de WordPress.<\/p>\n\t\t\t\t<\/div>\n\t\t\t<\/div>\n\n\t\t\n\t\t\t<div class=\"wcorg-organizer\">\n\t\t\t\t<h2>Anyssa Ferreira<\/h2>\n\t\t\t\t<div class=\"wcorg-organizer-description\">\n\t\t\t\t\t\t\t\t\t\t<img alt='' src='https:\/\/secure.gravatar.com\/avatar\/d44ccff4ae37e9720e532e658ea76b0b18fbcc5eb08ec2db9c7e10461cf4c4d9?s=100&#038;d=monsterid&#038;r=g' srcset='https:\/\/secure.gravatar.com\/avatar\/d44ccff4ae37e9720e532e658ea76b0b18fbcc5eb08ec2db9c7e10461cf4c4d9?s=200&#038;d=monsterid&#038;r=g 2x' class='avatar avatar-100 photo' height='100' width='100' \/>\t\t\t\t\t<p>Bacharela em Comunica\u00e7\u00e3o Visual \/ Design Gr\u00e1fico pelo Centro Universit\u00e1rio SENAC, desenvolvedora Front-End, trabalha com Web desde 2007 e com WordPress desde 2008. S\u00f3cia na <a href=\"http:\/\/www.hastedesign.com.br\/\" title=\"Haste Design\" target=\"_blank\" rel=\"nofollow\">Haste Design<\/a> onde h\u00e1 5 anos desenvolve projetos de design, web, v\u00eddeo e games. Professora de cursos livres de design no SENAC. Contribui com a comunidade nos f\u00f3runs, tradu\u00e7\u00f5es, Meetups e WordCamps.<\/p>\n\t\t\t\t<\/div>\n\t\t\t<\/div>\n\n\t\t\n\t\t\t<div class=\"wcorg-organizer\">\n\t\t\t\t<h2>Rafael Funchal<\/h2>\n\t\t\t\t<div class=\"wcorg-organizer-description\">\n\t\t\t\t\t\t\t\t\t\t<img alt='' src='https:\/\/secure.gravatar.com\/avatar\/f11628da9cf1003b290583f04edc6e9a6c2ae879cedfe30d51375822cccc017c?s=100&#038;d=monsterid&#038;r=g' srcset='https:\/\/secure.gravatar.com\/avatar\/f11628da9cf1003b290583f04edc6e9a6c2ae879cedfe30d51375822cccc017c?s=200&#038;d=monsterid&#038;r=g 2x' class='avatar avatar-100 photo' height='100' width='100' \/>\t\t\t\t\t<p>Web Developer, Publicit\u00e1rio e m\u00fasico nas horas vagas. Desenvolve com WordPress desde 2009, \u00e9 um dos administradores do grupo WordPress Brasil no Facebook, um dos organizadores do WordCamp S\u00e3o Paulo e Support Guru na MailPoet.com.<\/p>\n\t\t\t\t<\/div>\n\t\t\t<\/div>\n\n\t\t\n\t<\/div><!-- .wcorg-organizers -->\n\t\n","protected":false},"excerpt":{"rendered":"<p>Aqui est\u00e3o alguns dos incr\u00edveis colaboradores que est\u00e3o dedicando seu valioso tempo para fazer do WordCamp Sampa 2014 um evento sensacional. D\u00ea uma olhadinha, voc\u00ea vai encontrar pessoas muito interessantes nessa lista para conversar no dia 18 de Outubro!<\/p>\n","protected":false},"author":6207869,"featured_media":0,"parent":11899,"menu_order":0,"comment_status":"closed","ping_status":"closed","template":"","meta":{"jetpack_post_was_ever_published":false,"footnotes":""},"class_list":["post-6","page","type-page","status-publish","hentry"],"jetpack_sharing_enabled":true,"jetpack_shortlink":"https:\/\/wp.me\/P4JEfU-6","_links":{"self":[{"href":"https:\/\/saopaulo.wordcamp.org\/2014\/wp-json\/wp\/v2\/pages\/6","targetHints":{"allow":["GET"]}}],"collection":[{"href":"https:\/\/saopaulo.wordcamp.org\/2014\/wp-json\/wp\/v2\/pages"}],"about":[{"href":"https:\/\/saopaulo.wordcamp.org\/2014\/wp-json\/wp\/v2\/types\/page"}],"author":[{"embeddable":true,"href":"https:\/\/saopaulo.wordcamp.org\/2014\/wp-json\/wp\/v2\/users\/6207869"}],"replies":[{"embeddable":true,"href":"https:\/\/saopaulo.wordcamp.org\/2014\/wp-json\/wp\/v2\/comments?post=6"}],"version-history":[{"count":8,"href":"https:\/\/saopaulo.wordcamp.org\/2014\/wp-json\/wp\/v2\/pages\/6\/revisions"}],"predecessor-version":[{"id":12614,"href":"https:\/\/saopaulo.wordcamp.org\/2014\/wp-json\/wp\/v2\/pages\/6\/revisions\/12614"}],"up":[{"embeddable":true,"href":"https:\/\/saopaulo.wordcamp.org\/2014\/wp-json\/wp\/v2\/pages\/11899"}],"wp:attachment":[{"href":"https:\/\/saopaulo.wordcamp.org\/2014\/wp-json\/wp\/v2\/media?parent=6"}],"curies":[{"name":"wp","href":"https:\/\/api.w.org\/{rel}","templated":true}]}}