{"id":10,"date":"2015-06-05T23:05:19","date_gmt":"2015-06-05T23:05:19","guid":{"rendered":"https:\/\/2015.saopaulo.wordcamp.org\/organizers\/"},"modified":"2015-11-26T02:50:11","modified_gmt":"2015-11-26T04:50:11","slug":"organizadores","status":"publish","type":"page","link":"https:\/\/saopaulo.wordcamp.org\/2015\/organizadores\/","title":{"rendered":"Organizadores"},"content":{"rendered":"<p>Aqui est\u00e3o alguns dos incr\u00edveis colaboradores que est\u00e3o dedicando seu valioso tempo para fazer do <strong>WordCamp Sampa 2015<\/strong> um evento sensacional.<\/p>\n<p>D\u00ea uma olhadinha, voc\u00ea vai encontrar pessoas muito interessantes nessa lista para conversar no dia do evento!<\/p>\n\t<div class=\"wcorg-organizers\">\n\n\t\t\n\t\t\t<div class=\"wcorg-organizer\">\n\t\t\t\t<h2>Rafael Funchal<\/h2>\n\t\t\t\t<div class=\"wcorg-organizer-description\">\n\t\t\t\t\t\t\t\t\t\t<img alt='' src='https:\/\/secure.gravatar.com\/avatar\/f11628da9cf1003b290583f04edc6e9a6c2ae879cedfe30d51375822cccc017c?s=100&#038;d=monsterid&#038;r=g' srcset='https:\/\/secure.gravatar.com\/avatar\/f11628da9cf1003b290583f04edc6e9a6c2ae879cedfe30d51375822cccc017c?s=200&#038;d=monsterid&#038;r=g 2x' class='avatar avatar-100 photo' height='100' width='100' \/>\t\t\t\t\t<p>Web Developer, Publicit\u00e1rio e m\u00fasico nas horas vagas. Desenvolve com WordPress desde 2009, \u00e9 um dos administradores do grupo WordPress Brasil no Facebook, um dos organizadores dos meetups S\u00e3o Paulo e Happiness Engineer no WordPress.com.<\/p>\n\t\t\t\t<\/div>\n\t\t\t<\/div>\n\n\t\t\n\t\t\t<div class=\"wcorg-organizer\">\n\t\t\t\t<h2>Allyson Souza<\/h2>\n\t\t\t\t<div class=\"wcorg-organizer-description\">\n\t\t\t\t\t\t\t\t\t\t<img alt='' src='https:\/\/secure.gravatar.com\/avatar\/2390e8368b3a4667c5213a889fb4cc40ce5a3d5c6080aeb6e7cdbbe41ca5ffdb?s=100&#038;d=monsterid&#038;r=g' srcset='https:\/\/secure.gravatar.com\/avatar\/2390e8368b3a4667c5213a889fb4cc40ce5a3d5c6080aeb6e7cdbbe41ca5ffdb?s=200&#038;d=monsterid&#038;r=g 2x' class='avatar avatar-100 photo' height='100' width='100' \/>\t\t\t\t\t<p>Graduando em Jogos Digitais pela FATEC S\u00e3o Caetano do Sul, \u00e9 Designer e Programador (PHP, JavaScript), h\u00e1 5 anos s\u00f3cio na <a title=\"Haste Design\" href=\"http:\/\/www.hastedesign.com.br\" target=\"_blank\">Haste Design<\/a>, est\u00fadio que desenvolve projetos diversos de design e web. Desenvolve com WordPress seriamente h\u00e1 cerca de 1 ano e meio. Participa dos meetups da comunidade WP Sampa e busca sempre que poss\u00edvel contribuir com a comunidade.<\/p>\n\t\t\t\t<\/div>\n\t\t\t<\/div>\n\n\t\t\n\t\t\t<div class=\"wcorg-organizer\">\n\t\t\t\t<h2>Fellyph Cintra<\/h2>\n\t\t\t\t<div class=\"wcorg-organizer-description\">\n\t\t\t\t\t\t\t\t\t\t<img alt='' src='https:\/\/secure.gravatar.com\/avatar\/3d503e66dd5ba59cf8b6f33f54a8cd197ebe6cf0b72cf97c589d44f2ab044192?s=100&#038;d=monsterid&#038;r=g' srcset='https:\/\/secure.gravatar.com\/avatar\/3d503e66dd5ba59cf8b6f33f54a8cd197ebe6cf0b72cf97c589d44f2ab044192?s=200&#038;d=monsterid&#038;r=g 2x' class='avatar avatar-100 photo' height='100' width='100' \/>\t\t\t\t\t<p>Iniciou sua carreia de desenvolvedor web em 2004. Em 2008 entrou no mundo WordPress, desenvolveu seu primeiro tema e n\u00e3o parou mais. Atualmente, \u00e9 Front-end Engineer do Marketplace Elo7. Nas horas vagas ministra treinamentos de WordPress.<\/p>\n\t\t\t\t<\/div>\n\t\t\t<\/div>\n\n\t\t\n\t\t\t<div class=\"wcorg-organizer\">\n\t\t\t\t<h2>Claudio Sanches<\/h2>\n\t\t\t\t<div class=\"wcorg-organizer-description\">\n\t\t\t\t\t\t\t\t\t\t<img alt='' src='https:\/\/secure.gravatar.com\/avatar\/ac91c7d73bb4501567ab3790755bf001d53dac8d1f4311a2480a5fb62dfb180c?s=100&#038;d=monsterid&#038;r=g' srcset='https:\/\/secure.gravatar.com\/avatar\/ac91c7d73bb4501567ab3790755bf001d53dac8d1f4311a2480a5fb62dfb180c?s=200&#038;d=monsterid&#038;r=g 2x' class='avatar avatar-100 photo' height='100' width='100' \/>\t\t\t\t\t<p>Programador PHP, Python e Ruby, desenvolve com WordPress h\u00e1 7 anos, possui cerca de 40 plugins no reposit\u00f3rio oficial do WP e trabalha no WooThemes com o WooCommerce e extens\u00f5es.<\/p>\n\t\t\t\t<\/div>\n\t\t\t<\/div>\n\n\t\t\n\t\t\t<div class=\"wcorg-organizer\">\n\t\t\t\t<h2>Deblyn Prado<\/h2>\n\t\t\t\t<div class=\"wcorg-organizer-description\">\n\t\t\t\t\t\t\t\t\t\t<img alt='' src='https:\/\/secure.gravatar.com\/avatar\/fc7b7354288e97a1cba5928e0446c7ba3c3c710d397e8a347e496d462502711d?s=100&#038;d=monsterid&#038;r=g' srcset='https:\/\/secure.gravatar.com\/avatar\/fc7b7354288e97a1cba5928e0446c7ba3c3c710d397e8a347e496d462502711d?s=200&#038;d=monsterid&#038;r=g 2x' class='avatar avatar-100 photo' height='100' width='100' \/>\t\t\t\t\t<p>Filho do Supremo Criador, Desenvolvedor Front-End no NIC.br e Carioca. Trabalha com WordPress desde meados de 2009 e em algum momento n\u00e3o muito feliz da vida j\u00e1 preferiu outro CMS. Organiza e participa de Meetups sobre a plataforma e colabora em diversas outras atividades da comunidade.<\/p>\n\t\t\t\t<\/div>\n\t\t\t<\/div>\n\n\t\t\n\t\t\t<div class=\"wcorg-organizer\">\n\t\t\t\t<h2>Priscilla Saldanha<\/h2>\n\t\t\t\t<div class=\"wcorg-organizer-description\">\n\t\t\t\t\t\t\t\t\t\t<img alt='' src='https:\/\/secure.gravatar.com\/avatar\/dd2cf3b3be87b4c6438b8a99563ad3ea3ea8e1e2f76f253ae1f2d8fec376afbd?s=100&#038;d=monsterid&#038;r=g' srcset='https:\/\/secure.gravatar.com\/avatar\/dd2cf3b3be87b4c6438b8a99563ad3ea3ea8e1e2f76f253ae1f2d8fec376afbd?s=200&#038;d=monsterid&#038;r=g 2x' class='avatar avatar-100 photo' height='100' width='100' \/>\t\t\t\t\t<p><a class=\"_553k\" href=\"https:\/\/profiles.wordpress.org\/pri-saldanha\" target=\"_blank\" rel=\"nofollow\">pri-saldanha<\/a>P\u00f3s-graduada em Gest\u00e3o de Marcas e Branding pela BSP, especialista em Redes Sociais pela PUC e formada em Publicidade e Propaganda na UNICAP. \u00c9 Gestora do Conte\u00fado no <a href=\"http:\/\/www.digitalks.com.br\/\" target=\"_blank\">Digitalks<\/a> e Consultora em Estrat\u00e9gia Digital e Branding. Trabalha com Web e Marketing Digital desde 2006 e com WordPress desde 2010. <a href=\"http:\/\/www.prisaldanha.com\" target=\"_blank\">Entusiasta e amante da comunica\u00e7\u00e3o e do mundo digital<\/a>, gosta de compartilhar tudo que viv\u00eancia e aprende. Acredita que dessa forma, o mundo vai ser cada vez mais pensante e atuante.<\/p>\n\t\t\t\t<\/div>\n\t\t\t<\/div>\n\n\t\t\n\t\t\t<div class=\"wcorg-organizer\">\n\t\t\t\t<h2>Anyssa Ferreira<\/h2>\n\t\t\t\t<div class=\"wcorg-organizer-description\">\n\t\t\t\t\t\t\t\t\t\t<img alt='' src='https:\/\/secure.gravatar.com\/avatar\/d44ccff4ae37e9720e532e658ea76b0b18fbcc5eb08ec2db9c7e10461cf4c4d9?s=100&#038;d=monsterid&#038;r=g' srcset='https:\/\/secure.gravatar.com\/avatar\/d44ccff4ae37e9720e532e658ea76b0b18fbcc5eb08ec2db9c7e10461cf4c4d9?s=200&#038;d=monsterid&#038;r=g 2x' class='avatar avatar-100 photo' height='100' width='100' \/>\t\t\t\t\t<p>Bacharela em Comunica\u00e7\u00e3o Visual \/ Design Gr\u00e1fico pelo Centro Universit\u00e1rio SENAC, desenvolvedora Front-End, trabalha com Web desde 2007 e com WordPress desde 2008. S\u00f3cia na <a title=\"Haste Design\" href=\"http:\/\/www.hastedesign.com.br\/\" target=\"_blank\">Haste Design<\/a> onde h\u00e1 5 anos desenvolve projetos de design, web, v\u00eddeo e games. Professora de cursos livres de design no SENAC. Contribui com a comunidade nos f\u00f3runs, tradu\u00e7\u00f5es, Meetups e WordCamps.<\/p>\n\t\t\t\t<\/div>\n\t\t\t<\/div>\n\n\t\t\n\t<\/div><!-- .wcorg-organizers -->\n\t\n","protected":false},"excerpt":{"rendered":"<p>Aqui est\u00e3o alguns dos incr\u00edveis colaboradores que est\u00e3o dedicando seu valioso tempo para fazer do WordCamp Sampa 2015 um evento sensacional. D\u00ea uma olhadinha, voc\u00ea vai encontrar pessoas muito interessantes nessa lista para conversar no dia do evento!<\/p>\n","protected":false},"author":6038041,"featured_media":0,"parent":0,"menu_order":0,"comment_status":"open","ping_status":"open","template":"","meta":{"jetpack_post_was_ever_published":false,"footnotes":""},"class_list":["post-10","page","type-page","status-publish","hentry"],"jetpack_sharing_enabled":true,"jetpack_shortlink":"https:\/\/wp.me\/P6iMjW-a","jetpack_likes_enabled":true,"_links":{"self":[{"href":"https:\/\/saopaulo.wordcamp.org\/2015\/wp-json\/wp\/v2\/pages\/10","targetHints":{"allow":["GET"]}}],"collection":[{"href":"https:\/\/saopaulo.wordcamp.org\/2015\/wp-json\/wp\/v2\/pages"}],"about":[{"href":"https:\/\/saopaulo.wordcamp.org\/2015\/wp-json\/wp\/v2\/types\/page"}],"author":[{"embeddable":true,"href":"https:\/\/saopaulo.wordcamp.org\/2015\/wp-json\/wp\/v2\/users\/6038041"}],"replies":[{"embeddable":true,"href":"https:\/\/saopaulo.wordcamp.org\/2015\/wp-json\/wp\/v2\/comments?post=10"}],"version-history":[{"count":4,"href":"https:\/\/saopaulo.wordcamp.org\/2015\/wp-json\/wp\/v2\/pages\/10\/revisions"}],"predecessor-version":[{"id":14511,"href":"https:\/\/saopaulo.wordcamp.org\/2015\/wp-json\/wp\/v2\/pages\/10\/revisions\/14511"}],"wp:attachment":[{"href":"https:\/\/saopaulo.wordcamp.org\/2015\/wp-json\/wp\/v2\/media?parent=10"}],"curies":[{"name":"wp","href":"https:\/\/api.w.org\/{rel}","templated":true}]}}