{"id":11,"date":"2015-10-22T15:53:22","date_gmt":"2015-10-22T17:53:22","guid":{"rendered":"https:\/\/2015.saopaulo.wordcamp.org\/?page_id=11"},"modified":"2015-11-25T08:17:15","modified_gmt":"2015-11-25T10:17:15","slug":"ingressos","status":"publish","type":"page","link":"https:\/\/saopaulo.wordcamp.org\/2015\/ingressos\/","title":{"rendered":"Ingressos"},"content":{"rendered":"<h2>Leia antes de preencher os formul\u00e1rios:<\/h2>\n<p>A inscri\u00e7\u00e3o \u00e9 feita atrav\u00e9s do PayPal e pode ser realizada com cart\u00e3o de cr\u00e9dito.<\/p>\n<p>A inscri\u00e7\u00e3o b\u00e1sica que garante acesso ao evento, almo\u00e7o no local e uma camiseta oficial custa R$\u00a045, um valor simb\u00f3lico devido \u00e0s taxas e impostos do evento.<\/p>\n<p>Selecione a quantidade de inscri\u00e7\u00f5es abaixo e clique em <i>registrar<\/i>. Depois de preencher todas as informa\u00e7\u00f5es e clicar em <em>checkout<\/em> voc\u00ea ser\u00e1 redirecionado para o PayPal. Se sua inscri\u00e7\u00e3o foi realizada com sucesso voc\u00ea dever\u00e1 ser redirecionado para a p\u00e1gina &#8220;A sua inscri\u00e7\u00e3o foi confirmada&#8221; aqui em nosso site.<\/p>\n<p><strong>A partir das 8h00 da manh\u00e3 do dia 28 de Novembro<\/strong>, voc\u00ea poder\u00e1 retirar, <a title=\"Guia de Sobreviv\u00eancia\" href=\"https:\/\/2015.saopaulo.wordcamp.org\/guia-de-sobrevivencia\/\">no local do evento<\/a>, seu\u00a0<em>kit de inscri\u00e7\u00e3o<\/em>\u00a0portando seu documento. Procure o local de Credenciamento, que estar\u00e1 claramente identificado. N\u00e3o enviamos confirma\u00e7\u00e3o pelos Correios, s\u00f3 por e-mail.<\/p>\n<p>As inscri\u00e7\u00f5es poder\u00e3o ser realizadas at\u00e9 o dia <strong>25 de Novembro\u00a0de 2015<\/strong>.<\/p>\n<p>Fez a inscri\u00e7\u00e3o mas n\u00e3o vai conseguir participar?\u00a0<strong>N\u00e3o devolvemos o valor da inscri\u00e7\u00e3o<\/strong>. Pense no dinheiro como uma doa\u00e7\u00e3o para o evento, um gesto de boa vontade e generosidade em sua aus\u00eancia. Ainda assim <strong>por favor nos avise<\/strong>, para que algu\u00e9m possa se inscrever na vaga que ficar\u00e1 dispon\u00edvel.<\/p>\n<a href=\"https:\/\/saopaulo.wordcamp.org\/2015\/ingressos\/\">Please view this page in a browser to purchase or manage tickets.<\/a>\n","protected":false},"excerpt":{"rendered":"<p>Leia antes de preencher os formul\u00e1rios: A inscri\u00e7\u00e3o \u00e9 feita atrav\u00e9s do PayPal e pode ser realizada com cart\u00e3o de cr\u00e9dito. A inscri\u00e7\u00e3o b\u00e1sica que garante acesso ao evento, almo\u00e7o no local e uma camiseta oficial custa R$\u00a045, um valor &hellip; <a href=\"https:\/\/saopaulo.wordcamp.org\/2015\/ingressos\/\">Continue lendo <span class=\"assistive-text\">Ingressos<\/span>  <span class=\"meta-nav\">&rarr;<\/span><\/a><\/p>\n","protected":false},"author":6038041,"featured_media":13125,"parent":0,"menu_order":0,"comment_status":"closed","ping_status":"closed","template":"","meta":{"_crdt_document":"","jetpack_post_was_ever_published":false,"footnotes":""},"class_list":["post-11","page","type-page","status-publish","has-post-thumbnail","hentry"],"jetpack_sharing_enabled":true,"jetpack_shortlink":"https:\/\/wp.me\/P6iMjW-b","jetpack_likes_enabled":true,"_links":{"self":[{"href":"https:\/\/saopaulo.wordcamp.org\/2015\/wp-json\/wp\/v2\/pages\/11","targetHints":{"allow":["GET"]}}],"collection":[{"href":"https:\/\/saopaulo.wordcamp.org\/2015\/wp-json\/wp\/v2\/pages"}],"about":[{"href":"https:\/\/saopaulo.wordcamp.org\/2015\/wp-json\/wp\/v2\/types\/page"}],"author":[{"embeddable":true,"href":"https:\/\/saopaulo.wordcamp.org\/2015\/wp-json\/wp\/v2\/users\/6038041"}],"replies":[{"embeddable":true,"href":"https:\/\/saopaulo.wordcamp.org\/2015\/wp-json\/wp\/v2\/comments?post=11"}],"version-history":[{"count":5,"href":"https:\/\/saopaulo.wordcamp.org\/2015\/wp-json\/wp\/v2\/pages\/11\/revisions"}],"predecessor-version":[{"id":13664,"href":"https:\/\/saopaulo.wordcamp.org\/2015\/wp-json\/wp\/v2\/pages\/11\/revisions\/13664"}],"wp:featuredmedia":[{"embeddable":true,"href":"https:\/\/saopaulo.wordcamp.org\/2015\/wp-json\/wp\/v2\/media\/13125"}],"wp:attachment":[{"href":"https:\/\/saopaulo.wordcamp.org\/2015\/wp-json\/wp\/v2\/media?parent=11"}],"curies":[{"name":"wp","href":"https:\/\/api.w.org\/{rel}","templated":true}]}}