{"id":11909,"date":"2014-09-08T22:25:57","date_gmt":"2014-09-08T22:25:57","guid":{"rendered":"https:\/\/saopaulo.wordcamp.org\/2014\/?page_id=11909"},"modified":"2015-11-13T16:01:02","modified_gmt":"2015-11-13T18:01:02","slug":"press-release","status":"publish","type":"page","link":"https:\/\/saopaulo.wordcamp.org\/2015\/press-release\/","title":{"rendered":"Press Release"},"content":{"rendered":"<h2>WordCamp\u00a0leva o melhor conte\u00fado de WordPress para a PUC<\/h2>\n<p>&nbsp;<\/p>\n<div style=\"width: 1210px\" class=\"wp-caption alignnone\"><img data-recalc-dims=\"1\" loading=\"lazy\" decoding=\"async\" src=\"https:\/\/i0.wp.com\/saopaulo.wordcamp.org\/2014\/files\/2014\/10\/conv-IMG_0869.jpg?resize=640%2C427&#038;ssl=1\" width=\"640\" height=\"427\" class \/><p class=\"wp-caption-text\">Encerramento da edi\u00e7\u00e3o de 2014<\/p><\/div>\n<p>Pelo 4\u00ba\u00a0ano consecutivo, o campus Consola\u00e7\u00e3o da PUC-SP recebe o\u00a0WordCamp\u00a0Sampa, a confer\u00eancia oficial da comunidade WordPress realizada em diversas cidades do mundo. O evento acontece no dia 28\u00a0de Novembro, a partir das 8h da manh\u00e3.<\/p>\n<p>Criado em 2003, o WordPress \u00e9 hoje a plataforma para cria\u00e7\u00e3o e gerenciamento de blogs e sites mais utilizada em todo o mundo. Cerca de 23% de todo o conte\u00fado da internet atual roda no sistema, desde blogs pessoais at\u00e9 portais corporativos. Al\u00e9m de ser livre, gratuita e de ter vers\u00f5es em v\u00e1rios idiomas, a plataforma atingiu esse n\u00edvel de popularidade gra\u00e7as a uma comunidade de milhares de designers e desenvolvedores que desenvolvem temas (padr\u00f5es de design visual) e plugins (m\u00f3dulos auxiliares que adicionam fun\u00e7\u00f5es ao WordPress).<\/p>\n<p><img data-recalc-dims=\"1\" loading=\"lazy\" decoding=\"async\" src=\"https:\/\/i0.wp.com\/saopaulo.wordcamp.org\/2014\/files\/2014\/10\/conv-IMG_0596.jpg?resize=640%2C427&#038;ssl=1\" width=\"640\" height=\"427\" class=\"alignnone\" \/><\/p>\n<p>O professor David de Oliveira Lemes, Chefe do Departamento de Computa\u00e7\u00e3o da Faculdade de Ci\u00eancias Exatas e Tecnologia da PUC-SP, diz que <em>\u201cconhecer os movimentos de inova\u00e7\u00e3o que acontecem na comunidade WordPress \u00e9 estrat\u00e9gico para quem trabalha no ambiente online\u201d<\/em>. A PUC-SP apoia o\u00a0WordCamp\u00a0com a cess\u00e3o de infraestrutura, equipamentos e servi\u00e7os de apoio geral.<\/p>\n<p>A edi\u00e7\u00e3o 2013 do\u00a0WordCamp\u00a0Sampa reuniu quase 300 participantes na PUC-SP e gerou diversos\u00a0materiais, entre v\u00eddeos, apresenta\u00e7\u00f5es e outros conte\u00fados que podem ser acessados no site do evento:\u00a0<a href=\"http:\/\/2013.saopaulo.wordcamp.org\/\" target=\"_blank\">2013.saopaulo.wordcamp.org<\/a>.<\/p>\n<p><img data-recalc-dims=\"1\" loading=\"lazy\" decoding=\"async\" src=\"https:\/\/i0.wp.com\/saopaulo.wordcamp.org\/2014\/files\/2014\/10\/conv-IMG_0562.jpg?resize=640%2C427&#038;ssl=1\" width=\"640\" height=\"427\" class=\"alignnone\" \/><\/p>\n<h2>Servi\u00e7o<\/h2>\n<p>WordCamp\u00a0S\u00e3o Paulo 2015<br \/>\nDia 28 de Novembro, a partir das 8h<br \/>\nPUC \u2013 Campus Consola\u00e7\u00e3o (Rua Marqu\u00eas de Paranagu\u00e1, 111 \u2013 S\u00e3o Paulo)<br \/>\nPrograma\u00e7\u00e3o e inscri\u00e7\u00f5es pelo site\u00a0<a href=\"https:\/\/2015.saopaulo.wordcamp.org\/\" target=\"_blank\">saopaulo.wordcamp.org\/2015<br \/>\n<\/a>Inscri\u00e7\u00f5es: R$ 45,00<br \/>\nInforma\u00e7\u00f5es: <a href=\"https:\/\/2015.saopaulo.wordcamp.org\/contato\/\">Entre em contato<\/a><\/p>\n","protected":false},"excerpt":{"rendered":"<p>WordCamp\u00a0leva o melhor conte\u00fado de WordPress para a PUC &nbsp; Pelo 4\u00ba\u00a0ano consecutivo, o campus Consola\u00e7\u00e3o da PUC-SP recebe o\u00a0WordCamp\u00a0Sampa, a confer\u00eancia oficial da comunidade WordPress realizada em diversas cidades do mundo. O evento acontece no dia 28\u00a0de Novembro, a &hellip; <a href=\"https:\/\/saopaulo.wordcamp.org\/2015\/press-release\/\">Continue lendo <span class=\"assistive-text\">Press Release<\/span>  <span class=\"meta-nav\">&rarr;<\/span><\/a><\/p>\n","protected":false},"author":6038041,"featured_media":0,"parent":0,"menu_order":0,"comment_status":"closed","ping_status":"closed","template":"","meta":{"jetpack_post_was_ever_published":false,"footnotes":""},"class_list":["post-11909","page","type-page","status-publish","hentry"],"jetpack_sharing_enabled":true,"jetpack_shortlink":"https:\/\/wp.me\/P6iMjW-365","jetpack_likes_enabled":true,"_links":{"self":[{"href":"https:\/\/saopaulo.wordcamp.org\/2015\/wp-json\/wp\/v2\/pages\/11909","targetHints":{"allow":["GET"]}}],"collection":[{"href":"https:\/\/saopaulo.wordcamp.org\/2015\/wp-json\/wp\/v2\/pages"}],"about":[{"href":"https:\/\/saopaulo.wordcamp.org\/2015\/wp-json\/wp\/v2\/types\/page"}],"author":[{"embeddable":true,"href":"https:\/\/saopaulo.wordcamp.org\/2015\/wp-json\/wp\/v2\/users\/6038041"}],"replies":[{"embeddable":true,"href":"https:\/\/saopaulo.wordcamp.org\/2015\/wp-json\/wp\/v2\/comments?post=11909"}],"version-history":[{"count":6,"href":"https:\/\/saopaulo.wordcamp.org\/2015\/wp-json\/wp\/v2\/pages\/11909\/revisions"}],"predecessor-version":[{"id":13478,"href":"https:\/\/saopaulo.wordcamp.org\/2015\/wp-json\/wp\/v2\/pages\/11909\/revisions\/13478"}],"wp:attachment":[{"href":"https:\/\/saopaulo.wordcamp.org\/2015\/wp-json\/wp\/v2\/media?parent=11909"}],"curies":[{"name":"wp","href":"https:\/\/api.w.org\/{rel}","templated":true}]}}