{"id":11917,"date":"2014-09-08T19:32:33","date_gmt":"2014-09-08T22:32:33","guid":{"rendered":"https:\/\/saopaulo.wordcamp.org\/2014\/?page_id=11917"},"modified":"2015-11-04T16:46:52","modified_gmt":"2015-11-04T18:46:52","slug":"perguntas-frequentes","status":"publish","type":"page","link":"https:\/\/saopaulo.wordcamp.org\/2015\/guia-de-sobrevivencia\/perguntas-frequentes\/","title":{"rendered":"Perguntas Frequentes"},"content":{"rendered":"<h2>Qual o local, data e hor\u00e1rio?<\/h2>\n<p>O WordCamp acontecer\u00e1 no dia 28 de Novembro de 2015, na Faculdade de Ci\u00eancias Exatas e Tecnologia da\u00a0<a href=\"http:\/\/www.pucsp.br\/\" rel=\"nofollow\">PUC SP<\/a>, no\u00a0<a href=\"https:\/\/maps.google.com.br\/maps?q=Pontif%C3%ADcia+Universidade+Cat%C3%B3lica+Puc+SP&amp;hl=pt-BR&amp;ie=UTF8&amp;ll=-23.547779,-46.650052&amp;spn=0.009776,0.021136&amp;cid=4364350801819954388&amp;gl=BR&amp;t=m&amp;z=16&amp;iwloc=A\">Campus Consola\u00e7\u00e3o, localizado na Rua Marqu\u00eas de Paranagu\u00e1, 111, regi\u00e3o central<\/a>. As atividades ter\u00e3o in\u00edcio \u00e0s 08h\u00a0com t\u00e9rmino previsto para as 18h.<\/p>\n<h2>Quero ministrar uma palestra<\/h2>\n<p>Se voc\u00ea tem interesse em realizar uma palestra, apresenta\u00e7\u00e3o ou oficina,\u00a0<a title=\"Seja um palestrante!\" href=\"https:\/\/2015.saopaulo.wordcamp.org\/seja-um-palestrante\/\" target=\"_blank\">encaminhe sua proposta<\/a>\u00a0para a organiza\u00e7\u00e3o. O prazo \u00e9 dia <strong>18 de Novembro!<\/strong><\/p>\n<h2>Quero patrocinar o WordCamp S\u00e3o Paulo 2015<\/h2>\n<p>Leia a p\u00e1gina sobre <a title=\"Patroc\u00ednio\" href=\"https:\/\/2015.saopaulo.wordcamp.org\/patrocinio\/\">patroc\u00ednios<\/a> e entre em <a href=\"https:\/\/2015.saopaulo.wordcamp.org\/patrocinio\/\" target=\"_blank\">contato conosco<\/a>.<\/p>\n<h2>Por que est\u00e1 sendo cobrada a taxa de inscri\u00e7\u00e3o?<\/h2>\n<p>A inscri\u00e7\u00e3o que custa R$45,00 \u00e9 um valor simb\u00f3lico, e ser\u00e1 utilizada para cobrir o custo da alimenta\u00e7\u00e3o, brindes, dos impostos sobre o evento etc.. O evento n\u00e3o possui fins lucrativos, e qualquer arrecada\u00e7\u00e3o excedente permanecer\u00e1 reservada para futuros WordCamps.<\/p>\n<h2>Como eu recebo o ingresso do evento e a minha camiseta?<\/h2>\n<p>Primeiramente tenha certeza de efetuar a sua\u00a0<a title=\"Inscri\u00e7\u00f5es\" href=\"https:\/\/2015.saopaulo.wordcamp.org\/ingressos\/\" target=\"_blank\">ingresso<\/a>. Uma vez confirmado o pagamento, voc\u00ea poder\u00e1 retirar suas credenciais e camiseta no dia e local do evento junto ao balc\u00e3o de credenciamento.<\/p>\n<p>Para isto,<strong> n\u00e3o esque\u00e7a tamb\u00e9m de levar um documento oficial com foto<\/strong>.<\/p>\n<h2>O que est\u00e1 inclu\u00eddo na taxa de inscri\u00e7\u00e3o?<\/h2>\n<ul>\n<li style=\"text-align: justify\">comparecimento irrestrito a todas as atividades, oficinas e palestras do evento, limitado pela lota\u00e7\u00e3o m\u00e1xima dos audit\u00f3rios e salas.<\/li>\n<li style=\"text-align: justify\">alimenta\u00e7\u00e3o e brindes.<\/li>\n<\/ul>\n<h2>Fiz a inscri\u00e7\u00e3o e n\u00e3o recebi o email de confirma\u00e7\u00e3o. O que eu fa\u00e7o?<\/h2>\n<p>Aguarde um pouco e verifique sua caixa de SPAM. Se voc\u00ea n\u00e3o receber em no m\u00e1ximo 30 minutos, entre em contato pelo email saopaulo<em>[arroba]wordcamp.org<\/em><\/p>\n<h2>Quem vai comparecer ao WordCamp?<\/h2>\n<p>Voc\u00ea!<\/p>\n<p>WordCamps s\u00e3o frequentados por uma variedade incr\u00edvel de pessoas, desde blogueiros iniciantes at\u00e9 desenvolvedores, gestores de conte\u00fado e consultores profissionais de WordPress. A abrang\u00eancia do p\u00fablico interessado reflete a diversidade do universo de pessoas envolvidas com o WordPress.<\/p>\n<p>Mas se ainda assim voc\u00ea estiver curioso, voc\u00ea pode conferir a <a href=\"https:\/\/2015.saopaulo.wordcamp.org\/participantes\/\" target=\"_blank\">lista de inscritos<\/a> aqui e de <a href=\"https:\/\/2015.saopaulo.wordcamp.org\/programacao\/\" target=\"_blank\">palestrantes<\/a>.<\/p>\n<h2>\u00c9 permitido filmar, fotografar e fazer coberturas paralelas?<\/h2>\n<p>Deve!<\/p>\n<p>Leve sua m\u00e1quina fotogr\u00e1fica, filmadora e fique \u00e0 vontade. N\u00e3o esque\u00e7a de compartilhar o material depois usando a hastag do evento <strong>#WordCampSP<\/strong>!<\/p>\n<p>Se voc\u00ea quiser fazer algum trabalho mais elaborado no evento, n\u00e3o esque\u00e7a de trocar uma ideia com a gente pelo e-mail saopaulo<em>[arroba]wordcamp.org<\/em>.<\/p>\n<h2>Como fa\u00e7o pra chegar na PUC Consola\u00e7\u00e3o?<\/h2>\n<p>Muito f\u00e1cil!<\/p>\n<p>Consulte o &#8220;<a title=\"Guia de Sobreviv\u00eancia\" href=\"https:\/\/2015.saopaulo.wordcamp.org\/guia-de-sobrevivencia\/\" target=\"_blank\">Guia de Sobreviv\u00eancia<\/a>&#8220;.<\/p>\n<h2>O que eu devo levar ao WordCamp?<\/h2>\n<ul>\n<li>Documento de identifica\u00e7\u00e3o com foto, para fins de credenciamento.<\/li>\n<li>Seu laptop ou tablet carregado &#8212; pode ser dif\u00edcil encontrar uma tomada livre, por isso leve tamb\u00e9m um adaptador para compartilhar.<\/li>\n<li>C\u00e2meras fotogr\u00e1ficas, filmadoras &#8212; \u00e9 permitido filmar, fotografar e gravar.<\/li>\n<li>Cart\u00f5es de visita &#8212; as pessoas ainda gostam deles.<\/li>\n<li>Imprima a programa\u00e7\u00e3o&#8230; e se programe.<\/li>\n<\/ul>\n<h2>Qual \u00e9 a hashtag oficial do evento?<\/h2>\n<p><strong>#WordCampSP<\/strong>! Use e abuse no Twitter e Facebook.<\/p>\n<h2>Quantos participantes s\u00e3o esperados?<\/h2>\n<p>O WordCamp S\u00e3o Paulo est\u00e1 sendo estruturado para um p\u00fablico de 280 a 300 pessoas.<\/p>\n<h2>Haver\u00e1 disponibilidade\u00a0de\u00a0conex\u00e3o\u00a0\u00e0 internet sem fio?<\/h2>\n<p>Sim, a <a href=\"http:\/\/www.pucsp.br\/\" rel=\"nofollow\">PUC SP<\/a>, apoiadora oficial para infraestrutura do evento, ceder\u00e1 aos participantes acesso gratuito wi-fi \u00e0 internet.<\/p>\n<p>Apesar da conex\u00e3o ter sido excelente nas edi\u00e7\u00f5es anteriores, observamos que poder\u00e3o haver eventuais limita\u00e7\u00f5es. Por via das d\u00favidas, organize-se para n\u00e3o depender da Internet no dia do evento.<\/p>\n<h2>Como retiro o certificado de participa\u00e7\u00e3o?<\/h2>\n<p>Os certificados ser\u00e3o disponibilizados online. Fique de olho aqui <a title=\"Link para Blog do WordCamp 2014\" href=\"https:\/\/2015.saopaulo.wordcamp.org\/\" target=\"_blank\">neste blog<\/a> e na na <a title=\"facebook\/WordCampSaoPaulo\" href=\"https:\/\/www.facebook.com\/WordCampSaoPaulo\" target=\"_blank\">p\u00e1gina do evento no Facebook<\/a>.<\/p>\n<h2>Tenho uma d\u00favida que n\u00e3o est\u00e1 aqui. Como fa\u00e7o?<\/h2>\n<p>Envie um e-mail para saopaulo<em>[arroba]wordcamp.org<\/em>. Se a d\u00favida for relevante, adicionaremos aqui. \ud83d\ude42<\/p>\n","protected":false},"excerpt":{"rendered":"<p>Qual o local, data e hor\u00e1rio? O WordCamp acontecer\u00e1 no dia 28 de Novembro de 2015, na Faculdade de Ci\u00eancias Exatas e Tecnologia da\u00a0PUC SP, no\u00a0Campus Consola\u00e7\u00e3o, localizado na Rua Marqu\u00eas de Paranagu\u00e1, 111, regi\u00e3o central. As atividades ter\u00e3o in\u00edcio &hellip; <a href=\"https:\/\/saopaulo.wordcamp.org\/2015\/guia-de-sobrevivencia\/perguntas-frequentes\/\">Continue lendo <span class=\"assistive-text\">Perguntas Frequentes<\/span>  <span class=\"meta-nav\">&rarr;<\/span><\/a><\/p>\n","protected":false},"author":6038041,"featured_media":0,"parent":66,"menu_order":0,"comment_status":"closed","ping_status":"closed","template":"","meta":{"jetpack_post_was_ever_published":false,"footnotes":""},"class_list":["post-11917","page","type-page","status-publish","hentry"],"jetpack_sharing_enabled":true,"jetpack_shortlink":"https:\/\/wp.me\/P6iMjW-36d","jetpack_likes_enabled":true,"_links":{"self":[{"href":"https:\/\/saopaulo.wordcamp.org\/2015\/wp-json\/wp\/v2\/pages\/11917","targetHints":{"allow":["GET"]}}],"collection":[{"href":"https:\/\/saopaulo.wordcamp.org\/2015\/wp-json\/wp\/v2\/pages"}],"about":[{"href":"https:\/\/saopaulo.wordcamp.org\/2015\/wp-json\/wp\/v2\/types\/page"}],"author":[{"embeddable":true,"href":"https:\/\/saopaulo.wordcamp.org\/2015\/wp-json\/wp\/v2\/users\/6038041"}],"replies":[{"embeddable":true,"href":"https:\/\/saopaulo.wordcamp.org\/2015\/wp-json\/wp\/v2\/comments?post=11917"}],"version-history":[{"count":3,"href":"https:\/\/saopaulo.wordcamp.org\/2015\/wp-json\/wp\/v2\/pages\/11917\/revisions"}],"predecessor-version":[{"id":13341,"href":"https:\/\/saopaulo.wordcamp.org\/2015\/wp-json\/wp\/v2\/pages\/11917\/revisions\/13341"}],"up":[{"embeddable":true,"href":"https:\/\/saopaulo.wordcamp.org\/2015\/wp-json\/wp\/v2\/pages\/66"}],"wp:attachment":[{"href":"https:\/\/saopaulo.wordcamp.org\/2015\/wp-json\/wp\/v2\/media?parent=11917"}],"curies":[{"name":"wp","href":"https:\/\/api.w.org\/{rel}","templated":true}]}}