{"id":12019,"date":"2014-09-08T21:11:53","date_gmt":"2014-09-09T00:11:53","guid":{"rendered":"https:\/\/saopaulo.wordcamp.org\/2014\/?page_id=12019"},"modified":"2015-10-23T12:58:25","modified_gmt":"2015-10-23T14:58:25","slug":"politica-de-privacidade","status":"publish","type":"page","link":"https:\/\/saopaulo.wordcamp.org\/2015\/politica-de-privacidade\/","title":{"rendered":"Pol\u00edtica de Privacidade"},"content":{"rendered":"<p>Informa\u00e7\u00f5es e dados pessoais fornecidos \u00e0 organiza\u00e7\u00e3o do WordCamp S\u00e3o Paulo 2015 \u2013 cuja veracidade e exatid\u00e3o s\u00e3o de total responsabilidade do inscrito \u2013 ser\u00e3o coletados e guardados em conformidade com padr\u00f5es r\u00edgidos de confidencialidade e de seguran\u00e7a, e utilizados para as seguintes finalidades:<\/p>\n<ul>\n<li>comunicar o inscrito a respeito de novos produtos, promo\u00e7\u00f5es, not\u00edcias relacionadas ao evento;<\/li>\n<li>manter atualizados os cadastros dos inscritos para fins de contato;<\/li>\n<li>elaborar estat\u00edsticas gerais, sem que haja identifica\u00e7\u00e3o dos inscritos;<\/li>\n<li>responder \u00e0s d\u00favidas e solicita\u00e7\u00f5es dos inscritos no evento.<\/li>\n<\/ul>\n<p>O acesso \u00e0s informa\u00e7\u00f5es recebidas \u00e9 restrito apenas aos integrantes da organiza\u00e7\u00e3o do WordCamp S\u00e3o Paulo 2015, autorizados para o uso adequado dessas informa\u00e7\u00f5es. Se o inscrito desejar que seu cadastro seja exclu\u00eddo, ele poder\u00e1 solicitar a exclus\u00e3o a qualquer momento, o que ser\u00e1 feito imediatamente. Feita tal exclus\u00e3o, seu cadastro ser\u00e1 desativado da base de dados do WordCamp S\u00e3o Paulo 2015.<\/p>\n<p>A organiza\u00e7\u00e3o do WordCamp S\u00e3o Paulo 2015 n\u00e3o vender\u00e1 ou alugar\u00e1 quaisquer dados pessoais dos usu\u00e1rios cadastrados a quaisquer terceiros.<\/p>\n","protected":false},"excerpt":{"rendered":"<p>Informa\u00e7\u00f5es e dados pessoais fornecidos \u00e0 organiza\u00e7\u00e3o do WordCamp S\u00e3o Paulo 2015 \u2013 cuja veracidade e exatid\u00e3o s\u00e3o de total responsabilidade do inscrito \u2013 ser\u00e3o coletados e guardados em conformidade com padr\u00f5es r\u00edgidos de confidencialidade e de seguran\u00e7a, e utilizados &hellip; <a href=\"https:\/\/saopaulo.wordcamp.org\/2015\/politica-de-privacidade\/\">Continue lendo <span class=\"assistive-text\">Pol\u00edtica de Privacidade<\/span>  <span class=\"meta-nav\">&rarr;<\/span><\/a><\/p>\n","protected":false},"author":6038041,"featured_media":0,"parent":0,"menu_order":0,"comment_status":"closed","ping_status":"closed","template":"","meta":{"jetpack_post_was_ever_published":false,"footnotes":""},"class_list":["post-12019","page","type-page","status-publish","hentry"],"jetpack_sharing_enabled":true,"jetpack_shortlink":"https:\/\/wp.me\/P6iMjW-37R","jetpack_likes_enabled":true,"_links":{"self":[{"href":"https:\/\/saopaulo.wordcamp.org\/2015\/wp-json\/wp\/v2\/pages\/12019","targetHints":{"allow":["GET"]}}],"collection":[{"href":"https:\/\/saopaulo.wordcamp.org\/2015\/wp-json\/wp\/v2\/pages"}],"about":[{"href":"https:\/\/saopaulo.wordcamp.org\/2015\/wp-json\/wp\/v2\/types\/page"}],"author":[{"embeddable":true,"href":"https:\/\/saopaulo.wordcamp.org\/2015\/wp-json\/wp\/v2\/users\/6038041"}],"replies":[{"embeddable":true,"href":"https:\/\/saopaulo.wordcamp.org\/2015\/wp-json\/wp\/v2\/comments?post=12019"}],"version-history":[{"count":2,"href":"https:\/\/saopaulo.wordcamp.org\/2015\/wp-json\/wp\/v2\/pages\/12019\/revisions"}],"predecessor-version":[{"id":14510,"href":"https:\/\/saopaulo.wordcamp.org\/2015\/wp-json\/wp\/v2\/pages\/12019\/revisions\/14510"}],"wp:attachment":[{"href":"https:\/\/saopaulo.wordcamp.org\/2015\/wp-json\/wp\/v2\/media?parent=12019"}],"curies":[{"name":"wp","href":"https:\/\/api.w.org\/{rel}","templated":true}]}}