{"id":66,"date":"2014-06-16T16:48:32","date_gmt":"2014-06-16T16:48:32","guid":{"rendered":"https:\/\/saopaulo.wordcamp.org\/2014\/location\/"},"modified":"2015-11-24T13:26:37","modified_gmt":"2015-11-24T15:26:37","slug":"guia-de-sobrevivencia","status":"publish","type":"page","link":"https:\/\/saopaulo.wordcamp.org\/2015\/guia-de-sobrevivencia\/","title":{"rendered":"Guia de Sobreviv\u00eancia"},"content":{"rendered":"<h1>Localiza\u00e7\u00e3o<\/h1>\n<p>PUC-SP \u2013 Campus Consola\u00e7\u00e3o<br \/>\nRua Marqu\u00eas de Paranagu\u00e1, 111 \u2013 S\u00e3o Paulo<\/p>\n<div class=\"googlemaps\">\n\t\t\t\t<iframe loading=\"lazy\" width=\"100\" height=\"400\" frameborder=\"0\" scrolling=\"no\" marginheight=\"0\" marginwidth=\"0\"  src=\"https:\/\/www.google.com\/maps\/d\/embed?mid=zIjtxr8o686U.k4M4Ua203Bs0&#038;ie=UTF8&#038;t=m&#038;ll=-23.549392,-46.650052&#038;spn=0.015736,0.029998&#038;z=15&#038;output=embed\"><\/iframe>\n\t\t\t<\/div>\n<h1>Como chegar<\/h1>\n<h2>Do aeroporto de Congonhas<\/h2>\n<p><strong>econ\u00f4mico:<\/strong> Saia do aeroporto e procure pela passarela de pedestres. Ao lado dela h\u00e1 um ponto de \u00f4nibus. N\u00e3o atravesse a passarela. Deste mesmo lado, pegue o \u00f4nibus &#8220;Perdizes &#8211; 875-A ou 875-M&#8221;. Pe\u00e7a para descer na Consola\u00e7\u00e3o pr\u00f3ximo a rua Marqu\u00eas de Paranagu\u00e1. A passagem custa R$3,50.<\/p>\n<p><strong>r\u00e1pido:<\/strong> T\u00e1xi &#8211; aproximadamente R$40,00<\/p>\n<h2>Do aeroporto de Guarulhos<\/h2>\n<p><strong>econ\u00f4mico:<\/strong> No terminal norte, procure pelo \u00f4nibus da <a href=\"http:\/\/www.emtu.sp.gov.br\/emtu\/itinerarios-e-tarifas\/encontre-uma-linha\/airport-bus-service.fss\" target=\"_blank\">Airport Bus Service<\/a> que vai para o metr\u00f4 Tatuap\u00e9. A passagem custa R$4,45. Ao descer na esta\u00e7\u00e3o, pegue o metr\u00f4 sentido Barra Funda e des\u00e7a na esta\u00e7\u00e3o Rep\u00fablica. Caminhe at\u00e9 a PUC (<a href=\"https:\/\/maps.google.com.br\/maps?saddr=Metr%C3%B4+Rep%C3%BAblica+-+Rua+Sete+de+Abril,+Rep%C3%BAblica,+S%C3%A3o+Paulo&amp;daddr=R.+Marqu%C3%AAs+de+Paranagu%C3%A1,+111+-+Campus+Consola%C3%A7%C3%A3o+-+Pontif%C3%ADcia+Universidade+Cat%C3%B3lica+de+S%C3%A3o+Paulo+(PUC-SP)+-+Campus+Barueri+-+Consola%C3%A7%C3%A3o,+S%C3%A3o+Paulo+-+SP,+01303-050&amp;hl=pt-BR&amp;ie=UTF8&amp;ll=-23.546815,-46.646243&amp;spn=0.009452,0.015846&amp;sll=-23.551989,-46.656446&amp;sspn=0.009452,0.015846&amp;geocode=FVu7mP4d8Ew4_SGjPe4wQQjJnSmD_ikZTljOlDGjPe4wQQjJnQ%3BFWaqmP4d2Sw4_Sm53E0YSljOlDGuz3QZWMl6jg&amp;oq=Metro+Republica&amp;dirflg=w&amp;mra=ls&amp;t=m&amp;z=17\" target=\"_blank\">veja mapa da caminhada<\/a>).<\/p>\n<p><strong>conforto:<\/strong> A linha Airport Bus Service tem um \u00f4nibus executivo que vai direto para a pra\u00e7a da Rep\u00fablica. A passagem custa R$35,00 (<a href=\"http:\/\/www.airportbusservice.com.br\/br\/linhas\" target=\"_blank\">pre\u00e7os e hor\u00e1rios aqui<\/a>). Ap\u00f3s descer na pra\u00e7a da Rep\u00fablica caminhe at\u00e9 a PUC\u00a0(<a href=\"https:\/\/maps.google.com.br\/maps?saddr=Metr%C3%B4+Rep%C3%BAblica+-+Rua+Sete+de+Abril,+Rep%C3%BAblica,+S%C3%A3o+Paulo&amp;daddr=R.+Marqu%C3%AAs+de+Paranagu%C3%A1,+111+-+Campus+Consola%C3%A7%C3%A3o+-+Pontif%C3%ADcia+Universidade+Cat%C3%B3lica+de+S%C3%A3o+Paulo+(PUC-SP)+-+Campus+Barueri+-+Consola%C3%A7%C3%A3o,+S%C3%A3o+Paulo+-+SP,+01303-050&amp;hl=pt-BR&amp;ie=UTF8&amp;ll=-23.546815,-46.646243&amp;spn=0.009452,0.015846&amp;sll=-23.551989,-46.656446&amp;sspn=0.009452,0.015846&amp;geocode=FVu7mP4d8Ew4_SGjPe4wQQjJnSmD_ikZTljOlDGjPe4wQQjJnQ%3BFWaqmP4d2Sw4_Sm53E0YSljOlDGuz3QZWMl6jg&amp;oq=Metro+Republica&amp;dirflg=w&amp;mra=ls&amp;t=m&amp;z=17\" target=\"_blank\">veja mapa da caminhada<\/a>).<\/p>\n<p><strong>VIP:<\/strong> O t\u00e1xi sai aproximadamente R$100 at\u00e9 o local do evento.<\/p>\n<h2>Da rodovi\u00e1ria do Tiet\u00ea<\/h2>\n<p><strong>de metr\u00f4:<\/strong> Pegue o metr\u00f4 sentido Jabaquara e des\u00e7a na esta\u00e7\u00e3o S\u00e9. Troque de trem e pegue a linha vermelha\u00a0sentido Barra Funda e des\u00e7a na esta\u00e7\u00e3o Rep\u00fablica. A passagem de metr\u00f4 custa R$ 3,50. Caminhe at\u00e9 a PUC\u00a0(<a href=\"https:\/\/maps.google.com.br\/maps\/ms?msid=200423722454341110864.0004c42e3b4ffa85b7629&amp;msa=0&amp;ll=-23.550691,-46.651082&amp;spn=0.032889,0.038581\" target=\"_blank\">veja mapa da caminhada<\/a>).<\/p>\n<p><strong>de t\u00e1xi:<\/strong> aproximadamente R$30,00<\/p>\n<h2>Da rodovi\u00e1ria da Barra Funda<\/h2>\n<p>Pegue o metr\u00f4 sentido Itaquera e des\u00e7a na esta\u00e7\u00e3o Rep\u00fablica. A passagem de metr\u00f4 custa R$ 3,50. Caminhe at\u00e9 a PUC\u00a0(<a href=\"https:\/\/maps.google.com.br\/maps?saddr=Metr%C3%B4+Rep%C3%BAblica+-+Rua+Sete+de+Abril,+Rep%C3%BAblica,+S%C3%A3o+Paulo&amp;daddr=R.+Marqu%C3%AAs+de+Paranagu%C3%A1,+111+-+Campus+Consola%C3%A7%C3%A3o+-+Pontif%C3%ADcia+Universidade+Cat%C3%B3lica+de+S%C3%A3o+Paulo+(PUC-SP)+-+Campus+Barueri+-+Consola%C3%A7%C3%A3o,+S%C3%A3o+Paulo+-+SP,+01303-050&amp;hl=pt-BR&amp;ie=UTF8&amp;ll=-23.546815,-46.646243&amp;spn=0.009452,0.015846&amp;sll=-23.551989,-46.656446&amp;sspn=0.009452,0.015846&amp;geocode=FVu7mP4d8Ew4_SGjPe4wQQjJnSmD_ikZTljOlDGjPe4wQQjJnQ%3BFWaqmP4d2Sw4_Sm53E0YSljOlDGuz3QZWMl6jg&amp;oq=Metro+Republica&amp;dirflg=w&amp;mra=ls&amp;t=m&amp;z=17\" target=\"_blank\">veja mapa da caminhada<\/a>).<\/p>\n<h1>Onde se hospedar<\/h1>\n<h2>Hot\u00e9is<\/h2>\n<p>O evento acontece em uma regi\u00e3o central de S\u00e3o Paulo a poucos minutos da regi\u00e3o da avenida paulista onde se concentram muitos hot\u00e9is. Algumas op\u00e7\u00f5es giram em torno de R$ 100,00 a R$ 400,00 a di\u00e1ria. Uma das op\u00e7\u00f5es mais procurada nos eventos pelo Brasil s\u00e3o os hot\u00e9is da rede ibis, nela temos 3 categorias Ibis, Ibis Style e Ibis Budget(antiga rede Formule 1). A op\u00e7\u00e3o com o menor pre\u00e7o da rede \u00e9 a <a href=\"http:\/\/www.ibis.com\/gb\/hotel-5524-ibis-budget-sao-paulo-sao-joao\/index.shtml\">unidade S\u00e3o Jo\u00e3o<\/a> situada no centro de S\u00e3o Paulo numas das mais tradicionais avenidas de S\u00e3o Paulo.<\/p>\n<p><strong>Contato Ibis S\u00e3o Jo\u00e3o:<\/strong><\/p>\n<p>AV. S\u00c3O JO\u00c3O, 1.140<br \/>\nCENTRO<br \/>\n01036-100 &#8211; SAO PAULO<br \/>\nTEL : (+55)1128786400<\/p>\n<ul>\n<li>Ponto positivo desta unidade \u00e9 o valor<\/li>\n<li>Ponto negativo seguran\u00e7a, nas ruas proximo ao hotel n\u00e3o \u00e9 recomendado circular a p\u00e9 no per\u00edodo da noite.<\/li>\n<\/ul>\n<p><a href=\"http:\/\/www.ibis.com\/gb\/hotel-5323-ibis-budget-sao-paulo-paulista\/index.shtml\">Unidade Paulista<\/a> temos duas a unidade da consola\u00e7\u00e3o a mais pr\u00f3xima do evento, custa R$ 170,00.<\/p>\n<p><strong>Contato Ibis Paulista(Consola\u00e7\u00e3o):<\/strong><\/p>\n<p>RUA DA CONSOLACAO 2303<br \/>\nCONSOLACAO<br \/>\n01301100 &#8211; SAO PAULO<br \/>\nTEL : (+55)1131237755<\/p>\n<ul>\n<li>Ponto positivo localiza\u00e7\u00e3o, al\u00e9m de ficar pr\u00f3ximo ao evento fica pr\u00f3ximo das regi\u00f5es mais badaladas de S\u00e3o Paulo a Augusta. <\/li>\n<li>Ponto negativo para quem quer tranquilidade n\u00e3o \u00e9 a melhor op\u00e7\u00e3o. <\/li>\n<\/ul>\n<p>Outra boa op\u00e7\u00e3o \u00e9 a <a href=\"http:\/\/www.ibis.com\/gb\/hotel-3531-ibis-budget-sao-paulo-paraiso\/index.shtml\">unidade de o Para\u00edso<\/a>, custa R$ 170,00, n\u00e3o fica pr\u00f3ximo ao evento mas fica ao lado de metr\u00f4 ajuda bastante na locomo\u00e7\u00e3o em S\u00e3o Paulo.<\/p>\n<p><strong>Contato Ibis Para\u00edso:<\/strong><\/p>\n<p>RUA VERGUEIRO 1571<br \/>\n04101000 &#8211; SAO PAULO<br \/>\nTEL : (+55)1150855699<\/p>\n<ul>\n<li>Ponto positivo localiza\u00e7\u00e3o pr\u00f3ximo ao metr\u00f4 e regi\u00e3o tranquila <\/li>\n<li>Ponto negativo  dist\u00e2ncia do evento <\/li>\n<\/ul>\n","protected":false},"excerpt":{"rendered":"<p>Localiza\u00e7\u00e3o PUC-SP \u2013 Campus Consola\u00e7\u00e3o Rua Marqu\u00eas de Paranagu\u00e1, 111 \u2013 S\u00e3o Paulo Como chegar Do aeroporto de Congonhas econ\u00f4mico: Saia do aeroporto e procure pela passarela de pedestres. Ao lado dela h\u00e1 um ponto de \u00f4nibus. N\u00e3o atravesse a &hellip; <a href=\"https:\/\/saopaulo.wordcamp.org\/2015\/guia-de-sobrevivencia\/\">Continue lendo <span class=\"assistive-text\">Guia de Sobreviv\u00eancia<\/span>  <span class=\"meta-nav\">&rarr;<\/span><\/a><\/p>\n","protected":false},"author":6038041,"featured_media":0,"parent":0,"menu_order":0,"comment_status":"closed","ping_status":"closed","template":"","meta":{"jetpack_post_was_ever_published":false,"footnotes":""},"class_list":["post-66","page","type-page","status-publish","hentry"],"jetpack_sharing_enabled":true,"jetpack_shortlink":"https:\/\/wp.me\/P6iMjW-14","jetpack_likes_enabled":true,"_links":{"self":[{"href":"https:\/\/saopaulo.wordcamp.org\/2015\/wp-json\/wp\/v2\/pages\/66","targetHints":{"allow":["GET"]}}],"collection":[{"href":"https:\/\/saopaulo.wordcamp.org\/2015\/wp-json\/wp\/v2\/pages"}],"about":[{"href":"https:\/\/saopaulo.wordcamp.org\/2015\/wp-json\/wp\/v2\/types\/page"}],"author":[{"embeddable":true,"href":"https:\/\/saopaulo.wordcamp.org\/2015\/wp-json\/wp\/v2\/users\/6038041"}],"replies":[{"embeddable":true,"href":"https:\/\/saopaulo.wordcamp.org\/2015\/wp-json\/wp\/v2\/comments?post=66"}],"version-history":[{"count":4,"href":"https:\/\/saopaulo.wordcamp.org\/2015\/wp-json\/wp\/v2\/pages\/66\/revisions"}],"predecessor-version":[{"id":13909,"href":"https:\/\/saopaulo.wordcamp.org\/2015\/wp-json\/wp\/v2\/pages\/66\/revisions\/13909"}],"wp:attachment":[{"href":"https:\/\/saopaulo.wordcamp.org\/2015\/wp-json\/wp\/v2\/media?parent=66"}],"curies":[{"name":"wp","href":"https:\/\/api.w.org\/{rel}","templated":true}]}}