{"id":119,"date":"2016-10-29T20:31:17","date_gmt":"2016-10-29T22:31:17","guid":{"rendered":"http:\/\/2016.saopaulo.wordcamp.org\/?page_id=119"},"modified":"2016-11-26T18:54:43","modified_gmt":"2016-11-26T20:54:43","slug":"guia-de-sobrevivencia","status":"publish","type":"page","link":"https:\/\/saopaulo.wordcamp.org\/2016\/guia-de-sobrevivencia\/","title":{"rendered":"Guia de sobreviv\u00eancia"},"content":{"rendered":"<h2>Localiza\u00e7\u00e3o<\/h2>\n<p>UNICID \u2013 Universidade Cidade de S\u00e3o Paulo\u00a0\u2013 Campus Tatuap\u00e9<br \/>\nRua Ces\u00e1rio Galeno, 448\/475, Tatuap\u00e9 \u2013 S\u00e3o Paulo \u2013 SP<\/p>\n<div class=\"googlemaps\">\n\t\t\t\t<iframe loading=\"lazy\" width=\"425\" height=\"350\" frameborder=\"0\" scrolling=\"no\" marginheight=\"0\" marginwidth=\"0\"  src=\"https:\/\/www.google.com\/maps\/d\/embed?mid=1Cu85YQJcHZoRFcTOzc0Vq_tMnrw&#038;ie=UTF8&#038;t=m&#038;ll=-23.53607,\"><\/iframe>\n\t\t\t<\/div>\n<h2>Estacionamento<\/h2>\n<p><strong>Work Park<br \/>\n<\/strong>Rua Hon\u00f3rio Maia, 280 &#8211; Vila Maranh\u00e3o<br \/>\n(11) 2178-1349<\/p>\n<p>R$ 10 a di\u00e1ria<\/p>\n<h2>Como chegar<\/h2>\n<h3>Do aeroporto de Congonhas<\/h3>\n<p><strong>Econ\u00f4mico:<\/strong> Saia do aeroporto e procure pela passarela de pedestres. Ao lado dela h\u00e1 um ponto de \u00f4nibus. N\u00e3o atravesse a passarela. Deste mesmo lado, pegue o \u00f4nibus 5611-10 P\u00e7a. Jo\u00e3o Mendes. Des\u00e7a no ponto final e caminhe at\u00e9 a Esta\u00e7\u00e3o S\u00e9 do metr\u00f4. Pegue a linha vermelha do metr\u00f4 sentido Corinthians-Itaquera e des\u00e7a na esta\u00e7\u00e3o Carr\u00e3o. Pegue a sa\u00edda para a Rua Melo Peixoto e caminhe no sentido leste at\u00e9 a rua da UNICID (<a href=\"https:\/\/www.google.com.br\/maps\/dir\/Esta%C3%A7%C3%A3o+Carr%C3%A3o,+S%C3%A3o+Paulo+-+SP\/Universidade+Cidade+de+S%C3%A3o+Paulo+-+UNICID+-+R.+Ces%C3%A1rio+Galero,+448%2F475+-+Tatuap%C3%A9,+S%C3%A3o+Paulo+-+SP,+03071-000\/@-23.536666,-46.5638115,17z\/am=t\/data=!4m14!4m13!1m5!1m1!1s0x94ce5eee05b03d6b:0xec2e903a6bdc1df7!2m2!1d-46.5647056!2d-23.537668!1m5!1m1!1s0x94ce5ef15275770f:0xfc42f6294fa0f613!2m2!1d-46.5594631!2d-23.5360771!3e3\" target=\"_blank\">veja mapa da caminhada<\/a>).Passagem em S\u00e3o Paulo est\u00e1 em R$ 3,80, metr\u00f4s e \u00f4nibus.<\/p>\n<p><strong>Conforto:<\/strong><\/p>\n<ul>\n<li>T\u00e1xi &#8211; aproximadamente R$ 75,00<\/li>\n<li>Uber &#8211; aproximadamente R$ 60,00<\/li>\n<\/ul>\n<h3>Do aeroporto de Guarulhos<\/h3>\n<p><strong>Econ\u00f4mico:<\/strong> No terminal norte, procure pelo \u00f4nibus da <a href=\"http:\/\/www.emtu.sp.gov.br\/emtu\/itinerarios-e-tarifas\/encontre-uma-linha\/airport-bus-service.fss\" target=\"_blank\">Airport Bus Service<\/a> que vai para o metr\u00f4 Tatuap\u00e9. A passagem custa R$5,55. Ao descer na esta\u00e7\u00e3o, pegue o metr\u00f4 sentido\u00a0Corinthians-Itaquera e des\u00e7a na esta\u00e7\u00e3o Carr\u00e3o (esta\u00e7\u00e3o seguinte). Pegue a sa\u00edda para a Rua Melo Peixoto e caminhe no sentido leste at\u00e9 a rua da UNICID (<a href=\"https:\/\/www.google.com.br\/maps\/dir\/Esta%C3%A7%C3%A3o+Carr%C3%A3o,+S%C3%A3o+Paulo+-+SP\/Universidade+Cidade+de+S%C3%A3o+Paulo+-+UNICID+-+R.+Ces%C3%A1rio+Galero,+448%2F475+-+Tatuap%C3%A9,+S%C3%A3o+Paulo+-+SP,+03071-000\/@-23.536666,-46.5638115,17z\/am=t\/data=!4m14!4m13!1m5!1m1!1s0x94ce5eee05b03d6b:0xec2e903a6bdc1df7!2m2!1d-46.5647056!2d-23.537668!1m5!1m1!1s0x94ce5ef15275770f:0xfc42f6294fa0f613!2m2!1d-46.5594631!2d-23.5360771!3e3\" target=\"_blank\">veja mapa da caminhada<\/a>).<\/p>\n<p><strong>Conforto:<\/strong><\/p>\n<ul>\n<li>T\u00e1xi &#8211; aproximadamente R$65<\/li>\n<li>Uber &#8211; aproximadamente R$ 40<\/li>\n<\/ul>\n<h3>Da rodovi\u00e1ria do Tiet\u00ea<\/h3>\n<p><strong>Econ\u00f4mico:<\/strong> Pegue o metr\u00f4 sentido Jabaquara e des\u00e7a na esta\u00e7\u00e3o S\u00e9. Troque de trem e pegue a linha vermelha sentido Corinthians-Itaquera\u00a0e des\u00e7a na esta\u00e7\u00e3o Carr\u00e3o. A passagem de metr\u00f4 custa R$ 3,80. Caminhe at\u00e9 a UNICID (<a href=\"https:\/\/www.google.com.br\/maps\/dir\/Esta%C3%A7%C3%A3o+Carr%C3%A3o,+S%C3%A3o+Paulo+-+SP\/Universidade+Cidade+de+S%C3%A3o+Paulo+-+UNICID+-+R.+Ces%C3%A1rio+Galero,+448%2F475+-+Tatuap%C3%A9,+S%C3%A3o+Paulo+-+SP,+03071-000\/@-23.536666,-46.5638115,17z\/am=t\/data=!4m14!4m13!1m5!1m1!1s0x94ce5eee05b03d6b:0xec2e903a6bdc1df7!2m2!1d-46.5647056!2d-23.537668!1m5!1m1!1s0x94ce5ef15275770f:0xfc42f6294fa0f613!2m2!1d-46.5594631!2d-23.5360771!3e3\" target=\"_blank\">veja mapa da caminhada<\/a>).<\/p>\n<p><strong>Conforto:<\/strong><\/p>\n<ul>\n<li>T\u00e1xi &#8211; aproximadamente R$\u00a040<\/li>\n<li>Uber &#8211; aproximadamente R$ 30<\/li>\n<\/ul>\n<h3>Da rodovi\u00e1ria da Barra Funda<\/h3>\n<p>Pegue o metr\u00f4 sentido Itaquera e des\u00e7a na esta\u00e7\u00e3o Carr\u00e3o. A passagem de metr\u00f4 custa R$ 3,80. Caminhe at\u00e9 a UNICID (<a href=\"https:\/\/www.google.com.br\/maps\/dir\/Esta%C3%A7%C3%A3o+Carr%C3%A3o,+S%C3%A3o+Paulo+-+SP\/Universidade+Cidade+de+S%C3%A3o+Paulo+-+UNICID+-+R.+Ces%C3%A1rio+Galero,+448%2F475+-+Tatuap%C3%A9,+S%C3%A3o+Paulo+-+SP,+03071-000\/@-23.536666,-46.5638115,17z\/am=t\/data=!4m14!4m13!1m5!1m1!1s0x94ce5eee05b03d6b:0xec2e903a6bdc1df7!2m2!1d-46.5647056!2d-23.537668!1m5!1m1!1s0x94ce5ef15275770f:0xfc42f6294fa0f613!2m2!1d-46.5594631!2d-23.5360771!3e3\" target=\"_blank\">veja mapa da caminhada<\/a>).<\/p>\n<p><strong>Conforto:<\/strong><\/p>\n<ul>\n<li>T\u00e1xi &#8211; aproximadamente R$\u00a060<\/li>\n<li>Uber &#8211; aproximadamente R$\u00a040<\/li>\n<\/ul>\n<h2>Onde se hospedar<\/h2>\n<h3>Hot\u00e9is<\/h3>\n<p>O evento acontece na regi\u00e3o leste de S\u00e3o Paulo, por\u00e9m ao lado do metr\u00f4, com f\u00e1cil acesso \u00e0 regi\u00e3o central da cidade\u00a0onde se concentram muitos hot\u00e9is.<\/p>\n<p>Algumas op\u00e7\u00f5es giram em torno de R$ 120,00 a R$ 400,00 a di\u00e1ria. Uma das op\u00e7\u00f5es mais procurada nos eventos pelo Brasil s\u00e3o os hot\u00e9is da rede Ibis, nela temos 3 categorias Ibis, Ibis Style e Ibis Budget (antiga rede Formule 1). A op\u00e7\u00e3o com o menor pre\u00e7o da rede \u00e9 a <a href=\"http:\/\/www.ibis.com\/gb\/hotel-5524-ibis-budget-sao-paulo-sao-joao\/index.shtml\">unidade S\u00e3o Jo\u00e3o<\/a> situada no centro de S\u00e3o Paulo numas das mais tradicionais avenidas de S\u00e3o Paulo.<\/p>\n<h4><strong>Ibis S\u00e3o Jo\u00e3o<\/strong><\/h4>\n<p>Av. S\u00e3o Jo\u00e3o, 1140<br \/>\nCentro<br \/>\n01036-100 &#8211; SAO PAULO<br \/>\nTel : 11 2878-6400<\/p>\n<p><strong>Ponto positivo<\/strong><\/p>\n<ul>\n<li>Custo<\/li>\n<\/ul>\n<p><strong>Ponto negativo<\/strong><\/p>\n<ul>\n<li>Seguran\u00e7a ( ruas pr\u00f3ximas ao hotel podem ser perigosas a noite)<\/li>\n<\/ul>\n<h4><strong>Ibis\u00a0Nove de Julho<\/strong><\/h4>\n<p><span class=\"_Xbe\">Av. Nove de Julho, 3597<br \/>\n<\/span><span class=\"_Xbe\">Jardins, S\u00e3o Paulo<br \/>\n01407-000<\/span><br \/>\nTel : <a class=\"fl r-i6Z14TWtyVTw\" title=\"Ligar pelo Hangouts\">11 3886-4600<\/a><\/p>\n<p><strong>Ponto positivo<\/strong><\/p>\n<ul>\n<li>Custo<\/li>\n<\/ul>\n<p><strong>Ponto negativo<\/strong><\/p>\n<ul>\n<li>Seguran\u00e7a ( ruas pr\u00f3ximas ao hotel podem ser perigosas a noite)<\/li>\n<\/ul>\n<h4><strong>Ibis Paulista<\/strong><\/h4>\n<p>Rua da Consola\u00e7\u00e3o, 2303<br \/>\nConsola\u00e7\u00e3o<br \/>\n01301-100 &#8211; SAO PAULO<br \/>\nTEL : 11 3123-7755<\/p>\n<p><strong>Ponto positivo<\/strong><\/p>\n<ul>\n<li>Localiza\u00e7\u00e3o pr\u00f3xima das regi\u00f5es mais badaladas de S\u00e3o Paulo<\/li>\n<\/ul>\n<p><strong>Ponto negativo<\/strong><\/p>\n<ul>\n<li>Para quem quer tranquilidade n\u00e3o \u00e9 a melhor op\u00e7\u00e3o<\/li>\n<\/ul>\n<h4><strong>Ibis Para\u00edso<br \/>\n<\/strong><\/h4>\n<p>Outra boa op\u00e7\u00e3o \u00e9 a <a href=\"http:\/\/www.ibis.com\/gb\/hotel-3531-ibis-budget-sao-paulo-paraiso\/index.shtml\">unidade do\u00a0Para\u00edso<\/a>, custa R$ 170,00, n\u00e3o fica pr\u00f3ximo ao evento mas fica ao lado de metr\u00f4 ajuda bastante na locomo\u00e7\u00e3o em S\u00e3o Paulo.<\/p>\n<p>Rua Vergueiro, 1571<br \/>\n04101-000 &#8211; SAO PAULO<br \/>\nTEL : 11 5085-5699<\/p>\n<p><strong>Pontos positivos<\/strong><\/p>\n<ul>\n<li>Localiza\u00e7\u00e3o pr\u00f3xima ao metr\u00f4<\/li>\n<li>Regi\u00e3o tranquila<\/li>\n<\/ul>\n<p><strong>Ponto negativo <\/strong><\/p>\n<ul>\n<li>Distante do evento<\/li>\n<\/ul>\n<h4>Tryp S\u00e3o Paulo Tatuap\u00e9<\/h4>\n<p>Uma op\u00e7\u00e3o para quem quer ficar pr\u00f3ximo do local do evento.<\/p>\n<p>Rua Serra de Jur\u00e9ia, 351,<br \/>\nCEP 03323-020,\u00a0S\u00e3o Paulo<br \/>\nTEL : <a class=\"fl r-im048HUAxp40\" title=\"Ligar pelo Hangouts\">11 2942-4900<\/a><\/p>\n<p><strong>Pontos positivos<\/strong><\/p>\n<ul>\n<li>Localiza\u00e7\u00e3o pr\u00f3xima ao evento<\/li>\n<li>Localiza\u00e7\u00e3o pr\u00f3xima ao metr\u00f4<\/li>\n<li>Pr\u00f3ximo aos shoppings Metr\u00f4 Tatuap\u00e9 e Boulevard Tatuap\u00e9<\/li>\n<li>Pr\u00f3ximo \u00e0 Pra\u00e7a Silvio Romero, point de bares e lanchonetes da regi\u00e3o leste de S\u00e3o Paulo<\/li>\n<\/ul>\n<p><strong>Pontos negativos<\/strong><\/p>\n<ul>\n<li>Custo<\/li>\n<li>Distante da regi\u00e3o central<\/li>\n<\/ul>\n<h3>Hostel<\/h3>\n<h4>Green Grass Hostel<\/h4>\n<p><a href=\"http:\/\/www.greengrasshostel.com\/\">http:\/\/www.greengrasshostel.com\/<\/a><\/p>\n<p>Rua Herval, 427 &#8211; Bel\u00e9m<br \/>\nCEP 03062000, S\u00e3o Paulo<br \/>\nTEL : <a class=\"fl r-im048HUAxp40\" title=\"Ligar pelo Hangouts\">11 2942-4900<\/a><\/p>\n<p><strong>Pontos positivos<\/strong><\/p>\n<ul>\n<li>Localiza\u00e7\u00e3o pr\u00f3xima ao evento (duas esta\u00e7\u00f5es do metr\u00f4)<\/li>\n<li>Custo<\/li>\n<\/ul>\n<p><strong>Pontos negativos<\/strong><\/p>\n<ul>\n<li>Distante da regi\u00e3o central<\/li>\n<\/ul>\n<h4>Hostel Jardim S\u00e3o Paulo<\/h4>\n<p><a href=\"http:\/\/www.hosteljardimsaopaulo.com.br\/\">http:\/\/www.hosteljardimsaopaulo.com.br\/<\/a><\/p>\n<p>Rua Visconde de Itabora\u00ed, 245 &#8211; Tatuap\u00e9<br \/>\nCEP 03308-050, S\u00e3o Paulo<br \/>\nTEL : <a class=\"fl r-im048HUAxp40\" title=\"Ligar pelo Hangouts\">11 2373-6140<\/a><\/p>\n<p><strong>Pontos positivos<\/strong><\/p>\n<ul>\n<li>Localiza\u00e7\u00e3o pr\u00f3xima ao evento<\/li>\n<li>Custo<\/li>\n<li>Pr\u00f3ximo aos shoppings Metr\u00f4 Tatuap\u00e9 e Boulevard Tatuap\u00e9<\/li>\n<li>Pr\u00f3ximo \u00e0 Pra\u00e7a Silvio Romero, point de bares e lanchonetes da regi\u00e3o leste de S\u00e3o Paulo<\/li>\n<\/ul>\n<p><strong>Pontos negativos<\/strong><\/p>\n<ul>\n<li>Distante da regi\u00e3o central<\/li>\n<\/ul>\n","protected":false},"excerpt":{"rendered":"<p>Localiza\u00e7\u00e3o UNICID \u2013 Universidade Cidade de S\u00e3o Paulo\u00a0\u2013 Campus Tatuap\u00e9 Rua Ces\u00e1rio Galeno, 448\/475, Tatuap\u00e9 \u2013 S\u00e3o Paulo \u2013 SP Estacionamento Work Park Rua Hon\u00f3rio Maia, 280 &#8211; Vila Maranh\u00e3o (11) 2178-1349 R$ 10 a di\u00e1ria Como chegar Do aeroporto &hellip; <a href=\"https:\/\/saopaulo.wordcamp.org\/2016\/guia-de-sobrevivencia\/\">Continue lendo <span class=\"assistive-text\">Guia de sobreviv\u00eancia<\/span>  <span class=\"meta-nav\">&rarr;<\/span><\/a><\/p>\n","protected":false},"author":6207869,"featured_media":455,"parent":0,"menu_order":0,"comment_status":"closed","ping_status":"closed","template":"","meta":{"jetpack_post_was_ever_published":false,"footnotes":""},"class_list":["post-119","page","type-page","status-publish","has-post-thumbnail","hentry"],"jetpack_sharing_enabled":true,"jetpack_shortlink":"https:\/\/wp.me\/P7Rl0g-1V","jetpack-related-posts":[],"jetpack_likes_enabled":true,"_links":{"self":[{"href":"https:\/\/saopaulo.wordcamp.org\/2016\/wp-json\/wp\/v2\/pages\/119","targetHints":{"allow":["GET"]}}],"collection":[{"href":"https:\/\/saopaulo.wordcamp.org\/2016\/wp-json\/wp\/v2\/pages"}],"about":[{"href":"https:\/\/saopaulo.wordcamp.org\/2016\/wp-json\/wp\/v2\/types\/page"}],"replies":[{"embeddable":true,"href":"https:\/\/saopaulo.wordcamp.org\/2016\/wp-json\/wp\/v2\/comments?post=119"}],"version-history":[{"count":14,"href":"https:\/\/saopaulo.wordcamp.org\/2016\/wp-json\/wp\/v2\/pages\/119\/revisions"}],"predecessor-version":[{"id":1605,"href":"https:\/\/saopaulo.wordcamp.org\/2016\/wp-json\/wp\/v2\/pages\/119\/revisions\/1605"}],"author":[{"embeddable":true,"href":"https:\/\/saopaulo.wordcamp.org\/2016\/wp-json\/wporg\/v1\/users\/claudiosanches"}],"wp:featuredmedia":[{"embeddable":true,"href":"https:\/\/saopaulo.wordcamp.org\/2016\/wp-json\/wp\/v2\/media\/455"}],"wp:attachment":[{"href":"https:\/\/saopaulo.wordcamp.org\/2016\/wp-json\/wp\/v2\/media?parent=119"}],"curies":[{"name":"wp","href":"https:\/\/api.w.org\/{rel}","templated":true}]}}