{"id":121,"date":"2016-10-29T20:36:38","date_gmt":"2016-10-29T22:36:38","guid":{"rendered":"http:\/\/2016.saopaulo.wordcamp.org\/?page_id=121"},"modified":"2016-11-02T11:18:02","modified_gmt":"2016-11-02T13:18:02","slug":"perguntas-frequentes","status":"publish","type":"page","link":"https:\/\/saopaulo.wordcamp.org\/2016\/guia-de-sobrevivencia\/perguntas-frequentes\/","title":{"rendered":"Perguntas frequentes"},"content":{"rendered":"<h2>Qual o local, data e hor\u00e1rio?<\/h2>\n<p>O WordCamp acontecer\u00e1 no dia 10\u00a0de dezembro de 2016, na UNICID &#8211; Universidade da Cidade de S\u00e3o Paulo, no <a href=\"https:\/\/www.google.com.br\/maps\/place\/Universidade+Cidade+de+S%C3%A3o+Paulo+-+UNICID\/@-23.5360771,-46.5616518,17z\/data=!3m1!4b1!4m5!3m4!1s0x94ce5ef15275770f:0xfc42f6294fa0f613!8m2!3d-23.5360771!4d-46.5594631?hl=pt-BR\">Campus Tatuap\u00e9, localizado na Rua Ces\u00e1rio Galeno, 448\/475, Tatuap\u00e9<\/a>. As atividades ter\u00e3o in\u00edcio \u00e0s 8h com t\u00e9rmino previsto para as 18h.<\/p>\n<h2>Quero ministrar uma palestra<\/h2>\n<p>Se voc\u00ea tem interesse em realizar uma palestra, apresenta\u00e7\u00e3o ou oficina, encaminhe sua proposta para a organiza\u00e7\u00e3o. O prazo \u00e9 dia <strong>13 de Novembro!<\/strong><\/p>\n<h2>Quero patrocinar o WordCamp S\u00e3o Paulo 2015<\/h2>\n<p>Leia a p\u00e1gina sobre <a title=\"Patroc\u00ednio\" href=\"https:\/\/2016.saopaulo.wordcamp.org\/patrocinio\/\">patroc\u00ednios<\/a> e entre em <a href=\"https:\/\/2016.saopaulo.wordcamp.org\/patrocinio\/\" target=\"_blank\">contato conosco<\/a>.<\/p>\n<h2>Por que est\u00e1 sendo cobrada a taxa de inscri\u00e7\u00e3o?<\/h2>\n<p>A inscri\u00e7\u00e3o que custa R$50,00 \u00e9 um valor simb\u00f3lico, e ser\u00e1 utilizada para cobrir o custo da alimenta\u00e7\u00e3o, brindes, dos impostos sobre o evento etc. O evento n\u00e3o possui fins lucrativos, e qualquer arrecada\u00e7\u00e3o excedente permanecer\u00e1 reservada para futuros WordCamps.<\/p>\n<h2>Como eu recebo o ingresso do evento e a minha camiseta?<\/h2>\n<p>Primeiramente tenha certeza de efetuar a sua <a title=\"Inscri\u00e7\u00f5es\" href=\"https:\/\/2016.saopaulo.wordcamp.org\/ingressos\/\" target=\"_blank\">inscri\u00e7\u00e3o<\/a>. Uma vez confirmado o pagamento, voc\u00ea poder\u00e1 retirar suas credenciais e camiseta no dia e local do evento junto ao balc\u00e3o de credenciamento.<\/p>\n<p>Para isto,<strong> n\u00e3o esque\u00e7a tamb\u00e9m de levar um documento oficial com foto<\/strong>.<\/p>\n<h2>O que est\u00e1 inclu\u00eddo na taxa de inscri\u00e7\u00e3o?<\/h2>\n<ul>\n<li style=\"text-align: justify\">Comparecimento irrestrito a todas as atividades, oficinas e palestras do evento, limitado pela lota\u00e7\u00e3o m\u00e1xima dos audit\u00f3rios e salas.<\/li>\n<li style=\"text-align: justify\">Alimenta\u00e7\u00e3o e brindes.<\/li>\n<\/ul>\n<h2>Fiz a inscri\u00e7\u00e3o e n\u00e3o recebi o email de confirma\u00e7\u00e3o. O que eu devo fazer?<\/h2>\n<p>Aguarde um pouco e verifique sua caixa de SPAM. Se voc\u00ea n\u00e3o receber em no m\u00e1ximo 30 minutos, entre em contato pelo email saopaulo<em>[arroba]wordcamp.org<\/em><\/p>\n<h2>Quem vai comparecer ao WordCamp?<\/h2>\n<p>WordCamps s\u00e3o frequentados por uma variedade incr\u00edvel de pessoas, desde blogueiros iniciantes at\u00e9 desenvolvedores, gestores de conte\u00fado e consultores profissionais de WordPress. A abrang\u00eancia do p\u00fablico interessado reflete a diversidade do universo de pessoas envolvidas com o WordPress.<\/p>\n<p>Mas se ainda assim voc\u00ea estiver curioso, voc\u00ea pode conferir a <a href=\"https:\/\/2016.saopaulo.wordcamp.org\/participantes\/\" target=\"_blank\">lista de inscritos<\/a> aqui e de <a href=\"https:\/\/2016.saopaulo.wordcamp.org\/programacao\/\" target=\"_blank\">palestrantes<\/a>.<\/p>\n<h2>\u00c9 permitido filmar, fotografar e fazer coberturas paralelas?<\/h2>\n<p>Sim! Leve sua m\u00e1quina fotogr\u00e1fica, filmadora e fique \u00e0 vontade. N\u00e3o esque\u00e7a de compartilhar o material depois usando a hastag do evento <strong>#WordCampSP<\/strong>!<\/p>\n<p>Se voc\u00ea quiser fazer algum trabalho mais elaborado no evento, n\u00e3o esque\u00e7a de trocar uma ideia com a gente pelo e-mail saopaulo<em>[arroba]wordcamp.org<\/em>.<\/p>\n<h2>Como fa\u00e7o pra chegar na UNICID Tatuap\u00e9?<\/h2>\n<p>Muito f\u00e1cil! Consulte nosso &#8220;<a title=\"Guia de Sobreviv\u00eancia\" href=\"http:\/\/2016.saopaulo.wordcamp.org\/guia-de-sobrevivencia\/\" target=\"_blank\">Guia de Sobreviv\u00eancia<\/a>&#8220;.<\/p>\n<h2>O que eu devo levar ao WordCamp?<\/h2>\n<ul>\n<li>Documento de identifica\u00e7\u00e3o com foto, para fins de credenciamento.<\/li>\n<li>Seu notebook\u00a0ou tablet carregado &#8212; pode ser dif\u00edcil encontrar uma tomada livre, por isso leve tamb\u00e9m um adaptador para compartilhar.<\/li>\n<li>C\u00e2meras fotogr\u00e1ficas, filmadoras &#8212; \u00e9 permitido filmar, fotografar e gravar.<\/li>\n<li>Cart\u00f5es de visita &#8212; as pessoas ainda gostam deles.<\/li>\n<li>Imprima a programa\u00e7\u00e3o&#8230; e se programe.<\/li>\n<\/ul>\n<h2>Qual \u00e9 a hashtag oficial do evento?<\/h2>\n<p><strong>#WordCampSP<\/strong>! Use e abuse no Twitter e Facebook.<\/p>\n<h2>Quantos participantes s\u00e3o esperados?<\/h2>\n<p>O WordCamp S\u00e3o Paulo est\u00e1 sendo estruturado para um p\u00fablico de 700\u00a0a 750\u00a0pessoas.<\/p>\n<h2>Como retiro o certificado de participa\u00e7\u00e3o?<\/h2>\n<p>Os certificados ser\u00e3o disponibilizados online. Fique de olho aqui <a title=\"Link para Blog do WordCamp 2014\" href=\"https:\/\/2016.saopaulo.wordcamp.org\/\" target=\"_blank\">neste site<\/a>\u00a0e na na <a title=\"facebook\/WordCampSaoPaulo\" href=\"https:\/\/www.facebook.com\/WordCampSaoPaulo\" target=\"_blank\">p\u00e1gina do evento no Facebook<\/a>.<\/p>\n<h2>Tenho uma d\u00favida que n\u00e3o est\u00e1 aqui. Como fa\u00e7o?<\/h2>\n<p>Envie um e-mail para saopaulo<em>[arroba]wordcamp.org<\/em>. Se a d\u00favida for relevante, adicionaremos aqui. \ud83d\ude42<\/p>\n","protected":false},"excerpt":{"rendered":"<p>Qual o local, data e hor\u00e1rio? O WordCamp acontecer\u00e1 no dia 10\u00a0de dezembro de 2016, na UNICID &#8211; Universidade da Cidade de S\u00e3o Paulo, no Campus Tatuap\u00e9, localizado na Rua Ces\u00e1rio Galeno, 448\/475, Tatuap\u00e9. As atividades ter\u00e3o in\u00edcio \u00e0s 8h &hellip; <a href=\"https:\/\/saopaulo.wordcamp.org\/2016\/guia-de-sobrevivencia\/perguntas-frequentes\/\">Continue lendo <span class=\"assistive-text\">Perguntas frequentes<\/span>  <span class=\"meta-nav\">&rarr;<\/span><\/a><\/p>\n","protected":false},"author":6207869,"featured_media":455,"parent":119,"menu_order":0,"comment_status":"closed","ping_status":"closed","template":"","meta":{"jetpack_post_was_ever_published":false,"footnotes":""},"class_list":["post-121","page","type-page","status-publish","has-post-thumbnail","hentry"],"jetpack_sharing_enabled":true,"jetpack_shortlink":"https:\/\/wp.me\/P7Rl0g-1X","jetpack-related-posts":[],"jetpack_likes_enabled":true,"_links":{"self":[{"href":"https:\/\/saopaulo.wordcamp.org\/2016\/wp-json\/wp\/v2\/pages\/121","targetHints":{"allow":["GET"]}}],"collection":[{"href":"https:\/\/saopaulo.wordcamp.org\/2016\/wp-json\/wp\/v2\/pages"}],"about":[{"href":"https:\/\/saopaulo.wordcamp.org\/2016\/wp-json\/wp\/v2\/types\/page"}],"replies":[{"embeddable":true,"href":"https:\/\/saopaulo.wordcamp.org\/2016\/wp-json\/wp\/v2\/comments?post=121"}],"version-history":[{"count":8,"href":"https:\/\/saopaulo.wordcamp.org\/2016\/wp-json\/wp\/v2\/pages\/121\/revisions"}],"predecessor-version":[{"id":483,"href":"https:\/\/saopaulo.wordcamp.org\/2016\/wp-json\/wp\/v2\/pages\/121\/revisions\/483"}],"up":[{"embeddable":true,"href":"https:\/\/saopaulo.wordcamp.org\/2016\/wp-json\/wp\/v2\/pages\/119"}],"author":[{"embeddable":true,"href":"https:\/\/saopaulo.wordcamp.org\/2016\/wp-json\/wporg\/v1\/users\/claudiosanches"}],"wp:featuredmedia":[{"embeddable":true,"href":"https:\/\/saopaulo.wordcamp.org\/2016\/wp-json\/wp\/v2\/media\/455"}],"wp:attachment":[{"href":"https:\/\/saopaulo.wordcamp.org\/2016\/wp-json\/wp\/v2\/media?parent=121"}],"curies":[{"name":"wp","href":"https:\/\/api.w.org\/{rel}","templated":true}]}}