{"id":94,"date":"2016-10-29T20:09:13","date_gmt":"2016-10-29T22:09:13","guid":{"rendered":"http:\/\/2016.saopaulo.wordcamp.org\/?page_id=94"},"modified":"2016-11-02T11:18:41","modified_gmt":"2016-11-02T13:18:41","slug":"organizadores","status":"publish","type":"page","link":"https:\/\/saopaulo.wordcamp.org\/2016\/organizadores\/","title":{"rendered":"Organizadores"},"content":{"rendered":"<p>Aqui est\u00e3o alguns dos incr\u00edveis colaboradores que est\u00e3o dedicando seu valioso tempo para fazer do <strong>WordCamp S\u00e3o Paulo 2016<\/strong> um evento sensacional.<\/p>\n<p>D\u00ea uma olhadinha, voc\u00ea vai encontrar pessoas muito interessantes nessa lista para conversar no dia do evento!<\/p>\n\t<div class=\"wcorg-organizers\">\n\n\t\t\n\t\t\t<div class=\"wcorg-organizer\">\n\t\t\t\t<h2>Rafael Funchal<\/h2>\n\t\t\t\t<div class=\"wcorg-organizer-description\">\n\t\t\t\t\t\t\t\t\t\t<img alt='' src='https:\/\/secure.gravatar.com\/avatar\/f11628da9cf1003b290583f04edc6e9a6c2ae879cedfe30d51375822cccc017c?s=100&#038;d=mm&#038;r=g' srcset='https:\/\/secure.gravatar.com\/avatar\/f11628da9cf1003b290583f04edc6e9a6c2ae879cedfe30d51375822cccc017c?s=200&#038;d=mm&#038;r=g 2x' class='avatar avatar-100 photo' height='100' width='100' \/>\t\t\t\t\t<p>Web Developer, Publicit\u00e1rio e m\u00fasico nas horas vagas. Desenvolve com WordPress desde 2009, \u00e9 um dos administradores do grupo WordPress Brasil no Facebook, um dos organizadores dos meetups S\u00e3o Paulo e Happiness Engineer no WordPress.com.<\/p>\n\t\t\t\t<\/div>\n\t\t\t<\/div>\n\n\t\t\n\t\t\t<div class=\"wcorg-organizer\">\n\t\t\t\t<h2>Leo Baiano<\/h2>\n\t\t\t\t<div class=\"wcorg-organizer-description\">\n\t\t\t\t\t\t\t\t\t\t<img alt='' src='https:\/\/secure.gravatar.com\/avatar\/7b21aae922d322c886765765d74a4181eb71106e6cb2377cd38c13bded206392?s=100&#038;d=mm&#038;r=g' srcset='https:\/\/secure.gravatar.com\/avatar\/7b21aae922d322c886765765d74a4181eb71106e6cb2377cd38c13bded206392?s=200&#038;d=mm&#038;r=g 2x' class='avatar avatar-100 photo' height='100' width='100' \/>\t\t\t\t\t<p>Leo Baiano trabalha com desenvolvimento web h\u00e1 16 anos, come\u00e7ou a trabalhar com WordPress em 2007 e n\u00e3o parou nunca mais, foi amor a primeira vista!\u00a0Atualmente \u00e9 programador senior na Editora 3 e contribui com a comunidade WP atrav\u00e9s do desenvolvimento de plugins gratuitos, do f\u00f3rum oficial e ajudando pessoas em listas de discuss\u00e3o e grupos do Facebook. Nas horas vagas gosta de brincar, jogar v\u00eddeo game e conhecer pessoas, quer tc?<\/p>\n\t\t\t\t<\/div>\n\t\t\t<\/div>\n\n\t\t\n\t\t\t<div class=\"wcorg-organizer\">\n\t\t\t\t<h2>Allyson Souza<\/h2>\n\t\t\t\t<div class=\"wcorg-organizer-description\">\n\t\t\t\t\t\t\t\t\t\t<img alt='' src='https:\/\/secure.gravatar.com\/avatar\/2390e8368b3a4667c5213a889fb4cc40ce5a3d5c6080aeb6e7cdbbe41ca5ffdb?s=100&#038;d=mm&#038;r=g' srcset='https:\/\/secure.gravatar.com\/avatar\/2390e8368b3a4667c5213a889fb4cc40ce5a3d5c6080aeb6e7cdbbe41ca5ffdb?s=200&#038;d=mm&#038;r=g 2x' class='avatar avatar-100 photo' height='100' width='100' \/>\t\t\t\t\t<p>Tecn\u00f3logo em Jogos Digitais pela FATEC S\u00e3o Caetano do Sul, \u00e9 Designer e Programador. Co-fundador da <a title=\"Haste Design\" href=\"http:\/\/www.hastedesign.com.br\" target=\"_blank\" rel=\"nofollow\">Haste Design<\/a>, est\u00fadio que desenvolve projetos diversos de design e web. Desenvolve com WordPress h\u00e1 cerca de 3 anos. Organiza os meetups da comunidade WP S\u00e3o Paulo e busca sempre que poss\u00edvel contribuir com a comunidade.<\/p>\n\t\t\t\t<\/div>\n\t\t\t<\/div>\n\n\t\t\n\t\t\t<div class=\"wcorg-organizer\">\n\t\t\t\t<h2>Anyssa Ferreira<\/h2>\n\t\t\t\t<div class=\"wcorg-organizer-description\">\n\t\t\t\t\t\t\t\t\t\t<img alt='' src='https:\/\/secure.gravatar.com\/avatar\/d44ccff4ae37e9720e532e658ea76b0b18fbcc5eb08ec2db9c7e10461cf4c4d9?s=100&#038;d=mm&#038;r=g' srcset='https:\/\/secure.gravatar.com\/avatar\/d44ccff4ae37e9720e532e658ea76b0b18fbcc5eb08ec2db9c7e10461cf4c4d9?s=200&#038;d=mm&#038;r=g 2x' class='avatar avatar-100 photo' height='100' width='100' \/>\t\t\t\t\t<p>Bacharela em Comunica\u00e7\u00e3o Visual \/ Design Gr\u00e1fico pelo Centro Universit\u00e1rio SENAC, desenvolvedora Front-End, trabalha com Web desde 2007 e com WordPress desde 2008. S\u00f3cia na <a title=\"Haste Design\" href=\"http:\/\/www.hastedesign.com.br\/\" target=\"_blank\" rel=\"nofollow\">Haste Design<\/a> onde h\u00e1 6 anos desenvolve projetos de design, web, v\u00eddeo e games. Professora de cursos livres de design no SENAC. Contribui com a comunidade nos f\u00f3runs, tradu\u00e7\u00f5es, Meetups e WordCamps.<\/p>\n\t\t\t\t<\/div>\n\t\t\t<\/div>\n\n\t\t\n\t\t\t<div class=\"wcorg-organizer\">\n\t\t\t\t<h2>Claudio Sanches<\/h2>\n\t\t\t\t<div class=\"wcorg-organizer-description\">\n\t\t\t\t\t\t\t\t\t\t<img alt='' src='https:\/\/secure.gravatar.com\/avatar\/ac91c7d73bb4501567ab3790755bf001d53dac8d1f4311a2480a5fb62dfb180c?s=100&#038;d=mm&#038;r=g' srcset='https:\/\/secure.gravatar.com\/avatar\/ac91c7d73bb4501567ab3790755bf001d53dac8d1f4311a2480a5fb62dfb180c?s=200&#038;d=mm&#038;r=g 2x' class='avatar avatar-100 photo' height='100' width='100' \/>\t\t\t\t\t<p>Desenvolvedor de software, contribui hoje com diversos projetos open source envolvendo WordPress, possuindo mais de 40 plugins no reposit\u00f3rio oficial do WordPress, al\u00e9m de contribuir com a tradu\u00e7\u00e3o e o f\u00f3rum brasileiro do WordPress e trabalha na Automattic (empresa por atr\u00e1s do WordPress.com) com o WooCommerce.<\/p>\n\t\t\t\t<\/div>\n\t\t\t<\/div>\n\n\t\t\n\t<\/div><!-- .wcorg-organizers -->\n\t\n","protected":false},"excerpt":{"rendered":"<p>Aqui est\u00e3o alguns dos incr\u00edveis colaboradores que est\u00e3o dedicando seu valioso tempo para fazer do WordCamp S\u00e3o Paulo 2016 um evento sensacional. D\u00ea uma olhadinha, voc\u00ea vai encontrar pessoas muito interessantes nessa lista para conversar no dia do evento!<\/p>\n","protected":false},"author":6207869,"featured_media":455,"parent":0,"menu_order":0,"comment_status":"closed","ping_status":"closed","template":"","meta":{"jetpack_post_was_ever_published":false,"footnotes":""},"class_list":["post-94","page","type-page","status-publish","has-post-thumbnail","hentry"],"jetpack_sharing_enabled":true,"jetpack_shortlink":"https:\/\/wp.me\/P7Rl0g-1w","jetpack-related-posts":[],"jetpack_likes_enabled":true,"_links":{"self":[{"href":"https:\/\/saopaulo.wordcamp.org\/2016\/wp-json\/wp\/v2\/pages\/94","targetHints":{"allow":["GET"]}}],"collection":[{"href":"https:\/\/saopaulo.wordcamp.org\/2016\/wp-json\/wp\/v2\/pages"}],"about":[{"href":"https:\/\/saopaulo.wordcamp.org\/2016\/wp-json\/wp\/v2\/types\/page"}],"replies":[{"embeddable":true,"href":"https:\/\/saopaulo.wordcamp.org\/2016\/wp-json\/wp\/v2\/comments?post=94"}],"version-history":[{"count":2,"href":"https:\/\/saopaulo.wordcamp.org\/2016\/wp-json\/wp\/v2\/pages\/94\/revisions"}],"predecessor-version":[{"id":174,"href":"https:\/\/saopaulo.wordcamp.org\/2016\/wp-json\/wp\/v2\/pages\/94\/revisions\/174"}],"author":[{"embeddable":true,"href":"https:\/\/saopaulo.wordcamp.org\/2016\/wp-json\/wporg\/v1\/users\/claudiosanches"}],"wp:featuredmedia":[{"embeddable":true,"href":"https:\/\/saopaulo.wordcamp.org\/2016\/wp-json\/wp\/v2\/media\/455"}],"wp:attachment":[{"href":"https:\/\/saopaulo.wordcamp.org\/2016\/wp-json\/wp\/v2\/media?parent=94"}],"curies":[{"name":"wp","href":"https:\/\/api.w.org\/{rel}","templated":true}]}}