{"id":96,"date":"2016-10-29T20:13:30","date_gmt":"2016-10-29T22:13:30","guid":{"rendered":"http:\/\/2016.saopaulo.wordcamp.org\/?page_id=96"},"modified":"2016-11-26T16:31:57","modified_gmt":"2016-11-26T18:31:57","slug":"press-release","status":"publish","type":"page","link":"https:\/\/saopaulo.wordcamp.org\/2016\/press-release\/","title":{"rendered":"Press release"},"content":{"rendered":"<h2>WordCamp S\u00e3o Paulo ser\u00e1 o maior j\u00e1 sediado no Brasil<\/h2>\n<div id=\"attachment_202\" style=\"width: 340px\" class=\"wp-caption alignright\"><img data-recalc-dims=\"1\" loading=\"lazy\" decoding=\"async\" aria-describedby=\"caption-attachment-202\" data-attachment-id=\"202\" data-permalink=\"https:\/\/saopaulo.wordcamp.org\/2016\/press-release\/wordcampsp-2015-00053\/\" data-orig-file=\"https:\/\/i0.wp.com\/saopaulo.wordcamp.org\/2016\/files\/2016\/10\/WordCampSP-2015-00053.jpg?fit=723%2C482&amp;ssl=1\" data-orig-size=\"723,482\" data-comments-opened=\"1\" data-image-meta=\"{&quot;aperture&quot;:&quot;0&quot;,&quot;credit&quot;:&quot;&quot;,&quot;camera&quot;:&quot;&quot;,&quot;caption&quot;:&quot;&quot;,&quot;created_timestamp&quot;:&quot;0&quot;,&quot;copyright&quot;:&quot;&quot;,&quot;focal_length&quot;:&quot;0&quot;,&quot;iso&quot;:&quot;0&quot;,&quot;shutter_speed&quot;:&quot;0&quot;,&quot;title&quot;:&quot;&quot;,&quot;orientation&quot;:&quot;0&quot;}\" data-image-title=\"WordCampSP-2015-00053\" data-image-description=\"\" data-image-caption=\"&lt;p&gt;Encerramento do WordCamp S\u00e3o Paulo 2015, na PUC&lt;\/p&gt;\n\" data-medium-file=\"https:\/\/i0.wp.com\/saopaulo.wordcamp.org\/2016\/files\/2016\/10\/WordCampSP-2015-00053.jpg?fit=300%2C200&amp;ssl=1\" data-large-file=\"https:\/\/i0.wp.com\/saopaulo.wordcamp.org\/2016\/files\/2016\/10\/WordCampSP-2015-00053.jpg?fit=640%2C427&amp;ssl=1\" class=\"wp-image-202\" src=\"https:\/\/i0.wp.com\/2016.saopaulo.wordcamp.org\/files\/2016\/10\/WordCampSP-2015-00053-300x200.jpg?resize=330%2C220\" alt=\"Encerramento do WordCamp S\u00e3o Paulo 2015, na PUC\" width=\"330\" height=\"220\" srcset=\"https:\/\/i0.wp.com\/saopaulo.wordcamp.org\/2016\/files\/2016\/10\/WordCampSP-2015-00053.jpg?resize=300%2C200&amp;ssl=1 300w, https:\/\/i0.wp.com\/saopaulo.wordcamp.org\/2016\/files\/2016\/10\/WordCampSP-2015-00053.jpg?resize=450%2C300&amp;ssl=1 450w, https:\/\/i0.wp.com\/saopaulo.wordcamp.org\/2016\/files\/2016\/10\/WordCampSP-2015-00053.jpg?w=723&amp;ssl=1 723w\" sizes=\"auto, (max-width: 330px) 100vw, 330px\" \/><p id=\"caption-attachment-202\" class=\"wp-caption-text\">Encerramento do WordCamp S\u00e3o Paulo 2015, na PUC<\/p><\/div>\n<p>Os WordCamps s\u00e3o confer\u00eancias que buscam disseminar conhecimento sobre a plataforma WordPress. Criado em 2003 por <a href=\"https:\/\/ma.tt\/\">Matt Mullenweg<\/a>, o <a href=\"https:\/\/wordpress.org\/\">WordPress<\/a> \u00e9 hoje a\u00a0plataforma para cria\u00e7\u00e3o e gerenciamento de sites, CMS (<em>Content Management System <\/em>ou Sistema de Gerenciamento de Conte\u00fado), mais utilizado em todo o mundo.<\/p>\n<p>Nesta edi\u00e7\u00e3o do WordCamp S\u00e3o Paulo (a sua quinta), a confer\u00eancia ser\u00e1 o maior evento de WordPress j\u00e1 sediado no Brasil.\u00a0A <a href=\"http:\/\/2015.saopaulo.wordcamp.org\">edi\u00e7\u00e3o 2015<\/a> do evento reuniu cerca de 280\u00a0participantes, e a meta para este ano \u00e9 que haja 750 participantes no evento, esse n\u00famero coloca o\u00a0WordCamp S\u00e3o Paulo entre os 6\u00a0maiores do mundo, ao lado de edi\u00e7\u00f5es como a de <a href=\"http:\/\/london.wordcamp.org\">Londres<\/a>.<\/p>\n<p>O WordCamp S\u00e3o Paulo acontece no dia 10 de dezempro, a partir das 8h da manh\u00e3, e se estende at\u00e9 \u00e0s 18h, na\u00a0UNICID &#8211; Universidade Cidade de S\u00e3o Paulo, unidade Tatuap\u00e9, pr\u00f3ximo \u00e0 esta\u00e7\u00e3o Carr\u00e3o da linha vermelha, com f\u00e1cil acesso de diversas regi\u00f5es da cidade.<\/p>\n<h4>Fotos da edi\u00e7\u00e3o 2015<\/h4>\n<div class=\"tiled-gallery type-rectangular tiled-gallery-unresized\" data-original-width=\"640\" data-carousel-extra='{&quot;blog_id&quot;:731,&quot;permalink&quot;:&quot;https:\\\/\\\/saopaulo.wordcamp.org\\\/2016\\\/press-release\\\/&quot;,&quot;likes_blog_id&quot;:116146476}' itemscope itemtype=\"http:\/\/schema.org\/ImageGallery\" > <div class=\"gallery-row\" style=\"width: 640px; height: 292px;\" data-original-width=\"640\" data-original-height=\"292\" > <div class=\"gallery-group images-1\" style=\"width: 436px; height: 292px;\" data-original-width=\"436\" data-original-height=\"292\" > <div class=\"tiled-gallery-item tiled-gallery-item-large\" itemprop=\"associatedMedia\" itemscope itemtype=\"http:\/\/schema.org\/ImageObject\"> <a href=\"https:\/\/saopaulo.wordcamp.org\/2016\/press-release\/wordcampsp-2015-00050\/\" border=\"0\" itemprop=\"url\"> <meta itemprop=\"width\" content=\"432\"> <meta itemprop=\"height\" content=\"288\"> <img decoding=\"async\" class=\"\" data-attachment-id=\"206\" data-orig-file=\"https:\/\/saopaulo.wordcamp.org\/2016\/files\/2016\/10\/WordCampSP-2015-00050.jpg\" data-orig-size=\"660,440\" data-comments-opened=\"1\" data-image-meta=\"{&quot;aperture&quot;:&quot;0&quot;,&quot;credit&quot;:&quot;&quot;,&quot;camera&quot;:&quot;&quot;,&quot;caption&quot;:&quot;&quot;,&quot;created_timestamp&quot;:&quot;0&quot;,&quot;copyright&quot;:&quot;&quot;,&quot;focal_length&quot;:&quot;0&quot;,&quot;iso&quot;:&quot;0&quot;,&quot;shutter_speed&quot;:&quot;0&quot;,&quot;title&quot;:&quot;&quot;,&quot;orientation&quot;:&quot;0&quot;}\" data-image-title=\"WordCampSP-2015-00050\" data-image-description=\"\" data-medium-file=\"https:\/\/i0.wp.com\/saopaulo.wordcamp.org\/2016\/files\/2016\/10\/WordCampSP-2015-00050.jpg?fit=300%2C200&#038;ssl=1\" data-large-file=\"https:\/\/i0.wp.com\/saopaulo.wordcamp.org\/2016\/files\/2016\/10\/WordCampSP-2015-00050.jpg?fit=640%2C427&#038;ssl=1\" src=\"https:\/\/i0.wp.com\/saopaulo.wordcamp.org\/2016\/files\/2016\/10\/WordCampSP-2015-00050.jpg?w=432&#038;h=288&#038;ssl=1\" srcset=\"https:\/\/i0.wp.com\/saopaulo.wordcamp.org\/2016\/files\/2016\/10\/WordCampSP-2015-00050.jpg?w=660&amp;ssl=1 660w, https:\/\/i0.wp.com\/saopaulo.wordcamp.org\/2016\/files\/2016\/10\/WordCampSP-2015-00050.jpg?resize=300%2C200&amp;ssl=1 300w, https:\/\/i0.wp.com\/saopaulo.wordcamp.org\/2016\/files\/2016\/10\/WordCampSP-2015-00050.jpg?resize=450%2C300&amp;ssl=1 450w\" width=\"432\" height=\"288\" loading=\"lazy\" data-original-width=\"432\" data-original-height=\"288\" itemprop=\"http:\/\/schema.org\/image\" title=\"WordCampSP-2015-00050\" alt=\"WordCampSP-2015-00050\" style=\"width: 432px; height: 288px;\" \/> <\/a> <\/div> <\/div> <!-- close group --> <div class=\"gallery-group images-2\" style=\"width: 204px; height: 292px;\" data-original-width=\"204\" data-original-height=\"292\" > <div class=\"tiled-gallery-item tiled-gallery-item-small\" itemprop=\"associatedMedia\" itemscope itemtype=\"http:\/\/schema.org\/ImageObject\"> <a href=\"https:\/\/saopaulo.wordcamp.org\/2016\/press-release\/wordcampsp-2015-00009\/\" border=\"0\" itemprop=\"url\"> <meta itemprop=\"width\" content=\"200\"> <meta itemprop=\"height\" content=\"134\"> <img decoding=\"async\" class=\"\" data-attachment-id=\"205\" data-orig-file=\"https:\/\/saopaulo.wordcamp.org\/2016\/files\/2016\/10\/WordCampSP-2015-00009.jpg\" data-orig-size=\"660,440\" data-comments-opened=\"1\" data-image-meta=\"{&quot;aperture&quot;:&quot;0&quot;,&quot;credit&quot;:&quot;&quot;,&quot;camera&quot;:&quot;&quot;,&quot;caption&quot;:&quot;&quot;,&quot;created_timestamp&quot;:&quot;0&quot;,&quot;copyright&quot;:&quot;&quot;,&quot;focal_length&quot;:&quot;0&quot;,&quot;iso&quot;:&quot;0&quot;,&quot;shutter_speed&quot;:&quot;0&quot;,&quot;title&quot;:&quot;&quot;,&quot;orientation&quot;:&quot;0&quot;}\" data-image-title=\"WordCampSP-2015-00009\" data-image-description=\"\" data-medium-file=\"https:\/\/i0.wp.com\/saopaulo.wordcamp.org\/2016\/files\/2016\/10\/WordCampSP-2015-00009.jpg?fit=300%2C200&#038;ssl=1\" data-large-file=\"https:\/\/i0.wp.com\/saopaulo.wordcamp.org\/2016\/files\/2016\/10\/WordCampSP-2015-00009.jpg?fit=640%2C427&#038;ssl=1\" src=\"https:\/\/i0.wp.com\/saopaulo.wordcamp.org\/2016\/files\/2016\/10\/WordCampSP-2015-00009.jpg?w=200&#038;h=134&#038;ssl=1\" srcset=\"https:\/\/i0.wp.com\/saopaulo.wordcamp.org\/2016\/files\/2016\/10\/WordCampSP-2015-00009.jpg?w=660&amp;ssl=1 660w, https:\/\/i0.wp.com\/saopaulo.wordcamp.org\/2016\/files\/2016\/10\/WordCampSP-2015-00009.jpg?resize=300%2C200&amp;ssl=1 300w, https:\/\/i0.wp.com\/saopaulo.wordcamp.org\/2016\/files\/2016\/10\/WordCampSP-2015-00009.jpg?resize=450%2C300&amp;ssl=1 450w\" width=\"200\" height=\"134\" loading=\"lazy\" data-original-width=\"200\" data-original-height=\"134\" itemprop=\"http:\/\/schema.org\/image\" title=\"WordCampSP-2015-00009\" alt=\"WordCampSP-2015-00009\" style=\"width: 200px; height: 134px;\" \/> <\/a> <\/div> <div class=\"tiled-gallery-item tiled-gallery-item-small\" itemprop=\"associatedMedia\" itemscope itemtype=\"http:\/\/schema.org\/ImageObject\"> <a href=\"https:\/\/saopaulo.wordcamp.org\/2016\/press-release\/wcsp2015_0118\/\" border=\"0\" itemprop=\"url\"> <meta itemprop=\"width\" content=\"200\"> <meta itemprop=\"height\" content=\"150\"> <img decoding=\"async\" class=\"\" data-attachment-id=\"204\" data-orig-file=\"https:\/\/saopaulo.wordcamp.org\/2016\/files\/2016\/10\/WCSP2015_0118.jpg\" data-orig-size=\"640,480\" data-comments-opened=\"1\" data-image-meta=\"{&quot;aperture&quot;:&quot;0&quot;,&quot;credit&quot;:&quot;&quot;,&quot;camera&quot;:&quot;&quot;,&quot;caption&quot;:&quot;&quot;,&quot;created_timestamp&quot;:&quot;0&quot;,&quot;copyright&quot;:&quot;&quot;,&quot;focal_length&quot;:&quot;0&quot;,&quot;iso&quot;:&quot;0&quot;,&quot;shutter_speed&quot;:&quot;0&quot;,&quot;title&quot;:&quot;&quot;,&quot;orientation&quot;:&quot;0&quot;}\" data-image-title=\"WCSP2015_0118\" data-image-description=\"\" data-medium-file=\"https:\/\/i0.wp.com\/saopaulo.wordcamp.org\/2016\/files\/2016\/10\/WCSP2015_0118.jpg?fit=300%2C225&#038;ssl=1\" data-large-file=\"https:\/\/i0.wp.com\/saopaulo.wordcamp.org\/2016\/files\/2016\/10\/WCSP2015_0118.jpg?fit=640%2C480&#038;ssl=1\" src=\"https:\/\/i0.wp.com\/saopaulo.wordcamp.org\/2016\/files\/2016\/10\/WCSP2015_0118.jpg?w=200&#038;h=150&#038;ssl=1\" srcset=\"https:\/\/i0.wp.com\/saopaulo.wordcamp.org\/2016\/files\/2016\/10\/WCSP2015_0118.jpg?w=640&amp;ssl=1 640w, https:\/\/i0.wp.com\/saopaulo.wordcamp.org\/2016\/files\/2016\/10\/WCSP2015_0118.jpg?resize=300%2C225&amp;ssl=1 300w, https:\/\/i0.wp.com\/saopaulo.wordcamp.org\/2016\/files\/2016\/10\/WCSP2015_0118.jpg?resize=400%2C300&amp;ssl=1 400w\" width=\"200\" height=\"150\" loading=\"lazy\" data-original-width=\"200\" data-original-height=\"150\" itemprop=\"http:\/\/schema.org\/image\" title=\"WCSP2015_0118\" alt=\"WCSP2015_0118\" style=\"width: 200px; height: 150px;\" \/> <\/a> <\/div> <\/div> <!-- close group --> <\/div> <!-- close row --> <div class=\"gallery-row\" style=\"width: 640px; height: 227px;\" data-original-width=\"640\" data-original-height=\"227\" > <div class=\"gallery-group images-1\" style=\"width: 301px; height: 227px;\" data-original-width=\"301\" data-original-height=\"227\" > <div class=\"tiled-gallery-item tiled-gallery-item-large\" itemprop=\"associatedMedia\" itemscope itemtype=\"http:\/\/schema.org\/ImageObject\"> <a href=\"https:\/\/saopaulo.wordcamp.org\/2016\/press-release\/wcsp2015_0028\/\" border=\"0\" itemprop=\"url\"> <meta itemprop=\"width\" content=\"297\"> <meta itemprop=\"height\" content=\"223\"> <img decoding=\"async\" class=\"\" data-attachment-id=\"207\" data-orig-file=\"https:\/\/saopaulo.wordcamp.org\/2016\/files\/2016\/10\/WCSP2015_0028.jpg\" data-orig-size=\"640,480\" data-comments-opened=\"1\" data-image-meta=\"{&quot;aperture&quot;:&quot;0&quot;,&quot;credit&quot;:&quot;&quot;,&quot;camera&quot;:&quot;&quot;,&quot;caption&quot;:&quot;&quot;,&quot;created_timestamp&quot;:&quot;0&quot;,&quot;copyright&quot;:&quot;&quot;,&quot;focal_length&quot;:&quot;0&quot;,&quot;iso&quot;:&quot;0&quot;,&quot;shutter_speed&quot;:&quot;0&quot;,&quot;title&quot;:&quot;&quot;,&quot;orientation&quot;:&quot;0&quot;}\" data-image-title=\"WCSP2015_0028\" data-image-description=\"\" data-medium-file=\"https:\/\/i0.wp.com\/saopaulo.wordcamp.org\/2016\/files\/2016\/10\/WCSP2015_0028.jpg?fit=300%2C225&#038;ssl=1\" data-large-file=\"https:\/\/i0.wp.com\/saopaulo.wordcamp.org\/2016\/files\/2016\/10\/WCSP2015_0028.jpg?fit=640%2C480&#038;ssl=1\" src=\"https:\/\/i0.wp.com\/saopaulo.wordcamp.org\/2016\/files\/2016\/10\/WCSP2015_0028.jpg?w=297&#038;h=223&#038;ssl=1\" srcset=\"https:\/\/i0.wp.com\/saopaulo.wordcamp.org\/2016\/files\/2016\/10\/WCSP2015_0028.jpg?w=640&amp;ssl=1 640w, https:\/\/i0.wp.com\/saopaulo.wordcamp.org\/2016\/files\/2016\/10\/WCSP2015_0028.jpg?resize=300%2C225&amp;ssl=1 300w, https:\/\/i0.wp.com\/saopaulo.wordcamp.org\/2016\/files\/2016\/10\/WCSP2015_0028.jpg?resize=400%2C300&amp;ssl=1 400w\" width=\"297\" height=\"223\" loading=\"lazy\" data-original-width=\"297\" data-original-height=\"223\" itemprop=\"http:\/\/schema.org\/image\" title=\"WCSP2015_0028\" alt=\"Audit\u00f3rio principal do WordCamp S\u00e3o Paulo 2015\" style=\"width: 297px; height: 223px;\" \/> <\/a> <div class=\"tiled-gallery-caption\" itemprop=\"caption description\"> Audit\u00f3rio principal do WordCamp S\u00e3o Paulo 2015 <\/div> <\/div> <\/div> <!-- close group --> <div class=\"gallery-group images-1\" style=\"width: 339px; height: 227px;\" data-original-width=\"339\" data-original-height=\"227\" > <div class=\"tiled-gallery-item tiled-gallery-item-large\" itemprop=\"associatedMedia\" itemscope itemtype=\"http:\/\/schema.org\/ImageObject\"> <a href=\"https:\/\/saopaulo.wordcamp.org\/2016\/press-release\/wordcampsp-2015-00064\/\" border=\"0\" itemprop=\"url\"> <meta itemprop=\"width\" content=\"335\"> <meta itemprop=\"height\" content=\"223\"> <img decoding=\"async\" class=\"\" data-attachment-id=\"203\" data-orig-file=\"https:\/\/saopaulo.wordcamp.org\/2016\/files\/2016\/10\/WordCampSP-2015-00064.jpg\" data-orig-size=\"660,440\" data-comments-opened=\"1\" data-image-meta=\"{&quot;aperture&quot;:&quot;0&quot;,&quot;credit&quot;:&quot;&quot;,&quot;camera&quot;:&quot;&quot;,&quot;caption&quot;:&quot;&quot;,&quot;created_timestamp&quot;:&quot;0&quot;,&quot;copyright&quot;:&quot;&quot;,&quot;focal_length&quot;:&quot;0&quot;,&quot;iso&quot;:&quot;0&quot;,&quot;shutter_speed&quot;:&quot;0&quot;,&quot;title&quot;:&quot;&quot;,&quot;orientation&quot;:&quot;0&quot;}\" data-image-title=\"WordCampSP-2015-00064\" data-image-description=\"\" data-medium-file=\"https:\/\/i0.wp.com\/saopaulo.wordcamp.org\/2016\/files\/2016\/10\/WordCampSP-2015-00064.jpg?fit=300%2C200&#038;ssl=1\" data-large-file=\"https:\/\/i0.wp.com\/saopaulo.wordcamp.org\/2016\/files\/2016\/10\/WordCampSP-2015-00064.jpg?fit=640%2C427&#038;ssl=1\" src=\"https:\/\/i0.wp.com\/saopaulo.wordcamp.org\/2016\/files\/2016\/10\/WordCampSP-2015-00064.jpg?w=335&#038;h=223&#038;ssl=1\" srcset=\"https:\/\/i0.wp.com\/saopaulo.wordcamp.org\/2016\/files\/2016\/10\/WordCampSP-2015-00064.jpg?w=660&amp;ssl=1 660w, https:\/\/i0.wp.com\/saopaulo.wordcamp.org\/2016\/files\/2016\/10\/WordCampSP-2015-00064.jpg?resize=300%2C200&amp;ssl=1 300w, https:\/\/i0.wp.com\/saopaulo.wordcamp.org\/2016\/files\/2016\/10\/WordCampSP-2015-00064.jpg?resize=450%2C300&amp;ssl=1 450w\" width=\"335\" height=\"223\" loading=\"lazy\" data-original-width=\"335\" data-original-height=\"223\" itemprop=\"http:\/\/schema.org\/image\" title=\"WordCampSP-2015-00064\" alt=\"WordCampSP-2015-00064\" style=\"width: 335px; height: 223px;\" \/> <\/a> <\/div> <\/div> <!-- close group --> <\/div> <!-- close row --> <\/div>\n<p>Os WordCamps s\u00e3o eventos que apresentam as \u00faltimas novidades do universo WordPress, promovem o conhecimento e utiliza\u00e7\u00e3o da plataforma, al\u00e9m de propiciar um excelente <em>networking<\/em> para profissionais da \u00e1rea. O evento atrai um p\u00fablico diversificado, composto n\u00e3o apenas por programadores, mas por designers, publicit\u00e1rios, jornalistas, profissionais do marketing, estudantes e hobbistas.<\/p>\n<p>O evento \u00e9 organizado por volunt\u00e1rios, membros da comunidade WordPress de S\u00e3o Paulo, e n\u00e3o possui fins lucrativos, todo dinheiro arrecadado \u00e9 investido em benef\u00edcios e recursos para o evento. Os ingressos do evento custam R$ 50, e d\u00e3o direito ao participante assistir as palestras, camiseta do evento e brindes, al\u00e9m de certificado digital de participa\u00e7\u00e3o. Com um custo baixo, o WordCamp S\u00e3o Paulo se consolida como um dos eventos de tecnologia mais acess\u00edveis da cidade, uma oportunidade \u00fanica para aqueles\u00a0interessados em aprender mais sobre WordPress.<\/p>\n<h3>Detalhes do evento<\/h3>\n<p>WordCamp S\u00e3o Paulo 2016<br \/>\nDia 10 de Dezembro, das 8h \u00e0s 18h<br \/>\nUNICID &#8211; Universidade Cidade de S\u00e3o Paulo\u00a0\u2013 Campus Tatuap\u00e9<br \/>\nRua Ces\u00e1rio Galeno, 448\/475, Tatuap\u00e9 &#8211; S\u00e3o Paulo &#8211; SP<br \/>\nInscri\u00e7\u00f5es: R$ 50,00<br \/>\nSite:\u00a0<a href=\"https:\/\/2016.saopaulo.wordcamp.org\/\" target=\"_blank\">2016.saopaulo.wordcamp.org<br \/>\n<\/a>Facebook Oficial:\u00a0<a href=\"https:\/\/www.facebook.com\/WordCampSaoPaulo\">facebook.com\/WordCampSaoPaulo<\/a><br \/>\nTwitter Oficial:\u00a0<a href=\"https:\/\/twitter.com\/WPsampa\">twitter.com\/WPsampa<\/a><br \/>\nInforma\u00e7\u00f5es: <a href=\"https:\/\/2016.saopaulo.wordcamp.org\/contato\/\">entre em contato<\/a><\/p>\n<h3>Links para saber mais<\/h3>\n<p>WordCamp Central:\u00a0<a href=\"https:\/\/central.wordcamp.org\/\">https:\/\/central.wordcamp.org\/<br \/>\n<\/a>WordPress.org:\u00a0<a href=\"https:\/\/br.wordpress.org\/\">https:\/\/br.wordpress.org\/<\/a><\/p>\n<h3>Edi\u00e7\u00f5es anteriores<\/h3>\n<p>2012: <a href=\"https:\/\/2012.saopaulo.wordcamp.org\/\">https:\/\/2012.saopaulo.wordcamp.org\/<\/a><br \/>\n2013: <a href=\"https:\/\/2013.saopaulo.wordcamp.org\/\">https:\/\/2013.saopaulo.wordcamp.org\/<\/a><br \/>\n2014: <a href=\"https:\/\/2014.saopaulo.wordcamp.org\/\">https:\/\/2014.saopaulo.wordcamp.org\/<\/a><br \/>\n2015: <a href=\"https:\/\/2015.saopaulo.wordcamp.org\/\">https:\/\/2015.saopaulo.wordcamp.org\/<\/a><\/p>\n<p>&nbsp;<\/p>\n","protected":false},"excerpt":{"rendered":"<p>WordCamp S\u00e3o Paulo ser\u00e1 o maior j\u00e1 sediado no Brasil Os WordCamps s\u00e3o confer\u00eancias que buscam disseminar conhecimento sobre a plataforma WordPress. Criado em 2003 por Matt Mullenweg, o WordPress \u00e9 hoje a\u00a0plataforma para cria\u00e7\u00e3o e gerenciamento de sites, CMS &hellip; <a href=\"https:\/\/saopaulo.wordcamp.org\/2016\/press-release\/\">Continue lendo <span class=\"assistive-text\">Press release<\/span>  <span class=\"meta-nav\">&rarr;<\/span><\/a><\/p>\n","protected":false},"author":6207869,"featured_media":455,"parent":0,"menu_order":0,"comment_status":"closed","ping_status":"closed","template":"","meta":{"jetpack_post_was_ever_published":false,"footnotes":""},"class_list":["post-96","page","type-page","status-publish","has-post-thumbnail","hentry"],"jetpack_sharing_enabled":true,"jetpack_shortlink":"https:\/\/wp.me\/P7Rl0g-1y","jetpack-related-posts":[],"jetpack_likes_enabled":true,"_links":{"self":[{"href":"https:\/\/saopaulo.wordcamp.org\/2016\/wp-json\/wp\/v2\/pages\/96","targetHints":{"allow":["GET"]}}],"collection":[{"href":"https:\/\/saopaulo.wordcamp.org\/2016\/wp-json\/wp\/v2\/pages"}],"about":[{"href":"https:\/\/saopaulo.wordcamp.org\/2016\/wp-json\/wp\/v2\/types\/page"}],"replies":[{"embeddable":true,"href":"https:\/\/saopaulo.wordcamp.org\/2016\/wp-json\/wp\/v2\/comments?post=96"}],"version-history":[{"count":23,"href":"https:\/\/saopaulo.wordcamp.org\/2016\/wp-json\/wp\/v2\/pages\/96\/revisions"}],"predecessor-version":[{"id":568,"href":"https:\/\/saopaulo.wordcamp.org\/2016\/wp-json\/wp\/v2\/pages\/96\/revisions\/568"}],"author":[{"embeddable":true,"href":"https:\/\/saopaulo.wordcamp.org\/2016\/wp-json\/wporg\/v1\/users\/claudiosanches"}],"wp:featuredmedia":[{"embeddable":true,"href":"https:\/\/saopaulo.wordcamp.org\/2016\/wp-json\/wp\/v2\/media\/455"}],"wp:attachment":[{"href":"https:\/\/saopaulo.wordcamp.org\/2016\/wp-json\/wp\/v2\/media?parent=96"}],"curies":[{"name":"wp","href":"https:\/\/api.w.org\/{rel}","templated":true}]}}