{"id":11,"date":"2017-10-27T09:40:25","date_gmt":"2017-10-27T09:40:25","guid":{"rendered":"https:\/\/2017.saopaulo.wordcamp.org\/location\/"},"modified":"2017-11-01T19:26:32","modified_gmt":"2017-11-01T21:26:32","slug":"location","status":"publish","type":"page","link":"https:\/\/saopaulo.wordcamp.org\/2017\/location\/","title":{"rendered":"Localiza\u00e7\u00e3o"},"content":{"rendered":"\r\n\r\n<strong>Faculdade Impacta Tecnologia<\/strong>\r\nAv. Rudge, 315 &#8211; Bom Retiro,\r\nS\u00e3o Paulo &#8211; SP, 01133-000\r\n\r\n\r\n\r\n\r\n<h2 class=\"wp-block-heading\">Transporte<\/h2>\r\n\r\n\r\n\r\n\r\nA Faculdade Impacta disponibiliza um <strong>\u00f4nibus gratuito<\/strong> que sai da esta\u00e7\u00e3o <strong>Barra Funda do Metr\u00f4 (linha 3 &#8211; vermelha)<\/strong>.\u00a0 Tamb\u00e9m \u00e9 poss\u00edvel chegar ao local com \u00f4nibus comum. Veja os hor\u00e1rios do \u00f4nibus e mais detalhes na nossa p\u00e1gina de transporte.\r\n\r\n\r\n\r\n\r\n<div class=\"googlemaps\">\n\t\t\t\t<iframe loading=\"lazy\" width=\"1000\" height=\"400\" frameborder=\"0\" scrolling=\"no\" marginheight=\"0\" marginwidth=\"0\"  src=\"https:\/\/www.google.com\/maps\/embed?pb=!1m18!1m12!1m3!1d3658.1847902101263!2d-46.651510585022784!3d-23.525855184700536!2m3!1f0!2f0!3f0!3m2!1i1024!2i768!4f13.1!3m3!1m2!1s0x94ce5a36ed390d1b:0x774f96e1ad521edb!2sFaculdade%20Impacta%20Tecnologia!5e0!3m2!1spt-BR!2sbr!4v1509325473797\"><\/iframe>\n\t\t\t<\/div>\r\n","protected":false},"excerpt":{"rendered":"<p>Faculdade Impacta Tecnologia Av. Rudge, 315 &#8211; Bom Retiro, S\u00e3o Paulo &#8211; SP, 01133-000 Transporte A Faculdade Impacta disponibiliza um \u00f4nibus gratuito que sai da esta\u00e7\u00e3o Barra Funda do Metr\u00f4 (linha 3 &#8211; vermelha).\u00a0 Tamb\u00e9m \u00e9 poss\u00edvel chegar ao local &hellip; <a href=\"https:\/\/saopaulo.wordcamp.org\/2017\/location\/\">Continue lendo <span class=\"assistive-text\">Localiza\u00e7\u00e3o<\/span>  <span class=\"meta-nav\">&rarr;<\/span><\/a><\/p>\n","protected":false},"author":3411954,"featured_media":424,"parent":0,"menu_order":0,"comment_status":"closed","ping_status":"closed","template":"","meta":{"jetpack_post_was_ever_published":false,"footnotes":""},"class_list":["post-11","page","type-page","status-publish","has-post-thumbnail","hentry"],"jetpack_sharing_enabled":true,"jetpack_shortlink":"https:\/\/wp.me\/P9k7no-b","jetpack_likes_enabled":true,"jetpack-related-posts":[],"_links":{"self":[{"href":"https:\/\/saopaulo.wordcamp.org\/2017\/wp-json\/wp\/v2\/pages\/11","targetHints":{"allow":["GET"]}}],"collection":[{"href":"https:\/\/saopaulo.wordcamp.org\/2017\/wp-json\/wp\/v2\/pages"}],"about":[{"href":"https:\/\/saopaulo.wordcamp.org\/2017\/wp-json\/wp\/v2\/types\/page"}],"author":[{"embeddable":true,"href":"https:\/\/saopaulo.wordcamp.org\/2017\/wp-json\/wp\/v2\/users\/3411954"}],"replies":[{"embeddable":true,"href":"https:\/\/saopaulo.wordcamp.org\/2017\/wp-json\/wp\/v2\/comments?post=11"}],"version-history":[{"count":4,"href":"https:\/\/saopaulo.wordcamp.org\/2017\/wp-json\/wp\/v2\/pages\/11\/revisions"}],"predecessor-version":[{"id":590,"href":"https:\/\/saopaulo.wordcamp.org\/2017\/wp-json\/wp\/v2\/pages\/11\/revisions\/590"}],"wp:featuredmedia":[{"embeddable":true,"href":"https:\/\/saopaulo.wordcamp.org\/2017\/wp-json\/wp\/v2\/media\/424"}],"wp:attachment":[{"href":"https:\/\/saopaulo.wordcamp.org\/2017\/wp-json\/wp\/v2\/media?parent=11"}],"curies":[{"name":"wp","href":"https:\/\/api.w.org\/{rel}","templated":true}]}}