{"id":12,"date":"2017-10-27T09:40:25","date_gmt":"2017-10-27T09:40:25","guid":{"rendered":"https:\/\/2017.saopaulo.wordcamp.org\/organizers\/"},"modified":"2017-11-07T22:09:24","modified_gmt":"2017-11-08T00:09:24","slug":"organizadores","status":"publish","type":"page","link":"https:\/\/saopaulo.wordcamp.org\/2017\/organizadores\/","title":{"rendered":"Organizadores"},"content":{"rendered":"<p>Aqui est\u00e3o alguns dos incr\u00edveis colaboradores que est\u00e3o dedicando seu valioso tempo para fazer do <strong>WordCamp S\u00e3o Paulo 2017<\/strong>\u00a0um evento sensacional.<\/p>\n<p>D\u00ea uma olhadinha, voc\u00ea vai encontrar pessoas muito interessantes nessa lista para conversar no dia do evento!<\/p>\n\t<div class=\"wcorg-organizers\">\n\n\t\t\n\t\t\t<div class=\"wcorg-organizer\">\n\t\t\t\t<h2>Suellyn Specie<\/h2>\n\t\t\t\t<div class=\"wcorg-organizer-description\">\n\t\t\t\t\t\t\t\t\t\t<img alt='' src='https:\/\/secure.gravatar.com\/avatar\/170f3f36d0de4ecd130ca7c3a674dd779cfa8946d190bd61627439634b485c9b?s=100&#038;d=mm&#038;r=g' srcset='https:\/\/secure.gravatar.com\/avatar\/170f3f36d0de4ecd130ca7c3a674dd779cfa8946d190bd61627439634b485c9b?s=200&#038;d=mm&#038;r=g 2x' class='avatar avatar-100 photo' height='100' width='100' \/>\t\t\t\t\t<p><span style=\"font-weight: 400\">Formada em An\u00e1lise e Desenvolvimento de Sistemas desde 2011, trabalhou com a linguagem Java durante 5 anos. Conheceu o WordPress participando do WordCamp SP em 2015 e desde ent\u00e3o se apaixonou pela comunidade. Hoje \u00e9 \u00a0programadora Front-End na Accenture, Dev PHP nas horas vagas e co-fundadora da Spellyn. Apaixonada por programa\u00e7\u00e3o e \u00a0aprendiz de design sonha em ser uma grande Front-end e entusiasta WordPress, e tem como objetivo compartilhar muito conhecimento na web.<\/span><\/p>\n\t\t\t\t<\/div>\n\t\t\t<\/div>\n\n\t\t\n\t\t\t<div class=\"wcorg-organizer\">\n\t\t\t\t<h2>Leo Baiano<\/h2>\n\t\t\t\t<div class=\"wcorg-organizer-description\">\n\t\t\t\t\t\t\t\t\t\t<img alt='' src='https:\/\/secure.gravatar.com\/avatar\/7b21aae922d322c886765765d74a4181eb71106e6cb2377cd38c13bded206392?s=100&#038;d=mm&#038;r=g' srcset='https:\/\/secure.gravatar.com\/avatar\/7b21aae922d322c886765765d74a4181eb71106e6cb2377cd38c13bded206392?s=200&#038;d=mm&#038;r=g 2x' class='avatar avatar-100 photo' height='100' width='100' \/>\t\t\t\t\t<p>Programador especializado em desenvolvimento web h\u00e1 mais de 15 anos, trabalha no desenvolvimento de temas e plugins para atender a projetos que utilizam WordPress como gerenciador de conte\u00fado desde 2007. Ama o que faz, gosta de ajudar quem est\u00e1 come\u00e7ando, conhecer pessoas, lugares e fazer amigos!<\/p>\n\t\t\t\t<\/div>\n\t\t\t<\/div>\n\n\t\t\n\t\t\t<div class=\"wcorg-organizer\">\n\t\t\t\t<h2>Claudio Sanches<\/h2>\n\t\t\t\t<div class=\"wcorg-organizer-description\">\n\t\t\t\t\t\t\t\t\t\t<img alt='' src='https:\/\/secure.gravatar.com\/avatar\/ac91c7d73bb4501567ab3790755bf001d53dac8d1f4311a2480a5fb62dfb180c?s=100&#038;d=mm&#038;r=g' srcset='https:\/\/secure.gravatar.com\/avatar\/ac91c7d73bb4501567ab3790755bf001d53dac8d1f4311a2480a5fb62dfb180c?s=200&#038;d=mm&#038;r=g 2x' class='avatar avatar-100 photo' height='100' width='100' \/>\t\t\t\t\t<p>Desenvolvedor de software, contribui hoje com diversos projetos open source envolvendo WordPress, possuindo mais de 40 plugins no reposit\u00f3rio oficial do WordPress, al\u00e9m de contribuir com a tradu\u00e7\u00e3o e o f\u00f3rum brasileiro do WordPress e trabalha na Automattic (empresa por atr\u00e1s do WordPress.com) com o WooCommerce.<\/p>\n\t\t\t\t<\/div>\n\t\t\t<\/div>\n\n\t\t\n\t\t\t<div class=\"wcorg-organizer\">\n\t\t\t\t<h2>Anyssa Ferreira<\/h2>\n\t\t\t\t<div class=\"wcorg-organizer-description\">\n\t\t\t\t\t\t\t\t\t\t<img alt='' src='https:\/\/secure.gravatar.com\/avatar\/d44ccff4ae37e9720e532e658ea76b0b18fbcc5eb08ec2db9c7e10461cf4c4d9?s=100&#038;d=mm&#038;r=g' srcset='https:\/\/secure.gravatar.com\/avatar\/d44ccff4ae37e9720e532e658ea76b0b18fbcc5eb08ec2db9c7e10461cf4c4d9?s=200&#038;d=mm&#038;r=g 2x' class='avatar avatar-100 photo' height='100' width='100' \/>\t\t\t\t\t<p><span style=\"font-weight: 400\">Cofundadora do <a href=\"https:\/\/www.hastedesign.com.br\/\" rel=\"nofollow\">est\u00fadio Haste<\/a>, especializado em WordPress.\u00a0<\/span>Designer e desenvolvedora front-end, h\u00e1 10 anos.\u00a0Formada em Design Gr\u00e1fico pelo Centro Universit\u00e1rio SENAC. Professora no Senac SP, Funda\u00e7\u00e3o Bradesco e Forma Haste. Organizadora e palestrante da comunidade WordPress S\u00e3o Paulo, WordCamp S\u00e3o Paulo e Meetups WP Sampa.\u00a0<span style=\"font-weight: 400\">Primeira ganhadora da Kim Parsell Scholarship em 2015 pela Funda\u00e7\u00e3o WordPress, pela contribui\u00e7\u00e3o com a causa da inclus\u00e3o de mulheres na comunidade.<\/span><\/p>\n\t\t\t\t<\/div>\n\t\t\t<\/div>\n\n\t\t\n\t\t\t<div class=\"wcorg-organizer\">\n\t\t\t\t<h2>Max Denvir<\/h2>\n\t\t\t\t<div class=\"wcorg-organizer-description\">\n\t\t\t\t\t\t\t\t\t\t<img alt='' src='https:\/\/secure.gravatar.com\/avatar\/32c5b7cb4184dc8377b3852b29ce21d7162ae13ed25e8e4de5f11f5fbeaa5910?s=100&#038;d=mm&#038;r=g' srcset='https:\/\/secure.gravatar.com\/avatar\/32c5b7cb4184dc8377b3852b29ce21d7162ae13ed25e8e4de5f11f5fbeaa5910?s=200&#038;d=mm&#038;r=g 2x' class='avatar avatar-100 photo' height='100' width='100' \/>\t\t\t\t\t<p>Estrategista de conte\u00fado e um dos organizadores da Comunidade WordPress S\u00e3o Paulo. Bacharel em comunica\u00e7\u00e3o social pela PUC-Rio e possui hist\u00f3rico em design e administra\u00e7\u00e3o. Trabalha atualmente com projetos de gastronomia social e pequenos neg\u00f3cios gastron\u00f4micos. Possui uma capivara tatuada e bebe mais caf\u00e9 do que deveria.<\/p>\n\t\t\t\t<\/div>\n\t\t\t<\/div>\n\n\t\t\n\t\t\t<div class=\"wcorg-organizer\">\n\t\t\t\t<h2>Rafael Funchal<\/h2>\n\t\t\t\t<div class=\"wcorg-organizer-description\">\n\t\t\t\t\t\t\t\t\t\t<img alt='' src='https:\/\/secure.gravatar.com\/avatar\/f11628da9cf1003b290583f04edc6e9a6c2ae879cedfe30d51375822cccc017c?s=100&#038;d=mm&#038;r=g' srcset='https:\/\/secure.gravatar.com\/avatar\/f11628da9cf1003b290583f04edc6e9a6c2ae879cedfe30d51375822cccc017c?s=200&#038;d=mm&#038;r=g 2x' class='avatar avatar-100 photo' height='100' width='100' \/>\t\t\t\t\t<p>Web Developer, Publicit\u00e1rio e m\u00fasico nas horas vagas. Desenvolve com WordPress desde 2009, \u00e9 um dos administradores do grupo WordPress Brasil no Facebook, um dos organizadores dos meetups S\u00e3o Paulo e Happiness Engineer no WordPress.com.<\/p>\n\t\t\t\t<\/div>\n\t\t\t<\/div>\n\n\t\t\n\t\t\t<div class=\"wcorg-organizer\">\n\t\t\t\t<h2>Allyson Souza<\/h2>\n\t\t\t\t<div class=\"wcorg-organizer-description\">\n\t\t\t\t\t\t\t\t\t\t<img alt='' src='https:\/\/secure.gravatar.com\/avatar\/2390e8368b3a4667c5213a889fb4cc40ce5a3d5c6080aeb6e7cdbbe41ca5ffdb?s=100&#038;d=mm&#038;r=g' srcset='https:\/\/secure.gravatar.com\/avatar\/2390e8368b3a4667c5213a889fb4cc40ce5a3d5c6080aeb6e7cdbbe41ca5ffdb?s=200&#038;d=mm&#038;r=g 2x' class='avatar avatar-100 photo' height='100' width='100' \/>\t\t\t\t\t<p>Tecn\u00f3logo em Jogos Digitais pela FATEC S\u00e3o Caetano do Sul, \u00e9 Designer e Programador. Co-fundador da\u00a0<a title=\"Haste Design\" href=\"http:\/\/www.hastedesign.com.br\/\" target=\"_blank\" rel=\"noopener nofollow\">Haste<\/a>, est\u00fadio especializado em WordPress e WooCommerce. Desenvolve com WordPress h\u00e1 cerca de 4 anos. Organiza os meetups da comunidade WP S\u00e3o Paulo e busca sempre que poss\u00edvel contribuir com a comunidade.<\/p>\n\t\t\t\t<\/div>\n\t\t\t<\/div>\n\n\t\t\n\t<\/div><!-- .wcorg-organizers -->\n\t\n","protected":false},"excerpt":{"rendered":"<p>Aqui est\u00e3o alguns dos incr\u00edveis colaboradores que est\u00e3o dedicando seu valioso tempo para fazer do WordCamp S\u00e3o Paulo 2017\u00a0um evento sensacional. D\u00ea uma olhadinha, voc\u00ea vai encontrar pessoas muito interessantes nessa lista para conversar no dia do evento!<\/p>\n","protected":false},"author":3411954,"featured_media":424,"parent":0,"menu_order":0,"comment_status":"closed","ping_status":"closed","template":"","meta":{"jetpack_post_was_ever_published":false,"footnotes":""},"class_list":["post-12","page","type-page","status-publish","has-post-thumbnail","hentry"],"jetpack_sharing_enabled":true,"jetpack_shortlink":"https:\/\/wp.me\/P9k7no-c","jetpack_likes_enabled":true,"jetpack-related-posts":[],"_links":{"self":[{"href":"https:\/\/saopaulo.wordcamp.org\/2017\/wp-json\/wp\/v2\/pages\/12","targetHints":{"allow":["GET"]}}],"collection":[{"href":"https:\/\/saopaulo.wordcamp.org\/2017\/wp-json\/wp\/v2\/pages"}],"about":[{"href":"https:\/\/saopaulo.wordcamp.org\/2017\/wp-json\/wp\/v2\/types\/page"}],"author":[{"embeddable":true,"href":"https:\/\/saopaulo.wordcamp.org\/2017\/wp-json\/wp\/v2\/users\/3411954"}],"replies":[{"embeddable":true,"href":"https:\/\/saopaulo.wordcamp.org\/2017\/wp-json\/wp\/v2\/comments?post=12"}],"version-history":[{"count":2,"href":"https:\/\/saopaulo.wordcamp.org\/2017\/wp-json\/wp\/v2\/pages\/12\/revisions"}],"predecessor-version":[{"id":591,"href":"https:\/\/saopaulo.wordcamp.org\/2017\/wp-json\/wp\/v2\/pages\/12\/revisions\/591"}],"wp:featuredmedia":[{"embeddable":true,"href":"https:\/\/saopaulo.wordcamp.org\/2017\/wp-json\/wp\/v2\/media\/424"}],"wp:attachment":[{"href":"https:\/\/saopaulo.wordcamp.org\/2017\/wp-json\/wp\/v2\/media?parent=12"}],"curies":[{"name":"wp","href":"https:\/\/api.w.org\/{rel}","templated":true}]}}