{"id":13,"date":"2017-10-30T19:48:59","date_gmt":"2017-10-30T21:48:59","guid":{"rendered":"https:\/\/2017.saopaulo.wordcamp.org\/?page_id=13"},"modified":"2017-12-01T20:03:16","modified_gmt":"2017-12-01T22:03:16","slug":"ingressos","status":"publish","type":"page","link":"https:\/\/saopaulo.wordcamp.org\/2017\/ingressos\/","title":{"rendered":"Ingressos"},"content":{"rendered":"<h2>Leia antes de preencher os formul\u00e1rios<\/h2>\r\n<p>A inscri\u00e7\u00e3o \u00e9 feita atrav\u00e9s do PayPal e pode ser realizada com cart\u00e3o de cr\u00e9dito. Fazendo a sua inscri\u00e7\u00e3o \u00e9 garantido acesso ao evento, almo\u00e7o (ou lanche) no local e uma camiseta oficial.<\/p>\r\n<p>O ingresso custa <strong>$15 (quinze d\u00f3lares),<\/strong> um valor simb\u00f3lico devido as taxas e impostos do evento. Selecione a quantidade de inscri\u00e7\u00f5es abaixo e clique em <strong>INSCREVER<\/strong>. Depois de preencher todas as informa\u00e7\u00f5es e clicar em <strong>PAGAR <\/strong>voc\u00ea ser\u00e1 redirecionado para o PayPal.<\/p>\r\n<p>Se sua inscri\u00e7\u00e3o foi realizada com sucesso voc\u00ea dever\u00e1 ser redirecionado para a p\u00e1gina &#8220;A sua inscri\u00e7\u00e3o foi confirmada&#8221; aqui em nosso site. <strong>A partir das 8h00 da manh\u00e3 do dia 2 de dezembro<\/strong>, voc\u00ea poder\u00e1 retirar, <a href=\"http:\/\/2017.saopaulo.wordcamp.org\/guia-de-sobrevivencia\/\">no local do evento<\/a>, seu <em>kit de inscri\u00e7\u00e3o<\/em> portando seu documento com foto. Procure o local de credenciamento, que estar\u00e1 claramente identificado.<\/p>\r\n<p>N\u00e3o enviamos confirma\u00e7\u00e3o pelos Correios, apenas por e-mail. Fez a inscri\u00e7\u00e3o mas n\u00e3o vai conseguir participar? <strong>N\u00e3o devolvemos o valor da inscri\u00e7\u00e3o<\/strong>. Pense no dinheiro como uma doa\u00e7\u00e3o para o evento, um gesto de boa vontade e generosidade em sua aus\u00eancia. Ainda assim <strong>por favor nos avise<\/strong>, para que algu\u00e9m possa se inscrever na vaga que ficar\u00e1 dispon\u00edvel.<\/p>\r\n\r\n<p class=\"has-background\" style=\"background-color: #ff1311;color: #ffffff\"><strong>Inscreva-se<br \/><\/strong>Aten\u00e7\u00e3o: o valor do ingresso \u00e9 de $15 &#8211; QUINZE D\u00d3LARES<strong><br \/><\/strong> <a href=\"https:\/\/saopaulo.wordcamp.org\/2017\/ingressos\/\">Please view this page in a browser to purchase or manage tickets.<\/a><\/p>\r\n","protected":false},"excerpt":{"rendered":"<p>Leia antes de preencher os formul\u00e1rios A inscri\u00e7\u00e3o \u00e9 feita atrav\u00e9s do PayPal e pode ser realizada com cart\u00e3o de cr\u00e9dito. Fazendo a sua inscri\u00e7\u00e3o \u00e9 garantido acesso ao evento, almo\u00e7o (ou lanche) no local e uma camiseta oficial. O &hellip; <a href=\"https:\/\/saopaulo.wordcamp.org\/2017\/ingressos\/\">Continue lendo <span class=\"assistive-text\">Ingressos<\/span>  <span class=\"meta-nav\">&rarr;<\/span><\/a><\/p>\n","protected":false},"author":3411954,"featured_media":424,"parent":0,"menu_order":0,"comment_status":"closed","ping_status":"closed","template":"","meta":{"jetpack_post_was_ever_published":false,"footnotes":""},"class_list":["post-13","page","type-page","status-publish","has-post-thumbnail","hentry"],"jetpack_sharing_enabled":true,"jetpack_shortlink":"https:\/\/wp.me\/P9k7no-d","jetpack_likes_enabled":true,"jetpack-related-posts":[],"_links":{"self":[{"href":"https:\/\/saopaulo.wordcamp.org\/2017\/wp-json\/wp\/v2\/pages\/13","targetHints":{"allow":["GET"]}}],"collection":[{"href":"https:\/\/saopaulo.wordcamp.org\/2017\/wp-json\/wp\/v2\/pages"}],"about":[{"href":"https:\/\/saopaulo.wordcamp.org\/2017\/wp-json\/wp\/v2\/types\/page"}],"author":[{"embeddable":true,"href":"https:\/\/saopaulo.wordcamp.org\/2017\/wp-json\/wp\/v2\/users\/3411954"}],"replies":[{"embeddable":true,"href":"https:\/\/saopaulo.wordcamp.org\/2017\/wp-json\/wp\/v2\/comments?post=13"}],"version-history":[{"count":31,"href":"https:\/\/saopaulo.wordcamp.org\/2017\/wp-json\/wp\/v2\/pages\/13\/revisions"}],"predecessor-version":[{"id":757,"href":"https:\/\/saopaulo.wordcamp.org\/2017\/wp-json\/wp\/v2\/pages\/13\/revisions\/757"}],"wp:featuredmedia":[{"embeddable":true,"href":"https:\/\/saopaulo.wordcamp.org\/2017\/wp-json\/wp\/v2\/media\/424"}],"wp:attachment":[{"href":"https:\/\/saopaulo.wordcamp.org\/2017\/wp-json\/wp\/v2\/media?parent=13"}],"curies":[{"name":"wp","href":"https:\/\/api.w.org\/{rel}","templated":true}]}}