{"id":297,"date":"2017-10-30T18:42:54","date_gmt":"2017-10-30T20:42:54","guid":{"rendered":"https:\/\/2017.saopaulo.wordcamp.org\/?page_id=297"},"modified":"2017-11-02T16:48:23","modified_gmt":"2017-11-02T18:48:23","slug":"press-release","status":"publish","type":"page","link":"https:\/\/saopaulo.wordcamp.org\/2017\/press-release\/","title":{"rendered":"Press release"},"content":{"rendered":"<h2>WordCamp S\u00e3o Paulo chega a sua 6\u00aa edi\u00e7\u00e3o<\/h2>\n<p><em>Evento refer\u00eancia em WordPress no pa\u00eds, o WordCamp 2017 est\u00e1 marcado\u00a0para o dia 2 de dezembro.<\/em><\/p>\n<div id=\"attachment_520\" style=\"width: 1290px\" class=\"wp-caption aligncenter\"><img data-recalc-dims=\"1\" loading=\"lazy\" decoding=\"async\" aria-describedby=\"caption-attachment-520\" data-attachment-id=\"520\" data-permalink=\"https:\/\/saopaulo.wordcamp.org\/2017\/press-release\/attachment\/wordcamp-saopaulo-2016-1909\/\" data-orig-file=\"https:\/\/i0.wp.com\/saopaulo.wordcamp.org\/2017\/files\/2017\/10\/wordcamp-saopaulo-2016-1909.jpg?fit=1280%2C853&amp;ssl=1\" data-orig-size=\"1280,853\" data-comments-opened=\"1\" data-image-meta=\"{&quot;aperture&quot;:&quot;0&quot;,&quot;credit&quot;:&quot;Jessica\\rQueiroz&quot;,&quot;camera&quot;:&quot;&quot;,&quot;caption&quot;:&quot;&quot;,&quot;created_timestamp&quot;:&quot;1481373559&quot;,&quot;copyright&quot;:&quot;&quot;,&quot;focal_length&quot;:&quot;0&quot;,&quot;iso&quot;:&quot;0&quot;,&quot;shutter_speed&quot;:&quot;0&quot;,&quot;title&quot;:&quot;&quot;,&quot;orientation&quot;:&quot;0&quot;}\" data-image-title=\"Foto do WordCamp S\u00e3o Paulo 2016\" data-image-description=\"&lt;p&gt;Foto do WordCamp S\u00e3o Paulo 2016&lt;\/p&gt;\n\" data-image-caption=\"&lt;p&gt;Foto do WordCamp S\u00e3o Paulo 2016&lt;\/p&gt;\n\" data-medium-file=\"https:\/\/i0.wp.com\/saopaulo.wordcamp.org\/2017\/files\/2017\/10\/wordcamp-saopaulo-2016-1909.jpg?fit=300%2C200&amp;ssl=1\" data-large-file=\"https:\/\/i0.wp.com\/saopaulo.wordcamp.org\/2017\/files\/2017\/10\/wordcamp-saopaulo-2016-1909.jpg?fit=760%2C506&amp;ssl=1\" class=\"wp-image-520 size-full\" src=\"https:\/\/i0.wp.com\/2017.saopaulo.wordcamp.org\/files\/2017\/10\/wordcamp-saopaulo-2016-1909.jpg?resize=760%2C506&#038;ssl=1\" alt=\"Fotografia a\u00e9rea do WordCamp S\u00e3o Paulo 2016 mostrando todos os participantes posando para a c\u00e2mera no teatro da faculdade UNICID\" width=\"760\" height=\"506\" srcset=\"https:\/\/i0.wp.com\/saopaulo.wordcamp.org\/2017\/files\/2017\/10\/wordcamp-saopaulo-2016-1909.jpg?w=1280&amp;ssl=1 1280w, https:\/\/i0.wp.com\/saopaulo.wordcamp.org\/2017\/files\/2017\/10\/wordcamp-saopaulo-2016-1909.jpg?resize=300%2C200&amp;ssl=1 300w, https:\/\/i0.wp.com\/saopaulo.wordcamp.org\/2017\/files\/2017\/10\/wordcamp-saopaulo-2016-1909.jpg?resize=768%2C512&amp;ssl=1 768w, https:\/\/i0.wp.com\/saopaulo.wordcamp.org\/2017\/files\/2017\/10\/wordcamp-saopaulo-2016-1909.jpg?resize=1024%2C682&amp;ssl=1 1024w, https:\/\/i0.wp.com\/saopaulo.wordcamp.org\/2017\/files\/2017\/10\/wordcamp-saopaulo-2016-1909.jpg?resize=450%2C300&amp;ssl=1 450w, https:\/\/i0.wp.com\/saopaulo.wordcamp.org\/2017\/files\/2017\/10\/wordcamp-saopaulo-2016-1909.jpg?resize=1000%2C666&amp;ssl=1 1000w\" sizes=\"auto, (max-width: 760px) 100vw, 760px\" \/><p id=\"caption-attachment-520\" class=\"wp-caption-text\">Foto do WordCamp S\u00e3o Paulo 2016<\/p><\/div>\n<p><span style=\"font-weight: 400\">O WordCamp S\u00e3o Paulo \u00e9 a maior confer\u00eancia paulista dedicada a WordPress \u2014 e o maior do Brasil em 2017 \u2014 chega a sua 6\u00aa edi\u00e7\u00e3o. O evento acontece no dia 2 de dezembro na cidade de S\u00e3o Paulo.<\/span><\/p>\n<p><span style=\"font-weight: 400\">Os organizadores esperam receber 250 pessoas no audit\u00f3rio da Faculdade Impacta, na Barra Funda. O p\u00fablico \u00e9 formado por desenvolvedores, produtores de conte\u00fado, estudantes e entusiastas da plataforma.<\/span><\/p>\n<p><span style=\"font-weight: 400\">As submiss\u00f5es para palestras v\u00e3o at\u00e9 o dia 10\/11. Candidato dever\u00e1 submeter o tema e conte\u00fado e passar pelo crivo da comiss\u00e3o organizadora. Em edi\u00e7\u00f5es anteriores o evento recebeu submiss\u00e3o de profissionais de destaque no cen\u00e1rio nacional e de palestrantes internacionais.<\/span><\/p>\n<p><span style=\"font-weight: 400\">\u201cO WordCamp \u00e9 um evento muito esperado pela comunidade WordPress, principalmente da cidade de S\u00e3o Paulo, que costuma ser uma refer\u00eancia para o pa\u00eds. A for\u00e7a da uni\u00e3o da comunidade, dos volunt\u00e1rios e dos palestrantes, que cedem o tempo para fazer o evento acontecer, \u00e9 essencial para o WordCamp\u201d, conta Anyssa Ferreira, que faz parte da organiza\u00e7\u00e3o do evento.<\/span><\/p>\n<p><span style=\"font-weight: 400\">Os ingressos custam $15,00 (aprox. R$ 50,00) e incluem camisa, brindes e certificado digital. Com um custo baixo, o WordCamp S\u00e3o Paulo se consolida como um dos eventos de tecnologia mais acess\u00edveis da cidade, uma oportunidade \u00fanica para aqueles interessados em aprender mais sobre WordPress.<\/span><\/p>\n<p><span style=\"font-weight: 400\">O evento, tal como todo o trabalho da Comunidade WordPress, n\u00e3o tem fins lucrativos. Toda a renda obtida com a venda de ingressos e patroc\u00ednio ser\u00e1 revertida para a produ\u00e7\u00e3o do evento.<\/span><\/p>\n<h2><b>WordCamps pelo mundo<\/b><\/h2>\n<p><span style=\"font-weight: 400\">Os WordCamps s\u00e3o confer\u00eancias que buscam disseminar conhecimento sobre a plataforma WordPress e que apresentam as \u00faltimas novidades do universo da plataforma. O evento \u00e9 refer\u00eancia mundial em promo\u00e7\u00e3o, conhecimento e utiliza\u00e7\u00e3o da plataforma, al\u00e9m de propiciar um excelente networking para profissionais da \u00e1rea. <\/span><\/p>\n<p><span style=\"font-weight: 400\">Em 2015 foram organizados 89 WordCamps por todo o mundo. O evento atrai um p\u00fablico diversificado, composto n\u00e3o apenas por programadores, mas por designers, publicit\u00e1rios, jornalistas, profissionais do marketing, estudantes e hobbistas. Os eventos s\u00e3o balizados de acordo com as premissas da <\/span><a href=\"https:\/\/central.wordcamp.org\" target=\"_blank\" rel=\"noopener\"><span style=\"font-weight: 400\">Funda\u00e7\u00e3o WordPress<\/span><\/a><span style=\"font-weight: 400\">.<\/span><\/p>\n<h2><b>WordPress est\u00e1 presente em 28% da web<\/b><\/h2>\n<p><span style=\"font-weight: 400\">Criado em 2003 por <\/span><a href=\"https:\/\/ma.tt\" target=\"_blank\" rel=\"noopener\"><span style=\"font-weight: 400\">Matt Mullenweg<\/span><\/a><span style=\"font-weight: 400\">, o WordPress \u00e9 hoje o CMS (<\/span><i><span style=\"font-weight: 400\">Content Management System<\/span><\/i><span style=\"font-weight: 400\"> ou Sistema de Gerenciamento de Conte\u00fado) mais utilizado no mundo, presente em <\/span><a href=\"https:\/\/w3techs.com\" target=\"_blank\" rel=\"noopener\"><span style=\"font-weight: 400\">28,9% de toda a web<\/span><\/a><span style=\"font-weight: 400\">.<\/span><\/p>\n<p><span style=\"font-weight: 400\">O WordPress \u00e9 uma plataforma com c\u00f3digo aberto (<\/span><i><span style=\"font-weight: 400\">open-source<\/span><\/i><span style=\"font-weight: 400\"> em ingl\u00eas). Este modelo livre de licenciamento permite a livre utiliza\u00e7\u00e3o, redistribui\u00e7\u00e3o e\/ou modifica\u00e7\u00e3o da do seu conte\u00fado.<\/span><\/p>\n<h3><\/h3>\n<p>&nbsp;<\/p>\n<h3><b>Servi\u00e7o<\/b><\/h3>\n<p><span style=\"font-weight: 400\">WordCamp S\u00e3o Paulo 2017<br \/>\n<\/span><span style=\"font-weight: 400\">Dia 2 de dezembro, das 8h \u00e0s 18h<\/span><\/p>\n<p><a href=\"http:\/\/www.impacta.edu.br\/\" target=\"_blank\" rel=\"noopener nofollow\"><span style=\"font-weight: 400\">Faculdade Impacta<br \/>\n<\/span><\/a><span style=\"font-weight: 400\">Avenida Rudge, 315 &#8211; Barra Funda, S\u00e3o Paulo &#8211; SP<\/span><\/p>\n<p><a href=\"https:\/\/2017.saopaulo.wordcamp.org\/ingressos\/\"><span style=\"font-weight: 400\">Inscri\u00e7\u00f5es: $15,00 (quinze d\u00f3lares)<\/span><\/a><\/p>\n<p><span style=\"font-weight: 400\">Site: <\/span><a href=\"http:\/\/2017.saopaulo.wordcamp.org\"><span style=\"font-weight: 400\">2017.saopaulo.wordcamp.org<br \/>\n<\/span><\/a><span style=\"font-weight: 400\">Facebook: <\/span><a href=\"http:\/\/facebook.com\/WordCampSaoPaulo\" target=\"_blank\" rel=\"noopener\"><span style=\"font-weight: 400\">facebook.com\/WordCampSaoPaulo<br \/>\n<\/span><\/a><span style=\"font-weight: 400\">Twitter: <\/span><a href=\"http:\/\/twitter.com\/WPsampa\" target=\"_blank\" rel=\"noopener\"><span style=\"font-weight: 400\">@WPsampa<\/span><\/a><\/p>\n<p>&nbsp;<\/p>\n<h3><b>Veja mais sobre o assunto<\/b><\/h3>\n<p><a href=\"https:\/\/2017.saopaulo.wordcamp.org\/organizers\/\">Organizadores do WordCamp S\u00e3o Paulo 2017<br \/>\n<\/a><span style=\"font-weight: 400\"><a href=\"https:\/\/central.wordcamp.org\/\">WordCamp Central<\/a><\/span><a href=\"https:\/\/central.wordcamp.org\/\" target=\"_blank\" rel=\"noopener\"><span style=\"font-weight: 400\"><br \/>\n<\/span><\/a><a href=\"https:\/\/br.wordpress.org\/\"><span style=\"font-weight: 400\">WordPress.org<\/span><\/a><\/p>\n<p>&nbsp;<\/p>\n<h3><b>Edi\u00e7\u00f5es anteriores<\/b><\/h3>\n<p><span style=\"font-weight: 400\">2012: <\/span><a href=\"https:\/\/2012.saopaulo.wordcamp.org\/\"><span style=\"font-weight: 400\">https:\/\/2012.saopaulo.wordcamp.org\/<br \/>\n<\/span><\/a><span style=\"font-weight: 400\">2013: <\/span><a href=\"https:\/\/2013.saopaulo.wordcamp.org\/\"><span style=\"font-weight: 400\">https:\/\/2013.saopaulo.wordcamp.org\/<br \/>\n<\/span><\/a><span style=\"font-weight: 400\">2014: <\/span><a href=\"https:\/\/2014.saopaulo.wordcamp.org\/\"><span style=\"font-weight: 400\">https:\/\/2014.saopaulo.wordcamp.org\/<br \/>\n<\/span><\/a><span style=\"font-weight: 400\">2015: <\/span><a href=\"https:\/\/2015.saopaulo.wordcamp.org\/\"><span style=\"font-weight: 400\">https:\/\/2015.saopaulo.wordcamp.org\/<br \/>\n<\/span><\/a><span style=\"font-weight: 400\">2016: <\/span><a href=\"https:\/\/2016.saopaulo.wordcamp.org\/\"><span style=\"font-weight: 400\">https:\/\/2016.saopaulo.wordcamp.org\/<\/span><\/a><\/p>\n","protected":false},"excerpt":{"rendered":"<p>WordCamp S\u00e3o Paulo chega a sua 6\u00aa edi\u00e7\u00e3o Evento refer\u00eancia em WordPress no pa\u00eds, o WordCamp 2017 est\u00e1 marcado\u00a0para o dia 2 de dezembro. O WordCamp S\u00e3o Paulo \u00e9 a maior confer\u00eancia paulista dedicada a WordPress \u2014 e o maior &hellip; <a href=\"https:\/\/saopaulo.wordcamp.org\/2017\/press-release\/\">Continue lendo <span class=\"assistive-text\">Press release<\/span>  <span class=\"meta-nav\">&rarr;<\/span><\/a><\/p>\n","protected":false},"author":1773513,"featured_media":424,"parent":0,"menu_order":0,"comment_status":"closed","ping_status":"closed","template":"","meta":{"jetpack_post_was_ever_published":false,"footnotes":""},"class_list":["post-297","page","type-page","status-publish","has-post-thumbnail","hentry"],"jetpack_sharing_enabled":true,"jetpack_shortlink":"https:\/\/wp.me\/P9k7no-4N","jetpack_likes_enabled":true,"jetpack-related-posts":[],"_links":{"self":[{"href":"https:\/\/saopaulo.wordcamp.org\/2017\/wp-json\/wp\/v2\/pages\/297","targetHints":{"allow":["GET"]}}],"collection":[{"href":"https:\/\/saopaulo.wordcamp.org\/2017\/wp-json\/wp\/v2\/pages"}],"about":[{"href":"https:\/\/saopaulo.wordcamp.org\/2017\/wp-json\/wp\/v2\/types\/page"}],"author":[{"embeddable":true,"href":"https:\/\/saopaulo.wordcamp.org\/2017\/wp-json\/wp\/v2\/users\/1773513"}],"replies":[{"embeddable":true,"href":"https:\/\/saopaulo.wordcamp.org\/2017\/wp-json\/wp\/v2\/comments?post=297"}],"version-history":[{"count":17,"href":"https:\/\/saopaulo.wordcamp.org\/2017\/wp-json\/wp\/v2\/pages\/297\/revisions"}],"predecessor-version":[{"id":620,"href":"https:\/\/saopaulo.wordcamp.org\/2017\/wp-json\/wp\/v2\/pages\/297\/revisions\/620"}],"wp:featuredmedia":[{"embeddable":true,"href":"https:\/\/saopaulo.wordcamp.org\/2017\/wp-json\/wp\/v2\/media\/424"}],"wp:attachment":[{"href":"https:\/\/saopaulo.wordcamp.org\/2017\/wp-json\/wp\/v2\/media?parent=297"}],"curies":[{"name":"wp","href":"https:\/\/api.w.org\/{rel}","templated":true}]}}