{"id":347,"date":"2017-10-30T19:19:19","date_gmt":"2017-10-30T21:19:19","guid":{"rendered":"https:\/\/2017.saopaulo.wordcamp.org\/?page_id=347"},"modified":"2017-11-26T03:17:10","modified_gmt":"2017-11-26T05:17:10","slug":"guia-de-sobrevivencia","status":"publish","type":"page","link":"https:\/\/saopaulo.wordcamp.org\/2017\/guia-de-sobrevivencia\/","title":{"rendered":"Guia de sobreviv\u00eancia"},"content":{"rendered":"<h2>Localiza\u00e7\u00e3o<\/h2>\n<p><strong>Faculdade Impacta Tecnologia<\/strong><br \/>\nAv. Rudge, 315 &#8211; Bom Retiro,<br \/>\nS\u00e3o Paulo &#8211; SP, 01133-000<\/p>\n<div class=\"googlemaps\">\n\t\t\t\t<iframe loading=\"lazy\" width=\"1000\" height=\"400\" frameborder=\"0\" scrolling=\"no\" marginheight=\"0\" marginwidth=\"0\"  src=\"https:\/\/www.google.com\/maps\/embed?pb=!1m18!1m12!1m3!1d3658.1847902101263!2d-46.651510585022784!3d-23.525855184700536!2m3!1f0!2f0!3f0!3m2!1i1024!2i768!4f13.1!3m3!1m2!1s0x94ce5a36ed390d1b:0x774f96e1ad521edb!2sFaculdade%20Impacta%20Tecnologia!5e0!3m2!1spt-BR!2sbr!4v1509325473797\"><\/iframe>\n\t\t\t<\/div>\n<h2><\/h2>\n<h2><b>Estacionamento<\/b><\/h2>\n<p>Anexo ao pr\u00e9dio da Faculdade Impacta, o valor do per\u00edodo aos s\u00e1bados \u00e9 de R$ 20,00. Aceitam dinheiro ou cart\u00e3o de debito.<\/p>\n<h2><b>COMO CHEGAR<\/b><\/h2>\n<h3><\/h3>\n<h3>DA RODOVI\u00c1RIA DA BARRA FUNDA<\/h3>\n<p>O transporte gratuito \u00e9 feito pela empresa Ipojucatur, dentro do terminal Barra Funda (metr\u00f4 linha 3 &#8211; vermelha).<\/p>\n<p><b>Se voc\u00ea veio de Metr\u00f4<\/b>: saia das catracas e siga pelo lado esquerdo e vire a primeira esquerda, voc\u00ea ver\u00e1 o Restaurante da rede fast food Bob\u2019s e em seguida uma placa Terminal Rodovi\u00e1rio, des\u00e7a as escadas e v\u00e1 at\u00e9 a plataforma 4. Embarque no \u00f4nibus Ipojucatur e informe que voc\u00ea ir\u00e1 descer na faculdade Impacta.<\/p>\n<p><b>Se voc\u00ea veio de \u00d4nibus ou outro meio de transporte: <\/b>Ao avistar o restaurante Bob\u2019s verifique as placas de Terminal Rodovi\u00e1rio, des\u00e7a as escadas e v\u00e1 at\u00e9 a plataforma 4. Embarque no \u00f4nibus Ipojucatur e informe que voc\u00ea ir\u00e1 descer na faculdade Impacta.<\/p>\n<h3 id=\"onibus\"><b>Itiner\u00e1rio dos \u00d4nibus Ipojucatur (Plataforma 4 &#8211; Terminal Barra Funda) Gratuito:<\/b><\/h3>\n<ul>\n<li>S\u00e1bado (Manh\u00e3): \u00a007:30 \u00e0s 09:30<\/li>\n<li>S\u00e1bado (Tarde): 12:00 \u00e0s 13:00<\/li>\n<li><strong>\u00d4nibus somente far\u00e1 a ida<\/strong> e n\u00e3o far\u00e1 a volta para a Barra Funda ap\u00f3s o evento.<\/li>\n<\/ul>\n<p><b>Conforto:<\/b><\/p>\n<ul>\n<li>T\u00e1xi \u2013 aproximadamente R$ 13<\/li>\n<li>Uber \u2013 aproximadamente R$ 8<\/li>\n<li>99 &#8211; aproximadamente R$ 9<\/li>\n<\/ul>\n<h3>DA RODOVI\u00c1RIA DO TIET\u00ca<\/h3>\n<p><b>Econ\u00f4mico:<\/b> Pegue o metr\u00f4 sentido Jabaquara, desembarque na esta\u00e7\u00e3o da Luz e fa\u00e7a transfer\u00eancia para a linha Rubi &#8211; CPTM, sentido Jundia\u00ed. Desembarque na Esta\u00e7\u00e3o Palmeiras-Barra Funda. Pegue o \u00f4nibus na plataforma 4 que vai para a Faculdade Impacta <a href=\"#onibus\">Detalhes do \u00f4nibus gratuito &gt;<\/a>. Passagem em S\u00e3o Paulo est\u00e1 em R$ 3,80, metr\u00f4s e \u00f4nibus.<\/p>\n<p><b>Conforto:<\/b><\/p>\n<ul>\n<li>T\u00e1xi \u2013 aproximadamente R$ 25<\/li>\n<li>Uber \u2013 aproximadamente R$ 14<\/li>\n<li>99 &#8211; aproximadamente R$ 13<\/li>\n<\/ul>\n<h3><b>DO AEROPORTO DE CONGONHAS<\/b><\/h3>\n<p><b>Econ\u00f4mico:<\/b> Saia do aeroporto e procure pela passarela de pedestres. Ao lado dela h\u00e1 um ponto de \u00f4nibus. N\u00e3o atravesse a passarela. Deste mesmo lado, pegue o \u00f4nibus <em>5611-10 P\u00e7a. Jo\u00e3o Mendes<\/em>. Des\u00e7a no ponto final e caminhe at\u00e9 a Esta\u00e7\u00e3o S\u00e9 do metr\u00f4. Pegue a linha azul do metr\u00f4 sentido Tucuruvi, desembarque na Esta\u00e7\u00e3o Luz e fa\u00e7a a transfer\u00eancia para linha rubi &#8211; CPTM, sentido Jundia\u00ed, desembarque na Esta\u00e7\u00e3o Palmeiras-Barra Funda. Pegue o \u00f4nibus na plataforma 4 que vai para a Faculdade Impacta<\/p>\n<p><a href=\"#onibus\">Detalhes do \u00f4nibus gratuito &gt;<\/a><\/p>\n<p>Passagem em S\u00e3o Paulo est\u00e1 em R$ 3,80, metr\u00f4s e \u00f4nibus.<\/p>\n<p><b>Conforto:<\/b><\/p>\n<ul>\n<li>T\u00e1xi \u2013 aproximadamente R$ 70<\/li>\n<li>Uber \u2013 aproximadamente R$ 40<\/li>\n<li>99 \u00a0\u2013 aproximadamente R$37<\/li>\n<\/ul>\n<h3><b>DO AEROPORTO DE GUARULHOS<\/b><\/h3>\n<p><b>Econ\u00f4mico:<\/b> No terminal norte, procure pelo \u00f4nibus da <span style=\"color: #ff0000\"><a href=\"http:\/\/www.emtu.sp.gov.br\/emtu\/itinerarios-e-tarifas\/encontre-uma-linha\/airport-bus-service.fss\">Airport Bus Service<\/a><\/span> que vai para o metr\u00f4 Tatuap\u00e9. A passagem custa R$5,55. Ao descer na esta\u00e7\u00e3o, pegue a linha Coral sentido Luz, desembarque na Esta\u00e7\u00e3o Luz e fa\u00e7a transfer\u00eancia para a linha Rubi &#8211; CPTM, sentido Jundia\u00ed e desembarque na esta\u00e7\u00e3o Palmeiras-Barra Funda. Pegue o \u00f4nibus na plataforma 4 que vai para a Faculdade Impacta <a href=\"#onibus\">Detalhes do \u00f4nibus gratuito &gt;<\/a>. Passagem em S\u00e3o Paulo est\u00e1 em R$ 3,80, metr\u00f4 e \u00f4nibus.<\/p>\n<p><b>Conforto:<\/b><\/p>\n<ul>\n<li>T\u00e1xi \u2013 aproximadamente R$ 122<\/li>\n<li>Uber \u2013 aproximadamente R$ 50<\/li>\n<li>99 \u2013 aproximadamente R$ 45<\/li>\n<\/ul>\n<h2><b>ONDE SE HOSPEDAR<\/b><\/h2>\n<h3><b>HOT\u00c9IS<\/b><\/h3>\n<p>O evento acontece na regi\u00e3o oeste de S\u00e3o Paulo, a apenas 10 minutos do Terminal Barra Funda, onde se concentram muitos hot\u00e9is.<\/p>\n<p>O Hotel IBIS geralmente \u00e9 um dos mais acess\u00edveis em quest\u00e3o de pre\u00e7o. A Faculdade Impacta tamb\u00e9m oferece desconto para quem utilizar o Hostel Villa.<\/p>\n<h4><b>HOTEL IBIS S\u00c3O PAULO EXPO<\/b><\/h4>\n<p>Valor aproximado para a di\u00e1ria no dia do evento \u00e9 de R$ 180.<\/p>\n<ul>\n<li><b>Site:\u00a0<\/b><a href=\"http:\/\/www.ibis.com\/gb\/hotel-2211-ibis-sao-paulo-expo\/index.shtml\">https:\/\/www.ibis.com<\/a><\/li>\n<li><b>Endere\u00e7o:\u00a0<\/b>Rua Eduardo Viana, 163, Barra Funda &#8211; <a href=\"https:\/\/goo.gl\/maps\/86gxv1TUKiM2\" target=\"_blank\" rel=\"noopener\">Ver no mapa &gt;<\/a><\/li>\n<li><b>Telefone:\u00a0\u00a0<\/b>(11) 3393-7300<\/li>\n<li>Pr\u00f3ximo ao evento (15 minutos de caminhada), mas\u00a0distante do Terminal Barra Funda.<\/li>\n<\/ul>\n<h4><b>HIGIEN\u00d3POLIS HOTEL &amp; SU\u00cdTES<\/b><\/h4>\n<p>Valor aproximado para a di\u00e1ria no dia do evento \u00e9 de R$ 220.<\/p>\n<ul>\n<li><b>Site:\u00a0<\/b><a href=\"http:\/\/www.higienopolishotel.com.br\/\">http:\/\/www.higienopolishotel.com.br<\/a><\/li>\n<li><b>Endere\u00e7o:\u00a0<\/b>Av. Ang\u00e9lica, 310,\u00a0Higien\u00f3polis &#8211; <a href=\"https:\/\/goo.gl\/maps\/RQW5TpnvDGN2\" target=\"_blank\" rel=\"noopener\">Ver no mapa &gt;<\/a><\/li>\n<li><b>Telefone:\u00a0<\/b>(11) 3386-6000<\/li>\n<li>Pr\u00f3ximo ao evento, mas\u00a0distante do Terminal Barra Funda.<\/li>\n<\/ul>\n<h4>ADAGIO APARTHOTEL<\/h4>\n<p>Valor aproximado para a di\u00e1ria no dia do evento \u00e9 de R$ 290.<\/p>\n<ul>\n<li><b>Site:\u00a0<\/b><a href=\"https:\/\/www.adagio-city.com\/fr\/hotel-9352-adagio-sao-paulo-barra-funda\/index.shtml\">https:\/\/www.adagio-city.com<\/a><\/li>\n<li><b>Endere\u00e7o:\u00a0<\/b>Alameda Olga, 288,\u00a0Barra Funda &#8211; <a href=\"https:\/\/goo.gl\/maps\/wCUmDnjVy2s\" target=\"_blank\" rel=\"noopener\">Ver no mapa &gt;<\/a><\/li>\n<li><b>Telefone:\u00a0<\/b>(11) 2755-6702<\/li>\n<li>Pr\u00f3ximo ao Terminal Barra Funda, mas um pouco distante do evento.<\/li>\n<\/ul>\n<h4><b>HOTEL IBIS BUDGET S\u00c3O PAULO S\u00c3O JOAO<\/b><\/h4>\n<p>Valor aproximado para a di\u00e1ria no dia do evento \u00e9 de R$ 198.<\/p>\n<ul>\n<li><b>Site:\u00a0<\/b><a href=\"http:\/\/www.ibis.com\/pt-br\/hotel-5524-ibis-budget-sao-paulo-sao-joao\/index.shtml\">http:\/\/www.ibis.com<\/a><\/li>\n<li><b>Endere\u00e7o:\u00a0<\/b>Av. S\u00e3o Jo\u00e3o, 1.140,\u00a0Centro &#8211; <a href=\"https:\/\/goo.gl\/maps\/KECn79uB23v\" target=\"_blank\" rel=\"noopener\">Ver no mapa &gt;<\/a><\/li>\n<li><b>Telefone:\u00a0<\/b>(11) 2878-6400<\/li>\n<li>Pr\u00f3ximo ao evento, mas\u00a0distante do Terminal Barra Funda.<\/li>\n<\/ul>\n<h3><b>HOSTEL<\/b><\/h3>\n<h4><b>RED MONKEY<\/b><\/h4>\n<ul>\n<li><b>Site:\u00a0<\/b><a href=\"http:\/\/www.redmonkeyhostel.com.br\">http:\/\/www.redmonkeyhostel.com.br<\/a><\/li>\n<li><b>Endere\u00e7o:\u00a0<\/b>Rua Vitorino Carmilo, 664, Barra Funda &#8211; <a href=\"https:\/\/goo.gl\/maps\/56kgrW69V3B2\" target=\"_blank\" rel=\"noopener\">Ver no mapa &gt;<\/a><\/li>\n<li><b>Telefone:\u00a0<\/b>(11) 2776-9194 \/ (11) 9.7731-5005<\/li>\n<li>Pr\u00f3ximo ao evento (17 minutos de caminhada).<\/li>\n<\/ul>\n<h4><b>VILLA HOSTEL<\/b><\/h4>\n<ul>\n<li><b>Site:\u00a0<\/b><a href=\"https:\/\/www.villahostelsp.com\/\">https:\/\/www.villahostelsp.com<\/a><\/li>\n<li><b>Endere\u00e7o:\u00a0<\/b>Rua Aimber\u00ea, 1.953, Sumar\u00e9 &#8211; <a href=\"https:\/\/goo.gl\/maps\/e5bGX6EQPA52\" target=\"_blank\" rel=\"noopener\">Ver no mapa &gt;<\/a><\/li>\n<li><b>Telefone:\u00a0<\/b>(11) 2894-6874 \/ (11) 9.7069-1899<\/li>\n<li>O hostel concede desconto para a Faculdade Impacta, mas n\u00e3o \u00e9 pr\u00f3ximo ao evento.<\/li>\n<\/ul>\n<p>&nbsp;<\/p>\n","protected":false},"excerpt":{"rendered":"<p>Localiza\u00e7\u00e3o Faculdade Impacta Tecnologia Av. Rudge, 315 &#8211; Bom Retiro, S\u00e3o Paulo &#8211; SP, 01133-000 Estacionamento Anexo ao pr\u00e9dio da Faculdade Impacta, o valor do per\u00edodo aos s\u00e1bados \u00e9 de R$ 20,00. Aceitam dinheiro ou cart\u00e3o de debito. COMO CHEGAR &hellip; <a href=\"https:\/\/saopaulo.wordcamp.org\/2017\/guia-de-sobrevivencia\/\">Continue lendo <span class=\"assistive-text\">Guia de sobreviv\u00eancia<\/span>  <span class=\"meta-nav\">&rarr;<\/span><\/a><\/p>\n","protected":false},"author":1773513,"featured_media":424,"parent":0,"menu_order":0,"comment_status":"closed","ping_status":"closed","template":"","meta":{"jetpack_post_was_ever_published":false,"footnotes":""},"class_list":["post-347","page","type-page","status-publish","has-post-thumbnail","hentry"],"jetpack_sharing_enabled":true,"jetpack_shortlink":"https:\/\/wp.me\/P9k7no-5B","jetpack_likes_enabled":true,"jetpack-related-posts":[],"_links":{"self":[{"href":"https:\/\/saopaulo.wordcamp.org\/2017\/wp-json\/wp\/v2\/pages\/347","targetHints":{"allow":["GET"]}}],"collection":[{"href":"https:\/\/saopaulo.wordcamp.org\/2017\/wp-json\/wp\/v2\/pages"}],"about":[{"href":"https:\/\/saopaulo.wordcamp.org\/2017\/wp-json\/wp\/v2\/types\/page"}],"author":[{"embeddable":true,"href":"https:\/\/saopaulo.wordcamp.org\/2017\/wp-json\/wp\/v2\/users\/1773513"}],"replies":[{"embeddable":true,"href":"https:\/\/saopaulo.wordcamp.org\/2017\/wp-json\/wp\/v2\/comments?post=347"}],"version-history":[{"count":21,"href":"https:\/\/saopaulo.wordcamp.org\/2017\/wp-json\/wp\/v2\/pages\/347\/revisions"}],"predecessor-version":[{"id":1527,"href":"https:\/\/saopaulo.wordcamp.org\/2017\/wp-json\/wp\/v2\/pages\/347\/revisions\/1527"}],"wp:featuredmedia":[{"embeddable":true,"href":"https:\/\/saopaulo.wordcamp.org\/2017\/wp-json\/wp\/v2\/media\/424"}],"wp:attachment":[{"href":"https:\/\/saopaulo.wordcamp.org\/2017\/wp-json\/wp\/v2\/media?parent=347"}],"curies":[{"name":"wp","href":"https:\/\/api.w.org\/{rel}","templated":true}]}}