{"id":352,"date":"2017-10-30T19:33:28","date_gmt":"2017-10-30T21:33:28","guid":{"rendered":"https:\/\/2017.saopaulo.wordcamp.org\/?page_id=352"},"modified":"2017-11-02T13:27:16","modified_gmt":"2017-11-02T15:27:16","slug":"perguntas-frequentes","status":"publish","type":"page","link":"https:\/\/saopaulo.wordcamp.org\/2017\/guia-de-sobrevivencia\/perguntas-frequentes\/","title":{"rendered":"Perguntas Frequentes"},"content":{"rendered":"<h2>Qual o local, data e hor\u00e1rio?<\/h2>\n<p>O WordCamp acontecer\u00e1 no dia 2\u00a0de dezembro de 2017, na <a href=\"https:\/\/www.google.com\/maps?ll=-23.525855,-46.649322&amp;z=16&amp;t=m&amp;hl=pt-BR&amp;gl=BR&amp;mapclient=embed&amp;cid=8597256109693214427\">Faculdade Impacta Tecnologia<\/a>. As atividades ter\u00e3o in\u00edcio \u00e0s 8h com t\u00e9rmino previsto para as 17h.<\/p>\n<h2>Quero ministrar uma palestra<\/h2>\n<p>Se voc\u00ea tem interesse em realizar uma palestra, apresenta\u00e7\u00e3o ou oficina, encaminhe sua proposta para a organiza\u00e7\u00e3o. O prazo \u00e9 dia <strong>10 de Novembro!<\/strong><\/p>\n<h2>Quero patrocinar o WordCamp S\u00e3o Paulo 2017<\/h2>\n<p>Leia a p\u00e1gina sobre <a href=\"https:\/\/2017.saopaulo.wordcamp.org\/patrocine-o-wordcamp\/\">seja um patrocinador<\/a> e entre em contato conosco atrav\u00e9s do formul\u00e1rio que tem no final da p\u00e1gina.<\/p>\n<h2>Por que est\u00e1 sendo cobrada a taxa de inscri\u00e7\u00e3o?<\/h2>\n<p>A inscri\u00e7\u00e3o que custa <strong>$15,00 (quinze d\u00f3lares)<\/strong> \u00e9 um valor simb\u00f3lico, e ser\u00e1 utilizada para cobrir o custo da alimenta\u00e7\u00e3o, brindes, dos impostos sobre o evento etc. O evento n\u00e3o possui fins lucrativos e seu or\u00e7amento \u00e9 controlado pela WordPress Foundation, dos Estados Unidos.<\/p>\n<h2>Por que a cobran\u00e7a est\u00e1 sendo feita em d\u00f3lares?<\/h2>\n<p>A cobran\u00e7a em d\u00f3lar se d\u00e1 devido ao fato da aquisi\u00e7\u00e3o do ingresso ir diretamente para a <a href=\"https:\/\/wordpressfoundation.org\/\"><strong>WordPress Foundation<\/strong><\/a>, institui\u00e7\u00e3o americana que gere e d\u00e1 suporte a realiza\u00e7\u00e3o de todos WordCamps do mundo.<\/p>\n<p>Poder\u00edamos colocar um valor convertido em reais, por\u00e9m, quase todos os bancos brasileiros bloqueiam a convers\u00e3o din\u00e2mica para d\u00f3lar no pagamento, o que causaria muitos erros na tentativa de compra do ingresso.<\/p>\n<h2>Como eu recebo o ingresso do evento e a minha camiseta?<\/h2>\n<p>Primeiramente tenha certeza de efetuar a sua <a title=\"Inscri\u00e7\u00f5es\" href=\"https:\/\/2017.saopaulo.wordcamp.org\/ingressos\/\" target=\"_blank\" rel=\"noopener\">inscri\u00e7\u00e3o<\/a>. Uma vez confirmado o pagamento, voc\u00ea poder\u00e1 retirar suas credenciais e camiseta no dia e local do evento junto ao balc\u00e3o de credenciamento.<\/p>\n<p>Para isto,<strong> n\u00e3o esque\u00e7a tamb\u00e9m de levar um documento oficial com foto<\/strong>.<\/p>\n<h2>O que est\u00e1 inclu\u00eddo na taxa de inscri\u00e7\u00e3o?<\/h2>\n<ul>\n<li style=\"text-align: justify\">Comparecimento irrestrito a todas as atividades, oficinas e palestras do evento, limitado pela lota\u00e7\u00e3o m\u00e1xima dos audit\u00f3rios e salas.<\/li>\n<li style=\"text-align: justify\">Alimenta\u00e7\u00e3o e brindes.<\/li>\n<\/ul>\n<h2>Fiz a inscri\u00e7\u00e3o e n\u00e3o recebi o email de confirma\u00e7\u00e3o. O que eu devo fazer?<\/h2>\n<p>Aguarde um pouco e verifique sua caixa de SPAM. Se voc\u00ea n\u00e3o receber em no m\u00e1ximo 30 minutos, entre em contato pelo email saopaulo<em>[arroba]wordcamp.org<\/em><\/p>\n<h2>Quem vai comparecer ao WordCamp?<\/h2>\n<p>WordCamps s\u00e3o frequentados por uma variedade incr\u00edvel de pessoas, desde blogueiros iniciantes at\u00e9 desenvolvedores, gestores de conte\u00fado e consultores profissionais de WordPress. A abrang\u00eancia do p\u00fablico interessado reflete a diversidade do universo de pessoas envolvidas com o WordPress.<\/p>\n<p>Mas se ainda assim voc\u00ea estiver curioso, voc\u00ea pode conferir a <a href=\"https:\/\/2017.saopaulo.wordcamp.org\/participantes\/\" target=\"_blank\" rel=\"noopener\">lista de inscritos<\/a> aqui.<\/p>\n<h2>\u00c9 permitido filmar, fotografar e fazer coberturas paralelas?<\/h2>\n<p>Sim! Leve sua m\u00e1quina fotogr\u00e1fica, filmadora e fique \u00e0 vontade. N\u00e3o esque\u00e7a de compartilhar o material depois usando a hastag do evento <strong>#WordCampSP<\/strong>!<\/p>\n<p>Se voc\u00ea quiser fazer algum trabalho mais elaborado no evento, n\u00e3o esque\u00e7a de trocar uma ideia com a gente pelo e-mail saopaulo<em>[arroba]wordcamp.org<\/em>.<\/p>\n<h2>Como fa\u00e7o pra chegar na Faculdade Impacta Tecnologia<\/h2>\n<p>Muito f\u00e1cil! Consulte nosso &#8220;<a title=\"Guia de Sobreviv\u00eancia\" href=\"http:\/\/2017.saopaulo.wordcamp.org\/guia-de-sobrevivencia\/\" target=\"_blank\" rel=\"noopener\">Guia de Sobreviv\u00eancia<\/a>&#8220;.<\/p>\n<h2>O que eu devo levar ao WordCamp?<\/h2>\n<ul>\n<li>Documento de identifica\u00e7\u00e3o com foto, para fins de credenciamento.<\/li>\n<li>Caso queira, seu notebook\u00a0ou tablet carregado &#8212; pode ser dif\u00edcil encontrar uma tomada livre, por isso leve tamb\u00e9m um adaptador para compartilhar.<\/li>\n<li>C\u00e2meras fotogr\u00e1ficas, filmadoras &#8212; \u00e9 permitido filmar, fotografar e gravar.<\/li>\n<li>Cart\u00f5es de visita &#8212; as pessoas ainda gostam deles.<\/li>\n<li>Imprima a programa\u00e7\u00e3o&#8230; e se programe.<\/li>\n<\/ul>\n<h2>Qual \u00e9 a hashtag oficial do evento?<\/h2>\n<p><strong>#WordCampSP<\/strong>! Use e abuse no Twitter e Facebook.<\/p>\n<h2>Quantos participantes s\u00e3o esperados?<\/h2>\n<p>O WordCamp S\u00e3o Paulo est\u00e1 sendo estruturado para um p\u00fablico de 250 pessoas.<\/p>\n<h2>Como retiro o certificado de participa\u00e7\u00e3o?<\/h2>\n<p>Os certificados ser\u00e3o disponibilizados online. Fique de olho aqui neste site\u00a0e na na <a title=\"facebook\/WordCampSaoPaulo\" href=\"https:\/\/www.facebook.com\/WordCampSaoPaulo\" target=\"_blank\" rel=\"noopener\">p\u00e1gina do evento no Facebook<\/a>.<\/p>\n<h2>Tenho uma d\u00favida que n\u00e3o est\u00e1 aqui. Como fa\u00e7o?<\/h2>\n<p>Envie um e-mail para saopaulo<em>[arroba]wordcamp.org<\/em>. Se a d\u00favida for relevante, adicionaremos aqui. \ud83d\ude42<\/p>\n","protected":false},"excerpt":{"rendered":"<p>Qual o local, data e hor\u00e1rio? O WordCamp acontecer\u00e1 no dia 2\u00a0de dezembro de 2017, na Faculdade Impacta Tecnologia. As atividades ter\u00e3o in\u00edcio \u00e0s 8h com t\u00e9rmino previsto para as 17h. Quero ministrar uma palestra Se voc\u00ea tem interesse em &hellip; <a href=\"https:\/\/saopaulo.wordcamp.org\/2017\/guia-de-sobrevivencia\/perguntas-frequentes\/\">Continue lendo <span class=\"assistive-text\">Perguntas Frequentes<\/span>  <span class=\"meta-nav\">&rarr;<\/span><\/a><\/p>\n","protected":false},"author":1773513,"featured_media":424,"parent":347,"menu_order":0,"comment_status":"closed","ping_status":"closed","template":"","meta":{"jetpack_post_was_ever_published":false,"footnotes":""},"class_list":["post-352","page","type-page","status-publish","has-post-thumbnail","hentry"],"jetpack_sharing_enabled":true,"jetpack_shortlink":"https:\/\/wp.me\/P9k7no-5G","jetpack_likes_enabled":true,"jetpack-related-posts":[],"_links":{"self":[{"href":"https:\/\/saopaulo.wordcamp.org\/2017\/wp-json\/wp\/v2\/pages\/352","targetHints":{"allow":["GET"]}}],"collection":[{"href":"https:\/\/saopaulo.wordcamp.org\/2017\/wp-json\/wp\/v2\/pages"}],"about":[{"href":"https:\/\/saopaulo.wordcamp.org\/2017\/wp-json\/wp\/v2\/types\/page"}],"author":[{"embeddable":true,"href":"https:\/\/saopaulo.wordcamp.org\/2017\/wp-json\/wp\/v2\/users\/1773513"}],"replies":[{"embeddable":true,"href":"https:\/\/saopaulo.wordcamp.org\/2017\/wp-json\/wp\/v2\/comments?post=352"}],"version-history":[{"count":8,"href":"https:\/\/saopaulo.wordcamp.org\/2017\/wp-json\/wp\/v2\/pages\/352\/revisions"}],"predecessor-version":[{"id":611,"href":"https:\/\/saopaulo.wordcamp.org\/2017\/wp-json\/wp\/v2\/pages\/352\/revisions\/611"}],"up":[{"embeddable":true,"href":"https:\/\/saopaulo.wordcamp.org\/2017\/wp-json\/wp\/v2\/pages\/347"}],"wp:featuredmedia":[{"embeddable":true,"href":"https:\/\/saopaulo.wordcamp.org\/2017\/wp-json\/wp\/v2\/media\/424"}],"wp:attachment":[{"href":"https:\/\/saopaulo.wordcamp.org\/2017\/wp-json\/wp\/v2\/media?parent=352"}],"curies":[{"name":"wp","href":"https:\/\/api.w.org\/{rel}","templated":true}]}}