{"id":271,"date":"2017-10-27T09:40:25","date_gmt":"2017-10-27T11:40:25","guid":{"rendered":"https:\/\/2017.saopaulo.wordcamp.org\/contact\/"},"modified":"2018-08-29T22:41:17","modified_gmt":"2018-08-30T01:41:17","slug":"contato","status":"publish","type":"page","link":"https:\/\/saopaulo.wordcamp.org\/2018\/contato\/","title":{"rendered":"Contato"},"content":{"rendered":"<div data-test='contact-form'\n\t\t\tid='contact-form-271'\n\t\t\tclass='jetpack-contact-form-container '\n\t\t\tdata-wp-interactive='jetpack\/form' data-wp-context='{\"formId\":\"271\",\"formHash\":\"9c36169f10dd804d04e3d54c0071625d75ee261e\",\"showErrors\":false,\"errors\":[],\"fields\":[],\"isMultiStep\":false,\"useAjax\":true,\"submissionData\":null,\"formattedSubmissionData\":[],\"submissionSuccess\":false,\"submissionError\":null,\"elementId\":\"jp-form-9c36169f10dd804d04e3d54c0071625d75ee261e\",\"isSingleInputForm\":false,\"isForcedHorizontal\":false}'\n\t\t\tdata-wp-watch--scroll-to-wrapper=\"callbacks.scrollToWrapper\"\n\t\t>\n<div class=\"contact-form-submission contact-form-ajax-submission\" data-wp-bind--aria-hidden=\"state.isSuccessMessageAriaHidden\" data-wp-class--submission-success=\"context.submissionSuccess\" id=\"contact-form-success-9c36169f10dd804d04e3d54c0071625d75ee261e\" tabindex=\"-1\" aria-labelledby=\"contact-form-success-header-9c36169f10dd804d04e3d54c0071625d75ee261e\"><p class=\"go-back-message\"><a class=\"link\" role=\"button\" tabindex=\"0\" data-wp-on--click=\"actions.goBack\" href=\"\/2018\/wp-json\/wp\/v2\/pages\/271\">\u2190 Back<\/a><\/p><h4 data-wp-bind--aria-hidden=\"state.isSuccessMessageAriaHidden\" id=\"contact-form-success-header-9c36169f10dd804d04e3d54c0071625d75ee261e\">Sua mensagem foi enviada<\/h4>\n\n<template data-wp-each--submission=\"context.formattedSubmissionData\">\n\t\t\t\t\t<div class=\"jetpack_forms_contact-form-success-summary\">\n\t\t\t\t\t\t<div class=\"field-name-wrapper\">\n\t\t\t\t\t\t\t<div class=\"field-type-icon\" data-wp-watch=\"callbacks.watchFieldTypeIcon\"><\/div>\n\t\t\t\t\t\t\t<div class=\"field-name\" data-wp-text=\"context.submission.label\" data-wp-bind--hidden=\"!context.submission.label\"><\/div>\n\t\t\t\t\t\t<\/div>\n\t\t\t\t\t\t<div class=\"field-value\" data-wp-text=\"context.submission.value\" data-wp-bind--hidden=\"!context.submission.showPlainValue\"><\/div>\n\t\t\t\t\t\t<a class=\"field-url\" data-wp-bind--href=\"context.submission.url\" data-wp-text=\"context.submission.value\" data-wp-bind--hidden=\"!context.submission.url\" target=\"_blank\" rel=\"noopener noreferrer\"><\/a>\n\t\t\t\t\t\t<div class=\"field-rating\" data-wp-bind--hidden=\"!context.submission.rating\" data-wp-watch=\"callbacks.watchRatingIcons\"><\/div>\n\t\t\t\t\t\t<div class=\"field-images\" data-wp-bind--hidden=\"!context.submission.images\">\n\t\t\t\t\t\t\t<template data-wp-each--image=\"context.submission.images\">\n\t\t\t\t\t\t\t\t<div class=\"field-image-option\" data-wp-class--is-empty=\"!context.image.src\">\n\t\t\t\t\t\t\t\t\t<figure class=\"field-image-option__image\" data-wp-class--is-empty=\"!context.image.src\">\n\t\t\t\t\t\t\t\t\t\t<img data-wp-bind--src=\"context.image.src\" data-wp-bind--hidden=\"!context.image.src\" \/>\n\t\t\t\t\t\t\t\t\t\t<img decoding=\"async\" src=\"data:image\/gif;base64,R0lGODlhAQABAAD\/ACwAAAAAAQABAAACADs=\" data-wp-bind--hidden=\"context.image.src\" \/>\n\t\t\t\t\t\t\t\t\t<\/figure>\n\t\t\t\t\t\t\t\t\t<div class=\"field-image-option__label-wrapper\">\n\t\t\t\t\t\t\t\t\t\t<span class=\"field-image-option__label-code\" data-wp-text=\"context.image.letterCode\"><\/span>\n\t\t\t\t\t\t\t\t\t\t<span class=\"field-image-option__label\" data-wp-text=\"context.image.label\" data-wp-bind--hidden=\"!context.image.label\"><\/span>\n\t\t\t\t\t\t\t\t\t<\/div>\n\t\t\t\t\t\t\t\t<\/div>\n\t\t\t\t\t\t\t<\/template>\n\t\t\t\t\t\t<\/div>\n\t\t\t\t\t\t<div class=\"field-files\" data-wp-bind--hidden=\"!context.submission.files\">\n\t\t\t\t\t\t\t<template data-wp-each--file=\"context.submission.files\">\n\t\t\t\t\t\t\t\t<div class=\"field-file\">\n\t\t\t\t\t\t\t\t\t<div class=\"field-file__thumbnail\" data-wp-style--background-image=\"context.file.previewUrl\" data-wp-style--mask-image=\"context.file.iconUrl\" data-wp-bind--hidden=\"!context.file.hasPreview\"><\/div>\n\t\t\t\t\t\t\t\t\t<svg class=\"field-file__icon\" data-wp-bind--hidden=\"context.file.hasPreview\" width=\"20\" height=\"20\" viewBox=\"0 0 24 24\" fill=\"none\" xmlns=\"http:\/\/www.w3.org\/2000\/svg\" aria-hidden=\"true\">\n\t\t\t\t\t\t\t\t\t\t<path d=\"M14 2H6C4.9 2 4 2.9 4 4V20C4 21.1 4.89 22 5.99 22H18C19.1 22 20 21.1 20 20V8L14 2ZM18 20H6V4H13V9H18V20Z\" fill=\"currentColor\"\/>\n\t\t\t\t\t\t\t\t\t<\/svg>\n\t\t\t\t\t\t\t\t\t<span class=\"field-file__name\" data-wp-text=\"context.file.name\"><\/span>\n\t\t\t\t\t\t\t\t\t<span class=\"field-file__size\" data-wp-text=\"context.file.size\"><\/span>\n\t\t\t\t\t\t\t\t<\/div>\n\t\t\t\t\t\t\t<\/template>\n\t\t\t\t\t\t<\/div>\n\t\t\t\t\t<\/div>\n\t\t\t\t<\/template><\/div><form action='https:\/\/saopaulo.wordcamp.org\/2018\/contato\/'\n\t\t\t\tid='jp-form-9c36169f10dd804d04e3d54c0071625d75ee261e'\n\t\t\t\tmethod='post'\n\t\t\t\tclass='contact-form commentsblock jetpack-contact-form__form has-no-jetpack-form-layout' aria-label=\"Contato\"\n\t\t\t\tdata-wp-on--submit=\"actions.onFormSubmit\"\n\t\t\t\tdata-wp-on--reset=\"actions.onFormReset\"\n\t\t\t\tdata-wp-class--submission-success=\"context.submissionSuccess\"\n\t\t\t\tdata-wp-class--is-first-step=\"state.isFirstStep\"\n\t\t\t\tdata-wp-class--is-last-step=\"state.isLastStep\"\n\t\t\t\tdata-wp-class--is-ajax-form=\"context.useAjax\"\n\t\t\t\tnovalidate >\n<input type='hidden' name='jetpack_contact_form_jwt' value='eyJ0eXAiOiJKV1QiLCJhbGciOiJIUzI1NiJ9.eyJlbmNyeXB0ZWRfYXR0cmlidXRlcyI6Ii9YUjBlWmVabitrOTFXSjJRem9UOTdiaUR6bmc4azluU24rVyt0N1NBenNuSVJRTHF2TWJTMllXb2ZYMnJrclN0YmQ1YjhsRHdkUU85UFVNRGE0ZnRMKzZ0VVpLUFY1VWtXZ05hZTVuRjhKMVFueHdXOXNnQlZka1J1ZkkwRGRmclVWaGVKblRLMTcySFUvMVhYazg2ZzVVWHk1MmpMaHdxTDJadXNnZ2JtakIxTkZSbWhMd0Jud2dXTW8yWHZtM2pkTW1ySXlEcDJ3ZkNrbVhKcmFONjlYTzZDdld5NHV3MHBjdmdldkJZSVhQUU1oblJXRGVXWXoyN0Z6QXJpQkdnZkhJV2ZscXBWRnRkdzNla0Fhd2RHUlgxZmdYR01FL0NKSThWUmNndVhNRzh5c3pxMEZoT0Q3bHVTSFdQditKUVFXc0lWZ2NRUWNsWnNUWklaUkFjbFlDK1lJdlVVUWFTUG9KUHlCamlqY1JER2ZYdUtudW4rTm40bXlUMjRDMWRFSENaMWhLYkNzNXpReVNUT2MrQ0NsR1VwdGRCZGV5NSt6bFg5VE1UTytWTHdjZ1VCeW00U0k0RnlvZktDNkYxNjg5V2RwbHRDTkh6QjZLZ2xmSDk2SkpjT2JxcHU0VGZkNnNFaG1HQWlqbHFCc2Z1MFAyZlkvMUx1cjJUb2wyeWYxajZheE42ZWROSkxBendPeUoydHhUdVpseTE3UkhZcEZwV25aUlVrQWozRUh4RW9XZllQU0syaXhuZnlOOU45a3p1MWNEeWNBUC9rQklPSEk5MHZuK080T1NVaVErRGdrZ1BTR3kxam85SU1hWVhxMUNsa1NIRjN5R0djeVEwZTduQmg3ZEFmU0ZEd2E5TkxGbFBTSkJZV2xleHR4b1hmVllvcFJoSjZraVowNDcwbUhwUkZobG5yRTU0cHE5Z1Q5VG5sc01oTlpGV3hZL0wrbnhBSm96OGpRa3ZYSmpvZnFLV2JMWWVHT0dqTGdLbGZ4R1FmSXM1TU5Kb3BZL1pyeWZFLzhaOW51YzVrMk40TU9IK1ZQOUNmcGFhSUxqY3h4aDBuRmtQcS9ZaVZvNlBrQlc1WlBtV0U2UDBpWXdTZnRyVFc2MThGaWk3b2tqTnpyL3JYRFUzSnFnTVkxYVgxRGRRVVAvQ0JPUWgzdHpvTmEyQ3lzSXRydz0iLCJjb250ZW50IjoiW2NvbnRhY3QtZmllbGQgbGFiZWw9XCJOYW1lXCIgdHlwZT1cIm5hbWVcIiByZXF1aXJlZD1cIjFcIl1bY29udGFjdC1maWVsZCBsYWJlbD1cIkVtYWlsXCIgdHlwZT1cImVtYWlsXCIgcmVxdWlyZWQ9XCIxXCJdW2NvbnRhY3QtZmllbGQgbGFiZWw9XCJNZW5zYWdlbVwiIHR5cGU9XCJ0ZXh0YXJlYVwiIHJlcXVpcmVkPVwiMVwiXSIsImhhc2giOiI5YzM2MTY5ZjEwZGQ4MDRkMDRlM2Q1NGMwMDcxNjI1ZDc1ZWUyNjFlIiwic291cmNlIjp7ImVudHJ5X3RpdGxlIjoiQ29udGF0byIsImVudHJ5X3BhZ2UiOjEsInNvdXJjZV9pZCI6MjcxLCJzb3VyY2VfdHlwZSI6InNpbmdsZSIsInJlcXVlc3RfdXJsIjoiaHR0cHM6Ly9zYW9wYXVsby53b3JkY2FtcC5vcmcvMjAxOC93cC1qc29uL3dwL3YyL3BhZ2VzLzI3MSJ9LCJ2ZXJzaW9uIjoyLCJjaXBoZXIiOiJhZXMtMjU2LWdjbSJ9._4Ku1ekJKVhZR8s4rTJOeEvD9lxHDz7S0jzqlKDn6qA' \/>\n\n<div style=\"\"  data-wp-interactive=\"jetpack\/form\" data-wp-context='{\"fieldId\":\"g271-name\",\"fieldType\":\"name\",\"fieldLabel\":\"Name\",\"fieldValue\":\"\",\"fieldPlaceholder\":\"\",\"fieldIsRequired\":\"1\",\"fieldErrorMessage\":\"\",\"fieldExtra\":[],\"formHash\":\"9c36169f10dd804d04e3d54c0071625d75ee261e\"}'  class='grunion-field-name-wrap grunion-field-wrap'  data-wp-init='callbacks.initializeField' data-wp-on--jetpack-form-reset='callbacks.initializeField' >\n<label\n\t\t\t\tfor='g271-name' class=\"grunion-field-label name\" >Name<span class=\"grunion-label-required\" aria-hidden=\"true\">(obrigat\u00f3rio)<\/span><\/label>\n<input\n\t\t\t\t\ttype='text'\n\t\t\t\t\tname='g271-name'\n\t\t\t\t\tid='g271-name'\n\t\t\t\t\tvalue=''\n\n\t\t\t\t\tdata-wp-bind--aria-invalid='state.fieldAriaInvalid'\n\t\t\t\t\tdata-wp-bind--value='state.getFieldValue'\n\t\t\t\t\taria-describedby='g271-name-text-error-message'\n\t\t\t\t\tdata-wp-on--input='actions.onFieldChange'\n\t\t\t\t\tdata-wp-on--blur='actions.onFieldBlur'\n\t\t\t\t\tdata-wp-class--has-value='state.hasFieldValue'\n\n\t\t\t\t\tclass='name  grunion-field' \n\t\t\t\t\trequired='true' aria-required='true'  \/>\n \n\t\t\t<div id=\"g271-name-text-error\" class=\"contact-form__input-error\" data-wp-class--has-errors=\"state.fieldHasErrors\">\n\t\t\t\t<span class=\"contact-form__warning-icon\" aria-hidden=\"true\">\n\t\t\t\t\t<svg width=\"16\" height=\"16\" viewBox=\"0 0 16 16\" fill=\"none\" xmlns=\"http:\/\/www.w3.org\/2000\/svg\">\n\t\t\t\t\t\t<path d=\"M8.50015 11.6402H7.50015V10.6402H8.50015V11.6402Z\" \/>\n\t\t\t\t\t\t<path d=\"M7.50015 9.64018H8.50015V6.30684H7.50015V9.64018Z\" \/>\n\t\t\t\t\t\t<path fill-rule=\"evenodd\" clip-rule=\"evenodd\" d=\"M6.98331 3.0947C7.42933 2.30177 8.57096 2.30177 9.01698 3.09469L13.8771 11.7349C14.3145 12.5126 13.7525 13.4735 12.8602 13.4735H3.14004C2.24774 13.4735 1.68575 12.5126 2.12321 11.7349L6.98331 3.0947ZM8.14541 3.58496C8.08169 3.47168 7.9186 3.47168 7.85488 3.58496L2.99478 12.2251C2.93229 12.3362 3.01257 12.4735 3.14004 12.4735H12.8602C12.9877 12.4735 13.068 12.3362 13.0055 12.2251L8.14541 3.58496Z\" \/>\n\t\t\t\t\t<\/svg>\n\t\t\t\t<\/span>\n\t\t\t\t<span data-wp-text=\"state.errorMessage\" id=\"g271-name-text-error-message\"><\/span>\n\t\t\t<\/div> \n\t<\/div>\n\n<div style=\"\"  data-wp-interactive=\"jetpack\/form\" data-wp-context='{\"fieldId\":\"g271-email\",\"fieldType\":\"email\",\"fieldLabel\":\"Email\",\"fieldValue\":\"\",\"fieldPlaceholder\":\"\",\"fieldIsRequired\":\"1\",\"fieldErrorMessage\":\"\",\"fieldExtra\":[],\"formHash\":\"9c36169f10dd804d04e3d54c0071625d75ee261e\"}'  class='grunion-field-email-wrap grunion-field-wrap'  data-wp-init='callbacks.initializeField' data-wp-on--jetpack-form-reset='callbacks.initializeField' >\n<label\n\t\t\t\tfor='g271-email' class=\"grunion-field-label email\" >Email<span class=\"grunion-label-required\" aria-hidden=\"true\">(obrigat\u00f3rio)<\/span><\/label>\n<input\n\t\t\t\t\ttype='email'\n\t\t\t\t\tname='g271-email'\n\t\t\t\t\tid='g271-email'\n\t\t\t\t\tvalue=''\n\n\t\t\t\t\tdata-wp-bind--aria-invalid='state.fieldAriaInvalid'\n\t\t\t\t\tdata-wp-bind--value='state.getFieldValue'\n\t\t\t\t\taria-describedby='g271-email-email-error-message'\n\t\t\t\t\tdata-wp-on--input='actions.onFieldChange'\n\t\t\t\t\tdata-wp-on--blur='actions.onFieldBlur'\n\t\t\t\t\tdata-wp-class--has-value='state.hasFieldValue'\n\n\t\t\t\t\tclass='email  grunion-field' \n\t\t\t\t\trequired='true' aria-required='true'  \/>\n \n\t\t\t<div id=\"g271-email-email-error\" class=\"contact-form__input-error\" data-wp-class--has-errors=\"state.fieldHasErrors\">\n\t\t\t\t<span class=\"contact-form__warning-icon\" aria-hidden=\"true\">\n\t\t\t\t\t<svg width=\"16\" height=\"16\" viewBox=\"0 0 16 16\" fill=\"none\" xmlns=\"http:\/\/www.w3.org\/2000\/svg\">\n\t\t\t\t\t\t<path d=\"M8.50015 11.6402H7.50015V10.6402H8.50015V11.6402Z\" \/>\n\t\t\t\t\t\t<path d=\"M7.50015 9.64018H8.50015V6.30684H7.50015V9.64018Z\" \/>\n\t\t\t\t\t\t<path fill-rule=\"evenodd\" clip-rule=\"evenodd\" d=\"M6.98331 3.0947C7.42933 2.30177 8.57096 2.30177 9.01698 3.09469L13.8771 11.7349C14.3145 12.5126 13.7525 13.4735 12.8602 13.4735H3.14004C2.24774 13.4735 1.68575 12.5126 2.12321 11.7349L6.98331 3.0947ZM8.14541 3.58496C8.08169 3.47168 7.9186 3.47168 7.85488 3.58496L2.99478 12.2251C2.93229 12.3362 3.01257 12.4735 3.14004 12.4735H12.8602C12.9877 12.4735 13.068 12.3362 13.0055 12.2251L8.14541 3.58496Z\" \/>\n\t\t\t\t\t<\/svg>\n\t\t\t\t<\/span>\n\t\t\t\t<span data-wp-text=\"state.errorMessage\" id=\"g271-email-email-error-message\"><\/span>\n\t\t\t<\/div> \n\t<\/div>\n\n<div style=\"\"  data-wp-interactive=\"jetpack\/form\" data-wp-context='{\"fieldId\":\"g271-mensagem\",\"fieldType\":\"textarea\",\"fieldLabel\":\"Mensagem\",\"fieldValue\":\"\",\"fieldPlaceholder\":\"\",\"fieldIsRequired\":\"1\",\"fieldErrorMessage\":\"\",\"fieldExtra\":[],\"formHash\":\"9c36169f10dd804d04e3d54c0071625d75ee261e\"}'  class='grunion-field-textarea-wrap grunion-field-wrap'  data-wp-init='callbacks.initializeField' data-wp-on--jetpack-form-reset='callbacks.initializeField' >\n<label\n\t\t\t\tfor='contact-form-comment-g271-mensagem' class=\"grunion-field-label textarea\" >Mensagem<span class=\"grunion-label-required\" aria-hidden=\"true\">(obrigat\u00f3rio)<\/span><\/label>\n<textarea\n\t\t                style=''\n\t\t                name='g271-mensagem'\n\t\t                id='contact-form-comment-g271-mensagem'\n\t\t                rows='20'\n\t\t\t\t\t\tdata-wp-text='state.getFieldValue'\n\t\t\t\t\t\tdata-wp-on--input='actions.onFieldChange'\n\t\t\t\t\t\tdata-wp-on--blur='actions.onFieldBlur'\n\t\t\t\t\t\tdata-wp-class--has-value='state.hasFieldValue'\n\t\t\t\t\t\taria-describedby='g271-mensagem-textarea-error-message'\n\t\t\t\t\t\tdata-wp-bind--aria-invalid='state.fieldAriaInvalid'\n\t\t\t\t\t\tclass='textarea  grunion-field'  required aria-required='true'><\/textarea>\n \n\t\t\t<div id=\"g271-mensagem-textarea-error\" class=\"contact-form__input-error\" data-wp-class--has-errors=\"state.fieldHasErrors\">\n\t\t\t\t<span class=\"contact-form__warning-icon\" aria-hidden=\"true\">\n\t\t\t\t\t<svg width=\"16\" height=\"16\" viewBox=\"0 0 16 16\" fill=\"none\" xmlns=\"http:\/\/www.w3.org\/2000\/svg\">\n\t\t\t\t\t\t<path d=\"M8.50015 11.6402H7.50015V10.6402H8.50015V11.6402Z\" \/>\n\t\t\t\t\t\t<path d=\"M7.50015 9.64018H8.50015V6.30684H7.50015V9.64018Z\" \/>\n\t\t\t\t\t\t<path fill-rule=\"evenodd\" clip-rule=\"evenodd\" d=\"M6.98331 3.0947C7.42933 2.30177 8.57096 2.30177 9.01698 3.09469L13.8771 11.7349C14.3145 12.5126 13.7525 13.4735 12.8602 13.4735H3.14004C2.24774 13.4735 1.68575 12.5126 2.12321 11.7349L6.98331 3.0947ZM8.14541 3.58496C8.08169 3.47168 7.9186 3.47168 7.85488 3.58496L2.99478 12.2251C2.93229 12.3362 3.01257 12.4735 3.14004 12.4735H12.8602C12.9877 12.4735 13.068 12.3362 13.0055 12.2251L8.14541 3.58496Z\" \/>\n\t\t\t\t\t<\/svg>\n\t\t\t\t<\/span>\n\t\t\t\t<span data-wp-text=\"state.errorMessage\" id=\"g271-mensagem-textarea-error-message\"><\/span>\n\t\t\t<\/div>\n\t<\/div>\n\t<p class='contact-submit'>\n<div class=\"contact-form__error\" data-wp-class--show-errors=\"state.showFormErrors\"><span class=\"contact-form__warning-icon\" aria-hidden=\"true\"><i><\/i><\/span><span class=\"contact-form__error-message\" tabindex=\"-1\" data-wp-watch=\"callbacks.focusOnValidationError\" data-wp-text=\"state.getFormErrorMessage\"><\/span><ul aria-label=\"Form errors\">\n\t\t\t\t<template data-wp-each=\"state.getErrorList\" data-wp-key=\"context.item.id\">\n\t\t\t\t\t<li><a data-wp-bind--href=\"context.item.anchor\" data-wp-on--click=\"actions.scrollIntoView\" data-wp-text=\"context.item.label\"><\/a><\/li>\n\t\t\t\t<\/template>\n\t\t\t\t<\/ul><\/div><div class=\"contact-form__error\" data-wp-class--show-errors=\"state.showSubmissionError\" data-wp-text=\"context.submissionError\" tabindex=\"-1\" data-wp-watch=\"callbacks.focusOnSubmissionError\"><\/div>\t\t<button type='submit' class='pushbutton-wide'>Enviar<\/button>\t\t<input type='hidden' name='contact-form-id' value='271' \/>\n\t\t<input type='hidden' name='action' value='grunion-contact-form' \/>\n\t\t<input type='hidden' name='contact-form-hash' value='9c36169f10dd804d04e3d54c0071625d75ee261e' \/>\n\t<\/p>\n<p style=\"display: none !important;\" class=\"akismet-fields-container\" data-prefix=\"ak_\"><label>&#916;<textarea name=\"ak_hp_textarea\" cols=\"45\" rows=\"8\" maxlength=\"100\"><\/textarea><\/label><input type=\"hidden\" id=\"ak_js_1\" name=\"ak_js\" value=\"36\"\/><script type=\"text\/javascript\">\n\/* <![CDATA[ *\/\ndocument.getElementById( \"ak_js_1\" ).setAttribute( \"value\", ( new Date() ).getTime() );\n\/* ]]> *\/\n<\/script>\n<\/p><\/form>\n<\/div>\n","protected":false},"excerpt":{"rendered":"","protected":false},"author":6038041,"featured_media":424,"parent":0,"menu_order":0,"comment_status":"closed","ping_status":"closed","template":"","meta":{"_crdt_document":"","jetpack_post_was_ever_published":false,"footnotes":""},"class_list":["post-271","page","type-page","status-publish","has-post-thumbnail","hentry"],"jetpack_sharing_enabled":true,"jetpack_shortlink":"https:\/\/wp.me\/Pa0rp1-4n","jetpack_likes_enabled":true,"jetpack-related-posts":[{"id":273,"url":"https:\/\/saopaulo.wordcamp.org\/2018\/codigo-de-conduta\/","url_meta":{"origin":271,"position":0},"title":"C\u00f3digo de conduta","author":"Rafael Funchal","date":"27\/10\/2017","format":false,"excerpt":"1. Prop\u00f3sito O WordCamp S\u00e3o Paulo acredita que nossa comunidade deve ser totalmente aberta para todos. Desta forma, estamos comprometidos a oferecer um ambiente amig\u00e1vel, seguro e acolhedor para todos, n\u00e3o importando o sexo, orienta\u00e7\u00e3o sexual, defici\u00eancias f\u00edsicas, etnicidade, religi\u00e3o, sistema operacional preferido, linguagem de programa\u00e7\u00e3o ou editor de texto.\u2026","rel":"","context":"Post similar","block_context":{"text":"Post similar","link":""},"img":{"alt_text":"","src":"https:\/\/i0.wp.com\/saopaulo.wordcamp.org\/2018\/files\/2018\/08\/wcsp-site-logo.png?fit=263%2C250&resize=350%2C200#038;ssl=1","width":350,"height":200},"classes":[]},{"id":352,"url":"https:\/\/saopaulo.wordcamp.org\/2018\/perguntas-frequentes\/","url_meta":{"origin":271,"position":1},"title":"Perguntas Frequentes","author":"Rafael Funchal","date":"30\/10\/2017","format":false,"excerpt":"Qual o local, data e hor\u00e1rio? O WordCamp acontecer\u00e1 no dia 13 de outubro de 2018, na Universidade Nove de Julho (Uninove). As atividades ter\u00e3o in\u00edcio \u00e0s 8h com t\u00e9rmino previsto para as 17h. Quero ministrar uma palestra Se voc\u00ea tem interesse em realizar uma palestra, apresenta\u00e7\u00e3o ou oficina, encaminhe\u2026","rel":"","context":"Post similar","block_context":{"text":"Post similar","link":""},"img":{"alt_text":"","src":"https:\/\/i0.wp.com\/saopaulo.wordcamp.org\/2018\/files\/2018\/08\/wcsp-site-logo.png?fit=263%2C250&resize=350%2C200#038;ssl=1","width":350,"height":200},"classes":[]},{"id":265,"url":"https:\/\/saopaulo.wordcamp.org\/2018\/localizacao\/","url_meta":{"origin":271,"position":2},"title":"Localiza\u00e7\u00e3o","author":"Rafael Funchal","date":"27\/10\/2017","format":false,"excerpt":"Universidade Nove de Julho (Uninove)Rua Vergueiro, 235\/249 - Liberdade, S\u00e3o Paulo - SP, Brasil Transporte A Uninove Vergueiro encontra-se ao lado da esta\u00e7\u00e3o S\u00e3o Joaquim da Linha 1 (Azul) do Metr\u00f4.\u00a0","rel":"","context":"Post similar","block_context":{"text":"Post similar","link":""},"img":{"alt_text":"","src":"https:\/\/i0.wp.com\/saopaulo.wordcamp.org\/2018\/files\/2018\/08\/wcsp-site-logo.png?fit=263%2C250&resize=350%2C200#038;ssl=1","width":350,"height":200},"classes":[]},{"id":347,"url":"https:\/\/saopaulo.wordcamp.org\/2018\/guia-de-sobrevivencia\/","url_meta":{"origin":271,"position":3},"title":"Guia de sobreviv\u00eancia","author":"Rafael Funchal","date":"30\/10\/2017","format":false,"excerpt":"Localiza\u00e7\u00e3o Universidade Nove de Julho (Uninove)Rua Vergueiro, 235\/249 - Liberdade, S\u00e3o Paulo - SP, Brasil Ver mapa Pr\u00f3ximo ao Metr\u00f4 S\u00e3o Joaquim - Linha 1 Azul (300m). De f\u00e1cil acesso via transporte p\u00fablico, com v\u00e1rias op\u00e7\u00f5es de \u00f4nibus tamb\u00e9m. Alguns bairros pr\u00f3ximos: LiberdadeBela VistaRegi\u00e3o da Avenina PaulistaPara\u00edsoAclima\u00e7\u00e3oCentroVila Mariana Estacionamento Existem\u2026","rel":"","context":"Post similar","block_context":{"text":"Post similar","link":""},"img":{"alt_text":"","src":"https:\/\/i0.wp.com\/saopaulo.wordcamp.org\/2018\/files\/2018\/08\/wcsp-site-logo.png?fit=263%2C250&resize=350%2C200#038;ssl=1","width":350,"height":200},"classes":[]},{"id":388,"url":"https:\/\/saopaulo.wordcamp.org\/2018\/seja-um-palestrante\/","url_meta":{"origin":271,"position":4},"title":"Seja um palestrante","author":"Rafael Funchal","date":"31\/10\/2017","format":false,"excerpt":"Nesta edi\u00e7\u00e3o do WordCamp S\u00e3o Paulo iremos receber propostas para palestras e workshops dos mais variados assuntos. Abaixo voc\u00ea confere algumas informa\u00e7\u00f5es e instru\u00e7\u00f5es sobre como se candidatar. Prazos Envio das propostas: at\u00e9 13 de setembro\u00a0at\u00e9 19 de setembro Divulga\u00e7\u00e3o da programa\u00e7\u00e3o final: 30 de setembro Formatos O WordCamp S\u00e3o\u2026","rel":"","context":"Post similar","block_context":{"text":"Post similar","link":""},"img":{"alt_text":"","src":"https:\/\/i0.wp.com\/saopaulo.wordcamp.org\/2018\/files\/2018\/09\/Poster-WCSP-2018-Juliana.jpg?fit=1200%2C675&ssl=1&resize=350%2C200","width":350,"height":200,"srcset":"https:\/\/i0.wp.com\/saopaulo.wordcamp.org\/2018\/files\/2018\/09\/Poster-WCSP-2018-Juliana.jpg?fit=1200%2C675&ssl=1&resize=350%2C200 1x, https:\/\/i0.wp.com\/saopaulo.wordcamp.org\/2018\/files\/2018\/09\/Poster-WCSP-2018-Juliana.jpg?fit=1200%2C675&ssl=1&resize=525%2C300 1.5x, https:\/\/i0.wp.com\/saopaulo.wordcamp.org\/2018\/files\/2018\/09\/Poster-WCSP-2018-Juliana.jpg?fit=1200%2C675&ssl=1&resize=700%2C400 2x, https:\/\/i0.wp.com\/saopaulo.wordcamp.org\/2018\/files\/2018\/09\/Poster-WCSP-2018-Juliana.jpg?fit=1200%2C675&ssl=1&resize=1050%2C600 3x"},"classes":[]},{"id":297,"url":"https:\/\/saopaulo.wordcamp.org\/2018\/press-release\/","url_meta":{"origin":271,"position":5},"title":"Press release","author":"Rafael Funchal","date":"30\/10\/2017","format":false,"excerpt":"WordCamp S\u00e3o Paulo chega a sua 7\u00aa edi\u00e7\u00e3o Evento refer\u00eancia em WordPress no pa\u00eds, o WordCamp 2018 est\u00e1 marcado\u00a0para o dia 13 de outubro. O WordCamp S\u00e3o Paulo \u00e9 a maior confer\u00eancia paulista dedicada a WordPress \u2014 e o maior do Brasil em 2018 \u2014 chega a sua 7\u00aa edi\u00e7\u00e3o.\u2026","rel":"","context":"Post similar","block_context":{"text":"Post similar","link":""},"img":{"alt_text":"Fotografia a\u00e9rea do WordCamp S\u00e3o Paulo 2016 mostrando todos os participantes posando para a c\u00e2mera no teatro da faculdade UNICID","src":"https:\/\/i0.wp.com\/2017.saopaulo.wordcamp.org\/files\/2017\/10\/wordcamp-saopaulo-2016-1909.jpg?resize=350%2C200&ssl=1","width":350,"height":200,"srcset":"https:\/\/i0.wp.com\/2017.saopaulo.wordcamp.org\/files\/2017\/10\/wordcamp-saopaulo-2016-1909.jpg?resize=350%2C200&ssl=1 1x, https:\/\/i0.wp.com\/2017.saopaulo.wordcamp.org\/files\/2017\/10\/wordcamp-saopaulo-2016-1909.jpg?resize=525%2C300&ssl=1 1.5x, https:\/\/i0.wp.com\/2017.saopaulo.wordcamp.org\/files\/2017\/10\/wordcamp-saopaulo-2016-1909.jpg?resize=700%2C400&ssl=1 2x, https:\/\/i0.wp.com\/2017.saopaulo.wordcamp.org\/files\/2017\/10\/wordcamp-saopaulo-2016-1909.jpg?resize=1050%2C600&ssl=1 3x"},"classes":[]}],"_links":{"self":[{"href":"https:\/\/saopaulo.wordcamp.org\/2018\/wp-json\/wp\/v2\/pages\/271","targetHints":{"allow":["GET"]}}],"collection":[{"href":"https:\/\/saopaulo.wordcamp.org\/2018\/wp-json\/wp\/v2\/pages"}],"about":[{"href":"https:\/\/saopaulo.wordcamp.org\/2018\/wp-json\/wp\/v2\/types\/page"}],"author":[{"embeddable":true,"href":"https:\/\/saopaulo.wordcamp.org\/2018\/wp-json\/wp\/v2\/users\/6038041"}],"replies":[{"embeddable":true,"href":"https:\/\/saopaulo.wordcamp.org\/2018\/wp-json\/wp\/v2\/comments?post=271"}],"version-history":[{"count":1,"href":"https:\/\/saopaulo.wordcamp.org\/2018\/wp-json\/wp\/v2\/pages\/271\/revisions"}],"predecessor-version":[{"id":473,"href":"https:\/\/saopaulo.wordcamp.org\/2018\/wp-json\/wp\/v2\/pages\/271\/revisions\/473"}],"wp:featuredmedia":[{"embeddable":true,"href":"https:\/\/saopaulo.wordcamp.org\/2018\/wp-json\/"}],"wp:attachment":[{"href":"https:\/\/saopaulo.wordcamp.org\/2018\/wp-json\/wp\/v2\/media?parent=271"}],"curies":[{"name":"wp","href":"https:\/\/api.w.org\/{rel}","templated":true}]}}