{"id":272,"date":"2017-10-27T09:40:25","date_gmt":"2017-10-27T11:40:25","guid":{"rendered":"https:\/\/2017.saopaulo.wordcamp.org\/social-media-stream\/"},"modified":"2018-09-25T18:17:54","modified_gmt":"2018-09-25T21:17:54","slug":"compartilhe","status":"publish","type":"page","link":"https:\/\/saopaulo.wordcamp.org\/2018\/compartilhe\/","title":{"rendered":"Compartilhe"},"content":{"rendered":"<p>Acompanhe tudo que est\u00e1 sendo compartilhado nas redes sociais com a hashtag do evento: #WordCampSP<\/p>\n<div\n\tid=\"tggr-media-item-container\"\n\tclass=\"three-column\"\n\tdata-hashtag=\"wordcampsp,wordcampsp-2,wordcampsp2018,wpsampa\"\n\taria-live=\"polite\">\n\n\t<p>Loading new posts.<\/p>\n<\/div> <!-- end media-item-container -->\n\n<script type=\"text\/javascript\">\n\tvar tggrData = {\n\t\tApiUrl:          'https:\/\/saopaulo.wordcamp.org\/2018\/wp-json\/',\n\t\tlogos:            [\"https:\\\/\\\/saopaulo.wordcamp.org\\\/2018\\\/wp-content\\\/plugins\\\/tagregator\\\/images\\\/source-logos\\\/tweets.png\",\"https:\\\/\\\/saopaulo.wordcamp.org\\\/2018\\\/wp-content\\\/plugins\\\/tagregator\\\/images\\\/source-logos\\\/instagram.png\",\"https:\\\/\\\/saopaulo.wordcamp.org\\\/2018\\\/wp-content\\\/plugins\\\/tagregator\\\/images\\\/source-logos\\\/flickr.png\",\"https:\\\/\\\/saopaulo.wordcamp.org\\\/2018\\\/wp-content\\\/plugins\\\/tagregator\\\/images\\\/source-logos\\\/google.png\"],\n\t\thashtags:        'wordcampsp,wordcampsp-2,wordcampsp2018,wpsampa',\n\t\tlayout:          'three-column',\n\t\trefreshInterval:  30\t};\n<\/script>\n\n","protected":false},"excerpt":{"rendered":"<p>Acompanhe tudo que est\u00e1 sendo compartilhado nas redes sociais com a hashtag do evento: #WordCampSP<\/p>\n","protected":false},"author":6038041,"featured_media":0,"parent":0,"menu_order":0,"comment_status":"closed","ping_status":"closed","template":"","meta":{"jetpack_post_was_ever_published":false,"footnotes":""},"class_list":["post-272","page","type-page","status-publish","hentry"],"jetpack_sharing_enabled":true,"jetpack_shortlink":"https:\/\/wp.me\/Pa0rp1-4o","jetpack_likes_enabled":true,"jetpack-related-posts":[{"id":352,"url":"https:\/\/saopaulo.wordcamp.org\/2018\/perguntas-frequentes\/","url_meta":{"origin":272,"position":0},"title":"Perguntas Frequentes","author":"Rafael Funchal","date":"30\/10\/2017","format":false,"excerpt":"Qual o local, data e hor\u00e1rio? O WordCamp acontecer\u00e1 no dia 13 de outubro de 2018, na Universidade Nove de Julho (Uninove). As atividades ter\u00e3o in\u00edcio \u00e0s 8h com t\u00e9rmino previsto para as 17h. Quero ministrar uma palestra Se voc\u00ea tem interesse em realizar uma palestra, apresenta\u00e7\u00e3o ou oficina, encaminhe\u2026","rel":"","context":"Post similar","block_context":{"text":"Post similar","link":""},"img":{"alt_text":"","src":"https:\/\/i0.wp.com\/saopaulo.wordcamp.org\/2018\/files\/2018\/08\/wcsp-site-logo.png?fit=263%2C250&resize=350%2C200#038;ssl=1","width":350,"height":200},"classes":[]},{"id":261,"url":"https:\/\/saopaulo.wordcamp.org\/2018\/programacao\/","url_meta":{"origin":272,"position":1},"title":"Programa\u00e7\u00e3o","author":"Rafael Funchal","date":"27\/10\/2017","format":false,"excerpt":"Confira a programa\u00e7\u00e3o do WordCamp S\u00e3o Paulo 2018. Desenvolvimento Design Marketing e conte\u00fado Neg\u00f3cios Comunidade","rel":"","context":"Post similar","block_context":{"text":"Post similar","link":""},"img":{"alt_text":"Programa\u00e7\u00e3o WordCampSP 2018 - WordPress","src":"https:\/\/i0.wp.com\/saopaulo.wordcamp.org\/2018\/files\/2018\/10\/final_programacao_WordCampSP_700x700.jpg?fit=700%2C700&ssl=1&resize=350%2C200","width":350,"height":200,"srcset":"https:\/\/i0.wp.com\/saopaulo.wordcamp.org\/2018\/files\/2018\/10\/final_programacao_WordCampSP_700x700.jpg?fit=700%2C700&ssl=1&resize=350%2C200 1x, https:\/\/i0.wp.com\/saopaulo.wordcamp.org\/2018\/files\/2018\/10\/final_programacao_WordCampSP_700x700.jpg?fit=700%2C700&ssl=1&resize=525%2C300 1.5x, https:\/\/i0.wp.com\/saopaulo.wordcamp.org\/2018\/files\/2018\/10\/final_programacao_WordCampSP_700x700.jpg?fit=700%2C700&ssl=1&resize=700%2C400 2x"},"classes":[]},{"id":347,"url":"https:\/\/saopaulo.wordcamp.org\/2018\/guia-de-sobrevivencia\/","url_meta":{"origin":272,"position":2},"title":"Guia de sobreviv\u00eancia","author":"Rafael Funchal","date":"30\/10\/2017","format":false,"excerpt":"Localiza\u00e7\u00e3o Universidade Nove de Julho (Uninove)Rua Vergueiro, 235\/249 - Liberdade, S\u00e3o Paulo - SP, Brasil Ver mapa Pr\u00f3ximo ao Metr\u00f4 S\u00e3o Joaquim - Linha 1 Azul (300m). De f\u00e1cil acesso via transporte p\u00fablico, com v\u00e1rias op\u00e7\u00f5es de \u00f4nibus tamb\u00e9m. Alguns bairros pr\u00f3ximos: LiberdadeBela VistaRegi\u00e3o da Avenina PaulistaPara\u00edsoAclima\u00e7\u00e3oCentroVila Mariana Estacionamento Existem\u2026","rel":"","context":"Post similar","block_context":{"text":"Post similar","link":""},"img":{"alt_text":"","src":"https:\/\/i0.wp.com\/saopaulo.wordcamp.org\/2018\/files\/2018\/08\/wcsp-site-logo.png?fit=263%2C250&resize=350%2C200#038;ssl=1","width":350,"height":200},"classes":[]},{"id":273,"url":"https:\/\/saopaulo.wordcamp.org\/2018\/codigo-de-conduta\/","url_meta":{"origin":272,"position":3},"title":"C\u00f3digo de conduta","author":"Rafael Funchal","date":"27\/10\/2017","format":false,"excerpt":"1. Prop\u00f3sito O WordCamp S\u00e3o Paulo acredita que nossa comunidade deve ser totalmente aberta para todos. Desta forma, estamos comprometidos a oferecer um ambiente amig\u00e1vel, seguro e acolhedor para todos, n\u00e3o importando o sexo, orienta\u00e7\u00e3o sexual, defici\u00eancias f\u00edsicas, etnicidade, religi\u00e3o, sistema operacional preferido, linguagem de programa\u00e7\u00e3o ou editor de texto.\u2026","rel":"","context":"Post similar","block_context":{"text":"Post similar","link":""},"img":{"alt_text":"","src":"https:\/\/i0.wp.com\/saopaulo.wordcamp.org\/2018\/files\/2018\/08\/wcsp-site-logo.png?fit=263%2C250&resize=350%2C200#038;ssl=1","width":350,"height":200},"classes":[]}],"_links":{"self":[{"href":"https:\/\/saopaulo.wordcamp.org\/2018\/wp-json\/wp\/v2\/pages\/272","targetHints":{"allow":["GET"]}}],"collection":[{"href":"https:\/\/saopaulo.wordcamp.org\/2018\/wp-json\/wp\/v2\/pages"}],"about":[{"href":"https:\/\/saopaulo.wordcamp.org\/2018\/wp-json\/wp\/v2\/types\/page"}],"author":[{"embeddable":true,"href":"https:\/\/saopaulo.wordcamp.org\/2018\/wp-json\/wp\/v2\/users\/6038041"}],"replies":[{"embeddable":true,"href":"https:\/\/saopaulo.wordcamp.org\/2018\/wp-json\/wp\/v2\/comments?post=272"}],"version-history":[{"count":8,"href":"https:\/\/saopaulo.wordcamp.org\/2018\/wp-json\/wp\/v2\/pages\/272\/revisions"}],"predecessor-version":[{"id":1924,"href":"https:\/\/saopaulo.wordcamp.org\/2018\/wp-json\/wp\/v2\/pages\/272\/revisions\/1924"}],"wp:attachment":[{"href":"https:\/\/saopaulo.wordcamp.org\/2018\/wp-json\/wp\/v2\/media?parent=272"}],"curies":[{"name":"wp","href":"https:\/\/api.w.org\/{rel}","templated":true}]}}