{"id":11,"date":"2019-04-11T22:28:08","date_gmt":"2019-04-12T01:28:08","guid":{"rendered":"https:\/\/2019.saopaulo.wordcamp.org\/location\/"},"modified":"2019-09-11T16:33:39","modified_gmt":"2019-09-11T19:33:39","slug":"localizacao","status":"publish","type":"page","link":"https:\/\/saopaulo.wordcamp.org\/2019\/informacoes-uteis\/localizacao\/","title":{"rendered":"Localiza\u00e7\u00e3o"},"content":{"rendered":"\n<p style=\"font-size:20px;text-align:center\">O WordCamp S\u00e3o Paulo acontecer\u00e1 no dia <strong>05 de outubro<\/strong>, a partir das <strong>8h da manh\u00e3<\/strong> na UNINOVE Campus Vergueiro.<\/p>\n\n\n\n<div class=\"wp-block-columns has-2-columns is-layout-flex wp-container-core-columns-is-layout-9d6595d7 wp-block-columns-is-layout-flex\">\n<div class=\"wp-block-column is-layout-flow wp-block-column-is-layout-flow\">\n<div class=\"wp-block-button alignright is-style-squared\"><a class=\"wp-block-button__link has-background\" href=\"https:\/\/2019.saopaulo.wordcamp.org\/inscreva-se\/\" style=\"background-color:#ff1926\">Inscreva-se \u2192<\/a><\/div>\n<\/div>\n\n\n\n<div class=\"wp-block-column is-layout-flow wp-block-column-is-layout-flow\">\n<div class=\"wp-block-button alignleft is-style-squared\"><a class=\"wp-block-button__link has-text-color has-vivid-red-color has-background has-very-light-gray-background-color\" href=\"http:\/\/www.google.com\/calendar\/event?action=TEMPLATE&amp;dates=20191005T110000Z%2F20191005T210000Z&amp;text=WordCamp%20S%C3%A3o%20Paulo%202019&amp;location=UNINOVE%20-%20Campus%20Vergueiro%20-%20Rua%20Vergueiro%20-%20Liberdade%2C%20S%C3%A3o%20Paulo%20-%20SP&amp;details=A%20confer%C3%AAncia%20oficial%20de%20WordPress%2C%20organizada%20pela%20comunidade%20de%20S%C3%A3o%20Paulo.%20Evento%20com%20palestras%2C%20workshops%20e%20networking%2C%20tudo%20relacionado%20%C3%A0%20ferramenta%20mais%20usada%20do%20mundo%20para%20cria%C3%A7%C3%A3o%20de%20sites. Mais informa\u00e7\u00f5es no site: http:\/\/saopaulo.wordcamp.org\/\">Adicionar \u00e0 agenda Google<\/a><\/div>\n<\/div>\n<\/div>\n\n\n\n<div style=\"height:30px\" aria-hidden=\"true\" class=\"wp-block-spacer\"><\/div>\n\n\n\n<p><strong>Universidade Nove de Julho (Uninove)<\/strong><br>Rua Vergueiro, 235\/249 &#8211; Liberdade, S\u00e3o Paulo &#8211; SP, Brasil <\/p>\n\n\n\n<div class=\"wp-block-image img-fluid\"><figure class=\"aligncenter\"><img data-recalc-dims=\"1\" loading=\"lazy\" decoding=\"async\" width=\"830\" height=\"623\" src=\"https:\/\/i0.wp.com\/2019.saopaulo.wordcamp.org\/files\/2019\/07\/uninove-liberdade-1024x768.jpg?resize=830%2C623&#038;ssl=1\" alt=\"\" class=\"wp-image-489\" srcset=\"https:\/\/i0.wp.com\/saopaulo.wordcamp.org\/2019\/files\/2019\/07\/uninove-liberdade.jpg?w=1024&amp;ssl=1 1024w, https:\/\/i0.wp.com\/saopaulo.wordcamp.org\/2019\/files\/2019\/07\/uninove-liberdade.jpg?resize=300%2C225&amp;ssl=1 300w, https:\/\/i0.wp.com\/saopaulo.wordcamp.org\/2019\/files\/2019\/07\/uninove-liberdade.jpg?resize=768%2C576&amp;ssl=1 768w, https:\/\/i0.wp.com\/saopaulo.wordcamp.org\/2019\/files\/2019\/07\/uninove-liberdade.jpg?resize=400%2C300&amp;ssl=1 400w, https:\/\/i0.wp.com\/saopaulo.wordcamp.org\/2019\/files\/2019\/07\/uninove-liberdade.jpg?resize=1000%2C750&amp;ssl=1 1000w\" sizes=\"auto, (max-width: 830px) 100vw, 830px\" \/><figcaption>Fachada do pr\u00e9dio da UNINOVE Campus Vergueiro<\/figcaption><\/figure><\/div>\n\n\n\n<h3 class=\"wp-block-heading\">Veja o mapa<\/h3>\n\n\n<p><!--EndFragment--><div class=\"googlemaps\">\n\t\t\t\t<iframe loading=\"lazy\" width=\"900\" height=\"450\" frameborder=\"0\" scrolling=\"no\" marginheight=\"0\" marginwidth=\"0\"  src=\"https:\/\/www.google.com\/maps\/embed?pb=!1m18!1m12!1m3!1d3657.117831836398!2d-46.640204083628994!3d-23.564211167585785!2m3!1f0!2f0!3f0!3m2!1i1024!2i768!4f13.1!3m3!1m2!1s0x94ce5bc51374e6ad:0xde82450ea5cf3c27!2sUNINOVE%20-%20Campus%20Vergueiro!5e0!3m2!1spt-BR!2sbr!4v1535593047079\"><\/iframe>\n\t\t\t<\/div><\/p>\n\n\n<ul class=\"wp-block-list\"><li>Pr\u00f3ximo \u00e0 esta\u00e7\u00e3o<strong> S\u00e3o Joaquim<\/strong> do metr\u00f4 &#8211; Linha 1 Azul (300m). <\/li><li>F\u00e1cil acesso via transporte p\u00fablico, com v\u00e1rias op\u00e7\u00f5es de \u00f4nibus.<\/li><\/ul>\n\n\n\n<hr class=\"wp-block-separator\" \/>\n\n\n<p><!--StartFragment--><\/p>\n\n\n<h2 class=\"wp-block-heading\">Estacionamento<\/h2>\n\n\n\n<p>Existem diversos estacionamentos na regi\u00e3o. O valor da di\u00e1ria gira em torno de R$ 15,00 a R$ 20,00. Alguma op\u00e7\u00f5es:<\/p>\n\n\n\n<ul class=\"wp-block-list\"><li><strong>Trevo<\/strong>: <a href=\"https:\/\/goo.gl\/maps\/AVTud3hARTos2ND48\">https:\/\/goo.gl\/maps\/AVTud3hARTos2ND48<\/a><\/li><li><strong>Estapar<\/strong>: <a href=\"https:\/\/goo.gl\/maps\/yA8Wb3xx6JZqW43F9\">https:\/\/goo.gl\/maps\/yA8Wb3xx6JZqW43F9<\/a><\/li><li><strong>1001<\/strong>: <a href=\"https:\/\/goo.gl\/maps\/f6E5CnoA7CgtW9Y19\">https:\/\/goo.gl\/maps\/f6E5CnoA7CgtW9Y19<\/a><\/li><\/ul>\n\n\n\n<h2 class=\"wp-block-heading\"><strong>Como <\/strong>chegar<\/h2>\n\n\n\n<h3 class=\"wp-block-heading\">De metr\u00f4<\/h3>\n\n\n\n<p>A melhor op\u00e7\u00e3o para chegar \u00e0 Uninove &#8211; Vergueiro \u00e9 atrav\u00e9s do Metr\u00f4. Voc\u00ea dever\u00e1 acessar a linha azul do metr\u00f4 e descer na esta\u00e7\u00e3o S\u00e3o Joaquim.<\/p>\n\n\n\n<p>O pr\u00e9dio da Uninove fica a 300 metros da esta\u00e7\u00e3o.<\/p>\n\n\n\n<h3 class=\"wp-block-heading\">Do Terminal rodovi\u00e1rio do Tiet\u00ea<\/h3>\n\n\n\n<p><strong>Econ\u00f4mico:<\/strong>&nbsp;O caminho da rodovi\u00e1ria Tiet\u00ea \u00e0 Uninove &#8211; Vergueiro \u00e9 bem f\u00e1cil. Ainda dentro da rodovi\u00e1ria, siga as placas em dire\u00e7\u00e3o ao Metr\u00f4 Portuguesa &#8211; Tiet\u00ea. Essa esta\u00e7\u00e3o encontra-se na linha azul, a mesma linha que se encontra a esta\u00e7\u00e3o mais pr\u00f3xima da Uninove, portanto n\u00e3o ser\u00e1 preciso realizar troca de linha.<\/p>\n\n\n\n<p>Ap\u00f3s passar a catraca, dirija-se \u00e0 plataforma sentido Jabaquara. Des\u00e7a na esta\u00e7\u00e3o S\u00e3o Joaquim (7 paradas) e caminhe por 300 metros at\u00e9 o local.<\/p>\n\n\n\n<p>Valor da passagem de metr\u00f4: R$ 4,30<\/p>\n\n\n\n<p><strong>Conforto:<\/strong><\/p>\n\n\n\n<ul class=\"wp-block-list\"><li>T\u00e1xi \u2013 aproximadamente R$ 28<\/li><li>Uber \u2013 aproximadamente R$ 27<\/li><li>99 &#8211; aproximadamente R$ 18<\/li><\/ul>\n\n\n\n<h3 class=\"wp-block-heading\"><strong>Do Aeroporto <\/strong>de Congonhas<\/h3>\n\n\n\n<p><strong>Econ\u00f4mico:<\/strong> Saia do aeroporto, dirija-se at\u00e9 a avenida Washington Lu\u00eds e&nbsp; procure pela passarela de pedestres. Ao lado dela h\u00e1 um ponto de \u00f4nibus. N\u00e3o atravesse a passarela. Deste mesmo lado, pegue o \u00f4nibus 175T-10: Metr\u00f4 Santana. Des\u00e7a na avenida 23 de maio no Viaduto Pedroso ( 13 paradas ) e suba as escadas em dire\u00e7\u00e3o ao viaduto, e depois em dire\u00e7\u00e3o a rua Vergueiro. Vire \u00e0 direita na rua Vergueiro e caminhe mais 150 metros at\u00e9 o pr\u00e9dio da Uninove. O trajeto leva 5 minutos.<\/p>\n\n\n\n<p>Valor da passagem de \u00f4nibus: R$ 4,30<\/p>\n\n\n\n<p><strong>Conforto:<\/strong><\/p>\n\n\n\n<ul class=\"wp-block-list\"><li>T\u00e1xi \u2013 aproximadamente R$ 30<\/li><li>Uber \u2013 aproximadamente R$ 28<\/li><li>99 &nbsp;\u2013 aproximadamente R$ 20<\/li><\/ul>\n\n\n\n<h3 class=\"wp-block-heading\">Do Aeroporto de Guarulhos<\/h3>\n\n\n\n<p><strong>Econ\u00f4mico:<\/strong>&nbsp;Do terminal 2 ou 3, procure pelo \u00f4nibus que faz a transfer\u00eancia entre os terminais e a esta\u00e7\u00e3o Aeroporto-Guarulhos da CPTM. Do terminal 1 \u00e9 poss\u00edvel andar at\u00e9 a esta\u00e7\u00e3o.<\/p>\n\n\n\n<p>Da esta\u00e7\u00e3o de trem Aeroporto-Guarulhos da CPTM, pegue o trem sentido Esta\u00e7\u00e3o Engenheiro Goulart. Des\u00e7a na Esta\u00e7\u00e3o&nbsp;Engenheiro Goulart e dirija-se para a linha 12 &#8211; Safira, sentido Br\u00e1s. Pegue o trem nessa esta\u00e7\u00e3o e des\u00e7a na esta\u00e7\u00e3o Br\u00e1s da CPTM. Fa\u00e7a a transfer\u00eancia para a esta\u00e7\u00e3o de metr\u00f4 Br\u00e1s sentido Palmeiras-Barra Funda, pegue o metr\u00f4 e des\u00e7a na esta\u00e7\u00e3o de Metr\u00f4 S\u00e9. Na S\u00e9, fa\u00e7a a transfer\u00eancia para a linha Azul sentido Jabaquara. Pegue o metr\u00f4 e des\u00e7a na esta\u00e7\u00e3o S\u00e3o Joaquim ( 2 paradas ). Caminhe 300 metros at\u00e9 chegar \u00e0 Uninove Vergueiro.<\/p>\n\n\n\n<p>Valor da passagem de trem com integra\u00e7\u00e3o ao metr\u00f4: R$ 4,30<\/p>\n\n\n\n<p><strong>Conforto:<\/strong><\/p>\n\n\n\n<ul class=\"wp-block-list\"><li>T\u00e1xi \u2013 aproximadamente R$ 120<\/li><li>Uber \u2013 aproximadamente R$ 85<\/li><li>99 \u2013 aproximadamente R$ 54<\/li><\/ul>\n","protected":false},"excerpt":{"rendered":"<p>O WordCamp S\u00e3o Paulo acontecer\u00e1 no dia 05 de outubro, a partir das 8h da manh\u00e3 na UNINOVE Campus Vergueiro. Universidade Nove de Julho (Uninove)Rua Vergueiro, 235\/249 &#8211; Liberdade, S\u00e3o Paulo &#8211; SP, Brasil Veja o mapa Pr\u00f3ximo \u00e0 esta\u00e7\u00e3o &hellip; <a href=\"https:\/\/saopaulo.wordcamp.org\/2019\/informacoes-uteis\/localizacao\/\">Continue lendo <span class=\"assistive-text\">Localiza\u00e7\u00e3o<\/span>  <span class=\"meta-nav\">&rarr;<\/span><\/a><\/p>\n","protected":false},"author":7895104,"featured_media":0,"parent":271,"menu_order":0,"comment_status":"closed","ping_status":"closed","template":"","meta":{"jetpack_post_was_ever_published":false,"footnotes":""},"class_list":["post-11","page","type-page","status-publish","hentry"],"jetpack_shortlink":"https:\/\/wp.me\/PaUnkt-b","jetpack_sharing_enabled":true,"_links":{"self":[{"href":"https:\/\/saopaulo.wordcamp.org\/2019\/wp-json\/wp\/v2\/pages\/11","targetHints":{"allow":["GET"]}}],"collection":[{"href":"https:\/\/saopaulo.wordcamp.org\/2019\/wp-json\/wp\/v2\/pages"}],"about":[{"href":"https:\/\/saopaulo.wordcamp.org\/2019\/wp-json\/wp\/v2\/types\/page"}],"author":[{"embeddable":true,"href":"https:\/\/saopaulo.wordcamp.org\/2019\/wp-json\/wp\/v2\/users\/7895104"}],"replies":[{"embeddable":true,"href":"https:\/\/saopaulo.wordcamp.org\/2019\/wp-json\/wp\/v2\/comments?post=11"}],"version-history":[{"count":15,"href":"https:\/\/saopaulo.wordcamp.org\/2019\/wp-json\/wp\/v2\/pages\/11\/revisions"}],"predecessor-version":[{"id":1943,"href":"https:\/\/saopaulo.wordcamp.org\/2019\/wp-json\/wp\/v2\/pages\/11\/revisions\/1943"}],"up":[{"embeddable":true,"href":"https:\/\/saopaulo.wordcamp.org\/2019\/wp-json\/wp\/v2\/pages\/271"}],"wp:attachment":[{"href":"https:\/\/saopaulo.wordcamp.org\/2019\/wp-json\/wp\/v2\/media?parent=11"}],"curies":[{"name":"wp","href":"https:\/\/api.w.org\/{rel}","templated":true}]}}