{"id":2434,"date":"2019-09-19T00:55:20","date_gmt":"2019-09-19T03:55:20","guid":{"rendered":"https:\/\/2019.saopaulo.wordcamp.org\/?page_id=2434"},"modified":"2019-09-24T11:45:52","modified_gmt":"2019-09-24T14:45:52","slug":"inscricao-de-criancas","status":"publish","type":"page","link":"https:\/\/saopaulo.wordcamp.org\/2019\/inscricao-de-criancas\/","title":{"rendered":"Inscri\u00e7\u00e3o de crian\u00e7as"},"content":{"rendered":"\n<p>Este ano o WordCamp S\u00e3o Paulo contar\u00e1 com a participa\u00e7\u00e3o de crian\u00e7as, pela primeira vez. As crian\u00e7as poder\u00e3o participar do evento de tr\u00eas formas, que explicamos abaixo:<\/p>\n\n\n\n<h2 class=\"wp-block-heading\">WordKids<\/h2>\n\n\n\n<figure class=\"wp-block-image\"><img data-recalc-dims=\"1\" loading=\"lazy\" decoding=\"async\" width=\"830\" height=\"436\" src=\"https:\/\/i0.wp.com\/2019.saopaulo.wordcamp.org\/files\/2019\/09\/WordKids-1024x538.png?resize=830%2C436&#038;ssl=1\" alt=\"\" class=\"wp-image-2435\" srcset=\"https:\/\/i0.wp.com\/saopaulo.wordcamp.org\/2019\/files\/2019\/09\/WordKids.png?resize=1024%2C538&amp;ssl=1 1024w, https:\/\/i0.wp.com\/saopaulo.wordcamp.org\/2019\/files\/2019\/09\/WordKids.png?resize=300%2C158&amp;ssl=1 300w, https:\/\/i0.wp.com\/saopaulo.wordcamp.org\/2019\/files\/2019\/09\/WordKids.png?resize=768%2C403&amp;ssl=1 768w, https:\/\/i0.wp.com\/saopaulo.wordcamp.org\/2019\/files\/2019\/09\/WordKids.png?resize=500%2C263&amp;ssl=1 500w, https:\/\/i0.wp.com\/saopaulo.wordcamp.org\/2019\/files\/2019\/09\/WordKids.png?resize=1000%2C525&amp;ssl=1 1000w, https:\/\/i0.wp.com\/saopaulo.wordcamp.org\/2019\/files\/2019\/09\/WordKids.png?w=1200&amp;ssl=1 1200w\" sizes=\"auto, (max-width: 830px) 100vw, 830px\" \/><\/figure>\n\n\n\n<p>O WordKids \u00e9 uma oficina com atividades voltada para crian\u00e7as e adolescentes de 8 a 14 anos. O objetivo desta oficina \u00e9 apresentar conceitos b\u00e1sicos de internet, sites e WordPress para a crian\u00e7ada, com muita pr\u00e1tica e atividades em grupo. <br><br>A oficina acontecer\u00e1 das 9:30 \u00e0s 15:30, com pausa para o almo\u00e7o as 12h30. As vagas s\u00e3o limitadas e \u00e9 preciso realizar <a href=\"#wordkids\">inscri\u00e7\u00e3o pr\u00e9via clicando aqui<\/a>.<\/p>\n\n\n\n<h2 class=\"wp-block-heading\">WordCreche<\/h2>\n\n\n\n<figure class=\"wp-block-image\"><img loading=\"lazy\" decoding=\"async\" width=\"1200\" height=\"630\" src=\"https:\/\/i2.wp.com\/2019.saopaulo.wordcamp.org\/files\/2019\/09\/WordCreche.png?fit=640%2C336&amp;ssl=1\" alt=\"\" class=\"wp-image-2436\" srcset=\"https:\/\/i0.wp.com\/saopaulo.wordcamp.org\/2019\/files\/2019\/09\/WordCreche.png?w=1200&amp;ssl=1 1200w, https:\/\/i0.wp.com\/saopaulo.wordcamp.org\/2019\/files\/2019\/09\/WordCreche.png?resize=300%2C158&amp;ssl=1 300w, https:\/\/i0.wp.com\/saopaulo.wordcamp.org\/2019\/files\/2019\/09\/WordCreche.png?resize=768%2C403&amp;ssl=1 768w, https:\/\/i0.wp.com\/saopaulo.wordcamp.org\/2019\/files\/2019\/09\/WordCreche.png?resize=1024%2C538&amp;ssl=1 1024w, https:\/\/i0.wp.com\/saopaulo.wordcamp.org\/2019\/files\/2019\/09\/WordCreche.png?resize=500%2C263&amp;ssl=1 500w, https:\/\/i0.wp.com\/saopaulo.wordcamp.org\/2019\/files\/2019\/09\/WordCreche.png?resize=1000%2C525&amp;ssl=1 1000w\" sizes=\"auto, (max-width: 830px) 100vw, 830px\" \/><\/figure>\n\n\n\n<p>Para as crian\u00e7as de 4 a 12 anos, contaremos com a WordCreche. Com profissionais especializados em recrea\u00e7\u00e3o infantil, o espa\u00e7o contar\u00e1 com brinquedos, atividades l\u00fadicas, brincadeiras musicais, oficinas e tour com as crian\u00e7as pelo evento. As vagas s\u00e3o limitadas e \u00e9 preciso <a href=\"#wordcreche\">inscrever a crian\u00e7a clicando aqui<\/a>.<\/p>\n\n\n\n<h2 class=\"wp-block-heading\">Crian\u00e7a acompanhando respons\u00e1vel<\/h2>\n\n\n\n<p>\u00c9 permitido que a crian\u00e7a maior de 4 anos entre no local do evento apenas para acompanhar um respons\u00e1vel. Neste caso, n\u00e3o \u00e9 necess\u00e1ria inscri\u00e7\u00e3o pr\u00e9via, apenas ser\u00e1 orientado ao respons\u00e1vel que leve o termo de responsabilidade devidamente preenchido na \u00e1rea de credenciamento do evento. * O preenchimento do termo \u00e9 obrigat\u00f3rio.<\/p>\n\n\n\n<div class=\"wp-block-file\"><a href=\"https:\/\/2019.saopaulo.wordcamp.org\/files\/2019\/09\/TERMO-DE-RESPONSABILIDADE-_-MENOR.pdf\" target=\"_blank\" rel=\"noreferrer noopener\"><span style=\"text-decoration: underline\">Clique aqui para abrir o termo de responsabilidade de menor<\/span><\/a><\/div>\n\n\n\n<h2 class=\"wp-block-heading\">Formul\u00e1rios de inscri\u00e7\u00e3o<\/h2>\n\n\n\n<h3 class=\"wp-block-heading\" id=\"wordkids\">WordKids<\/h3>\n\n\n\n<iframe loading=\"lazy\" src=\"https:\/\/docs.google.com\/forms\/d\/e\/1FAIpQLSfIEiyNjh7BpveHvDTQ-nRjH5uz2HbZEI1Q3YDe_NaPQ-W_Mw\/viewform?embedded=true\" frameborder=\"0\" width=\"640\" height=\"620\" marginheight=\"0\" marginwidth=\"0\" allowfullscreen=\"true\" mozallowfullscreen=\"true\" webkitallowfullscreen=\"true\"><\/iframe>\n\n\n\n<div style=\"height:30px\" aria-hidden=\"true\" class=\"wp-block-spacer\"><\/div>\n\n\n\n<div style=\"height:30px\" aria-hidden=\"true\" class=\"wp-block-spacer\"><\/div>\n\n\n\n<h3 class=\"wp-block-heading\" id=\"wordcreche\">WordCreche<\/h3>\n\n\n\n<div style=\"height:30px\" aria-hidden=\"true\" class=\"wp-block-spacer\"><\/div>\n\n\n\n<iframe loading=\"lazy\" src=\"https:\/\/docs.google.com\/forms\/d\/e\/1FAIpQLSc2bnNA2OPdRjeJTrtrVYl4urt-ktl3uFKY--zN-Qd_XXuwfg\/viewform?embedded=true\" frameborder=\"0\" width=\"640\" height=\"620\" marginheight=\"0\" marginwidth=\"0\" allowfullscreen=\"true\" mozallowfullscreen=\"true\" webkitallowfullscreen=\"true\"><\/iframe>\n","protected":false},"excerpt":{"rendered":"<p>Este ano o WordCamp S\u00e3o Paulo contar\u00e1 com a participa\u00e7\u00e3o de crian\u00e7as, pela primeira vez. As crian\u00e7as poder\u00e3o participar do evento de tr\u00eas formas, que explicamos abaixo: WordKids O WordKids \u00e9 uma oficina com atividades voltada para crian\u00e7as e adolescentes &hellip; <a href=\"https:\/\/saopaulo.wordcamp.org\/2019\/inscricao-de-criancas\/\">Continue lendo <span class=\"assistive-text\">Inscri\u00e7\u00e3o de crian\u00e7as<\/span>  <span class=\"meta-nav\">&rarr;<\/span><\/a><\/p>\n","protected":false},"author":7895104,"featured_media":2435,"parent":0,"menu_order":0,"comment_status":"closed","ping_status":"closed","template":"","meta":{"jetpack_post_was_ever_published":false,"footnotes":""},"class_list":["post-2434","page","type-page","status-publish","has-post-thumbnail","hentry"],"jetpack_shortlink":"https:\/\/wp.me\/PaUnkt-Dg","jetpack_sharing_enabled":true,"_links":{"self":[{"href":"https:\/\/saopaulo.wordcamp.org\/2019\/wp-json\/wp\/v2\/pages\/2434","targetHints":{"allow":["GET"]}}],"collection":[{"href":"https:\/\/saopaulo.wordcamp.org\/2019\/wp-json\/wp\/v2\/pages"}],"about":[{"href":"https:\/\/saopaulo.wordcamp.org\/2019\/wp-json\/wp\/v2\/types\/page"}],"author":[{"embeddable":true,"href":"https:\/\/saopaulo.wordcamp.org\/2019\/wp-json\/wp\/v2\/users\/7895104"}],"replies":[{"embeddable":true,"href":"https:\/\/saopaulo.wordcamp.org\/2019\/wp-json\/wp\/v2\/comments?post=2434"}],"version-history":[{"count":12,"href":"https:\/\/saopaulo.wordcamp.org\/2019\/wp-json\/wp\/v2\/pages\/2434\/revisions"}],"predecessor-version":[{"id":2685,"href":"https:\/\/saopaulo.wordcamp.org\/2019\/wp-json\/wp\/v2\/pages\/2434\/revisions\/2685"}],"wp:featuredmedia":[{"embeddable":true,"href":"https:\/\/saopaulo.wordcamp.org\/2019\/wp-json\/wp\/v2\/media\/2435"}],"wp:attachment":[{"href":"https:\/\/saopaulo.wordcamp.org\/2019\/wp-json\/wp\/v2\/media?parent=2434"}],"curies":[{"name":"wp","href":"https:\/\/api.w.org\/{rel}","templated":true}]}}