{"id":271,"date":"2019-07-01T23:07:10","date_gmt":"2019-07-02T02:07:10","guid":{"rendered":"https:\/\/2019.saopaulo.wordcamp.org\/?page_id=271"},"modified":"2019-09-30T16:57:23","modified_gmt":"2019-09-30T19:57:23","slug":"informacoes-uteis","status":"publish","type":"page","link":"https:\/\/saopaulo.wordcamp.org\/2019\/informacoes-uteis\/","title":{"rendered":"Informa\u00e7\u00f5es \u00fateis"},"content":{"rendered":"\n<h2 class=\"wp-block-heading\">Qual o local, data e hor\u00e1rio?<\/h2>\n\n\n\n<p>O WordCamp SP 2019 acontecer\u00e1 no dia&nbsp;<strong>5 de outubro<\/strong>&nbsp;de 2019, na&nbsp;<a href=\"https:\/\/2019.saopaulo.wordcamp.org\/informacoes-uteis\/localizacao\/\">Universidade Nove de Julho (UNINOVE) \u2013 Campus Vergueiro<\/a>. As atividades ter\u00e3o in\u00edcio \u00e0s <strong>8h<\/strong> com t\u00e9rmino previsto para \u00e0s <strong>18h<\/strong>, ap\u00f3s esse hor\u00e1rio acontecer\u00e1 o &#8220;WordCana&#8221;, o happy hour do evento, previsto para as <strong>19h.<\/strong><\/p>\n\n\n\n<h2 class=\"wp-block-heading\">Como eu recebo o ingresso do evento e a minha camiseta?<\/h2>\n\n\n\n<p>Tenha certeza de ter efetuado sua inscri\u00e7\u00e3o, confirmando o pagamento atrav\u00e9s do e-mail que lhe foi enviado com o t\u00edtulo: <strong>&#8220;Seu ingresso para WordCamp S\u00e3o Paulo&#8221;<\/strong>. Esse e-mail deve estar na sua caixa de entrada ou no &#8220;spam \/ lixo eletr\u00f4nico&#8221;.  Se ainda tiver d\u00favidas, envie e-mail para: <strong>saopaulo@wordcamp.org<\/strong>. <\/p>\n\n\n\n<p>Com a inscri\u00e7\u00e3o confirmada, voc\u00ea poder\u00e1 retirar suas credenciais e camiseta no dia e local do evento junto ao balc\u00e3o de credenciamento. Para isso,<strong>&nbsp;n\u00e3o esque\u00e7a de levar um documento oficial com foto<\/strong>.<\/p>\n\n\n\n<hr class=\"wp-block-separator\" \/>\n\n\n\n<h2 class=\"wp-block-heading\">Localiza\u00e7\u00e3o<\/h2>\n\n\n\n<p style=\"font-size:20px\"><strong>Universidade Nove de Julho (Uninove)<\/strong><br>Rua Vergueiro, 235\/249 &#8211; Liberdade, S\u00e3o Paulo &#8211; SP, Brasil <\/p>\n\n\n<div class=\"googlemaps\">\n\t\t\t\t<iframe loading=\"lazy\" width=\"600\" height=\"450\" frameborder=\"0\" scrolling=\"no\" marginheight=\"0\" marginwidth=\"0\"  src=\"https:\/\/www.google.com\/maps\/embed?pb=!1m18!1m12!1m3!1d3657.117831836398!2d-46.640204083628994!3d-23.564211167585785!2m3!1f0!2f0!3f0!3m2!1i1024!2i768!4f13.1!3m3!1m2!1s0x94ce5bc51374e6ad:0xde82450ea5cf3c27!2sUNINOVE%20-%20Campus%20Vergueiro!5e0!3m2!1spt-BR!2sbr!4v1535593047079\"><\/iframe>\n\t\t\t<\/div>\n\n\n<p><a href=\"https:\/\/www.google.com.br\/maps\/place\/UNINOVE+-+Campus+Vergueiro\/@-23.5642161,-46.6380154,15z\/data=!4m5!3m4!1s0x0:0xde82450ea5cf3c27!8m2!3d-23.5642161!4d-46.6380154\">Ver mapa<\/a><\/p>\n\n\n\n<ul class=\"wp-block-list\"><li>Pr\u00f3ximo \u00e0 esta\u00e7\u00e3o<strong> S\u00e3o Joaquim<\/strong> do metr\u00f4 &#8211; Linha 1 Azul (300m). <\/li><li>F\u00e1cil acesso via transporte p\u00fablico, com v\u00e1rias op\u00e7\u00f5es de \u00f4nibus.<br><\/li><\/ul>\n\n\n\n<hr class=\"wp-block-separator\" \/>\n\n\n\n<h2 class=\"wp-block-heading\">Estacionamento<\/h2>\n\n\n\n<p>Existem diversos estacionamentos na regi\u00e3o. O valor da di\u00e1ria gira em torno de R$ 15,00 a R$ 20,00. Alguma op\u00e7\u00f5es:<\/p>\n\n\n\n<ul class=\"wp-block-list\"><li><strong>Trevo<\/strong>: <a href=\"https:\/\/goo.gl\/maps\/AVTud3hARTos2ND48\">https:\/\/goo.gl\/maps\/AVTud3hARTos2ND48<\/a><\/li><li><strong>Estapar<\/strong>: <a href=\"https:\/\/goo.gl\/maps\/yA8Wb3xx6JZqW43F9\">https:\/\/goo.gl\/maps\/yA8Wb3xx6JZqW43F9<\/a><\/li><li><strong>1001<\/strong>: <a href=\"https:\/\/goo.gl\/maps\/f6E5CnoA7CgtW9Y19\">https:\/\/goo.gl\/maps\/f6E5CnoA7CgtW9Y19<\/a><\/li><\/ul>\n\n\n\n<h2 class=\"wp-block-heading\"><strong>Como <\/strong>chegar<\/h2>\n\n\n\n<h3 class=\"wp-block-heading\">De metr\u00f4<\/h3>\n\n\n\n<p>A melhor op\u00e7\u00e3o para chegar \u00e0 Uninove &#8211; Vergueiro \u00e9 atrav\u00e9s do Metr\u00f4. Voc\u00ea dever\u00e1 acessar a linha azul do metr\u00f4 e descer na esta\u00e7\u00e3o S\u00e3o Joaquim.<\/p>\n\n\n\n<p>O pr\u00e9dio da Uninove fica a 300 metros da esta\u00e7\u00e3o.<\/p>\n\n\n\n<h3 class=\"wp-block-heading\">Do Terminal rodovi\u00e1rio do Tiet\u00ea<\/h3>\n\n\n\n<p><strong>Econ\u00f4mico:<\/strong>&nbsp;O caminho da rodovi\u00e1ria Tiet\u00ea \u00e0 Uninove &#8211; Vergueiro \u00e9 bem f\u00e1cil. Ainda dentro da rodovi\u00e1ria, siga as placas em dire\u00e7\u00e3o ao Metr\u00f4 Portuguesa &#8211; Tiet\u00ea. Essa esta\u00e7\u00e3o encontra-se na linha azul, a mesma linha que se encontra a esta\u00e7\u00e3o mais pr\u00f3xima da Uninove, portanto n\u00e3o ser\u00e1 preciso realizar troca de linha.<\/p>\n\n\n\n<p>Ap\u00f3s passar a catraca, dirija-se \u00e0 plataforma sentido Jabaquara. Des\u00e7a na esta\u00e7\u00e3o S\u00e3o Joaquim (7 paradas) e caminhe por 300 metros at\u00e9 o local.<\/p>\n\n\n\n<p>Valor da passagem de metr\u00f4: R$ 4,30<\/p>\n\n\n\n<p><strong>Conforto:<\/strong><\/p>\n\n\n\n<ul class=\"wp-block-list\"><li>T\u00e1xi \u2013 aproximadamente R$ 28<\/li><li>Uber \u2013 aproximadamente R$ 27<\/li><li>99 &#8211; aproximadamente R$ 18<\/li><\/ul>\n\n\n\n<h3 class=\"wp-block-heading\"><strong>Do Aeroporto <\/strong>de Congonhas<\/h3>\n\n\n\n<p><strong>Econ\u00f4mico:<\/strong> Saia do aeroporto, dirija-se at\u00e9 a avenida Washington Lu\u00eds e&nbsp; procure pela passarela de pedestres. Ao lado dela h\u00e1 um ponto de \u00f4nibus. N\u00e3o atravesse a passarela. Deste mesmo lado, pegue o \u00f4nibus 175T-10: Metr\u00f4 Santana. Des\u00e7a na avenida 23 de maio no Viaduto Pedroso ( 13 paradas ) e suba as escadas em dire\u00e7\u00e3o ao viaduto, e depois em dire\u00e7\u00e3o a rua Vergueiro. Vire \u00e0 direita na rua Vergueiro e caminhe mais 150 metros at\u00e9 o pr\u00e9dio da Uninove. O trajeto leva 5 minutos.<\/p>\n\n\n\n<p>Valor da passagem de \u00f4nibus: R$ 4,30<\/p>\n\n\n\n<p><strong>Conforto:<\/strong><\/p>\n\n\n\n<ul class=\"wp-block-list\"><li>T\u00e1xi \u2013 aproximadamente R$ 30<\/li><li>Uber \u2013 aproximadamente R$ 28<\/li><li>99 &nbsp;\u2013 aproximadamente R$ 20<\/li><\/ul>\n\n\n\n<h3 class=\"wp-block-heading\">Do Aeroporto de Guarulhos<\/h3>\n\n\n\n<p><strong>Econ\u00f4mico:<\/strong>&nbsp;Do terminal 2 ou 3, procure pelo \u00f4nibus que faz a transfer\u00eancia entre os terminais e a esta\u00e7\u00e3o Aeroporto-Guarulhos da CPTM. Do terminal 1 \u00e9 poss\u00edvel andar at\u00e9 a esta\u00e7\u00e3o.<\/p>\n\n\n\n<p>Da esta\u00e7\u00e3o de trem Aeroporto-Guarulhos da CPTM, pegue o trem sentido Esta\u00e7\u00e3o Engenheiro Goulart. Des\u00e7a na Esta\u00e7\u00e3o&nbsp;Engenheiro Goulart e dirija-se para a linha 12 &#8211; Safira, sentido Br\u00e1s. Pegue o trem nessa esta\u00e7\u00e3o e des\u00e7a na esta\u00e7\u00e3o Br\u00e1s da CPTM. Fa\u00e7a a transfer\u00eancia para a esta\u00e7\u00e3o de metr\u00f4 Br\u00e1s sentido Palmeiras-Barra Funda, pegue o metr\u00f4 e des\u00e7a na esta\u00e7\u00e3o de Metr\u00f4 S\u00e9. Na S\u00e9, fa\u00e7a a transfer\u00eancia para a linha Azul sentido Jabaquara. Pegue o metr\u00f4 e des\u00e7a na esta\u00e7\u00e3o S\u00e3o Joaquim ( 2 paradas ). Caminhe 300 metros at\u00e9 chegar \u00e0 Uninove Vergueiro.<\/p>\n\n\n\n<p>Valor da passagem de trem com integra\u00e7\u00e3o ao metr\u00f4: R$ 4,00<\/p>\n\n\n\n<p><strong>Conforto:<\/strong><\/p>\n\n\n\n<ul class=\"wp-block-list\"><li>T\u00e1xi \u2013 aproximadamente R$ 120<\/li><li>Uber \u2013 aproximadamente R$ 85<\/li><li>99 \u2013 aproximadamente R$ 54<\/li><\/ul>\n\n\n\n<h2 class=\"wp-block-heading\">Onde se hospedar<\/h2>\n\n\n\n<h3 class=\"wp-block-heading\">Hot\u00e9is<\/h3>\n\n\n\n<p>O evento acontece na regi\u00e3o central de S\u00e3o Paulo, no bairro da Liberdade, onde se concentram muitos hot\u00e9is e <em>hostel&#8217;s<\/em>.<\/p>\n\n\n\n<p><a href=\"https:\/\/www.google.com.br\/maps\/search\/Hot%C3%A9is\/@-23.5635847,-46.6433627,15.75z\/data=!4m7!2m6!5m4!5m2!1s2019-10-04!2i2!10e1!6e3\">Link do Google Maps para consulta de hot\u00e9is no final de semana do evento<\/a>.<\/p>\n\n\n\n<h4 class=\"wp-block-heading\">Hotel Paulista Wall Street<\/h4>\n\n\n\n<p><strong>Endere\u00e7o<\/strong>:  R. Itapeva, 636 &#8211; Bela Vista, S\u00e3o Paulo &#8211; SP, 01332-000<br><strong>Pre\u00e7o<\/strong>: a partir de R$ 280<br> <strong>Estrelas<\/strong>: \u2b50\u2b50\u2b50\u2b50<\/p>\n\n\n\n<h4 class=\"wp-block-heading\">Pestana Hotel<\/h4>\n\n\n\n<p><strong>Endere\u00e7o<\/strong>:  R. Tut\u00f3ia, 77 &#8211; Para\u00edso, S\u00e3o Paulo &#8211; SP, 04007-000<br><strong>Pre\u00e7o<\/strong>: a partir de R$ 226<br><strong>Estrelas<\/strong>: \u2b50\u2b50\u2b50\u2b50<\/p>\n\n\n\n<h4 class=\"wp-block-heading\">Hotel Century Paulista<\/h4>\n\n\n\n<p><strong>Endere\u00e7o<\/strong>:  R. Teixeira da Silva, 647 &#8211; Para\u00edso, S\u00e3o Paulo &#8211; SP, 04002-033 <br><strong>Pre\u00e7o<\/strong>: a partir de R$ 215<br><strong>Estrelas<\/strong>: \u2b50\u2b50\u2b50\u2b50<\/p>\n\n\n\n<h4 class=\"wp-block-heading\">Mercure<\/h4>\n\n\n\n<p><strong>Endere\u00e7o<\/strong>: Rua Maestro Cardim, 407 (dist\u00e2ncia: 500 metros)<br><strong>Pre\u00e7o<\/strong>: a partir de R$ 290<br><strong>Estrelas<\/strong>: \u2b50\u2b50\u2b50<\/p>\n\n\n\n<p class=\"has-text-color has-vivid-red-color\"><a href=\"http:\/\/www.accorhotels.com\/pt\/hotel-3626-mercure-sao-paulo-central-towers-hotel\/location.shtml\">Mais informa\u00e7\u00f5es<\/a><\/p>\n\n\n\n<h4 class=\"wp-block-heading\">EZ Hot\u00e9is<\/h4>\n\n\n\n<p><strong>Endere\u00e7o<\/strong>: Av. Armando Ferrentini, 668 &#8211; Aclima\u00e7\u00e3o, S\u00e3o Paulo &#8211; SP, 04103-030<br><strong>Pre\u00e7o<\/strong>: a partir de R$ 198<br><strong>Estrelas<\/strong>: \u2b50\u2b50\u2b50<\/p>\n\n\n\n<p style=\"text-align:left\" class=\"has-text-color has-vivid-red-color\"><a href=\"https:\/\/www.ezhoteis.com.br\/\">Mais informa\u00e7\u00f5es no site<\/a><\/p>\n\n\n\n<h4 class=\"wp-block-heading\">Comfort Nova Paulista<\/h4>\n\n\n\n<p><strong>Endere\u00e7o<\/strong>: Rua Vergueiro, 2740 &#8211; Vila Mariana, S\u00e3o Paulo &#8211; SP, 04102-001<br><strong>Pre\u00e7o<\/strong>: a partir de R$ 190<br><strong>Estrelas<\/strong>: \u2b50\u2b50\u2b50<\/p>\n\n\n\n<h4 class=\"wp-block-heading\">Hotel Para\u00edso<\/h4>\n\n\n\n<p><strong>Endere\u00e7o<\/strong>: R. Dr. Rafael de Barros, 52 &#8211; Para\u00edso, S\u00e3o Paulo &#8211; SP, 04003-040<br><strong>Pre\u00e7o<\/strong>: a partir de R$ 175<br><strong>Estrelas<\/strong>: \u2b50\u2b50\u2b50<\/p>\n\n\n\n<h4 class=\"wp-block-heading\">Ibis Budget<\/h4>\n\n\n\n<p><strong>Endere\u00e7o<\/strong>: Rua Vergueiro 1571 ao lado da esta\u00e7\u00e3o de metro Para\u00edso &#8211; Vila Mariana, S\u00e3o Paulo &#8211; SP, 04101-000<br><strong>Pre\u00e7o<\/strong>: a partir de R$ 177<br><strong>Estrelas<\/strong>: \u2b50\u2b50\u2b50<\/p>\n\n\n\n<h4 class=\"wp-block-heading\">Hotel Esta\u00e7\u00e3o Para\u00edso<\/h4>\n\n\n\n<p><strong>Endere\u00e7o<\/strong>: Rua Vergueiro, 1563 &#8211; Para\u00edso, S\u00e3o Paulo &#8211; SP, 04101-000<br><strong>Pre\u00e7o<\/strong>: a partir de R$ 195<br><strong>Estrelas<\/strong>:  \u2b50\u2b50<\/p>\n\n\n\n<h3 class=\"wp-block-heading\">Hostel e pousadas<\/h3>\n\n\n\n<h4 class=\"wp-block-heading\">Pousada Bonita<\/h4>\n\n\n\n<p><strong>Endere\u00e7o<\/strong>: Rua Correia Dias, 368 &#8211; Para\u00edso, S\u00e3o Paulo &#8211; SP, 04104-001<br><strong>Pre\u00e7o<\/strong>: a partir de R$ 170<br><strong>Estrelas<\/strong>: \u2b50\u2b50<\/p>\n\n\n\n<h4 class=\"wp-block-heading\">The Hostel Vila Mariana<\/h4>\n\n\n\n<p><strong>Endere\u00e7o<\/strong>: R. Domingos de Morais, 775 &#8211; Vila Mariana, S\u00e3o Paulo &#8211; SP, 04009-001<br><strong>Pre\u00e7o<\/strong>: a partir de R$ 67<\/p>\n\n\n\n<h4 class=\"wp-block-heading\">Olah Hostel Vila Mariana<\/h4>\n\n\n\n<p><strong>Endere\u00e7o<\/strong>: Rua Alceu Wamosy, 40 &#8211; Vila Mariana, S\u00e3o Paulo &#8211; SP, 04105-040<br><strong>Pre\u00e7o<\/strong>: a partir de R$ 78<\/p>\n\n\n\n<h4 class=\"wp-block-heading\">Hostel Paulista<\/h4>\n\n\n\n<p><strong>Endere\u00e7o<\/strong>: Rua Pirapitingui , 141 Liberdade (dist\u00e2ncia: 350 metros) <br>Telefone : 011 3276-2876&nbsp; &nbsp;\/&nbsp; WhatsApp&nbsp;011 95241-1311<\/p>\n\n\n\n<h4 class=\"wp-block-heading\">Hostel Vergueiro<\/h4>\n\n\n\n<p><strong>Endere\u00e7o<\/strong>: Rua Vergueiro, 434 (dist\u00e2ncia: 400 metros)<br>http:\/\/www.hostelvergueiro.com\/<\/p>\n","protected":false},"excerpt":{"rendered":"<p>Qual o local, data e hor\u00e1rio? O WordCamp SP 2019 acontecer\u00e1 no dia&nbsp;5 de outubro&nbsp;de 2019, na&nbsp;Universidade Nove de Julho (UNINOVE) \u2013 Campus Vergueiro. As atividades ter\u00e3o in\u00edcio \u00e0s 8h com t\u00e9rmino previsto para \u00e0s 18h, ap\u00f3s esse hor\u00e1rio acontecer\u00e1 &hellip; <a href=\"https:\/\/saopaulo.wordcamp.org\/2019\/informacoes-uteis\/\">Continue lendo <span class=\"assistive-text\">Informa\u00e7\u00f5es \u00fateis<\/span>  <span class=\"meta-nav\">&rarr;<\/span><\/a><\/p>\n","protected":false},"author":6038041,"featured_media":0,"parent":0,"menu_order":0,"comment_status":"closed","ping_status":"closed","template":"","meta":{"jetpack_post_was_ever_published":false,"footnotes":""},"class_list":["post-271","page","type-page","status-publish","hentry"],"jetpack_shortlink":"https:\/\/wp.me\/PaUnkt-4n","jetpack_sharing_enabled":true,"_links":{"self":[{"href":"https:\/\/saopaulo.wordcamp.org\/2019\/wp-json\/wp\/v2\/pages\/271","targetHints":{"allow":["GET"]}}],"collection":[{"href":"https:\/\/saopaulo.wordcamp.org\/2019\/wp-json\/wp\/v2\/pages"}],"about":[{"href":"https:\/\/saopaulo.wordcamp.org\/2019\/wp-json\/wp\/v2\/types\/page"}],"author":[{"embeddable":true,"href":"https:\/\/saopaulo.wordcamp.org\/2019\/wp-json\/wp\/v2\/users\/6038041"}],"replies":[{"embeddable":true,"href":"https:\/\/saopaulo.wordcamp.org\/2019\/wp-json\/wp\/v2\/comments?post=271"}],"version-history":[{"count":12,"href":"https:\/\/saopaulo.wordcamp.org\/2019\/wp-json\/wp\/v2\/pages\/271\/revisions"}],"predecessor-version":[{"id":2928,"href":"https:\/\/saopaulo.wordcamp.org\/2019\/wp-json\/wp\/v2\/pages\/271\/revisions\/2928"}],"wp:attachment":[{"href":"https:\/\/saopaulo.wordcamp.org\/2019\/wp-json\/wp\/v2\/media?parent=271"}],"curies":[{"name":"wp","href":"https:\/\/api.w.org\/{rel}","templated":true}]}}