{"id":279,"date":"2019-07-01T23:18:18","date_gmt":"2019-07-02T02:18:18","guid":{"rendered":"https:\/\/2019.saopaulo.wordcamp.org\/?page_id=279"},"modified":"2019-09-20T15:22:54","modified_gmt":"2019-09-20T18:22:54","slug":"press-release","status":"publish","type":"page","link":"https:\/\/saopaulo.wordcamp.org\/2019\/press-release\/","title":{"rendered":"Press release"},"content":{"rendered":"\n<h2 class=\"wp-block-heading\">WordCamp S\u00e3o Paulo chega a sua 8\u00aa edi\u00e7\u00e3o<\/h2>\n\n\n\n<p class=\"has-medium-font-size\"><em>Com&nbsp;quase&nbsp;30&nbsp;atividades,&nbsp;evento&nbsp;refer\u00eancia&nbsp;em&nbsp;WordPress&nbsp;no&nbsp;pa\u00eds&nbsp;<\/em><strong><em>&nbsp;<\/em><\/strong><em>acontece&nbsp;em&nbsp;5&nbsp;de&nbsp;outubro<\/em>.<\/p>\n\n\n\n<div class=\"wp-block-image wp-image-520 size-full\"><figure class=\"aligncenter\"><img data-recalc-dims=\"1\" loading=\"lazy\" decoding=\"async\" width=\"830\" height=\"554\" src=\"https:\/\/i0.wp.com\/2019.saopaulo.wordcamp.org\/files\/2019\/07\/wordcamp-sao-paulo-2018-foto-geral-1024x684.jpg?resize=830%2C554&#038;ssl=1\" alt=\"\" class=\"wp-image-500\" srcset=\"https:\/\/i0.wp.com\/saopaulo.wordcamp.org\/2019\/files\/2019\/07\/wordcamp-sao-paulo-2018-foto-geral.jpg?resize=1024%2C684&amp;ssl=1 1024w, https:\/\/i0.wp.com\/saopaulo.wordcamp.org\/2019\/files\/2019\/07\/wordcamp-sao-paulo-2018-foto-geral.jpg?resize=300%2C200&amp;ssl=1 300w, https:\/\/i0.wp.com\/saopaulo.wordcamp.org\/2019\/files\/2019\/07\/wordcamp-sao-paulo-2018-foto-geral.jpg?resize=768%2C513&amp;ssl=1 768w, https:\/\/i0.wp.com\/saopaulo.wordcamp.org\/2019\/files\/2019\/07\/wordcamp-sao-paulo-2018-foto-geral.jpg?resize=449%2C300&amp;ssl=1 449w, https:\/\/i0.wp.com\/saopaulo.wordcamp.org\/2019\/files\/2019\/07\/wordcamp-sao-paulo-2018-foto-geral.jpg?resize=1000%2C668&amp;ssl=1 1000w, https:\/\/i0.wp.com\/saopaulo.wordcamp.org\/2019\/files\/2019\/07\/wordcamp-sao-paulo-2018-foto-geral.jpg?w=1440&amp;ssl=1 1440w\" sizes=\"auto, (max-width: 830px) 100vw, 830px\" \/><figcaption>Foto Oficial do evento do ano passado.<\/figcaption><\/figure><\/div>\n\n\n\n<p>Maior confer\u00eancia brasileira dedicada \u00e0 plataforma WordPress, o <strong>WordCamp S\u00e3o Paulo<\/strong> chega \u00e0 8\u00aa edi\u00e7\u00e3o em 2019. O evento acontece em  5 de outubro, s\u00e1bado, das 8h \u00e0s 18h, na UNINOVE, Campus Vergueiro, na capital paulista.<\/p>\n\n\n\n<p>Com cinco eixos &#8211; Neg\u00f3cios, Desenvolvimento, Design, Conte\u00fado e Comunidade -, o <strong>WordCamp S\u00e3o Paulo 2019<\/strong> oferece 27 atividades &#8211; 23 palestras e quatro workshops (abaixo, veja a rela\u00e7\u00e3o completa). <\/p>\n\n\n\n<p>Temas como Neg\u00f3cios Digitais, Mobile First, SEO, Conte\u00fado, Rede Sociais, Plugins, Gutenberg, Seguran\u00e7a, Acessibilidade, WooCommerce e E-commerce ser\u00e3o apresentados no encontro. <\/p>\n\n\n\n<p>Os ingressos seguem \u00e0 venda e custam R$ 60. O valor da entrada d\u00e1 direito a todas as atividades, camiseta, alimenta\u00e7\u00e3o, brindes, certificado digital e afterparty. Com um custo baixo, o <strong>WordCamp S\u00e3o Paulo<\/strong> se consolida como um dos eventos de tecnologia financeiramente mais acess\u00edveis da cidade, informa a organiza\u00e7\u00e3o.<\/p>\n\n\n\n<p>Cerca de 600 pessoas s\u00e3o esperadas. O p\u00fablico \u00e9 formado por desenvolvedores, produtores de conte\u00fado,  estudantes e entusiastas da plataforma.<\/p>\n\n\n\n<p>O <strong>WordCamp S\u00e3o Paulo<\/strong> \u00e9 um evento muito esperado pela comunidade WordPress, principalmente da cidade de S\u00e3o Paulo, que costuma ser uma refer\u00eancia para o pa\u00eds, ainda de acordo com a organiza\u00e7\u00e3o. <\/p>\n\n\n\n<p>O evento, tal como todo o trabalho da Comunidade WordPress, n\u00e3o tem fins lucrativos. Toda a renda obtida com a venda de ingressos e patroc\u00ednio ser\u00e1 revertida para a produ\u00e7\u00e3o do evento.<\/p>\n\n\n\n<h2 class=\"wp-block-heading\">Bienal do livro da Quebrada<\/h2>\n\n\n\n<p>Pela primeira vez, a Bienal do Livro da Quebrada far\u00e1 parte do <strong>WordCamp S\u00e3o Paulo<\/strong>. Durante o evento, a iniciativa receber\u00e1 doa\u00e7\u00f5es de livros dos participantes da confer\u00eancia e de qualquer pessoa que quiser fazer parte da a\u00e7\u00e3o social. As obras arrecadadas ser\u00e3o destinadas a projetos liter\u00e1rios localizados em regi\u00f5es perif\u00e9ricas do Brasil.<\/p>\n\n\n\n<h2 class=\"wp-block-heading\">WordCamps pelo mundo<\/h2>\n\n\n\n<p>Os WordCamps s\u00e3o confer\u00eancias que buscam disseminar conhecimento sobre a plataforma WordPress e que apresentam as \u00faltimas novidades da ferramenta. O evento \u00e9 refer\u00eancia mundial em promo\u00e7\u00e3o, conhecimento e utiliza\u00e7\u00e3o da plataforma, al\u00e9m de propiciar um excelente networking para profissionais da \u00e1rea.<\/p>\n\n\n\n<p>Em 2018, foram organizados 143 WordCamps por todo o mundo. O encontro atrai um p\u00fablico diversificado, composto n\u00e3o apenas por programadores, mas por designers, publicit\u00e1rios, jornalistas, profissionais do marketing, estudantes e usu\u00e1rios amadores. Os eventos s\u00e3o balizados de acordo com as premissas da Funda\u00e7\u00e3o WordPress.<\/p>\n\n\n\n<h2 class=\"wp-block-heading\">WordPress est\u00e1 presente em 34,1% da web<\/h2>\n\n\n\n<p>Criado em 2003 por Matt Mullenweg, o WordPress \u00e9 hoje o CMS (Content Management System ou Sistema de Gerenciamento de Conte\u00fado) mais utilizado no mundo &#8211; presente em 34,1% de toda a web.<\/p>\n\n\n\n<p>O WordPress \u00e9 uma plataforma com c\u00f3digo aberto (open-source, em ingl\u00eas). Esse modelo livre de licenciamento permite a livre utiliza\u00e7\u00e3o, redistribui\u00e7\u00e3o e modifica\u00e7\u00e3o do seu conte\u00fado.<\/p>\n\n\n\n<h2 class=\"wp-block-heading\">Wordcamp S\u00e3o Paulo 2019 | 27 atividades: 23 palestras e 4 workshops<\/h2>\n\n\n\n<h3 class=\"wp-block-heading\">Palestras<\/h3>\n\n\n\n<div style=\"height:20px\" aria-hidden=\"true\" class=\"wp-block-spacer\"><\/div>\n\n\n\n<h4 class=\"wp-block-heading\">Neg\u00f3cios<\/h4>\n\n\n\n<ul class=\"wp-block-list\"><li>Maria&nbsp;Rita&nbsp;Casagrande:&nbsp;Do&nbsp;zero&nbsp;a&nbsp;unic\u00f3rnio&nbsp;com&nbsp;WordPress<\/li><li>Larissa&nbsp;Sielichoff:&nbsp;Precifica\u00e7\u00e3o&nbsp;para&nbsp;Neg\u00f3cios&nbsp;Digitais<\/li><li>Leandrinho&nbsp;Vieira:&nbsp;As&nbsp;vantagens&nbsp;e&nbsp;os&nbsp;desafios&nbsp;na&nbsp;implementa\u00e7\u00e3o&nbsp;do&nbsp;Mobile&nbsp;First<\/li><li>Edney&nbsp;\u201cInterNey\u201d&nbsp;Souza:&nbsp;5&nbsp;mindsets&nbsp;para&nbsp;voc\u00ea&nbsp;montar&nbsp;seu&nbsp;neg\u00f3cio&nbsp;digital<\/li><li>Arindo&nbsp;Augusto&nbsp;Duque&nbsp;Neto:&nbsp;Como&nbsp;(possivelmente)&nbsp;ganhar&nbsp;dinheiro&nbsp;desenvolvendo&nbsp;e&nbsp;vendendo&nbsp;Plugins<\/li><li>Leandro&nbsp;Pato:&nbsp;Mude&nbsp;vidas&nbsp;com&nbsp;o&nbsp;WordPress&nbsp; <\/li><\/ul>\n\n\n\n<h4 class=\"wp-block-heading\">Desenvolvimento<\/h4>\n\n\n\n<ul class=\"wp-block-list\"><li>Eduardo&nbsp;Pittol:&nbsp;Criando&nbsp;blocos&nbsp;Gutenberg&nbsp;com&nbsp;React<\/li><li>Rud\u00e1&nbsp;Almeida:&nbsp;Seguran\u00e7a&nbsp;no&nbsp;WordPress:&nbsp;Teoria&nbsp;e&nbsp;Pr\u00e1tica<\/li><li>Jakeliny&nbsp;Gracielly&nbsp;:&nbsp;Consumir&nbsp;API&nbsp;Rest&nbsp;do&nbsp;WordPress&nbsp;no&nbsp;VueJS<\/li><li>Livia&nbsp;Cristina&nbsp;Gabos&nbsp;Martins:&nbsp;Teste&nbsp;de&nbsp;acessibilidade&nbsp;na&nbsp;pr\u00e1tica<\/li><li>Elihu&nbsp;Mejia:&nbsp;WordPress&nbsp;no&nbsp;Back&nbsp;e&nbsp;React&nbsp;no&nbsp;Front&nbsp;&#8211;&nbsp;Aplicativos&nbsp;web&nbsp;renderizados&nbsp;no&nbsp;servidor<\/li><li>Andr\u00e9&nbsp;Ribeiro&nbsp;da&nbsp;Costa:&nbsp;CSS&nbsp;para&nbsp;quem&nbsp;entende&nbsp;(ou&nbsp;n\u00e3o)&nbsp;de&nbsp;CSS<\/li><li>Vanessa&nbsp;Brand\u00e3o&nbsp;do&nbsp;Valle:&nbsp;Conhe\u00e7a&nbsp;Peachpie&nbsp;&#8211;&nbsp;a&nbsp;Uni\u00e3o&nbsp;de&nbsp;.Net&nbsp;com&nbsp;PHP&nbsp;no&nbsp;WordPress<\/li><li>Rodrigo&nbsp;Primo&nbsp;e&nbsp;Claudio&nbsp;Sanches:&nbsp;Painel&nbsp;com&nbsp;desenvolvedores&nbsp;do&nbsp;WooCommerce<\/li><\/ul>\n\n\n\n<h4 class=\"wp-block-heading\">Design<\/h4>\n\n\n\n<ul class=\"wp-block-list\"><li>Filipe&nbsp;Landu&nbsp;Nzongo:&nbsp;Experi\u00eancia&nbsp;do&nbsp;usu\u00e1rio&nbsp;de&nbsp;guerrilha,&nbsp;limpo&nbsp;e&nbsp;n\u00e3o&nbsp;sujo<\/li><li>David&nbsp;Arty:&nbsp;Como&nbsp;o&nbsp;design&nbsp;centrado&nbsp;no&nbsp;usu\u00e1rio&nbsp;pode&nbsp;fazer&nbsp;um&nbsp;site&nbsp;valer&nbsp;4x&nbsp;mais?<\/li><\/ul>\n\n\n\n<h4 class=\"wp-block-heading\">Conte\u00fado<\/h4>\n\n\n\n<ul class=\"wp-block-list\"><li>Maristela Harada: Arquitetura de conte\u00fado UX com card sorting<\/li><li>Debora de Lucas: Content &amp; Social Media &#8211; Como distribuir o conte\u00fado publicado no WP <\/li><li>Viviane Casanova: Copywriter<\/li><li>Amanda Noronha Araujo: SEO para WordPress e WooCommerce &#8211; <\/li><li>Roadmap de sucesso para o seu projeto online<\/li><\/ul>\n\n\n\n<h4 class=\"wp-block-heading\">Comunidade<\/h4>\n\n\n\n<ul class=\"wp-block-list\"><li>Felipe Elia: O que esperar do WordPress? As \u00faltimas mudan\u00e7as e o que vem por a\u00ed<\/li><li>Ricardo Lima Gon\u00e7alves: Como superar desafios e criar um meetup de WordPress na sua cidade <\/li><li>Thassia Lays de Lima Muniz: A import\u00e2ncia de comunidades de tecnologia voltada para mulheres negras<\/li><\/ul>\n\n\n\n<h3 class=\"wp-block-heading\">Workshops<\/h3>\n\n\n\n<div style=\"height:20px\" aria-hidden=\"true\" class=\"wp-block-spacer\"><\/div>\n\n\n\n<h4 class=\"wp-block-heading\">Desenvolvimento<\/h4>\n\n\n\n<ul class=\"wp-block-list\"><li>Junior&nbsp;Rocha:&nbsp;Abandone&nbsp;o&nbsp;XAMPP!&nbsp;Provisionamento&nbsp;de&nbsp;ambientes&nbsp;WordPress&nbsp;com&nbsp;Docker&nbsp;e&nbsp;Vagrant<\/li><li>Marcos&nbsp;Felipe&nbsp;Nalin&nbsp;Furtado:&nbsp;Convertendo&nbsp;um&nbsp;layout&nbsp;bootstrap&nbsp;para Gutenberg <\/li><\/ul>\n\n\n\n<h4 class=\"wp-block-heading\">Conte\u00fado<\/h4>\n\n\n\n<ul class=\"wp-block-list\"><li>Luisa Migueres: Prototipando conte\u00fado &#8211; Tudo come\u00e7a com palavras <\/li><\/ul>\n\n\n\n<h4 class=\"wp-block-heading\">Neg\u00f3cios<\/h4>\n\n\n\n<ul class=\"wp-block-list\"><li>Dimitri Gallucci Sidney: E-commerce para PME, como estruturar, operar e gerar vendas <\/li><\/ul>\n\n\n\n<p>Saiba&nbsp;mais&nbsp;sobre&nbsp;os&nbsp;palestrantes:&nbsp;<strong><a href=\"https:\/\/2019.saopaulo.wordcamp.org\/palestrantes\">https:\/\/2019.saopaulo.wordcamp.org\/palestrantes<\/a><\/strong>. <\/p>\n\n\n\n<hr class=\"wp-block-separator\" \/>\n\n\n\n<h3 class=\"wp-block-heading\"><strong>Servi\u00e7o<\/strong><\/h3>\n\n\n\n<p><strong>WordCamp&nbsp;S\u00e3o&nbsp;Paulo&nbsp;2019<\/strong><br>5&nbsp;de&nbsp;outubro,&nbsp;s\u00e1bado,&nbsp;das&nbsp;8h&nbsp;\u00e0s&nbsp;18h<br>Universidade&nbsp;Nove&nbsp;de&nbsp;Julho&nbsp;(UNINOVE)<br>Rua&nbsp;Vergueiro,&nbsp;235\/249,&nbsp;Liberdade,&nbsp;S\u00e3o&nbsp;Paulo&nbsp;(SP)<\/p>\n\n\n\n<p><strong>Inscri\u00e7\u00f5es<\/strong>: R$ 60  (todas as atividades + camiseta + alimenta\u00e7\u00e3o + brindes + certificado digital + afterparty), em <a href=\"https:\/\/2019.saopaulo.wordcamp.org\/inscreva-se\">https:\/\/2019.saopaulo.wordcamp.org\/inscreva-se<\/a>.<br> <strong>Site<\/strong>: <a href=\"http:\/\/2019.saopaulo.wordcamp.org\">2019.saopaulo.wordcamp.org<\/a><br> <strong>Facebook<\/strong>: <a href=\"http:\/\/www.facebook.com\/wordcampsaopaulo\">facebook.com\/WordCampSaoPaulo<\/a><br> <strong>Twitter<\/strong>: <a href=\"http:\/\/www.twitter.com\/wpsampa\">@WPsampa<\/a><br> <strong>Instagram<\/strong>: <a href=\"http:\/\/www.instagram.com\/wpsampa\">@WPSampa<\/a><br> <strong>LinkedIn<\/strong>: <a href=\"http:\/\/www.linkedin.com\/company\/wordcamp-sao-paulo\">linkedin.com\/company\/wordcamp-s\u00e3o-paulo<\/a><br><strong> Hashtag oficial<\/strong>: #WordCampSP<br><strong> Patrocinadora m\u00e1ster<\/strong>: Universidade Nove de Julho (UNINOVE)<br><strong> Patrocinadores<\/strong>: Liquid Web, WooCommerce, Jetpack, Bluehost, GreenGeeks, GoDaddy, HostGator, EasyWP, Weglot, HubSpot, DreamHost, WP Admin Pages PRO, SiteGround, Kinsta, Mercado Pago, PayPal e Locaweb <br><strong>Apoio<\/strong>: Bikezetas, MeuCanto.net e Bienal do Livro da Quebrada   <\/p>\n\n\n\n<p style=\"color:#ffffff\" class=\"has-text-color has-background has-vivid-red-background-color\"><strong><a href=\"https:\/\/2019.saopaulo.wordcamp.org\/inscreva-se\/\">Inscreva-se \u2192<\/a><\/strong><a href=\"https:\/\/2019.saopaulo.wordcamp.org\/inscreva-se\/\"> https:\/\/2019.saopaulo.wordcamp.org\/inscreva-se\/<\/a><\/p>\n\n\n\n<hr class=\"wp-block-separator\" \/>\n\n\n\n<h2 class=\"wp-block-heading\">Material para divulga\u00e7\u00e3o<\/h2>\n\n\n\n<div style=\"height:32px\" aria-hidden=\"true\" class=\"wp-block-spacer\"><\/div>\n\n\n\n<h3 class=\"wp-block-heading\">Banners e imagens<\/h3>\n\n\n\n<p>Clique para visualizar a imagem completa.<\/p>\n\n\n\n<div style=\"height:32px\" aria-hidden=\"true\" class=\"wp-block-spacer\"><\/div>\n\n\n\n<ul class=\"wp-block-gallery columns-3 wp-block-gallery-1 is-layout-flex wp-block-gallery-is-layout-flex\"><li class=\"blocks-gallery-item\"><figure><a href=\"https:\/\/i0.wp.com\/2019.saopaulo.wordcamp.org\/files\/2019\/08\/Banner-WCSP2019-v01-1024x822.jpg?ssl=1\"><img data-recalc-dims=\"1\" loading=\"lazy\" decoding=\"async\" width=\"830\" height=\"666\" src=\"https:\/\/i0.wp.com\/2019.saopaulo.wordcamp.org\/files\/2019\/08\/Banner-WCSP2019-v01-1024x822.jpg?resize=830%2C666&#038;ssl=1\" alt=\"\" data-id=\"1089\" data-link=\"https:\/\/2019.saopaulo.wordcamp.org\/press-release\/attachment\/banner-wcsp2019-v01\/\" class=\"wp-image-1089\" srcset=\"https:\/\/i0.wp.com\/saopaulo.wordcamp.org\/2019\/files\/2019\/08\/Banner-WCSP2019-v01.jpg?resize=1024%2C822&amp;ssl=1 1024w, https:\/\/i0.wp.com\/saopaulo.wordcamp.org\/2019\/files\/2019\/08\/Banner-WCSP2019-v01.jpg?resize=300%2C241&amp;ssl=1 300w, https:\/\/i0.wp.com\/saopaulo.wordcamp.org\/2019\/files\/2019\/08\/Banner-WCSP2019-v01.jpg?resize=768%2C616&amp;ssl=1 768w, https:\/\/i0.wp.com\/saopaulo.wordcamp.org\/2019\/files\/2019\/08\/Banner-WCSP2019-v01.jpg?resize=374%2C300&amp;ssl=1 374w, https:\/\/i0.wp.com\/saopaulo.wordcamp.org\/2019\/files\/2019\/08\/Banner-WCSP2019-v01.jpg?resize=1000%2C803&amp;ssl=1 1000w, https:\/\/i0.wp.com\/saopaulo.wordcamp.org\/2019\/files\/2019\/08\/Banner-WCSP2019-v01.jpg?w=1200&amp;ssl=1 1200w\" sizes=\"auto, (max-width: 830px) 100vw, 830px\" \/><\/a><\/figure><\/li><li class=\"blocks-gallery-item\"><figure><a href=\"https:\/\/i0.wp.com\/2019.saopaulo.wordcamp.org\/files\/2019\/08\/Banner-WCSP2019-v02-1024x659.jpg?ssl=1\"><img data-recalc-dims=\"1\" loading=\"lazy\" decoding=\"async\" width=\"830\" height=\"534\" src=\"https:\/\/i0.wp.com\/2019.saopaulo.wordcamp.org\/files\/2019\/08\/Banner-WCSP2019-v02-1024x659.jpg?resize=830%2C534&#038;ssl=1\" alt=\"\" data-id=\"1090\" data-link=\"https:\/\/2019.saopaulo.wordcamp.org\/press-release\/attachment\/banner-wcsp2019-v02\/\" class=\"wp-image-1090\" srcset=\"https:\/\/i0.wp.com\/saopaulo.wordcamp.org\/2019\/files\/2019\/08\/Banner-WCSP2019-v02.jpg?resize=1024%2C659&amp;ssl=1 1024w, https:\/\/i0.wp.com\/saopaulo.wordcamp.org\/2019\/files\/2019\/08\/Banner-WCSP2019-v02.jpg?resize=300%2C193&amp;ssl=1 300w, https:\/\/i0.wp.com\/saopaulo.wordcamp.org\/2019\/files\/2019\/08\/Banner-WCSP2019-v02.jpg?resize=768%2C494&amp;ssl=1 768w, https:\/\/i0.wp.com\/saopaulo.wordcamp.org\/2019\/files\/2019\/08\/Banner-WCSP2019-v02.jpg?resize=466%2C300&amp;ssl=1 466w, https:\/\/i0.wp.com\/saopaulo.wordcamp.org\/2019\/files\/2019\/08\/Banner-WCSP2019-v02.jpg?resize=1000%2C643&amp;ssl=1 1000w, https:\/\/i0.wp.com\/saopaulo.wordcamp.org\/2019\/files\/2019\/08\/Banner-WCSP2019-v02.jpg?w=1200&amp;ssl=1 1200w\" sizes=\"auto, (max-width: 830px) 100vw, 830px\" \/><\/a><\/figure><\/li><li class=\"blocks-gallery-item\"><figure><a href=\"https:\/\/i0.wp.com\/2019.saopaulo.wordcamp.org\/files\/2019\/08\/Banner-WCSP2019-v03-1024x822.jpg?ssl=1\"><img data-recalc-dims=\"1\" loading=\"lazy\" decoding=\"async\" width=\"830\" height=\"666\" src=\"https:\/\/i0.wp.com\/2019.saopaulo.wordcamp.org\/files\/2019\/08\/Banner-WCSP2019-v03-1024x822.jpg?resize=830%2C666&#038;ssl=1\" alt=\"\" data-id=\"1091\" data-link=\"https:\/\/2019.saopaulo.wordcamp.org\/press-release\/attachment\/banner-wcsp2019-v03\/\" class=\"wp-image-1091\" srcset=\"https:\/\/i0.wp.com\/saopaulo.wordcamp.org\/2019\/files\/2019\/08\/Banner-WCSP2019-v03.jpg?resize=1024%2C822&amp;ssl=1 1024w, https:\/\/i0.wp.com\/saopaulo.wordcamp.org\/2019\/files\/2019\/08\/Banner-WCSP2019-v03.jpg?resize=300%2C241&amp;ssl=1 300w, https:\/\/i0.wp.com\/saopaulo.wordcamp.org\/2019\/files\/2019\/08\/Banner-WCSP2019-v03.jpg?resize=768%2C616&amp;ssl=1 768w, https:\/\/i0.wp.com\/saopaulo.wordcamp.org\/2019\/files\/2019\/08\/Banner-WCSP2019-v03.jpg?resize=374%2C300&amp;ssl=1 374w, https:\/\/i0.wp.com\/saopaulo.wordcamp.org\/2019\/files\/2019\/08\/Banner-WCSP2019-v03.jpg?resize=1000%2C803&amp;ssl=1 1000w, https:\/\/i0.wp.com\/saopaulo.wordcamp.org\/2019\/files\/2019\/08\/Banner-WCSP2019-v03.jpg?w=1200&amp;ssl=1 1200w\" sizes=\"auto, (max-width: 830px) 100vw, 830px\" \/><\/a><\/figure><\/li><li class=\"blocks-gallery-item\"><figure><a href=\"https:\/\/i0.wp.com\/2019.saopaulo.wordcamp.org\/files\/2019\/08\/Banner-WCSP2019-v04-1024x822.jpg?ssl=1\"><img data-recalc-dims=\"1\" loading=\"lazy\" decoding=\"async\" width=\"830\" height=\"666\" src=\"https:\/\/i0.wp.com\/2019.saopaulo.wordcamp.org\/files\/2019\/08\/Banner-WCSP2019-v04-1024x822.jpg?resize=830%2C666&#038;ssl=1\" alt=\"\" data-id=\"1092\" data-link=\"https:\/\/2019.saopaulo.wordcamp.org\/press-release\/attachment\/banner-wcsp2019-v04\/\" class=\"wp-image-1092\" srcset=\"https:\/\/i0.wp.com\/saopaulo.wordcamp.org\/2019\/files\/2019\/08\/Banner-WCSP2019-v04.jpg?resize=1024%2C822&amp;ssl=1 1024w, https:\/\/i0.wp.com\/saopaulo.wordcamp.org\/2019\/files\/2019\/08\/Banner-WCSP2019-v04.jpg?resize=300%2C241&amp;ssl=1 300w, https:\/\/i0.wp.com\/saopaulo.wordcamp.org\/2019\/files\/2019\/08\/Banner-WCSP2019-v04.jpg?resize=768%2C616&amp;ssl=1 768w, https:\/\/i0.wp.com\/saopaulo.wordcamp.org\/2019\/files\/2019\/08\/Banner-WCSP2019-v04.jpg?resize=374%2C300&amp;ssl=1 374w, https:\/\/i0.wp.com\/saopaulo.wordcamp.org\/2019\/files\/2019\/08\/Banner-WCSP2019-v04.jpg?resize=1000%2C803&amp;ssl=1 1000w, https:\/\/i0.wp.com\/saopaulo.wordcamp.org\/2019\/files\/2019\/08\/Banner-WCSP2019-v04.jpg?w=1200&amp;ssl=1 1200w\" sizes=\"auto, (max-width: 830px) 100vw, 830px\" \/><\/a><\/figure><\/li><li class=\"blocks-gallery-item\"><figure><a href=\"https:\/\/i0.wp.com\/2019.saopaulo.wordcamp.org\/files\/2019\/08\/Banner-WCSP2019-v05-1024x666.jpg?ssl=1\"><img data-recalc-dims=\"1\" loading=\"lazy\" decoding=\"async\" width=\"830\" height=\"540\" src=\"https:\/\/i0.wp.com\/2019.saopaulo.wordcamp.org\/files\/2019\/08\/Banner-WCSP2019-v05-1024x666.jpg?resize=830%2C540&#038;ssl=1\" alt=\"\" data-id=\"1093\" data-link=\"https:\/\/2019.saopaulo.wordcamp.org\/press-release\/attachment\/banner-wcsp2019-v05\/\" class=\"wp-image-1093\" srcset=\"https:\/\/i0.wp.com\/saopaulo.wordcamp.org\/2019\/files\/2019\/08\/Banner-WCSP2019-v05.jpg?resize=1024%2C666&amp;ssl=1 1024w, https:\/\/i0.wp.com\/saopaulo.wordcamp.org\/2019\/files\/2019\/08\/Banner-WCSP2019-v05.jpg?resize=300%2C195&amp;ssl=1 300w, https:\/\/i0.wp.com\/saopaulo.wordcamp.org\/2019\/files\/2019\/08\/Banner-WCSP2019-v05.jpg?resize=768%2C500&amp;ssl=1 768w, https:\/\/i0.wp.com\/saopaulo.wordcamp.org\/2019\/files\/2019\/08\/Banner-WCSP2019-v05.jpg?resize=461%2C300&amp;ssl=1 461w, https:\/\/i0.wp.com\/saopaulo.wordcamp.org\/2019\/files\/2019\/08\/Banner-WCSP2019-v05.jpg?resize=1000%2C651&amp;ssl=1 1000w, https:\/\/i0.wp.com\/saopaulo.wordcamp.org\/2019\/files\/2019\/08\/Banner-WCSP2019-v05.jpg?w=1200&amp;ssl=1 1200w\" sizes=\"auto, (max-width: 830px) 100vw, 830px\" \/><\/a><\/figure><\/li><\/ul>\n\n\n\n<div style=\"height:40px\" aria-hidden=\"true\" class=\"wp-block-spacer\"><\/div>\n\n\n\n<h3 class=\"wp-block-heading\">V\u00eddeo teaser<\/h3>\n\n\n\n<div style=\"height:36px\" aria-hidden=\"true\" class=\"wp-block-spacer\"><\/div>\n\n\n\n<figure class=\"wp-block-embed-youtube wp-block-embed is-type-video is-provider-youtube wp-embed-aspect-4-3 wp-has-aspect-ratio\"><div class=\"wp-block-embed__wrapper\">\n<span class=\"embed-youtube\" style=\"text-align:center; display: block;\"><iframe loading=\"lazy\" class=\"youtube-player\" width=\"640\" height=\"360\" src=\"https:\/\/www.youtube.com\/embed\/V4BLCUW8qk8?version=3&#038;rel=1&#038;showsearch=0&#038;showinfo=1&#038;iv_load_policy=1&#038;fs=1&#038;hl=pt-BR&#038;autohide=2&#038;wmode=transparent\" allowfullscreen=\"true\" style=\"border:0;\" sandbox=\"allow-scripts allow-same-origin allow-popups allow-presentation allow-popups-to-escape-sandbox\"><\/iframe><\/span>\n<\/div><\/figure>\n\n\n\n<div style=\"height:36px\" aria-hidden=\"true\" class=\"wp-block-spacer\"><\/div>\n\n\n\n<hr class=\"wp-block-separator\" \/>\n\n\n\n<h3 class=\"wp-block-heading\"><strong>Veja mais sobre o assunto<\/strong><\/h3>\n\n\n\n<p><a href=\"https:\/\/2019.saopaulo.wordcamp.org\/organizadores\/\">Organizadores do WordCamp S\u00e3o Paulo 2019<br><\/a><a href=\"https:\/\/central.wordcamp.org\/\">WordCamp Central<\/a><a rel=\"noreferrer noopener\" href=\"https:\/\/central.wordcamp.org\/\" target=\"_blank\"><br><\/a><a href=\"https:\/\/br.wordpress.org\/\">WordPress.org<\/a><\/p>\n\n\n\n<h3 class=\"wp-block-heading\"><strong>Edi\u00e7\u00f5es anteriores<\/strong><\/h3>\n\n\n\n<p>2012: <a href=\"https:\/\/2012.saopaulo.wordcamp.org\/\">2012.saopaulo.wordcamp.org\/<br><\/a>2013: <a href=\"https:\/\/2013.saopaulo.wordcamp.org\/\">2013.saopaulo.wordcamp.org\/<br><\/a>2014: <a href=\"https:\/\/2014.saopaulo.wordcamp.org\/\">2014.saopaulo.wordcamp.org\/<br><\/a>2015: <a href=\"https:\/\/2015.saopaulo.wordcamp.org\/\">2015.saopaulo.wordcamp.org\/<br><\/a>2016: <a href=\"https:\/\/2016.saopaulo.wordcamp.org\/\">2016.saopaulo.wordcamp.org\/<\/a><br>2017:&nbsp;<a href=\"https:\/\/2017.saopaulo.wordcamp.org\/\">2017.saopaulo.wordcamp.org\/<\/a><br>2018:&nbsp;<a href=\"https:\/\/2018.saopaulo.wordcamp.org\/\">2018.saopaulo.wordcamp.org\/<\/a><\/p>\n","protected":false},"excerpt":{"rendered":"<p>WordCamp S\u00e3o Paulo chega a sua 8\u00aa edi\u00e7\u00e3o Com&nbsp;quase&nbsp;30&nbsp;atividades,&nbsp;evento&nbsp;refer\u00eancia&nbsp;em&nbsp;WordPress&nbsp;no&nbsp;pa\u00eds&nbsp;&nbsp;acontece&nbsp;em&nbsp;5&nbsp;de&nbsp;outubro. Maior confer\u00eancia brasileira dedicada \u00e0 plataforma WordPress, o WordCamp S\u00e3o Paulo chega \u00e0 8\u00aa edi\u00e7\u00e3o em 2019. O evento acontece em 5 de outubro, s\u00e1bado, das 8h \u00e0s 18h, na UNINOVE, &hellip; <a href=\"https:\/\/saopaulo.wordcamp.org\/2019\/press-release\/\">Continue lendo <span class=\"assistive-text\">Press release<\/span>  <span class=\"meta-nav\">&rarr;<\/span><\/a><\/p>\n","protected":false},"author":6038041,"featured_media":500,"parent":0,"menu_order":0,"comment_status":"closed","ping_status":"closed","template":"","meta":{"jetpack_post_was_ever_published":false,"footnotes":""},"class_list":["post-279","page","type-page","status-publish","has-post-thumbnail","hentry"],"jetpack_shortlink":"https:\/\/wp.me\/PaUnkt-4v","jetpack_sharing_enabled":true,"_links":{"self":[{"href":"https:\/\/saopaulo.wordcamp.org\/2019\/wp-json\/wp\/v2\/pages\/279","targetHints":{"allow":["GET"]}}],"collection":[{"href":"https:\/\/saopaulo.wordcamp.org\/2019\/wp-json\/wp\/v2\/pages"}],"about":[{"href":"https:\/\/saopaulo.wordcamp.org\/2019\/wp-json\/wp\/v2\/types\/page"}],"author":[{"embeddable":true,"href":"https:\/\/saopaulo.wordcamp.org\/2019\/wp-json\/wp\/v2\/users\/6038041"}],"replies":[{"embeddable":true,"href":"https:\/\/saopaulo.wordcamp.org\/2019\/wp-json\/wp\/v2\/comments?post=279"}],"version-history":[{"count":28,"href":"https:\/\/saopaulo.wordcamp.org\/2019\/wp-json\/wp\/v2\/pages\/279\/revisions"}],"predecessor-version":[{"id":2510,"href":"https:\/\/saopaulo.wordcamp.org\/2019\/wp-json\/wp\/v2\/pages\/279\/revisions\/2510"}],"wp:featuredmedia":[{"embeddable":true,"href":"https:\/\/saopaulo.wordcamp.org\/2019\/wp-json\/wp\/v2\/media\/500"}],"wp:attachment":[{"href":"https:\/\/saopaulo.wordcamp.org\/2019\/wp-json\/wp\/v2\/media?parent=279"}],"curies":[{"name":"wp","href":"https:\/\/api.w.org\/{rel}","templated":true}]}}