{"id":291,"date":"2019-07-01T23:24:06","date_gmt":"2019-07-02T02:24:06","guid":{"rendered":"https:\/\/2019.saopaulo.wordcamp.org\/?page_id=291"},"modified":"2019-07-06T21:06:11","modified_gmt":"2019-07-07T00:06:11","slug":"politica-de-privacidade","status":"publish","type":"page","link":"https:\/\/saopaulo.wordcamp.org\/2019\/politica-de-privacidade\/","title":{"rendered":"Pol\u00edtica de privacidade"},"content":{"rendered":"\n<p>Informa\u00e7\u00f5es e dados pessoais fornecidos \u00e0 organiza\u00e7\u00e3o do WordCamp S\u00e3o Paulo 2019 \u2013 cuja veracidade e exatid\u00e3o s\u00e3o de total responsabilidade do inscrito \u2013 ser\u00e3o coletados e guardados em conformidade com padr\u00f5es r\u00edgidos de confidencialidade e de seguran\u00e7a, e utilizados para as seguintes finalidades:<\/p>\n\n\n\n<ul class=\"wp-block-list\"><li>comunicar o inscrito a respeito de novos produtos, promo\u00e7\u00f5es e not\u00edcias relacionadas ao evento;<\/li><li>manter atualizados os cadastros dos inscritos para fins de contato;<\/li><li>elaborar estat\u00edsticas gerais, sem que haja identifica\u00e7\u00e3o dos inscritos;<\/li><li>responder \u00e0s d\u00favidas e solicita\u00e7\u00f5es dos inscritos no evento.<\/li><\/ul>\n\n\n\n<p>O acesso \u00e0s informa\u00e7\u00f5es recebidas \u00e9 restrito apenas aos integrantes da organiza\u00e7\u00e3o do WordCamp S\u00e3o Paulo 2019, autorizados para o uso adequado dessas informa\u00e7\u00f5es. Se o inscrito desejar que seu cadastro seja exclu\u00eddo, ele poder\u00e1 solicitar a exclus\u00e3o a qualquer momento, o que ser\u00e1 feito imediatamente. Feita tal exclus\u00e3o, seu cadastro ser\u00e1 desativado da base de dados do WordCamp S\u00e3o Paulo 2019.<\/p>\n\n\n\n<p>A organiza\u00e7\u00e3o do WordCamp S\u00e3o Paulo 2019 n\u00e3o vender\u00e1 ou alugar\u00e1 quaisquer dados pessoais dos usu\u00e1rios cadastrados a quaisquer terceiros.<\/p>\n","protected":false},"excerpt":{"rendered":"<p>Informa\u00e7\u00f5es e dados pessoais fornecidos \u00e0 organiza\u00e7\u00e3o do WordCamp S\u00e3o Paulo 2019 \u2013 cuja veracidade e exatid\u00e3o s\u00e3o de total responsabilidade do inscrito \u2013 ser\u00e3o coletados e guardados em conformidade com padr\u00f5es r\u00edgidos de confidencialidade e de seguran\u00e7a, e utilizados &hellip; <a href=\"https:\/\/saopaulo.wordcamp.org\/2019\/politica-de-privacidade\/\">Continue lendo <span class=\"assistive-text\">Pol\u00edtica de privacidade<\/span>  <span class=\"meta-nav\">&rarr;<\/span><\/a><\/p>\n","protected":false},"author":6038041,"featured_media":0,"parent":0,"menu_order":0,"comment_status":"closed","ping_status":"closed","template":"","meta":{"jetpack_post_was_ever_published":false,"footnotes":""},"class_list":["post-291","page","type-page","status-publish","hentry"],"jetpack_shortlink":"https:\/\/wp.me\/PaUnkt-4H","jetpack_sharing_enabled":true,"_links":{"self":[{"href":"https:\/\/saopaulo.wordcamp.org\/2019\/wp-json\/wp\/v2\/pages\/291","targetHints":{"allow":["GET"]}}],"collection":[{"href":"https:\/\/saopaulo.wordcamp.org\/2019\/wp-json\/wp\/v2\/pages"}],"about":[{"href":"https:\/\/saopaulo.wordcamp.org\/2019\/wp-json\/wp\/v2\/types\/page"}],"author":[{"embeddable":true,"href":"https:\/\/saopaulo.wordcamp.org\/2019\/wp-json\/wp\/v2\/users\/6038041"}],"replies":[{"embeddable":true,"href":"https:\/\/saopaulo.wordcamp.org\/2019\/wp-json\/wp\/v2\/comments?post=291"}],"version-history":[{"count":2,"href":"https:\/\/saopaulo.wordcamp.org\/2019\/wp-json\/wp\/v2\/pages\/291\/revisions"}],"predecessor-version":[{"id":417,"href":"https:\/\/saopaulo.wordcamp.org\/2019\/wp-json\/wp\/v2\/pages\/291\/revisions\/417"}],"wp:attachment":[{"href":"https:\/\/saopaulo.wordcamp.org\/2019\/wp-json\/wp\/v2\/media?parent=291"}],"curies":[{"name":"wp","href":"https:\/\/api.w.org\/{rel}","templated":true}]}}