{"id":293,"date":"2019-07-01T23:26:22","date_gmt":"2019-07-02T02:26:22","guid":{"rendered":"https:\/\/2019.saopaulo.wordcamp.org\/?page_id=293"},"modified":"2019-07-09T22:28:26","modified_gmt":"2019-07-10T01:28:26","slug":"perguntas-frequentes","status":"publish","type":"page","link":"https:\/\/saopaulo.wordcamp.org\/2019\/informacoes-uteis\/perguntas-frequentes\/","title":{"rendered":"Perguntas frequentes"},"content":{"rendered":"\n<h2 class=\"wp-block-heading\">Qual o local, data e hor\u00e1rio?<\/h2>\n\n\n\n<p>O WordCamp acontecer\u00e1 no dia <strong>5 de outubro<\/strong> de 2019, na <a href=\"https:\/\/2019.saopaulo.wordcamp.org\/informacoes-uteis\/localizacao\/\">Universidade Nove de Julho (UNINOVE) &#8211; Campus Vergueiro<\/a>. As atividades ter\u00e3o in\u00edcio \u00e0s 8h com t\u00e9rmino previsto para \u00e0s 18h.<\/p>\n\n\n\n<h2 class=\"wp-block-heading\">Como submeter uma palestra?<\/h2>\n\n\n\n<p>Se voc\u00ea tem interesse em realizar uma palestra ou oficina, encaminhe sua proposta para a organiza\u00e7\u00e3o <a href=\"https:\/\/2019.saopaulo.wordcamp.org\/apresente-uma-atividade-no-wordcamp\/\">aqui<\/a>.<\/p>\n\n\n\n<h2 class=\"wp-block-heading\">Como patrocinar?<\/h2>\n\n\n\n<p>Leia a p\u00e1gina <a href=\"https:\/\/2019.saopaulo.wordcamp.org\/patrocine\/\">seja um patrocinador<\/a> e entre em contato conosco atrav\u00e9s do formul\u00e1rio ao final dela.<\/p>\n\n\n\n<h2 class=\"wp-block-heading\">Qual o valor do ingresso?<\/h2>\n\n\n\n<p><strong>R$ 60<\/strong> (sessenta reais) por pessoa.<\/p>\n\n\n\n<h2 class=\"wp-block-heading\">Por que est\u00e1 sendo cobrada a taxa de inscri\u00e7\u00e3o?<\/h2>\n\n\n\n<p>A inscri\u00e7\u00e3o, que custa <strong>R$ 60<\/strong>,\u00a0\u00e9 um valor simb\u00f3lico, e ser\u00e1 utilizada para cobrir custos como alimenta\u00e7\u00e3o, brindes, impostos, etc. O evento n\u00e3o possui fins lucrativos e seu or\u00e7amento \u00e9 controlado pela <a href=\"https:\/\/wordpressfoundation.org\/\">WordPress Foundation<\/a>, dos Estados Unidos.<\/p>\n\n\n\n<h2 class=\"wp-block-heading\">Como eu recebo o ingresso do evento e a minha camiseta?<\/h2>\n\n\n\n<p>Primeiramente tenha certeza de efetuar a sua <a href=\"https:\/\/2019.saopaulo.wordcamp.org\/ingressos\/\" target=\"_blank\" rel=\"noreferrer noopener\" aria-label=\" (opens in a new tab)\">inscri\u00e7\u00e3o<\/a>. Uma vez confirmado o pagamento, voc\u00ea poder\u00e1 retirar suas credenciais e camiseta no dia e local do evento junto ao balc\u00e3o de credenciamento.<\/p>\n\n\n\n<p>Para isto,<strong> n\u00e3o esque\u00e7a tamb\u00e9m de levar um documento oficial com foto<\/strong>.<\/p>\n\n\n\n<h2 class=\"wp-block-heading\">O que est\u00e1 incluso na taxa de inscri\u00e7\u00e3o?<\/h2>\n\n\n\n<ul class=\"wp-block-list\"><li>Comparecimento irrestrito a todas as atividades, oficinas e palestras do evento, limitado pela lota\u00e7\u00e3o m\u00e1xima dos audit\u00f3rios e salas.<\/li><li>Alimenta\u00e7\u00e3o e brindes.<\/li><\/ul>\n\n\n\n<h2 class=\"wp-block-heading\">Fiz a inscri\u00e7\u00e3o e n\u00e3o recebi o e-mail de confirma\u00e7\u00e3o. O que eu devo fazer?<\/h2>\n\n\n\n<p>Aguarde um pouco e verifique sua caixa de SPAM. Se voc\u00ea n\u00e3o receber em no m\u00e1ximo 30 minutos, entre em contato pelo email saopaulo<em>[arroba]wordcamp.org<\/em><\/p>\n\n\n\n<h2 class=\"wp-block-heading\">Quem vai comparecer ao WordCamp?<\/h2>\n\n\n\n<p>WordCamps s\u00e3o frequentados por uma variedade incr\u00edvel de pessoas, desde blogueiros iniciantes at\u00e9 desenvolvedores, gestores de conte\u00fado e consultores profissionais de WordPress. A abrang\u00eancia do p\u00fablico interessado reflete a diversidade do universo de pessoas envolvidas com o WordPress.<\/p>\n\n\n\n<p>Mas se ainda assim voc\u00ea estiver curioso, voc\u00ea pode conferir a <a href=\"https:\/\/2019.saopaulo.wordcamp.org\/participantes\/\" target=\"_blank\" rel=\"noreferrer noopener\" aria-label=\" (opens in a new tab)\">lista de inscritos<\/a> aqui.<\/p>\n\n\n\n<h2 class=\"wp-block-heading\">\u00c9 permitido filmar, fotografar e fazer coberturas paralelas?<\/h2>\n\n\n\n<p>Sim! Leve sua m\u00e1quina fotogr\u00e1fica, filmadora e fique \u00e0 vontade. N\u00e3o esque\u00e7a de compartilhar o material depois usando a hastag do evento <strong>#WordCampSP<\/strong>!<\/p>\n\n\n\n<p>Se voc\u00ea quiser fazer algum trabalho mais elaborado no evento, n\u00e3o esque\u00e7a de trocar uma ideia com a gente pelo e-mail saopaulo<em>[arroba]wordcamp.org<\/em>.<\/p>\n\n\n\n<h2 class=\"wp-block-heading\">Como fa\u00e7o pra chegar na UNINOVE ?<\/h2>\n\n\n\n<p>Muito f\u00e1cil! Consulte nossas dicas na p\u00e1gina <a href=\"https:\/\/2019.saopaulo.wordcamp.org\/informacoes-uteis\/localizacao\/\">Localiza\u00e7\u00e3o<\/a>.<\/p>\n\n\n\n<h2 class=\"wp-block-heading\">O que eu devo levar ao WordCamp?<\/h2>\n\n\n\n<ul class=\"wp-block-list\"><li>Documento de identifica\u00e7\u00e3o com foto, para fins de credenciamento.<\/li><li>Caso queira, seu notebook\u00a0ou tablet carregado &#8212; pode ser dif\u00edcil encontrar uma tomada livre, por isso leve tamb\u00e9m um adaptador para compartilhar.<\/li><li>C\u00e2meras fotogr\u00e1ficas, filmadoras &#8211; \u00e9 permitido filmar, fotografar e gravar.<\/li><li>Cart\u00f5es de visita &#8211; as pessoas ainda gostam deles.<\/li><li>Imprima a programa\u00e7\u00e3o&#8230; e se programe.<\/li><\/ul>\n\n\n\n<h2 class=\"wp-block-heading\">Qual \u00e9 a hashtag oficial do evento?<\/h2>\n\n\n\n<p><strong>#WordCampSP<\/strong>! Use e abuse no Twitter, Instagram e Facebook.<\/p>\n\n\n\n<h2 class=\"wp-block-heading\">Quantos participantes s\u00e3o esperados?<\/h2>\n\n\n\n<p>O WordCamp S\u00e3o Paulo est\u00e1 sendo estruturado para um p\u00fablico de 700 pessoas.<\/p>\n\n\n\n<h2 class=\"wp-block-heading\">Como retiro o certificado de participa\u00e7\u00e3o?<\/h2>\n\n\n\n<p>Os certificados ser\u00e3o disponibilizados online. Fique de olho aqui neste site\u00a0e na <a rel=\"noreferrer noopener\" href=\"https:\/\/www.facebook.com\/WordCampSaoPaulo\" target=\"_blank\">p\u00e1gina do evento no Facebook<\/a>.<\/p>\n\n\n\n<h2 class=\"wp-block-heading\">Tenho uma d\u00favida que n\u00e3o est\u00e1 aqui. Como fa\u00e7o?<\/h2>\n\n\n\n<p>Envie um e-mail para saopaulo<em>[arroba]wordcamp.org<\/em>. Se a d\u00favida for relevante, adicionaremos aqui. \ud83d\ude42<\/p>\n","protected":false},"excerpt":{"rendered":"<p>Qual o local, data e hor\u00e1rio? O WordCamp acontecer\u00e1 no dia 5 de outubro de 2019, na Universidade Nove de Julho (UNINOVE) &#8211; Campus Vergueiro. As atividades ter\u00e3o in\u00edcio \u00e0s 8h com t\u00e9rmino previsto para \u00e0s 18h. Como submeter uma &hellip; <a href=\"https:\/\/saopaulo.wordcamp.org\/2019\/informacoes-uteis\/perguntas-frequentes\/\">Continue lendo <span class=\"assistive-text\">Perguntas frequentes<\/span>  <span class=\"meta-nav\">&rarr;<\/span><\/a><\/p>\n","protected":false},"author":6038041,"featured_media":0,"parent":271,"menu_order":0,"comment_status":"closed","ping_status":"closed","template":"","meta":{"jetpack_post_was_ever_published":false,"footnotes":""},"class_list":["post-293","page","type-page","status-publish","hentry"],"jetpack_shortlink":"https:\/\/wp.me\/PaUnkt-4J","jetpack_sharing_enabled":true,"_links":{"self":[{"href":"https:\/\/saopaulo.wordcamp.org\/2019\/wp-json\/wp\/v2\/pages\/293","targetHints":{"allow":["GET"]}}],"collection":[{"href":"https:\/\/saopaulo.wordcamp.org\/2019\/wp-json\/wp\/v2\/pages"}],"about":[{"href":"https:\/\/saopaulo.wordcamp.org\/2019\/wp-json\/wp\/v2\/types\/page"}],"author":[{"embeddable":true,"href":"https:\/\/saopaulo.wordcamp.org\/2019\/wp-json\/wp\/v2\/users\/6038041"}],"replies":[{"embeddable":true,"href":"https:\/\/saopaulo.wordcamp.org\/2019\/wp-json\/wp\/v2\/comments?post=293"}],"version-history":[{"count":2,"href":"https:\/\/saopaulo.wordcamp.org\/2019\/wp-json\/wp\/v2\/pages\/293\/revisions"}],"predecessor-version":[{"id":492,"href":"https:\/\/saopaulo.wordcamp.org\/2019\/wp-json\/wp\/v2\/pages\/293\/revisions\/492"}],"up":[{"embeddable":true,"href":"https:\/\/saopaulo.wordcamp.org\/2019\/wp-json\/wp\/v2\/pages\/271"}],"wp:attachment":[{"href":"https:\/\/saopaulo.wordcamp.org\/2019\/wp-json\/wp\/v2\/media?parent=293"}],"curies":[{"name":"wp","href":"https:\/\/api.w.org\/{rel}","templated":true}]}}