{"id":297,"date":"2019-07-01T23:36:44","date_gmt":"2019-07-02T02:36:44","guid":{"rendered":"https:\/\/2019.saopaulo.wordcamp.org\/?page_id=297"},"modified":"2019-07-22T22:23:17","modified_gmt":"2019-07-23T01:23:17","slug":"patrocine-o-wordcamp","status":"publish","type":"page","link":"https:\/\/saopaulo.wordcamp.org\/2019\/patrocine-o-wordcamp\/","title":{"rendered":"Patrocine o WordCamp S\u00e3o Paulo 2019"},"content":{"rendered":"\n<p class=\"wp-block-paragraph\">O WordCamp \u00e9 o \u00fanico evento oficial apoiado pela Funda\u00e7\u00e3o WordPress, \u00e9 organizado pela comunidade local e n\u00e3o possui fins lucrativos. Por isso, contamos com o apoio dos patrocinadores para fazer o evento acontecer e oferecer a melhor estrutura para os participantes.<\/p>\n\n\n\n<h2 class=\"wp-block-heading\">Quer conhecer melhor o evento? Veja o M\u00eddia Kit do WordCamp S\u00e3o Paulo 2019<\/h2>\n\n\n\n<p class=\"wp-block-paragraph\">Neste documento apresentamos a dimens\u00e3o do ecossistema WordPress, o que \u00e9 o WordCamp, o hist\u00f3rico de WordCamps na cidade de S\u00e3o Paulo, as cotas de patroc\u00ednio e outras informa\u00e7\u00f5es.<\/p>\n\n\n<iframe loading=\"lazy\" src=\"https:\/\/docs.google.com\/presentation\/d\/1WMH-mrO-wbzS9x1Cg84dxnTAvwgEr60HFOjlp8BH5hg\/embed?start=false&#038;loop=false&#038;delayms=3000\" frameborder=\"0\" width=\"640\" height=\"569\" marginheight=\"0\" marginwidth=\"0\" allowfullscreen=\"true\" mozallowfullscreen=\"true\" webkitallowfullscreen=\"true\"><\/iframe>\n\n\n\n<div style=\"height:30px\" aria-hidden=\"true\" class=\"wp-block-spacer\"><\/div>\n\n\n\n<h2 class=\"wp-block-heading\">Cotas de patroc\u00ednio<\/h2>\n\n\n\n<h3 class=\"wp-block-heading\">Paulista<\/h3>\n\n\n\n<p class=\"wp-block-paragraph\"><strong>USD$2.000 <\/strong>(R$ 8.000)<\/p>\n\n\n\n<ul class=\"wp-block-list\"><li>05 ingressos para o WordCamp\u00a0S\u00e3o Paulo<\/li><li>Espa\u00e7o para stand no evento, de at\u00e9 6m\u00b2<\/li><li>Distribui\u00e7\u00e3o de brindes no kit do evento<\/li><li>Sorteio de brindes no encerramento de evento<\/li><li>Logo e link no site oficial<\/li><li>Logo no programa do evento (impresso)<\/li><li>Logo nos banners do evento<\/li><li>Logo no tel\u00e3o do evento nos intervalos entre as palestras<\/li><li>Post com an\u00fancio oficial de seu patroc\u00ednio no blog, Twitter e Facebook do evento<\/li><li>Agradecimento no encerramento do evento<\/li><\/ul>\n\n\n\n<h3 class=\"wp-block-heading\">Ibirapuera<\/h3>\n\n\n\n<p class=\"wp-block-paragraph\"><strong>USD$ 1.500<\/strong> (R$ 6.000)<\/p>\n\n\n\n<ul class=\"wp-block-list\"><li>04 ingressos para o WordCamp&nbsp;S\u00e3o Paulo<\/li><li>Espa\u00e7o para stand no evento, de at\u00e9 4m\u00b2<\/li><li>Distribui\u00e7\u00e3o de brindes<\/li><li>Logo e link no site oficial<\/li><li>Logo no programa do evento (impresso)<\/li><li>Logo nos banners do evento<\/li><li>Logo no tel\u00e3o do evento nos intervalos entre as palestras<\/li><li>Post com an\u00fancio oficial de seu patroc\u00ednio no blog, Twitter e Facebook do evento<\/li><li>Agradecimento no encerramento do evento<\/li><\/ul>\n\n\n\n<h3 class=\"wp-block-heading\">Augusta<\/h3>\n\n\n\n<p class=\"wp-block-paragraph\"><strong>USD$ 750<\/strong> (R$ 3.000)<\/p>\n\n\n\n<ul class=\"wp-block-list\"><li>03 ingressos para o WordCamp&nbsp;S\u00e3o Paulo<\/li><li>Distribui\u00e7\u00e3o de brindes<\/li><li>Logo e link no site oficial<\/li><li>Logo nos banners do evento<\/li><li>Post com an\u00fancio oficial de seu patroc\u00ednio no blog, Twitter e Facebook do evento<\/li><li>Agradecimento no encerramento do evento<\/li><\/ul>\n\n\n\n<h3 class=\"wp-block-heading\">Ipiranga<\/h3>\n\n\n\n<p class=\"wp-block-paragraph\"><strong>USD$ 500<\/strong> (R$ 2.000)<\/p>\n\n\n\n<ul class=\"wp-block-list\"><li>02 ingressos para o WordCamp&nbsp;S\u00e3o Paulo<\/li><li>Logo e link no site oficial<\/li><li>Logo nos banners do evento<\/li><li>Post com an\u00fancio oficial de seu patroc\u00ednio no blog, Twitter e Facebook do evento<\/li><li>Agradecimento no encerramento do evento<\/li><\/ul>\n\n\n\n<h3 class=\"wp-block-heading\">S\u00e9<\/h3>\n\n\n\n<p class=\"wp-block-paragraph\"><strong>USD$ 250 <\/strong>(R$ 1.000)<\/p>\n\n\n\n<ul class=\"wp-block-list\"><li>01 ingresso para o WordCamp&nbsp;S\u00e3o Paulo<\/li><li>Logo e link no site oficial<\/li><li>Post com an\u00fancio oficial de seu patroc\u00ednio no blog<\/li><li>Agradecimento no encerramento do evento<\/li><\/ul>\n\n\n\n<h3 class=\"wp-block-heading\">Apoio\/Micropatroc\u00ednio<\/h3>\n\n\n\n<p class=\"wp-block-paragraph\"><strong>USD$ 50<\/strong> (R$ 200)<\/p>\n\n\n\n<ul class=\"wp-block-list\"><li>1 ingresso para o WordCamp S\u00e3o Paulo<\/li><li>Logo e link no site oficial<\/li><\/ul>\n\n\n\n<h2 class=\"wp-block-heading\">Obrigado aos nossos patrocinadores<\/h2>\n\n\n\n<p class=\"wp-block-paragraph\">Veja a lista completa de patrocinadores do WordCamp S\u00e3o Paulo 2019 <a href=\"https:\/\/2019.saopaulo.wordcamp.org\/patrocinadores\/\">aqui<\/a>.<\/p>\n","protected":false},"excerpt":{"rendered":"<p>O WordCamp \u00e9 o \u00fanico evento oficial apoiado pela Funda\u00e7\u00e3o WordPress, \u00e9 organizado pela comunidade local e n\u00e3o possui fins lucrativos. Por isso, contamos com o apoio dos patrocinadores para fazer o evento acontecer e oferecer a melhor estrutura para &hellip; <a href=\"https:\/\/saopaulo.wordcamp.org\/2019\/patrocine-o-wordcamp\/\">Continue lendo <span class=\"assistive-text\">Patrocine o WordCamp S\u00e3o Paulo 2019<\/span>  <span class=\"meta-nav\">&rarr;<\/span><\/a><\/p>\n","protected":false},"author":6038041,"featured_media":704,"parent":0,"menu_order":0,"comment_status":"closed","ping_status":"closed","template":"","meta":{"_crdt_document":"","jetpack_post_was_ever_published":false,"footnotes":""},"class_list":["post-297","page","type-page","status-publish","has-post-thumbnail","hentry"],"jetpack_shortlink":"https:\/\/wp.me\/PaUnkt-4N","jetpack_sharing_enabled":true,"_links":{"self":[{"href":"https:\/\/saopaulo.wordcamp.org\/2019\/wp-json\/wp\/v2\/pages\/297","targetHints":{"allow":["GET"]}}],"collection":[{"href":"https:\/\/saopaulo.wordcamp.org\/2019\/wp-json\/wp\/v2\/pages"}],"about":[{"href":"https:\/\/saopaulo.wordcamp.org\/2019\/wp-json\/wp\/v2\/types\/page"}],"author":[{"embeddable":true,"href":"https:\/\/saopaulo.wordcamp.org\/2019\/wp-json\/wp\/v2\/users\/6038041"}],"replies":[{"embeddable":true,"href":"https:\/\/saopaulo.wordcamp.org\/2019\/wp-json\/wp\/v2\/comments?post=297"}],"version-history":[{"count":11,"href":"https:\/\/saopaulo.wordcamp.org\/2019\/wp-json\/wp\/v2\/pages\/297\/revisions"}],"predecessor-version":[{"id":820,"href":"https:\/\/saopaulo.wordcamp.org\/2019\/wp-json\/wp\/v2\/pages\/297\/revisions\/820"}],"wp:featuredmedia":[{"embeddable":true,"href":"https:\/\/saopaulo.wordcamp.org\/2019\/wp-json\/wp\/v2\/media\/704"}],"wp:attachment":[{"href":"https:\/\/saopaulo.wordcamp.org\/2019\/wp-json\/wp\/v2\/media?parent=297"}],"curies":[{"name":"wp","href":"https:\/\/api.w.org\/{rel}","templated":true}]}}