{"id":402,"date":"2019-07-06T22:56:49","date_gmt":"2019-07-07T01:56:49","guid":{"rendered":"https:\/\/2019.saopaulo.wordcamp.org\/?page_id=402"},"modified":"2020-05-22T13:28:40","modified_gmt":"2020-05-22T16:28:40","slug":"home","status":"publish","type":"page","link":"https:\/\/saopaulo.wordcamp.org\/2019\/","title":{"rendered":"Home"},"content":{"rendered":"\n<div class=\"wp-block-columns has-2-columns home-banner full-width is-layout-flex wp-container-core-columns-is-layout-9d6595d7 wp-block-columns-is-layout-flex\">\n<div class=\"wp-block-column is-layout-flow wp-block-column-is-layout-flow\">\n<div class=\"wp-block-jetpack-slideshow aligncenter\" data-autoplay=\"true\" data-delay=\"3\" data-effect=\"fade\"><div class=\"wp-block-jetpack-slideshow_container swiper-container\"><ul class=\"wp-block-jetpack-slideshow_swiper-wrapper swiper-wrapper\"><li class=\"wp-block-jetpack-slideshow_slide swiper-slide\"><figure><img data-recalc-dims=\"1\" loading=\"lazy\" decoding=\"async\" width=\"830\" height=\"554\" alt=\"\" class=\"wp-block-jetpack-slideshow_image wp-image-577\" data-id=\"577\" src=\"https:\/\/i0.wp.com\/2019.saopaulo.wordcamp.org\/files\/2019\/07\/wcsp-publico.jpg?resize=830%2C554&#038;ssl=1\" srcset=\"https:\/\/i0.wp.com\/saopaulo.wordcamp.org\/2019\/files\/2019\/07\/wcsp-publico.jpg?w=1301&amp;ssl=1 1301w, https:\/\/i0.wp.com\/saopaulo.wordcamp.org\/2019\/files\/2019\/07\/wcsp-publico.jpg?resize=300%2C200&amp;ssl=1 300w, https:\/\/i0.wp.com\/saopaulo.wordcamp.org\/2019\/files\/2019\/07\/wcsp-publico.jpg?resize=768%2C512&amp;ssl=1 768w, https:\/\/i0.wp.com\/saopaulo.wordcamp.org\/2019\/files\/2019\/07\/wcsp-publico.jpg?resize=1024%2C683&amp;ssl=1 1024w, https:\/\/i0.wp.com\/saopaulo.wordcamp.org\/2019\/files\/2019\/07\/wcsp-publico.jpg?resize=450%2C300&amp;ssl=1 450w, https:\/\/i0.wp.com\/saopaulo.wordcamp.org\/2019\/files\/2019\/07\/wcsp-publico.jpg?resize=1000%2C667&amp;ssl=1 1000w\" sizes=\"(max-width: 830px) 100vw, 830px\" \/><\/figure><\/li><li class=\"wp-block-jetpack-slideshow_slide swiper-slide\"><figure><img data-recalc-dims=\"1\" loading=\"lazy\" decoding=\"async\" width=\"830\" height=\"493\" alt=\"\" class=\"wp-block-jetpack-slideshow_image wp-image-528\" data-id=\"528\" src=\"https:\/\/i0.wp.com\/2019.saopaulo.wordcamp.org\/files\/2019\/07\/wcsp-sandra.jpg?resize=830%2C493&#038;ssl=1\" srcset=\"https:\/\/i0.wp.com\/saopaulo.wordcamp.org\/2019\/files\/2019\/07\/wcsp-sandra.jpg?w=1600&amp;ssl=1 1600w, https:\/\/i0.wp.com\/saopaulo.wordcamp.org\/2019\/files\/2019\/07\/wcsp-sandra.jpg?resize=300%2C178&amp;ssl=1 300w, https:\/\/i0.wp.com\/saopaulo.wordcamp.org\/2019\/files\/2019\/07\/wcsp-sandra.jpg?resize=768%2C456&amp;ssl=1 768w, https:\/\/i0.wp.com\/saopaulo.wordcamp.org\/2019\/files\/2019\/07\/wcsp-sandra.jpg?resize=1024%2C609&amp;ssl=1 1024w, https:\/\/i0.wp.com\/saopaulo.wordcamp.org\/2019\/files\/2019\/07\/wcsp-sandra.jpg?resize=500%2C297&amp;ssl=1 500w, https:\/\/i0.wp.com\/saopaulo.wordcamp.org\/2019\/files\/2019\/07\/wcsp-sandra.jpg?resize=1000%2C594&amp;ssl=1 1000w\" sizes=\"(max-width: 830px) 100vw, 830px\" \/><\/figure><\/li><li class=\"wp-block-jetpack-slideshow_slide swiper-slide\"><figure><img data-recalc-dims=\"1\" loading=\"lazy\" decoding=\"async\" width=\"830\" height=\"553\" alt=\"\" class=\"wp-block-jetpack-slideshow_image wp-image-525\" data-id=\"525\" src=\"https:\/\/i0.wp.com\/2019.saopaulo.wordcamp.org\/files\/2019\/07\/wcsp-felipe.jpg?resize=830%2C553&#038;ssl=1\" srcset=\"https:\/\/i0.wp.com\/saopaulo.wordcamp.org\/2019\/files\/2019\/07\/wcsp-felipe.jpg?w=1600&amp;ssl=1 1600w, https:\/\/i0.wp.com\/saopaulo.wordcamp.org\/2019\/files\/2019\/07\/wcsp-felipe.jpg?resize=300%2C200&amp;ssl=1 300w, https:\/\/i0.wp.com\/saopaulo.wordcamp.org\/2019\/files\/2019\/07\/wcsp-felipe.jpg?resize=768%2C512&amp;ssl=1 768w, https:\/\/i0.wp.com\/saopaulo.wordcamp.org\/2019\/files\/2019\/07\/wcsp-felipe.jpg?resize=1024%2C682&amp;ssl=1 1024w, https:\/\/i0.wp.com\/saopaulo.wordcamp.org\/2019\/files\/2019\/07\/wcsp-felipe.jpg?resize=450%2C300&amp;ssl=1 450w, https:\/\/i0.wp.com\/saopaulo.wordcamp.org\/2019\/files\/2019\/07\/wcsp-felipe.jpg?resize=1000%2C666&amp;ssl=1 1000w\" sizes=\"(max-width: 830px) 100vw, 830px\" \/><\/figure><\/li><\/ul><a class=\"wp-block-jetpack-slideshow_button-prev swiper-button-prev swiper-button-white\" role=\"button\"><\/a><a class=\"wp-block-jetpack-slideshow_button-next swiper-button-next swiper-button-white\" role=\"button\"><\/a><a aria-label=\"Pause Slideshow\" class=\"wp-block-jetpack-slideshow_button-pause\" role=\"button\"><\/a><div class=\"wp-block-jetpack-slideshow_pagination swiper-pagination swiper-pagination-white\"><\/div><\/div><\/div>\n<\/div>\n\n\n\n<div class=\"wp-block-column is-layout-flow wp-block-column-is-layout-flow\">\n<p><strong>5 de outubro de 2019<\/strong> &#8211; UNINOVE Vergueiro, \u00e0s 8h da manh\u00e3<\/p>\n\n\n\n<h2 class=\"wp-block-heading\">A confer\u00eancia oficial de WordPress<\/h2>\n\n\n\n<div class=\"wp-block-columns has-2-columns is-layout-flex wp-container-core-columns-is-layout-9d6595d7 wp-block-columns-is-layout-flex\">\n<div class=\"wp-block-column is-layout-flow wp-block-column-is-layout-flow\">\n<div class=\"wp-block-button alignleft is-style-squared\"><a class=\"wp-block-button__link has-background\" href=\"https:\/\/2019.saopaulo.wordcamp.org\/inscreva-se\/\" style=\"background-color:#ff1926\">Inscreva-se<\/a><\/div>\n<\/div>\n\n\n\n<div class=\"wp-block-column is-layout-flow wp-block-column-is-layout-flow\">\n<div class=\"wp-block-button btn-calendar\"><a class=\"wp-block-button__link has-vivid-red-color has-text-color has-background no-border-radius\" href=\"http:\/\/www.google.com\/calendar\/event?action=TEMPLATE&amp;dates=20191005T110000Z%2F20191005T210000Z&amp;text=WordCamp%20S%C3%A3o%20Paulo%202019&amp;location=UNINOVE%20-%20Campus%20Vergueiro%20-%20Rua%20Vergueiro%20-%20Liberdade%2C%20S%C3%A3o%20Paulo%20-%20SP&amp;details=A%20confer%C3%AAncia%20oficial%20de%20WordPress%2C%20organizada%20pela%20comunidade%20de%20S%C3%A3o%20Paulo.%20Evento%20com%20palestras%2C%20workshops%20e%20networking%2C%20tudo%20relacionado%20%C3%A0%20ferramenta%20mais%20usada%20do%20mundo%20para%20cria%C3%A7%C3%A3o%20de%20sites. Mais informa\u00e7\u00f5es no site: http:\/\/saopaulo.wordcamp.org\/\" style=\"background-color:#ffffff\">Adicionar \u00e0 agenda Google<\/a><\/div>\n\n\n\n<p><\/p>\n<\/div>\n<\/div>\n<\/div>\n<\/div>\n\n\n\n<div class=\"wp-block-columns has-2-columns home-section section-about-wordcamp is-layout-flex wp-container-core-columns-is-layout-9d6595d7 wp-block-columns-is-layout-flex\">\n<div class=\"wp-block-column is-layout-flow wp-block-column-is-layout-flow\">\n<h2 class=\"wp-block-heading\">Palestras, workshops e networking. Tudo sobre WordPress.<\/h2>\n\n\n\n<p>Os WordCamps s\u00e3o confer\u00eancias organizadas pelas comunidades WordPress em v\u00e1rias cidades do mundo. O WordCamp S\u00e3o Paulo acontece todo ano, desde 2012. <\/p>\n\n\n\n<p>O WordCamp <strong>n\u00e3o possui fins lucrativos<\/strong>. Todo o trabalho \u00e9 volunt\u00e1rio, E toda a renda (de ingressos e patroc\u00ednio) \u00e9 revertida para o pr\u00f3prio evento.<\/p>\n<\/div>\n\n\n\n<div class=\"wp-block-column is-layout-flow wp-block-column-is-layout-flow\">\n<figure class=\"wp-block-image\"><img data-recalc-dims=\"1\" loading=\"lazy\" decoding=\"async\" width=\"525\" height=\"659\" src=\"https:\/\/i0.wp.com\/2019.saopaulo.wordcamp.org\/files\/2019\/07\/wcsp-felipe.png?resize=525%2C659&#038;ssl=1\" alt=\"\" class=\"wp-image-427\" srcset=\"https:\/\/i0.wp.com\/saopaulo.wordcamp.org\/2019\/files\/2019\/07\/wcsp-felipe.png?w=525&amp;ssl=1 525w, https:\/\/i0.wp.com\/saopaulo.wordcamp.org\/2019\/files\/2019\/07\/wcsp-felipe.png?resize=239%2C300&amp;ssl=1 239w\" sizes=\"auto, (max-width: 525px) 100vw, 525px\" \/><\/figure>\n<\/div>\n<\/div>\n\n\n\n<div style=\"height:24px\" aria-hidden=\"true\" class=\"wp-block-spacer\"><\/div>\n\n\n\n<figure class=\"wp-block-embed-youtube wp-block-embed is-type-video is-provider-youtube wp-embed-aspect-16-9 wp-has-aspect-ratio wp-embed-aspect-4-3\"><div class=\"wp-block-embed__wrapper\">\n<span class=\"embed-youtube\" style=\"text-align:center; display: block;\"><iframe loading=\"lazy\" class=\"youtube-player\" width=\"640\" height=\"360\" src=\"https:\/\/www.youtube.com\/embed\/V4BLCUW8qk8?version=3&#038;rel=1&#038;showsearch=0&#038;showinfo=1&#038;iv_load_policy=1&#038;fs=1&#038;hl=pt-BR&#038;autohide=2&#038;wmode=transparent\" allowfullscreen=\"true\" style=\"border:0;\" sandbox=\"allow-scripts allow-same-origin allow-popups allow-presentation allow-popups-to-escape-sandbox\"><\/iframe><\/span>\n<\/div><\/figure>\n\n\n\n<div style=\"height:30px\" aria-hidden=\"true\" class=\"wp-block-spacer\"><\/div>\n\n\n\n<div class=\"wp-block-columns has-2-columns home-section section-text-image section-palestre is-layout-flex wp-container-core-columns-is-layout-9d6595d7 wp-block-columns-is-layout-flex\">\n<div class=\"wp-block-column is-layout-flow wp-block-column-is-layout-flow\">\n<figure class=\"wp-block-image\"><img data-recalc-dims=\"1\" loading=\"lazy\" decoding=\"async\" width=\"830\" height=\"554\" src=\"https:\/\/i0.wp.com\/2019.saopaulo.wordcamp.org\/files\/2019\/07\/wcsp-erika-1024x683.jpg?resize=830%2C554&#038;ssl=1\" alt=\"\" class=\"wp-image-524\" srcset=\"https:\/\/i0.wp.com\/saopaulo.wordcamp.org\/2019\/files\/2019\/07\/wcsp-erika.jpg?resize=1024%2C683&amp;ssl=1 1024w, https:\/\/i0.wp.com\/saopaulo.wordcamp.org\/2019\/files\/2019\/07\/wcsp-erika.jpg?resize=300%2C200&amp;ssl=1 300w, https:\/\/i0.wp.com\/saopaulo.wordcamp.org\/2019\/files\/2019\/07\/wcsp-erika.jpg?resize=768%2C512&amp;ssl=1 768w, https:\/\/i0.wp.com\/saopaulo.wordcamp.org\/2019\/files\/2019\/07\/wcsp-erika.jpg?resize=450%2C300&amp;ssl=1 450w, https:\/\/i0.wp.com\/saopaulo.wordcamp.org\/2019\/files\/2019\/07\/wcsp-erika.jpg?resize=1000%2C667&amp;ssl=1 1000w, https:\/\/i0.wp.com\/saopaulo.wordcamp.org\/2019\/files\/2019\/07\/wcsp-erika.jpg?w=1601&amp;ssl=1 1601w\" sizes=\"auto, (max-width: 830px) 100vw, 830px\" \/><\/figure>\n\n\n\n<p><\/p>\n<\/div>\n\n\n\n<div class=\"wp-block-column is-layout-flow wp-block-column-is-layout-flow\">\n<h2 class=\"wp-block-heading\">Confira a programa\u00e7\u00e3o<\/h2>\n\n\n\n<p>O melhor conte\u00fado sobre WordPress, dos fundamentos \u00e1s novidades.<\/p>\n\n\n\n<div class=\"wp-block-button\"><a class=\"wp-block-button__link has-background no-border-radius\" href=\"https:\/\/2019.saopaulo.wordcamp.org\/programacao\/\" style=\"background-color:#ff1926\">Programa\u00e7\u00e3o \u2192<\/a><\/div>\n\n\n\n<p><\/p>\n<\/div>\n<\/div>\n\n\n\n<div style=\"height:30px\" aria-hidden=\"true\" class=\"wp-block-spacer\"><\/div>\n\n\n\n<div class=\"wp-block-columns has-3-columns home-section section-target-audience is-layout-flex wp-container-core-columns-is-layout-9d6595d7 wp-block-columns-is-layout-flex\">\n<div class=\"wp-block-column is-layout-flow wp-block-column-is-layout-flow\">\n<h2 class=\"wp-block-heading\">Um evento da comunidade para a comunidade<\/h2>\n<\/div>\n\n\n\n<div class=\"wp-block-column is-layout-flow wp-block-column-is-layout-flow\">\n<p>Programadores s\u00e3o muito bem vindos; e as outras pessoas tamb\u00e9m!<\/p>\n\n\n\n<p>Quem \u00e9 o p\u00fablico do WordCamp? Todo mundo que se interessa por WordPress, do b\u00e1sico ao avan\u00e7ado. <\/p>\n<\/div>\n\n\n\n<div class=\"wp-block-column is-layout-flow wp-block-column-is-layout-flow\">\n<ul class=\"wp-block-list\"><li>Desenvolvedores<\/li><li>Designers<\/li><li>Profissionais do marketing <\/li><li>Empreendedores<\/li><li>Blogueiros <\/li><li>Escritores <\/li><li>Escritores e jornalistas <\/li><li>Estudantes e entusiastas<\/li><\/ul>\n<\/div>\n<\/div>\n\n\n\n<h2 class=\"wp-block-heading\">O que acontece no WordCamp S\u00e3o Paulo?<\/h2>\n\n\n\n<div class=\"wp-block-columns has-4-columns home-section section-features is-layout-flex wp-container-core-columns-is-layout-9d6595d7 wp-block-columns-is-layout-flex\">\n<div class=\"wp-block-column is-layout-flow wp-block-column-is-layout-flow\">\n<div class=\"wp-block-image\"><figure class=\"aligncenter\"><img data-recalc-dims=\"1\" loading=\"lazy\" decoding=\"async\" width=\"51\" height=\"60\" src=\"https:\/\/i0.wp.com\/2019.saopaulo.wordcamp.org\/files\/2019\/07\/dashicon-speaker.png?resize=51%2C60&#038;ssl=1\" alt=\"\" class=\"wp-image-732\" \/><\/figure><\/div>\n\n\n\n<h3 class=\"wp-block-heading\">Palestras<\/h3>\n\n\n\n<p>Se\u00e7\u00f5es de 30 minutos, apresentadas por pessoas da comunidade WP e \u00e1reas afins. Do b\u00e1sico   ao avan\u00e7ado, sobre desenvolvimento, design, neg\u00f3cios, conte\u00fado e comunidades.<\/p>\n<\/div>\n\n\n\n<div class=\"wp-block-column is-layout-flow wp-block-column-is-layout-flow\">\n<div class=\"wp-block-image\"><figure class=\"aligncenter\"><img data-recalc-dims=\"1\" loading=\"lazy\" decoding=\"async\" width=\"59\" height=\"59\" src=\"https:\/\/i0.wp.com\/2019.saopaulo.wordcamp.org\/files\/2019\/07\/dashicon-hammer.png?resize=59%2C59&#038;ssl=1\" alt=\"\" class=\"wp-image-730\" \/><\/figure><\/div>\n\n\n\n<h3 class=\"wp-block-heading\">Workshops <\/h3>\n\n\n\n<p>Se\u00e7\u00f5es de 90 \u00e0 120 minutos, com o intuito de ensinar algo na pr\u00e1tica. Participe das oficinas para aprender com especialistas.<\/p>\n<\/div>\n\n\n\n<div class=\"wp-block-column is-layout-flow wp-block-column-is-layout-flow\">\n<div class=\"wp-block-image\"><figure class=\"aligncenter\"><img data-recalc-dims=\"1\" loading=\"lazy\" decoding=\"async\" width=\"59\" height=\"59\" src=\"https:\/\/i0.wp.com\/2019.saopaulo.wordcamp.org\/files\/2019\/07\/dashicon-comment.png?resize=59%2C59&#038;ssl=1\" alt=\"\" class=\"wp-image-727\" \/><\/figure><\/div>\n\n\n\n<h3 class=\"wp-block-heading\">Painel de especialistas <\/h3>\n\n\n\n<p>Local onde os participantes do WordCamp podem tirar suas d\u00favidas com especialistas volunt\u00e1rios e com os palestrantes. <\/p>\n<\/div>\n\n\n\n<div class=\"wp-block-column is-layout-flow wp-block-column-is-layout-flow\">\n<div class=\"wp-block-image\"><figure class=\"aligncenter\"><img data-recalc-dims=\"1\" loading=\"lazy\" decoding=\"async\" width=\"59\" height=\"59\" src=\"https:\/\/i0.wp.com\/2019.saopaulo.wordcamp.org\/files\/2019\/07\/dashicon-community.png?resize=59%2C59&#038;ssl=1\" alt=\"\" class=\"wp-image-728\" \/><\/figure><\/div>\n\n\n\n<h3 class=\"wp-block-heading\">Painel de Networking <\/h3>\n\n\n\n<p>Local onde os participantes do WordCamp podem tirar suas d\u00favidas com especialistas volunt\u00e1rios e com os palestrantes. <\/p>\n<\/div>\n<\/div>\n\n\n\n<div class=\"wp-block-columns has-4-columns home-section section-features is-layout-flex wp-container-core-columns-is-layout-9d6595d7 wp-block-columns-is-layout-flex\">\n<div class=\"wp-block-column is-layout-flow wp-block-column-is-layout-flow\">\n<div class=\"wp-block-image\"><figure class=\"aligncenter\"><img data-recalc-dims=\"1\" loading=\"lazy\" decoding=\"async\" width=\"55\" height=\"55\" src=\"https:\/\/i0.wp.com\/2019.saopaulo.wordcamp.org\/files\/2019\/07\/dashicon-camera.png?resize=55%2C55&#038;ssl=1\" alt=\"\" class=\"wp-image-726\" \/><\/figure><\/div>\n\n\n\n<h3 class=\"wp-block-heading\">Painel de fotos<\/h3>\n\n\n\n<p>Tire fotos no nosso painel, e compartilhe com a hashtag oficial #wordcampSP. <\/p>\n<\/div>\n\n\n\n<div class=\"wp-block-column is-layout-flow wp-block-column-is-layout-flow\">\n<div class=\"wp-block-image\"><figure class=\"aligncenter\"><img data-recalc-dims=\"1\" loading=\"lazy\" decoding=\"async\" width=\"59\" height=\"59\" src=\"https:\/\/i0.wp.com\/2019.saopaulo.wordcamp.org\/files\/2019\/07\/dashicon-food.png?resize=59%2C59&#038;ssl=1\" alt=\"\" class=\"wp-image-729\" \/><\/figure><\/div>\n\n\n\n<h3 class=\"wp-block-heading\">Alimenta\u00e7\u00e3o<\/h3>\n\n\n\n<p>N\u00e3o se preocupe com alimenta\u00e7\u00e3o. Seu almo\u00e7o j\u00e1 est\u00e1 incluso no ingresso, bem como o caf\u00e9.  <\/p>\n<\/div>\n\n\n\n<div class=\"wp-block-column is-layout-flow wp-block-column-is-layout-flow\">\n<div class=\"wp-block-image\"><figure class=\"aligncenter\"><img data-recalc-dims=\"1\" loading=\"lazy\" decoding=\"async\" width=\"59\" height=\"59\" src=\"https:\/\/i0.wp.com\/2019.saopaulo.wordcamp.org\/files\/2019\/07\/dashicon-star.png?resize=59%2C59&#038;ssl=1\" alt=\"\" class=\"wp-image-733\" \/><\/figure><\/div>\n\n\n\n<h3 class=\"wp-block-heading\">WordCreche e WordKids<\/h3>\n\n\n\n<p>Teremos uma equipe especializada para cuidar dos pequenos a partir de 4 anos, e uma oficina pr\u00e1tica para crian\u00e7as a partir de 8 anos.<\/p>\n<\/div>\n\n\n\n<div class=\"wp-block-column is-layout-flow wp-block-column-is-layout-flow\">\n<div class=\"wp-block-image\"><figure class=\"aligncenter\"><img data-recalc-dims=\"1\" loading=\"lazy\" decoding=\"async\" width=\"59\" height=\"59\" src=\"https:\/\/i0.wp.com\/2019.saopaulo.wordcamp.org\/files\/2019\/07\/dashicon-party.png?resize=59%2C59&#038;ssl=1\" alt=\"\" class=\"wp-image-731\" \/><\/figure><\/div>\n\n\n\n<h3 class=\"wp-block-heading\">WordCana: After Party<\/h3>\n\n\n\n<p>Para comemorar, voc\u00ea ganha acesso ao WordCana, o happy hour do WordCamp. Todos s\u00e3o bem-vindos! <\/p>\n<\/div>\n<\/div>\n\n\n\n<div class=\"wp-block-columns has-2-columns home-section section-call-to-action full-width is-layout-flex wp-container-core-columns-is-layout-9d6595d7 wp-block-columns-is-layout-flex\">\n<div class=\"wp-block-column is-layout-flow wp-block-column-is-layout-flow\">\n<h2 class=\"wp-block-heading\">N\u00e3o perca tempo, reserve seu lugar.<\/h2>\n\n\n\n<p class=\"has-medium-font-size\"><strong>R$ 60<\/strong>  \u2013 Inclui palestras, workshops, almo\u00e7o, brindes e acesso ao happy hour.<\/p>\n<\/div>\n\n\n\n<div class=\"wp-block-column is-layout-flow wp-block-column-is-layout-flow\">\n<div class=\"wp-block-button alignleft is-style-squared\"><a class=\"wp-block-button__link has-background\" href=\"https:\/\/2019.saopaulo.wordcamp.org\/inscreva-se\/\" style=\"background-color:#ff1926\">Inscreva-se<\/a><\/div>\n\n\n\n<p><\/p>\n<\/div>\n<\/div>\n\n\n\n<h2 class=\"section-blog-title wp-block-heading\">\u00daltimas novidades<\/h2>\n\n\n<ul class=\"has-dates has-authors has-excerpts wp-block-rss\"><li class='wp-block-rss__item'><div class='wp-block-rss__item-title'><a href='https:\/\/saopaulo.wordcamp.org\/2019\/informacoes\/confira-como-foi-o-wordcamp-sp-2019-em-fotos\/'>Confira como foi o WordCamp SP 2019 em fotos!<\/a><\/div><time datetime=\"2019-10-30T13:55:44-03:00\" class=\"wp-block-rss__item-publish-date\">30\/10\/2019<\/time> <span class=\"wp-block-rss__item-author\">por Allyson<\/span><div class=\"wp-block-rss__item-excerpt\">Confira as fotos de como foi o WordCamp S\u00e3o Paulo 2019! Continue lendo Confira como foi o WordCamp SP 2019 em fotos! \u2192<\/div><\/li><li class='wp-block-rss__item'><div class='wp-block-rss__item-title'><a href='https:\/\/saopaulo.wordcamp.org\/2019\/informacoes\/slides-das-palestras-e-workshops\/'>Slides das palestras e workshops<\/a><\/div><time datetime=\"2019-10-16T20:48:54-03:00\" class=\"wp-block-rss__item-publish-date\">16\/10\/2019<\/time> <span class=\"wp-block-rss__item-author\">por Tania Gamarra<\/span><div class=\"wp-block-rss__item-excerpt\">O WordCamp S\u00e3o Paulo 2019 promoveu 10 horas de atividades entre palestras e workshops. Tivemos cinco trilhas: Desenvolvimento, Design, Neg\u00f3cios, Conte\u00fado e Comunidade, e o maior n\u00famero de inscritos de uma edi\u00e7\u00e3o em S\u00e3o Paulo: 700 inscritos! Confira o material \u2026 Continue lendo Slides das palestras e workshops \u2192<\/div><\/li><li class='wp-block-rss__item'><div class='wp-block-rss__item-title'><a href='https:\/\/saopaulo.wordcamp.org\/2019\/informacoes\/certificado-wordcamp-sao-paulo-2019\/'>Certificado WordCamp S\u00e3o Paulo 2019<\/a><\/div><time datetime=\"2019-10-13T12:07:20-03:00\" class=\"wp-block-rss__item-publish-date\">13\/10\/2019<\/time> <span class=\"wp-block-rss__item-author\">por Tania Gamarra<\/span><div class=\"wp-block-rss__item-excerpt\">No \u00faltimo dia 5 de Outubro, na Faculdade Uninove \u2013 Vergueiro, o WordCamp S\u00e3o Paulo 2019 reuniu 10 horas de conte\u00fado entre palestras e workshops, com a participa\u00e7\u00e3o recorde de 700 inscritos. Parab\u00e9ns a todos voc\u00eas participantes, que fizeram dessa \u2026 Continue lendo Certificado WordCamp S\u00e3o Paulo 2019 \u2192<\/div><\/li><li class='wp-block-rss__item'><div class='wp-block-rss__item-title'><a href='https:\/\/saopaulo.wordcamp.org\/2019\/informacoes\/atencao-mudanca-de-horario\/'>Aten\u00e7\u00e3o: Mudan\u00e7a de hor\u00e1rio!<\/a><\/div><time datetime=\"2019-10-04T18:50:47-03:00\" class=\"wp-block-rss__item-publish-date\">04\/10\/2019<\/time> <span class=\"wp-block-rss__item-author\">por Tania Gamarra<\/span><div class=\"wp-block-rss__item-excerpt\">Em primeiro lugar pedimos desculpas pelo ocorrido. Por motivos de for\u00e7a maior, tivemos que inverter o hor\u00e1rio de 2 palestras do anfiteatro. Tome nota e ajuste a sua agenda para logo mais! A palestra \u201cPainel com desenvolvedores do WooCommerce: RODRIGO \u2026 Continue lendo Aten\u00e7\u00e3o: Mudan\u00e7a de hor\u00e1rio! \u2192<\/div><\/li><li class='wp-block-rss__item'><div class='wp-block-rss__item-title'><a href='https:\/\/saopaulo.wordcamp.org\/2019\/informacoes\/requisitos-e-recomendacoes-para-a-participacao-dos-workshops-wordcampsp\/'>Requisitos e Recomenda\u00e7\u00f5es para a Participa\u00e7\u00e3o dos Workshops \u2013 WordCampSP<\/a><\/div><time datetime=\"2019-10-03T16:39:43-03:00\" class=\"wp-block-rss__item-publish-date\">03\/10\/2019<\/time> <span class=\"wp-block-rss__item-author\">por Sandra Peres<\/span><div class=\"wp-block-rss__item-excerpt\">Se voc\u00ea quer participar dos workshops no pr\u00f3ximo s\u00e1bado \u00e9 bom ficar de olho no hor\u00e1rio e nos requisitos de participa\u00e7\u00e3o. Para facilitar listamos tudo aqui para voc\u00ea: Todos os workshops t\u00eam o crit\u00e9rio de ordem de chegada para a \u2026 Continue lendo Requisitos e Recomenda\u00e7\u00f5es para a Participa\u00e7\u00e3o dos Workshops \u2013 WordCampSP \u2192<\/div><\/li><\/ul>","protected":false},"excerpt":{"rendered":"<p>5 de outubro de 2019 &#8211; UNINOVE Vergueiro, \u00e0s 8h da manh\u00e3 A confer\u00eancia oficial de WordPress Palestras, workshops e networking. Tudo sobre WordPress. Os WordCamps s\u00e3o confer\u00eancias organizadas pelas comunidades WordPress em v\u00e1rias cidades do mundo. O WordCamp S\u00e3o &hellip; <a href=\"https:\/\/saopaulo.wordcamp.org\/2019\/\">Continue lendo <span class=\"assistive-text\">Home<\/span>  <span class=\"meta-nav\">&rarr;<\/span><\/a><\/p>\n","protected":false},"author":3411954,"featured_media":0,"parent":0,"menu_order":0,"comment_status":"closed","ping_status":"closed","template":"","meta":{"jetpack_post_was_ever_published":false,"footnotes":""},"class_list":["post-402","page","type-page","status-publish","hentry"],"jetpack_shortlink":"https:\/\/wp.me\/PaUnkt-6u","jetpack_sharing_enabled":true,"_links":{"self":[{"href":"https:\/\/saopaulo.wordcamp.org\/2019\/wp-json\/wp\/v2\/pages\/402","targetHints":{"allow":["GET"]}}],"collection":[{"href":"https:\/\/saopaulo.wordcamp.org\/2019\/wp-json\/wp\/v2\/pages"}],"about":[{"href":"https:\/\/saopaulo.wordcamp.org\/2019\/wp-json\/wp\/v2\/types\/page"}],"author":[{"embeddable":true,"href":"https:\/\/saopaulo.wordcamp.org\/2019\/wp-json\/wp\/v2\/users\/3411954"}],"replies":[{"embeddable":true,"href":"https:\/\/saopaulo.wordcamp.org\/2019\/wp-json\/wp\/v2\/comments?post=402"}],"version-history":[{"count":58,"href":"https:\/\/saopaulo.wordcamp.org\/2019\/wp-json\/wp\/v2\/pages\/402\/revisions"}],"predecessor-version":[{"id":3489,"href":"https:\/\/saopaulo.wordcamp.org\/2019\/wp-json\/wp\/v2\/pages\/402\/revisions\/3489"}],"wp:attachment":[{"href":"https:\/\/saopaulo.wordcamp.org\/2019\/wp-json\/wp\/v2\/media?parent=402"}],"curies":[{"name":"wp","href":"https:\/\/api.w.org\/{rel}","templated":true}]}}