{"id":13,"date":"2020-01-31T18:24:14","date_gmt":"2020-01-31T18:24:14","guid":{"rendered":"https:\/\/2020.saopaulo.wordcamp.org\/?page_id=13"},"modified":"2020-09-11T20:14:10","modified_gmt":"2020-09-11T23:14:10","slug":"inscreva-se","status":"publish","type":"page","link":"https:\/\/saopaulo.wordcamp.org\/2020\/inscreva-se\/","title":{"rendered":"Inscreva-se"},"content":{"rendered":"<a href=\"https:\/\/saopaulo.wordcamp.org\/2020\/inscreva-se\/\">Please view this page in a browser to purchase or manage tickets.<\/a>\n\n\n\n<p><\/p>\n","protected":false},"excerpt":{"rendered":"","protected":false},"author":7895104,"featured_media":0,"parent":0,"menu_order":0,"comment_status":"closed","ping_status":"closed","template":"","meta":{"jetpack_post_was_ever_published":false,"footnotes":""},"class_list":["post-13","page","type-page","status-publish","hentry"],"jetpack_sharing_enabled":true,"jetpack_likes_enabled":true,"jetpack-related-posts":[{"id":2,"url":"https:\/\/saopaulo.wordcamp.org\/2020\/","url_meta":{"origin":13,"position":0},"title":"Home","author":"Allyson","date":"31 de janeiro de 2020","format":false,"excerpt":"A confer\u00eancia oficial do WordPress 12 de setembro de 2020 - EDI\u00c7\u00c3O ONLINE e GRATUITA \ud83c\udfa5 Assita \u00e0 Trilha A \ud83c\udfa5 Assista \u00e0 Trilha B Palestras e muita troca de conhecimento. Tudo sobre WordPress. Os WordCamps s\u00e3o confer\u00eancias organizadas pelas comunidades WordPress em v\u00e1rias cidades do mundo. O WordCamp S\u00e3o\u2026","rel":"","context":"Post similar","block_context":{"text":"Post similar","link":""},"img":{"alt_text":"","src":"https:\/\/i0.wp.com\/saopaulo.wordcamp.org\/2020\/files\/2020\/07\/wordcamp-sao-paulo-2020-slideshow-1-scaled.jpg?resize=350%2C200&ssl=1","width":350,"height":200,"srcset":"https:\/\/i0.wp.com\/saopaulo.wordcamp.org\/2020\/files\/2020\/07\/wordcamp-sao-paulo-2020-slideshow-1-scaled.jpg?resize=350%2C200&ssl=1 1x, https:\/\/i0.wp.com\/saopaulo.wordcamp.org\/2020\/files\/2020\/07\/wordcamp-sao-paulo-2020-slideshow-1-scaled.jpg?resize=525%2C300&ssl=1 1.5x, https:\/\/i0.wp.com\/saopaulo.wordcamp.org\/2020\/files\/2020\/07\/wordcamp-sao-paulo-2020-slideshow-1-scaled.jpg?resize=700%2C400&ssl=1 2x, https:\/\/i0.wp.com\/saopaulo.wordcamp.org\/2020\/files\/2020\/07\/wordcamp-sao-paulo-2020-slideshow-1-scaled.jpg?resize=1050%2C600&ssl=1 3x, https:\/\/i0.wp.com\/saopaulo.wordcamp.org\/2020\/files\/2020\/07\/wordcamp-sao-paulo-2020-slideshow-1-scaled.jpg?resize=1400%2C800&ssl=1 4x"},"classes":[]},{"id":7,"url":"https:\/\/saopaulo.wordcamp.org\/2020\/programacao\/","url_meta":{"origin":13,"position":1},"title":"Programa\u00e7\u00e3o","author":"Allyson","date":"31 de janeiro de 2020","format":false,"excerpt":"Reunimos o melhor conte\u00fado sobre WordPress para voc\u00ea Reserve j\u00e1 o seu ingresso gr\u00e1tis para acompanhar as palestras online. Inscreva-se Clique na estrela\u2b50 para salvar suas palestras favoritas e envi\u00e1-las por email.","rel":"","context":"Post similar","block_context":{"text":"Post similar","link":""},"img":{"alt_text":"","src":"https:\/\/i0.wp.com\/saopaulo.wordcamp.org\/2020\/files\/2020\/06\/cropped-cropped-simbolo-vermelho-wordcamp-sao-paulo-2020.png?fit=512%2C512&resize=350%2C200#038;ssl=1","width":350,"height":200},"classes":[]}],"_links":{"self":[{"href":"https:\/\/saopaulo.wordcamp.org\/2020\/wp-json\/wp\/v2\/pages\/13","targetHints":{"allow":["GET"]}}],"collection":[{"href":"https:\/\/saopaulo.wordcamp.org\/2020\/wp-json\/wp\/v2\/pages"}],"about":[{"href":"https:\/\/saopaulo.wordcamp.org\/2020\/wp-json\/wp\/v2\/types\/page"}],"author":[{"embeddable":true,"href":"https:\/\/saopaulo.wordcamp.org\/2020\/wp-json\/wp\/v2\/users\/7895104"}],"replies":[{"embeddable":true,"href":"https:\/\/saopaulo.wordcamp.org\/2020\/wp-json\/wp\/v2\/comments?post=13"}],"version-history":[{"count":8,"href":"https:\/\/saopaulo.wordcamp.org\/2020\/wp-json\/wp\/v2\/pages\/13\/revisions"}],"predecessor-version":[{"id":1549,"href":"https:\/\/saopaulo.wordcamp.org\/2020\/wp-json\/wp\/v2\/pages\/13\/revisions\/1549"}],"wp:attachment":[{"href":"https:\/\/saopaulo.wordcamp.org\/2020\/wp-json\/wp\/v2\/media?parent=13"}],"curies":[{"name":"wp","href":"https:\/\/api.w.org\/{rel}","templated":true}]}}