{"id":19,"date":"2020-01-31T18:24:14","date_gmt":"2020-01-31T18:24:14","guid":{"rendered":"https:\/\/2020.saopaulo.wordcamp.org\/code-of-conduct\/"},"modified":"2020-07-23T19:13:26","modified_gmt":"2020-07-23T19:13:26","slug":"codigo-de-conduta","status":"publish","type":"page","link":"https:\/\/saopaulo.wordcamp.org\/2020\/codigo-de-conduta\/","title":{"rendered":"C\u00f3digo de conduta"},"content":{"rendered":"\n<h3 class=\"wp-block-heading\">1. Prop\u00f3sito<\/h3>\n\n\n\n<p>O<strong> WordCamp S\u00e3o Paulo<\/strong> acredita que a nossa comunidade deve ser aberta para todos. Dessa forma, estamos comprometidos a oferecer um ambiente amig\u00e1vel, seguro e acolhedor para todos, n\u00e3o importando as caracter\u00edsticas \u00e9tnico-raciais, o sexo, a orienta\u00e7\u00e3o sexual, as defici\u00eancias f\u00edsicas, a religi\u00e3o, o sistema operacional preferido, a linguagem de programa\u00e7\u00e3o ou o editor de texto. <\/p>\n\n\n\n<p>Este c\u00f3digo de conduta descreve as nossas expectativas para o comportamento do participante, bem como as consequ\u00eancias para o comportamento inaceit\u00e1vel. Convidamos a todos os patrocinadores, volunt\u00e1rios, palestrantes, inscritos e outros participantes para nos ajudar a manter uma experi\u00eancia de confer\u00eancia segura e positiva para todos.<\/p>\n\n\n\n<h3 class=\"wp-block-heading\">2. Sendo um bom cidad\u00e3o WordPress<\/h3>\n\n\n\n<p>A meta suplementar deste c\u00f3digo de conduta \u00e9 aumentar a cidadania de c\u00f3digo aberto, incentivando os participantes a reconhecer e fortalecer as rela\u00e7\u00f5es entre o que fazemos e da comunidade em geral. <\/p>\n\n\n\n<p>No prop\u00f3sito desse objetivo, os organizadores do <strong>WordCamp S\u00e3o Paulo<\/strong> aceitar\u00e3o nomea\u00e7\u00f5es para cidad\u00e3os exemplares durante todo o evento e destacar\u00e3o esses participantes, ap\u00f3s a confer\u00eancia, no site do <strong>WordCamp S\u00e3o Paulo<\/strong>. <\/p>\n\n\n\n<p>Se voc\u00ea souber de algu\u00e9m que est\u00e1 fazendo um esfor\u00e7o extra para garantir que a nossa comunidade seja acolhedora e simp\u00e1tica, incentivando os participantes a contribuir ao m\u00e1ximo, n\u00f3s queremos saber. <\/p>\n\n\n\n<p>Voc\u00ea pode nomear algu\u00e9m entrando em\u00a0<a rel=\"noreferrer noopener\" href=\"https:\/\/2020.saopaulo.wordcamp.org\/contato\/\" target=\"_blank\">contato<\/a> com a organiza\u00e7\u00e3o do <strong>WordCamp S\u00e3o Paulo<\/strong>.<\/p>\n\n\n\n<h3 class=\"wp-block-heading\">3. Comportamento esperado<\/h3>\n\n\n\n<p>Seja atencioso, respeitoso e colaborativo. Abstenha-se de humilhar, discriminar ou assediar, seja pelo comportamento ou por discurso e\/ou fala ofensivos. Esteja consciente de seu entorno e de seus colegas participantes.<\/p>\n\n\n\n<p> Se voc\u00ea notar uma situa\u00e7\u00e3o perigosa ou algu\u00e9m em perigo, alerte os organizadores da confer\u00eancia. Participe de forma aut\u00eantica e ativa. Ao fazer isso, voc\u00ea ajuda a manter o<strong> WordCamp S\u00e3o Paulo<\/strong>.<\/p>\n\n\n\n<h3 class=\"wp-block-heading\">4. Comportamento inaceit\u00e1vel<\/h3>\n\n\n\n<p>Comportamentos inaceit\u00e1veis incluem: intimidar, ofender, abusar, discriminar, depreciar ou humilhar quaisquer participantes do <strong>WordCamp S\u00e3o Paulo<\/strong> e eventos relacionados. <\/p>\n\n\n\n<p>Por ass\u00e9dio, entende-se: coment\u00e1rios ofensivos verbais relacionados a sexo, orienta\u00e7\u00e3o sexual, ra\u00e7a, religi\u00e3o, defici\u00eancias f\u00edsicas; uso inadequado de nudez e\/ou imagens sexuais em espa\u00e7os p\u00fablicos (incluindo apresenta\u00e7\u00e3o de slides); intimida\u00e7\u00e3o; persegui\u00e7\u00e3o deliberada; ass\u00e9dio fotogr\u00e1fico ou audiovisual; cont\u00ednua interrup\u00e7\u00e3o de palestras ou oficinas; contato f\u00edsico inapropriado; e aten\u00e7\u00e3o sexual indesejada.<\/p>\n\n\n\n<h3 class=\"wp-block-heading\">5. Consequ\u00eancias de um comportamento inaceit\u00e1vel<\/h3>\n\n\n\n<p>Comportamento inaceit\u00e1vel n\u00e3o ser\u00e1 tolerado, quer seja por inscritos, organizadores, patrocinadores ou outros participantes do <strong>WordCamp S\u00e3o Paulo<\/strong>. Quem for pedido para parar com algum comportamento inaceit\u00e1vel dever\u00e1 cumprir imediatamente. <\/p>\n\n\n\n<p>Se algum participante mostrar comportamento inaceit\u00e1vel, os organizadores do <strong>WordCamp S\u00e3o Paulo<\/strong> podem tomar qualquer a\u00e7\u00e3o que considerem ser adequadas, inclusive a expuls\u00e3o da confer\u00eancia, sem aviso ou reembolso.<\/p>\n\n\n\n<h3 class=\"wp-block-heading\">6. O que fazer se voc\u00ea testemunhar ou estiver sujeito a um comportamento inaceit\u00e1vel<\/h3>\n\n\n\n<p>Se voc\u00ea estiver sujeito a um comportamento inaceit\u00e1vel ou perceber que algu\u00e9m est\u00e1 sujeito a um comportamento inaceit\u00e1vel, por favor, notifique, o mais r\u00e1pido poss\u00edvel, um organizador da confer\u00eancia. <\/p>\n\n\n\n<p>A equipe do <strong>WordCamp S\u00e3o Paulo<\/strong> estar\u00e1 dispon\u00edvel para ajudar os participantes a contatar a seguran\u00e7a local &#8211; ou mesmo a pol\u00edcia &#8211; para escoltar ou ajudar de outra forma aqueles que estiverem sofrendo um comportamento inaceit\u00e1vel para que, desta forma, sintam-se seguros durante a confer\u00eancia. <\/p>\n\n\n\n<p>Volunt\u00e1rios estar\u00e3o presentes durante todo o evento. Lembre-se: qualquer volunt\u00e1rio poder\u00e1 coloc\u00e1-lo em contato com um organizador da confer\u00eancia.<\/p>\n\n\n\n<h3 class=\"wp-block-heading\">7. Escopo<\/h3>\n\n\n\n<p>Esperamos que, todos os participantes da confer\u00eancia &#8211; patrocinadores, volunt\u00e1rios, palestrantes, participantes e outros convidados -, respeitem este c\u00f3digo de conduta em todas as salas do <strong>WordCamp S\u00e3o Paulo<\/strong> e eventos sociais relacionados.<\/p>\n\n\n\n<h3 class=\"wp-block-heading\">8. Informa\u00e7\u00f5es para contato<\/h3>\n\n\n\n<p>Fale conosco via nossa p\u00e1gina de\u00a0<a href=\"https:\/\/2020.saopaulo.wordcamp.org\/contato\/\" target=\"_blank\" rel=\"noreferrer noopener\">contato<\/a>.<\/p>\n\n\n\n<h3 class=\"wp-block-heading\">9. Licen\u00e7a e atribui\u00e7\u00e3o<\/h3>\n\n\n\n<p>Este C\u00f3digo de Conduta \u00e9 inspirado no trabalho incr\u00edvel da Open Source Bridge. Para atender a realidade do <strong>WordCamp S\u00e3o Paulo<\/strong>, o documento foi adaptado \u00e0s necessidades do nosso evento. <\/p>\n\n\n\n<p>Distribu\u00eddo e sob licen\u00e7a Creative Commons Attribution Share-Alike, o c\u00f3digo original est\u00e1 dispon\u00edvel em <a rel=\"noreferrer noopener\" href=\"https:\/\/opensource.guide\/code-of-conduct\/\" target=\"_blank\">opensource.guide\/code-of-conduct<\/a>.<\/p>\n","protected":false},"excerpt":{"rendered":"<p>1. Prop\u00f3sito O WordCamp S\u00e3o Paulo acredita que a nossa comunidade deve ser aberta para todos. Dessa forma, estamos comprometidos a oferecer um ambiente amig\u00e1vel, seguro e acolhedor para todos, n\u00e3o importando as caracter\u00edsticas \u00e9tnico-raciais, o sexo, a orienta\u00e7\u00e3o sexual, &hellip; <a href=\"https:\/\/saopaulo.wordcamp.org\/2020\/codigo-de-conduta\/\">Continue lendo <span class=\"assistive-text\">C\u00f3digo de conduta<\/span>  <span class=\"meta-nav\">&rarr;<\/span><\/a><\/p>\n","protected":false},"author":7895104,"featured_media":0,"parent":0,"menu_order":0,"comment_status":"closed","ping_status":"closed","template":"","meta":{"jetpack_post_was_ever_published":false,"footnotes":""},"class_list":["post-19","page","type-page","status-publish","hentry"],"jetpack_sharing_enabled":true,"jetpack_likes_enabled":true,"jetpack-related-posts":[{"id":676,"url":"https:\/\/saopaulo.wordcamp.org\/2020\/palestre-no-wordcamp-sao-paulo-2020\/","url_meta":{"origin":19,"position":0},"title":"Palestre no WordCamp S\u00e3o Paulo 2020","author":"Anyssa Ferreira","date":"28 de julho de 2020","format":false,"excerpt":"Nesta edi\u00e7\u00e3o do WordCamp S\u00e3o Paulo, receberemos propostas de palestras. Abaixo, voc\u00ea confere algumas informa\u00e7\u00f5es e instru\u00e7\u00f5es para se candidatar. Prazos Envio das palestras: at\u00e9 24 de agostoDivulga\u00e7\u00e3o da programa\u00e7\u00e3o final: a partir de 27 de agosto Formato Palestra As palestras s\u00e3o apresenta\u00e7\u00f5es - geralmente pontuais - que abordam um\u2026","rel":"","context":"Post similar","block_context":{"text":"Post similar","link":""},"img":{"alt_text":"","src":"https:\/\/i0.wp.com\/saopaulo.wordcamp.org\/2020\/files\/2020\/06\/cropped-cropped-simbolo-vermelho-wordcamp-sao-paulo-2020.png?fit=512%2C512&resize=350%2C200#038;ssl=1","width":350,"height":200},"classes":[]},{"id":2,"url":"https:\/\/saopaulo.wordcamp.org\/2020\/","url_meta":{"origin":19,"position":1},"title":"Home","author":"Allyson","date":"31 de janeiro de 2020","format":false,"excerpt":"A confer\u00eancia oficial do WordPress 12 de setembro de 2020 - EDI\u00c7\u00c3O ONLINE e GRATUITA \ud83c\udfa5 Assita \u00e0 Trilha A \ud83c\udfa5 Assista \u00e0 Trilha B Palestras e muita troca de conhecimento. Tudo sobre WordPress. Os WordCamps s\u00e3o confer\u00eancias organizadas pelas comunidades WordPress em v\u00e1rias cidades do mundo. O WordCamp S\u00e3o\u2026","rel":"","context":"Post similar","block_context":{"text":"Post similar","link":""},"img":{"alt_text":"","src":"https:\/\/i0.wp.com\/saopaulo.wordcamp.org\/2020\/files\/2020\/07\/wordcamp-sao-paulo-2020-slideshow-1-scaled.jpg?resize=350%2C200&ssl=1","width":350,"height":200,"srcset":"https:\/\/i0.wp.com\/saopaulo.wordcamp.org\/2020\/files\/2020\/07\/wordcamp-sao-paulo-2020-slideshow-1-scaled.jpg?resize=350%2C200&ssl=1 1x, https:\/\/i0.wp.com\/saopaulo.wordcamp.org\/2020\/files\/2020\/07\/wordcamp-sao-paulo-2020-slideshow-1-scaled.jpg?resize=525%2C300&ssl=1 1.5x, https:\/\/i0.wp.com\/saopaulo.wordcamp.org\/2020\/files\/2020\/07\/wordcamp-sao-paulo-2020-slideshow-1-scaled.jpg?resize=700%2C400&ssl=1 2x, https:\/\/i0.wp.com\/saopaulo.wordcamp.org\/2020\/files\/2020\/07\/wordcamp-sao-paulo-2020-slideshow-1-scaled.jpg?resize=1050%2C600&ssl=1 3x, https:\/\/i0.wp.com\/saopaulo.wordcamp.org\/2020\/files\/2020\/07\/wordcamp-sao-paulo-2020-slideshow-1-scaled.jpg?resize=1400%2C800&ssl=1 4x"},"classes":[]},{"id":14,"url":"https:\/\/saopaulo.wordcamp.org\/2020\/participantes\/","url_meta":{"origin":19,"position":2},"title":"Participantes","author":"Allyson","date":"31 de janeiro de 2020","format":false,"excerpt":"","rel":"","context":"Post similar","block_context":{"text":"Post similar","link":""},"img":{"alt_text":"","src":"https:\/\/i0.wp.com\/saopaulo.wordcamp.org\/2020\/files\/2020\/06\/cropped-cropped-simbolo-vermelho-wordcamp-sao-paulo-2020.png?fit=512%2C512&resize=350%2C200#038;ssl=1","width":350,"height":200},"classes":[]},{"id":806,"url":"https:\/\/saopaulo.wordcamp.org\/2020\/sobre\/","url_meta":{"origin":19,"position":3},"title":"Sobre","author":"Allyson","date":"28 de julho de 2020","format":false,"excerpt":"O WordCamp \u00e9 uma confer\u00eancia originada nos Estados Unidos, sobre tudo relacionado ao WordPress, plataforma open source de gerenciamento de conte\u00fado. S\u00e3o eventos organizados por comunidades de usu\u00e1rios do WordPress ao redor do mundo, onde desenvolvedores, designers, produtores de conte\u00fado e demais usu\u00e1rios podem se unir para assistir palestras, trocar\u2026","rel":"","context":"Post similar","block_context":{"text":"Post similar","link":""},"img":{"alt_text":"Matt Mullenweg no WordCamp Brasil","src":"https:\/\/i0.wp.com\/2012.saopaulo.wordcamp.org\/files\/2012\/06\/matt4-199x300.jpg?resize=350%2C200","width":350,"height":200},"classes":[]},{"id":1315,"url":"https:\/\/saopaulo.wordcamp.org\/2020\/patrocine-o-wordcamp\/","url_meta":{"origin":19,"position":4},"title":"Patrocine o WordCamp","author":"Iran Muniz","date":"27 de agosto de 2020","format":false,"excerpt":"Patrocine o WordCamp S\u00e3o Paulo 2020 O WordCamp \u00e9 o \u00fanico evento oficial apoiado pela Funda\u00e7\u00e3o WordPress, \u00e9 organizado pela comunidade local e n\u00e3o possui fins lucrativos. Por isso, contamos com o apoio dos patrocinadores para fazer o evento acontecer e oferecer a melhor estrutura para os participantes. Quer conhecer\u2026","rel":"","context":"Post similar","block_context":{"text":"Post similar","link":""},"img":{"alt_text":"","src":"https:\/\/i0.wp.com\/saopaulo.wordcamp.org\/2020\/files\/2020\/06\/cropped-cropped-simbolo-vermelho-wordcamp-sao-paulo-2020.png?fit=512%2C512&resize=350%2C200#038;ssl=1","width":350,"height":200},"classes":[]}],"_links":{"self":[{"href":"https:\/\/saopaulo.wordcamp.org\/2020\/wp-json\/wp\/v2\/pages\/19","targetHints":{"allow":["GET"]}}],"collection":[{"href":"https:\/\/saopaulo.wordcamp.org\/2020\/wp-json\/wp\/v2\/pages"}],"about":[{"href":"https:\/\/saopaulo.wordcamp.org\/2020\/wp-json\/wp\/v2\/types\/page"}],"author":[{"embeddable":true,"href":"https:\/\/saopaulo.wordcamp.org\/2020\/wp-json\/wp\/v2\/users\/7895104"}],"replies":[{"embeddable":true,"href":"https:\/\/saopaulo.wordcamp.org\/2020\/wp-json\/wp\/v2\/comments?post=19"}],"version-history":[{"count":37,"href":"https:\/\/saopaulo.wordcamp.org\/2020\/wp-json\/wp\/v2\/pages\/19\/revisions"}],"predecessor-version":[{"id":757,"href":"https:\/\/saopaulo.wordcamp.org\/2020\/wp-json\/wp\/v2\/pages\/19\/revisions\/757"}],"wp:attachment":[{"href":"https:\/\/saopaulo.wordcamp.org\/2020\/wp-json\/wp\/v2\/media?parent=19"}],"curies":[{"name":"wp","href":"https:\/\/api.w.org\/{rel}","templated":true}]}}