{"id":2,"date":"2020-01-31T18:23:13","date_gmt":"2020-01-31T18:23:13","guid":{"rendered":"http:\/\/2020.saopaulo.wordcamp.org\/?page_id=2"},"modified":"2020-09-12T12:11:54","modified_gmt":"2020-09-12T15:11:54","slug":"sample-page","status":"publish","type":"page","link":"https:\/\/saopaulo.wordcamp.org\/2020\/","title":{"rendered":"Home"},"content":{"rendered":"\n<div class=\"wp-block-group\"><div class=\"wp-block-group__inner-container is-layout-flow wp-block-group-is-layout-flow\">\n<div class=\"wp-block-group\"><div class=\"wp-block-group__inner-container is-layout-flow wp-block-group-is-layout-flow\">\n<div class=\"wp-block-group home-banner\"><div class=\"wp-block-group__inner-container is-layout-flow wp-block-group-is-layout-flow\">\n<div class=\"wp-block-jetpack-slideshow aligncenter\" data-autoplay=\"true\" data-delay=\"3\" data-effect=\"fade\"><div class=\"wp-block-jetpack-slideshow_container swiper-container\"><ul class=\"wp-block-jetpack-slideshow_swiper-wrapper swiper-wrapper\"><li class=\"wp-block-jetpack-slideshow_slide swiper-slide\"><figure><img data-recalc-dims=\"1\" loading=\"lazy\" decoding=\"async\" width=\"830\" height=\"553\" alt=\"\" class=\"wp-block-jetpack-slideshow_image wp-image-933\" data-id=\"933\" src=\"https:\/\/i0.wp.com\/2020.saopaulo.wordcamp.org\/files\/2020\/07\/wordcamp-sao-paulo-2020-slideshow-1-scaled.jpg?resize=830%2C553&#038;ssl=1\" srcset=\"https:\/\/i0.wp.com\/saopaulo.wordcamp.org\/2020\/files\/2020\/07\/wordcamp-sao-paulo-2020-slideshow-1-scaled.jpg?w=2560&amp;ssl=1 2560w, https:\/\/i0.wp.com\/saopaulo.wordcamp.org\/2020\/files\/2020\/07\/wordcamp-sao-paulo-2020-slideshow-1-scaled.jpg?resize=300%2C200&amp;ssl=1 300w, https:\/\/i0.wp.com\/saopaulo.wordcamp.org\/2020\/files\/2020\/07\/wordcamp-sao-paulo-2020-slideshow-1-scaled.jpg?resize=1024%2C683&amp;ssl=1 1024w, https:\/\/i0.wp.com\/saopaulo.wordcamp.org\/2020\/files\/2020\/07\/wordcamp-sao-paulo-2020-slideshow-1-scaled.jpg?resize=768%2C512&amp;ssl=1 768w, https:\/\/i0.wp.com\/saopaulo.wordcamp.org\/2020\/files\/2020\/07\/wordcamp-sao-paulo-2020-slideshow-1-scaled.jpg?resize=450%2C300&amp;ssl=1 450w, https:\/\/i0.wp.com\/saopaulo.wordcamp.org\/2020\/files\/2020\/07\/wordcamp-sao-paulo-2020-slideshow-1-scaled.jpg?resize=1536%2C1024&amp;ssl=1 1536w, https:\/\/i0.wp.com\/saopaulo.wordcamp.org\/2020\/files\/2020\/07\/wordcamp-sao-paulo-2020-slideshow-1-scaled.jpg?resize=2048%2C1365&amp;ssl=1 2048w, https:\/\/i0.wp.com\/saopaulo.wordcamp.org\/2020\/files\/2020\/07\/wordcamp-sao-paulo-2020-slideshow-1-scaled.jpg?resize=1000%2C667&amp;ssl=1 1000w, https:\/\/i0.wp.com\/saopaulo.wordcamp.org\/2020\/files\/2020\/07\/wordcamp-sao-paulo-2020-slideshow-1-scaled.jpg?w=1660&amp;ssl=1 1660w, https:\/\/i0.wp.com\/saopaulo.wordcamp.org\/2020\/files\/2020\/07\/wordcamp-sao-paulo-2020-slideshow-1-scaled.jpg?w=2490&amp;ssl=1 2490w\" sizes=\"(max-width: 830px) 100vw, 830px\" \/><\/figure><\/li><li class=\"wp-block-jetpack-slideshow_slide swiper-slide\"><figure><img data-recalc-dims=\"1\" loading=\"lazy\" decoding=\"async\" width=\"830\" height=\"553\" alt=\"\" class=\"wp-block-jetpack-slideshow_image wp-image-934\" data-id=\"934\" src=\"https:\/\/i0.wp.com\/2020.saopaulo.wordcamp.org\/files\/2020\/07\/wordcamp-sao-paulo-2020-slideshow-2-scaled.jpg?resize=830%2C553&#038;ssl=1\" srcset=\"https:\/\/i0.wp.com\/saopaulo.wordcamp.org\/2020\/files\/2020\/07\/wordcamp-sao-paulo-2020-slideshow-2-scaled.jpg?w=2560&amp;ssl=1 2560w, https:\/\/i0.wp.com\/saopaulo.wordcamp.org\/2020\/files\/2020\/07\/wordcamp-sao-paulo-2020-slideshow-2-scaled.jpg?resize=300%2C200&amp;ssl=1 300w, https:\/\/i0.wp.com\/saopaulo.wordcamp.org\/2020\/files\/2020\/07\/wordcamp-sao-paulo-2020-slideshow-2-scaled.jpg?resize=1024%2C683&amp;ssl=1 1024w, https:\/\/i0.wp.com\/saopaulo.wordcamp.org\/2020\/files\/2020\/07\/wordcamp-sao-paulo-2020-slideshow-2-scaled.jpg?resize=768%2C512&amp;ssl=1 768w, https:\/\/i0.wp.com\/saopaulo.wordcamp.org\/2020\/files\/2020\/07\/wordcamp-sao-paulo-2020-slideshow-2-scaled.jpg?resize=450%2C300&amp;ssl=1 450w, https:\/\/i0.wp.com\/saopaulo.wordcamp.org\/2020\/files\/2020\/07\/wordcamp-sao-paulo-2020-slideshow-2-scaled.jpg?resize=1536%2C1024&amp;ssl=1 1536w, https:\/\/i0.wp.com\/saopaulo.wordcamp.org\/2020\/files\/2020\/07\/wordcamp-sao-paulo-2020-slideshow-2-scaled.jpg?resize=2048%2C1365&amp;ssl=1 2048w, https:\/\/i0.wp.com\/saopaulo.wordcamp.org\/2020\/files\/2020\/07\/wordcamp-sao-paulo-2020-slideshow-2-scaled.jpg?resize=1000%2C667&amp;ssl=1 1000w, https:\/\/i0.wp.com\/saopaulo.wordcamp.org\/2020\/files\/2020\/07\/wordcamp-sao-paulo-2020-slideshow-2-scaled.jpg?w=1660&amp;ssl=1 1660w, https:\/\/i0.wp.com\/saopaulo.wordcamp.org\/2020\/files\/2020\/07\/wordcamp-sao-paulo-2020-slideshow-2-scaled.jpg?w=2490&amp;ssl=1 2490w\" sizes=\"(max-width: 830px) 100vw, 830px\" \/><\/figure><\/li><li class=\"wp-block-jetpack-slideshow_slide swiper-slide\"><figure><img data-recalc-dims=\"1\" loading=\"lazy\" decoding=\"async\" width=\"830\" height=\"553\" alt=\"\" class=\"wp-block-jetpack-slideshow_image wp-image-936\" data-id=\"936\" src=\"https:\/\/i0.wp.com\/2020.saopaulo.wordcamp.org\/files\/2020\/07\/wordcamp-sao-paulo-2020-slideshow-3-scaled.jpg?resize=830%2C553&#038;ssl=1\" srcset=\"https:\/\/i0.wp.com\/saopaulo.wordcamp.org\/2020\/files\/2020\/07\/wordcamp-sao-paulo-2020-slideshow-3-scaled.jpg?w=2560&amp;ssl=1 2560w, https:\/\/i0.wp.com\/saopaulo.wordcamp.org\/2020\/files\/2020\/07\/wordcamp-sao-paulo-2020-slideshow-3-scaled.jpg?resize=300%2C200&amp;ssl=1 300w, https:\/\/i0.wp.com\/saopaulo.wordcamp.org\/2020\/files\/2020\/07\/wordcamp-sao-paulo-2020-slideshow-3-scaled.jpg?resize=1024%2C683&amp;ssl=1 1024w, https:\/\/i0.wp.com\/saopaulo.wordcamp.org\/2020\/files\/2020\/07\/wordcamp-sao-paulo-2020-slideshow-3-scaled.jpg?resize=768%2C512&amp;ssl=1 768w, https:\/\/i0.wp.com\/saopaulo.wordcamp.org\/2020\/files\/2020\/07\/wordcamp-sao-paulo-2020-slideshow-3-scaled.jpg?resize=450%2C300&amp;ssl=1 450w, https:\/\/i0.wp.com\/saopaulo.wordcamp.org\/2020\/files\/2020\/07\/wordcamp-sao-paulo-2020-slideshow-3-scaled.jpg?resize=1536%2C1024&amp;ssl=1 1536w, https:\/\/i0.wp.com\/saopaulo.wordcamp.org\/2020\/files\/2020\/07\/wordcamp-sao-paulo-2020-slideshow-3-scaled.jpg?resize=2048%2C1365&amp;ssl=1 2048w, https:\/\/i0.wp.com\/saopaulo.wordcamp.org\/2020\/files\/2020\/07\/wordcamp-sao-paulo-2020-slideshow-3-scaled.jpg?resize=1000%2C667&amp;ssl=1 1000w, https:\/\/i0.wp.com\/saopaulo.wordcamp.org\/2020\/files\/2020\/07\/wordcamp-sao-paulo-2020-slideshow-3-scaled.jpg?w=1660&amp;ssl=1 1660w, https:\/\/i0.wp.com\/saopaulo.wordcamp.org\/2020\/files\/2020\/07\/wordcamp-sao-paulo-2020-slideshow-3-scaled.jpg?w=2490&amp;ssl=1 2490w\" sizes=\"(max-width: 830px) 100vw, 830px\" \/><\/figure><\/li><\/ul><a class=\"wp-block-jetpack-slideshow_button-prev swiper-button-prev swiper-button-white\" role=\"button\"><\/a><a class=\"wp-block-jetpack-slideshow_button-next swiper-button-next swiper-button-white\" role=\"button\"><\/a><a aria-label=\"Pause Slideshow\" class=\"wp-block-jetpack-slideshow_button-pause\" role=\"button\"><\/a><div class=\"wp-block-jetpack-slideshow_pagination swiper-pagination swiper-pagination-white\"><\/div><\/div><\/div>\n\n\n\n<div class=\"wp-block-group home-banner-content\"><div class=\"wp-block-group__inner-container is-layout-flow wp-block-group-is-layout-flow\">\n<h2 class=\"wp-block-heading\">A confer\u00eancia oficial do WordPress<\/h2>\n\n\n\n<p class=\"wp-block-paragraph\"><strong>12 de setembro de 2020<\/strong> &#8211; EDI\u00c7\u00c3O ONLINE e GRATUITA<\/p>\n\n\n\n<div class=\"wp-block-buttons is-layout-flex wp-block-buttons-is-layout-flex\">\n<div class=\"wp-block-button\"><a class=\"wp-block-button__link has-background\" href=\"https:\/\/saopaulo.wordcamp.org\/2020\/trilha-a\/\" style=\"border-radius:4px;background-color:#ff1926\" target=\"_blank\" rel=\"noreferrer noopener\">\ud83c\udfa5 Assita \u00e0 Trilha A<\/a><\/div>\n\n\n\n<div class=\"wp-block-button\"><a class=\"wp-block-button__link has-white-color has-text-color has-background\" href=\"https:\/\/saopaulo.wordcamp.org\/2020\/trilha-b\/\" style=\"border-radius:4px;background-color:#ff1926\" target=\"_blank\" rel=\"noreferrer noopener\">\ud83c\udfa5 Assista \u00e0 Trilha B<\/a><\/div>\n<\/div>\n<\/div><\/div>\n<\/div><\/div>\n<\/div><\/div>\n<\/div><\/div>\n\n\n\n<div class=\"wp-block-columns has-2-columns home-section section-about-wordcamp is-layout-flex wp-container-core-columns-is-layout-8f761849 wp-block-columns-is-layout-flex\">\n<div class=\"wp-block-column is-layout-flow wp-block-column-is-layout-flow\">\n<h2 class=\"wp-block-heading\">Palestras e muita troca de conhecimento. Tudo sobre WordPress.<\/h2>\n\n\n\n<p class=\"wp-block-paragraph\">Os <strong>WordCamps <\/strong>s\u00e3o confer\u00eancias organizadas pelas comunidades <strong>WordPress<\/strong> em v\u00e1rias cidades do mundo. O <strong>WordCamp S\u00e3o Paulo <\/strong>acontece anualmente desde 2012. <\/p>\n\n\n\n<p class=\"wp-block-paragraph\">O <strong>WordCamp<\/strong> <strong>n\u00e3o tem fins lucrativos<\/strong>. Todo o trabalho \u00e9 volunt\u00e1rio. Toda a renda obtida com venda de ingressos e patroc\u00ednio \u00e9 revertida para o pr\u00f3prio evento.<\/p>\n<\/div>\n\n\n\n<div class=\"wp-block-column is-layout-flow wp-block-column-is-layout-flow\">\n<figure class=\"wp-block-image size-large\"><img data-recalc-dims=\"1\" loading=\"lazy\" decoding=\"async\" width=\"533\" height=\"525\" src=\"https:\/\/i0.wp.com\/2020.saopaulo.wordcamp.org\/files\/2020\/07\/wcsp-triangle-speaker-square-maria-rita.png?resize=533%2C525&#038;ssl=1\" alt=\"\" class=\"wp-image-960\" srcset=\"https:\/\/i0.wp.com\/saopaulo.wordcamp.org\/2020\/files\/2020\/07\/wcsp-triangle-speaker-square-maria-rita.png?w=533&amp;ssl=1 533w, https:\/\/i0.wp.com\/saopaulo.wordcamp.org\/2020\/files\/2020\/07\/wcsp-triangle-speaker-square-maria-rita.png?resize=300%2C295&amp;ssl=1 300w, https:\/\/i0.wp.com\/saopaulo.wordcamp.org\/2020\/files\/2020\/07\/wcsp-triangle-speaker-square-maria-rita.png?resize=305%2C300&amp;ssl=1 305w\" sizes=\"auto, (max-width: 533px) 100vw, 533px\" \/><\/figure>\n\n\n\n<p class=\"has-text-align-right has-small-font-size wp-block-paragraph\">Maria Rita Casagrande, palestrante da edi\u00e7\u00e3o 2019<\/p>\n<\/div>\n<\/div>\n\n\n\n<div class=\"wp-block-columns has-2-columns home-section section-text-image section-palestre is-layout-flex wp-container-core-columns-is-layout-8f761849 wp-block-columns-is-layout-flex\">\n<div class=\"wp-block-column is-layout-flow wp-block-column-is-layout-flow\">\n<p class=\"wp-block-paragraph\"><\/p>\n<\/div>\n\n\n\n<div class=\"wp-block-column is-layout-flow wp-block-column-is-layout-flow\"><\/div>\n<\/div>\n\n\n\n<div class=\"wp-block-group\"><div class=\"wp-block-group__inner-container is-layout-flow wp-block-group-is-layout-flow\">\n\n\n<p class=\"wp-block-paragraph\"><\/p>\n<\/div><\/div>\n\n\n\n<div style=\"height:30px\" aria-hidden=\"true\" class=\"wp-block-spacer\"><\/div>\n\n\n\n<div class=\"wp-block-columns has-3-columns home-section section-target-audience is-layout-flex wp-container-core-columns-is-layout-8f761849 wp-block-columns-is-layout-flex\">\n<div class=\"wp-block-column is-layout-flow wp-block-column-is-layout-flow\">\n<h2 class=\"wp-block-heading\">Um evento da comunidade para a comunidade<\/h2>\n<\/div>\n\n\n\n<div class=\"wp-block-column is-layout-flow wp-block-column-is-layout-flow\">\n<p class=\"wp-block-paragraph\">Programadores e outros profissionais s\u00e3o muito bem-vindos!<\/p>\n\n\n\n<p class=\"wp-block-paragraph\">Quem \u00e9 o p\u00fablico do <strong>WordCamp<\/strong>? Todos que se interessem por <strong>WordPress<\/strong>, do b\u00e1sico ao avan\u00e7ado. <\/p>\n<\/div>\n\n\n\n<div class=\"wp-block-column is-layout-flow wp-block-column-is-layout-flow\">\n<ul class=\"wp-block-list\"><li>Desenvolvedores<\/li><li>Designers<\/li><li>Profissionais de Marketing <\/li><li>Empreendedores<\/li><li>Blogueiros <\/li><li>Escritores <\/li><li>Jornalistas <\/li><li>Estudantes e entusiastas<\/li><\/ul>\n<\/div>\n<\/div>\n\n\n\n<h2 class=\"wp-block-heading\">O que acontece no WordCamp S\u00e3o Paulo?<\/h2>\n\n\n\n<div class=\"wp-block-columns has-4-columns home-section section-features is-layout-flex wp-container-core-columns-is-layout-8f761849 wp-block-columns-is-layout-flex\">\n<div class=\"wp-block-column is-layout-flow wp-block-column-is-layout-flow\">\n<div class=\"wp-block-image\"><figure class=\"aligncenter\"><img data-recalc-dims=\"1\" decoding=\"async\" src=\"https:\/\/i0.wp.com\/2019.saopaulo.wordcamp.org\/files\/2019\/07\/dashicon-speaker.png?w=830&#038;ssl=1\" alt=\"\" class=\"wp-image-732\" \/><\/figure><\/div>\n\n\n\n<h3 class=\"wp-block-heading\">Palestras<\/h3>\n\n\n\n<p class=\"wp-block-paragraph\">Se\u00e7\u00f5es de 30 minutos, apresentadas por pessoas da<strong> comunidade WP<\/strong> e \u00e1reas afins. Do b\u00e1sico  ao avan\u00e7ado, sobre desenvolvimento, design, neg\u00f3cios, conte\u00fado e comunidades.<\/p>\n<\/div>\n\n\n\n<div class=\"wp-block-column is-layout-flow wp-block-column-is-layout-flow\">\n<div class=\"wp-block-image\"><figure class=\"aligncenter\"><img data-recalc-dims=\"1\" decoding=\"async\" src=\"https:\/\/i0.wp.com\/2019.saopaulo.wordcamp.org\/files\/2019\/07\/dashicon-community.png?w=830&#038;ssl=1\" alt=\"\" class=\"wp-image-728\" \/><\/figure><\/div>\n\n\n\n<h3 class=\"wp-block-heading\">Dia do contribuidor<\/h3>\n\n\n\n<p class=\"wp-block-paragraph\">Um dia dedicado a colabora\u00e7\u00e3o com o ecossistema <strong>WordPress<\/strong>. Venha aprender a colaborar com tradu\u00e7\u00e3o, design, c\u00f3digo e muito mais.<\/p>\n<\/div>\n<\/div>\n\n\n\n<div class=\"wp-block-columns has-2-columns home-section section-call-to-action full-width is-layout-flex wp-container-core-columns-is-layout-8f761849 wp-block-columns-is-layout-flex\">\n<div class=\"wp-block-column is-layout-flow wp-block-column-is-layout-flow\">\n<h2 class=\"wp-block-heading\">N\u00e3o perca tempo, se inscreva.<\/h2>\n\n\n\n<p class=\"has-medium-font-size wp-block-paragraph\">O evento ser\u00e1 transmitido gratuitamente ao vivo. Inscreva-se e garanta todos os benef\u00edcios.<\/p>\n<\/div>\n\n\n\n<div class=\"wp-block-column is-layout-flow wp-block-column-is-layout-flow\">\n<div class=\"wp-block-buttons is-layout-flex wp-block-buttons-is-layout-flex\">\n<div class=\"wp-block-button\"><a class=\"wp-block-button__link has-background\" href=\"https:\/\/2020.saopaulo.wordcamp.org\/inscreva-se\" style=\"border-radius:4px;background-color:#ff1926\" target=\"_blank\" rel=\"noreferrer noopener\"> Inscreva-se \u2192<\/a><\/div>\n<\/div>\n<\/div>\n<\/div>\n","protected":false},"excerpt":{"rendered":"<p>A confer\u00eancia oficial do WordPress 12 de setembro de 2020 &#8211; EDI\u00c7\u00c3O ONLINE e GRATUITA Palestras e muita troca de conhecimento. Tudo sobre WordPress. Os WordCamps s\u00e3o confer\u00eancias organizadas pelas comunidades WordPress em v\u00e1rias cidades do mundo. O WordCamp S\u00e3o &hellip; <a href=\"https:\/\/saopaulo.wordcamp.org\/2020\/\">Continue lendo <span class=\"assistive-text\">Home<\/span>  <span class=\"meta-nav\">&rarr;<\/span><\/a><\/p>\n","protected":false},"author":7895104,"featured_media":0,"parent":0,"menu_order":0,"comment_status":"closed","ping_status":"open","template":"","meta":{"_crdt_document":"","jetpack_post_was_ever_published":false,"footnotes":""},"class_list":["post-2","page","type-page","status-publish","hentry"],"jetpack_sharing_enabled":true,"jetpack_likes_enabled":true,"jetpack-related-posts":[],"_links":{"self":[{"href":"https:\/\/saopaulo.wordcamp.org\/2020\/wp-json\/wp\/v2\/pages\/2","targetHints":{"allow":["GET"]}}],"collection":[{"href":"https:\/\/saopaulo.wordcamp.org\/2020\/wp-json\/wp\/v2\/pages"}],"about":[{"href":"https:\/\/saopaulo.wordcamp.org\/2020\/wp-json\/wp\/v2\/types\/page"}],"author":[{"embeddable":true,"href":"https:\/\/saopaulo.wordcamp.org\/2020\/wp-json\/wp\/v2\/users\/7895104"}],"replies":[{"embeddable":true,"href":"https:\/\/saopaulo.wordcamp.org\/2020\/wp-json\/wp\/v2\/comments?post=2"}],"version-history":[{"count":42,"href":"https:\/\/saopaulo.wordcamp.org\/2020\/wp-json\/wp\/v2\/pages\/2\/revisions"}],"predecessor-version":[{"id":2835,"href":"https:\/\/saopaulo.wordcamp.org\/2020\/wp-json\/wp\/v2\/pages\/2\/revisions\/2835"}],"wp:attachment":[{"href":"https:\/\/saopaulo.wordcamp.org\/2020\/wp-json\/wp\/v2\/media?parent=2"}],"curies":[{"name":"wp","href":"https:\/\/api.w.org\/{rel}","templated":true}]}}