{"id":2609,"date":"2020-09-11T20:08:14","date_gmt":"2020-09-11T23:08:14","guid":{"rendered":"https:\/\/saopaulo.wordcamp.org\/2020\/?page_id=2609"},"modified":"2020-09-12T08:52:05","modified_gmt":"2020-09-12T11:52:05","slug":"trilha-b","status":"publish","type":"page","link":"https:\/\/saopaulo.wordcamp.org\/2020\/trilha-b\/","title":{"rendered":"Trilha B"},"content":{"rendered":"\n<h2 class=\"wp-block-heading\">Acompanhe o evento ao vivo agora!<\/h2>\n\n\n\n<p class=\"wp-block-paragraph\">Acompanhe tamb\u00e9m a <a href=\"https:\/\/saopaulo.wordcamp.org\/2020\/trilha-a\/\" data-type=\"page\" data-id=\"2400\">Trilha A<\/a>.<\/p>\n\n\n\n<div class=\"wp-block-columns is-layout-flex wp-container-core-columns-is-layout-8f761849 wp-block-columns-is-layout-flex\">\n<div class=\"wp-block-column is-layout-flow wp-block-column-is-layout-flow\" style=\"flex-basis:66.66%\">\n<figure class=\"wp-block-embed is-type-video is-provider-youtube wp-block-embed-youtube wp-embed-aspect-16-9 wp-has-aspect-ratio\"><div class=\"wp-block-embed__wrapper\">\n<span class=\"embed-youtube\" style=\"text-align:center; display: block;\"><iframe loading=\"lazy\" class=\"youtube-player\" width=\"640\" height=\"360\" src=\"https:\/\/www.youtube.com\/embed\/WCPNLdGwSGA?version=3&#038;rel=1&#038;showsearch=0&#038;showinfo=1&#038;iv_load_policy=1&#038;fs=1&#038;hl=pt-BR&#038;autohide=2&#038;wmode=transparent\" allowfullscreen=\"true\" style=\"border:0;\" sandbox=\"allow-scripts allow-same-origin allow-popups allow-presentation allow-popups-to-escape-sandbox\"><\/iframe><\/span>\n<\/div><\/figure>\n\n\n\n<div class=\"wp-block-wordcamp-streamtext-embed\"><iframe id=\"streamtext-wptrilha2\"\n    class=\"streamtext\"\n    src=\"https:\/\/www.streamtext.net\/player?event=wptrilha2&#038;ff=Helvetica,Arial,sans-serif&#038;fs=20&#038;spacing=2&#038;fgc=ffffff&#038;bgc=000000&#038;header=false&#038;footer=false&#038;controls=false&#038;chat=false\"\n    sandbox=\"allow-same-origin allow-scripts\">\n<\/iframe>\n<\/div>\n\n\n\n<p class=\"wp-block-paragraph\"><\/p>\n<\/div>\n\n\n\n<div class=\"wp-block-column is-layout-flow wp-block-column-is-layout-flow\" style=\"flex-basis:33.33%\">\n\t<div class=\"wp-block-wordcamp-youtube-live-chat-embed\">\n\t\t<iframe\n\t\t\tid=\"wp-block-wordcamp-youtube-live-chat-embed__video-WCPNLdGwSGA\"\n\t\t\ttitle=\"Embedded YouTube live chat\"\n\t\t\tsrc=\"https:\/\/www.youtube.com\/live_chat?v=WCPNLdGwSGA&#038;embed_domain=saopaulo.wordcamp.org\"\n\t\t\tsandbox=\"allow-same-origin allow-scripts allow-popups\"\n\t\t>\n\t\t<\/iframe>\n\n\t\t\n\t\t<p class=\"wp-block-wordcamp-youtube-live-chat-embed__availability-warning\">\n\t\t\tNota: Se usar um dispositivo m\u00f3vel, o YouTube pode bloquear o bate-papo ao vivo. \u00c9 poss\u00edvel acessa-lo atrav\u00e9s do aplicativo nativo.\t\t<\/p>\n\t<\/div>\n\n\t<\/div>\n<\/div>\n\n\n\n<p class=\"wp-block-paragraph\">Clique na estrela\u2b50 para salvar suas palestras favoritas e envi\u00e1-las por email.<\/p>\n\n\n<table class=\"wcpt-schedule\" border=\"0\"><thead><tr><th class=\"wcpt-col-time\">Hora<\/th><th class=\"wcpt-col-track\"> <span class=\"wcpt-track-name\">Trilha B<\/span> <span class=\"wcpt-track-description\"><\/span> <\/th><\/tr><\/thead><tbody><tr class=\"wcpt-time-1000 global-session abertura\"><td class=\"wcpt-time\">10:00<\/td><td colspan=\"1\" class=\"wcb-track-trilha-a wcb-track-trilha-b wcpt-session-type-custom wcb-session-abertura\" data-track-title=\"Trilha A, Trilha B\" data-session-id=\"1709\"><div class=\"wcb-session-cell-content\"><span class=\"wcpt-session-title\">Abertura<\/span><\/div><\/td><\/tr><tr class=\"wcpt-time-1020 global-session pare-de-escrever-para-o-rob-contedo-que-encanta-e-converte\"><td class=\"wcpt-time\">10:20<\/td><td colspan=\"1\" class=\"wcb-speaker-luciane-costa wcb-track-conteudo wcb-track-trilha-b wcb-session-category-conteudo wcpt-session-type-session wcb-session-pare-de-escrever-para-o-robo-conteudo-que-encanta-e-converte\" data-track-title=\"Conte\u00fado, Trilha B\" data-session-id=\"1446\"><div class=\"wcb-session-cell-content\"><a class=\"wcpt-session-title\" href=\"https:\/\/saopaulo.wordcamp.org\/2020\/session\/pare-de-escrever-para-o-robo-conteudo-que-encanta-e-converte\/\">Pare de escrever para o rob\u00f4: conte\u00fado que encanta e converte<\/a> <span class=\"wcpt-session-speakers\"><a href=\"https:\/\/saopaulo.wordcamp.org\/2020\/speaker\/luciane-costa\/\">Luciane Costa<\/a><\/span><\/div><div class=\"wcb-session-favourite-icon\"><a href=\"#\" role=\"button\" class=\"fav-session-button\" aria-pressed=\"false\"><span class=\"screen-reader-text\">Palestra favorita: Pare de escrever para o rob\u00f4: conte\u00fado que encanta e converte<\/span><span class=\"dashicons dashicons-star-filled\"><\/span><\/a><\/div><\/td><\/tr><tr class=\"wcpt-time-1110 global-session acessibilidade-e-usabilidade-em-design-digital\"><td class=\"wcpt-time\">11:10<\/td><td colspan=\"1\" class=\"wcb-speaker-gabriel-henrique-ramos-souza wcb-track-design wcb-track-trilha-b wcb-session-category-design wcpt-session-type-session wcb-session-acessibilidade-e-usabilidade-em-design-digital\" data-track-title=\"Design, Trilha B\" data-session-id=\"1458\"><div class=\"wcb-session-cell-content\"><a class=\"wcpt-session-title\" href=\"https:\/\/saopaulo.wordcamp.org\/2020\/session\/acessibilidade-e-usabilidade-em-design-digital\/\">Acessibilidade e Usabilidade em Design Digital<\/a> <span class=\"wcpt-session-speakers\"><a href=\"https:\/\/saopaulo.wordcamp.org\/2020\/speaker\/gabriel-henrique-ramos-souza\/\">Gabriel Henrique Ramos Souza<\/a><\/span><\/div><div class=\"wcb-session-favourite-icon\"><a href=\"#\" role=\"button\" class=\"fav-session-button\" aria-pressed=\"false\"><span class=\"screen-reader-text\">Palestra favorita: Acessibilidade e Usabilidade em Design Digital<\/span><span class=\"dashicons dashicons-star-filled\"><\/span><\/a><\/div><\/td><\/tr><tr class=\"wcpt-time-1200 global-session como-usar-o-wordpress-na-estratgia-de-contedo-digital\"><td class=\"wcpt-time\">12:00<\/td><td colspan=\"1\" class=\"wcb-speaker-sandra-peres wcb-track-conteudo wcb-track-trilha-b wcb-session-category-conteudo wcpt-session-type-session wcb-session-como-usar-o-wordpress-na-estrategia-de-conteudo-digital\" data-track-title=\"Conte\u00fado, Trilha B\" data-session-id=\"1448\"><div class=\"wcb-session-cell-content\"><a class=\"wcpt-session-title\" href=\"https:\/\/saopaulo.wordcamp.org\/2020\/session\/como-usar-o-wordpress-na-estrategia-de-conteudo-digital\/\">Como usar o WordPress na estrat\u00e9gia de conte\u00fado digital<\/a> <span class=\"wcpt-session-speakers\"><a href=\"https:\/\/saopaulo.wordcamp.org\/2020\/speaker\/sandra-peres\/\">Sandra Peres<\/a><\/span><\/div><div class=\"wcb-session-favourite-icon\"><a href=\"#\" role=\"button\" class=\"fav-session-button\" aria-pressed=\"false\"><span class=\"screen-reader-text\">Palestra favorita: Como usar o WordPress na estrat\u00e9gia de conte\u00fado digital<\/span><span class=\"dashicons dashicons-star-filled\"><\/span><\/a><\/div><\/td><\/tr><tr class=\"wcpt-time-1250 global-session almoo\"><td class=\"wcpt-time\">12:50<\/td><td colspan=\"1\" class=\"wcb-track-trilha-a wcb-track-trilha-b wcpt-session-type-custom wcb-session-almoco\" data-track-title=\"Trilha A, Trilha B\" data-session-id=\"1710\"><div class=\"wcb-session-cell-content\"><span class=\"wcpt-session-title\">Almo\u00e7o<\/span><\/div><\/td><\/tr><tr class=\"wcpt-time-1320 global-session sos-wordpress-um-manual-de-sobrevivncia-para-desenvolvedora\"><td class=\"wcpt-time\">13:20<\/td><td colspan=\"1\" class=\"wcb-speaker-cristina-de-cassia-viana-luz wcb-track-desenvolvimento wcb-track-trilha-b wcb-session-category-desenvolvimento wcpt-session-type-session wcb-session-sos-wordpress-um-manual-de-sobrevivencia-para-desenvolvedora\" data-track-title=\"Desenvolvimento, Trilha B\" data-session-id=\"1450\"><div class=\"wcb-session-cell-content\"><a class=\"wcpt-session-title\" href=\"https:\/\/saopaulo.wordcamp.org\/2020\/session\/sos-wordpress-um-manual-de-sobrevivencia-para-desenvolvedora\/\">SOS WordPress &#8211; Um manual de sobreviv\u00eancia para desenvolvedor(a)<\/a> <span class=\"wcpt-session-speakers\"><a href=\"https:\/\/saopaulo.wordcamp.org\/2020\/speaker\/cristina-de-cassia-viana-luz\/\">Cristina de Cassia Viana Luz<\/a><\/span><\/div><div class=\"wcb-session-favourite-icon\"><a href=\"#\" role=\"button\" class=\"fav-session-button\" aria-pressed=\"false\"><span class=\"screen-reader-text\">Palestra favorita: SOS WordPress &#8211; Um manual de sobreviv\u00eancia para desenvolvedor(a)<\/span><span class=\"dashicons dashicons-star-filled\"><\/span><\/a><\/div><\/td><\/tr><tr class=\"wcpt-time-1400 global-session como-nascem-as-interfaces-que-usamos\"><td class=\"wcpt-time\">14:00<\/td><td colspan=\"1\" class=\"wcb-speaker-filipe-nzongo wcb-track-design wcb-track-trilha-b wcb-session-category-design wcpt-session-type-session wcb-session-como-nascem-as-interfaces-que-usamos\" data-track-title=\"Design, Trilha B\" data-session-id=\"2513\"><div class=\"wcb-session-cell-content\"><a class=\"wcpt-session-title\" href=\"https:\/\/saopaulo.wordcamp.org\/2020\/session\/como-nascem-as-interfaces-que-usamos\/\">Como nascem as interfaces que usamos<\/a> <span class=\"wcpt-session-speakers\"><a href=\"https:\/\/saopaulo.wordcamp.org\/2020\/speaker\/filipe-nzongo\/\">Filipe Nzongo<\/a><\/span><\/div><div class=\"wcb-session-favourite-icon\"><a href=\"#\" role=\"button\" class=\"fav-session-button\" aria-pressed=\"false\"><span class=\"screen-reader-text\">Palestra favorita: Como nascem as interfaces que usamos<\/span><span class=\"dashicons dashicons-star-filled\"><\/span><\/a><\/div><\/td><\/tr><tr class=\"wcpt-time-1450 global-session o-seo-da-prxima-dcada-e-o-que-esperar-do-futuro-o-fim--o-comeo\"><td class=\"wcpt-time\">14:50<\/td><td colspan=\"1\" class=\"wcb-speaker-amanda-noronha-araujo wcb-track-conteudo wcb-track-trilha-b wcb-session-category-conteudo wcpt-session-type-session wcb-session-o-seo-da-proxima-decada-e-o-que-esperar-do-futuro-o-fim-e-o-comeco\" data-track-title=\"Conte\u00fado, Trilha B\" data-session-id=\"1444\"><div class=\"wcb-session-cell-content\"><a class=\"wcpt-session-title\" href=\"https:\/\/saopaulo.wordcamp.org\/2020\/session\/o-seo-da-proxima-decada-e-o-que-esperar-do-futuro-o-fim-e-o-comeco\/\">O SEO da pr\u00f3xima d\u00e9cada e o que esperar do futuro &#8211; O fim \u00e9 o come\u00e7o<\/a> <span class=\"wcpt-session-speakers\"><a href=\"https:\/\/saopaulo.wordcamp.org\/2020\/speaker\/amanda-noronha-araujo\/\">Amanda Noronha Araujo<\/a><\/span><\/div><div class=\"wcb-session-favourite-icon\"><a href=\"#\" role=\"button\" class=\"fav-session-button\" aria-pressed=\"false\"><span class=\"screen-reader-text\">Palestra favorita: O SEO da pr\u00f3xima d\u00e9cada e o que esperar do futuro &#8211; O fim \u00e9 o come\u00e7o<\/span><span class=\"dashicons dashicons-star-filled\"><\/span><\/a><\/div><\/td><\/tr><tr class=\"wcpt-time-1550 global-session encerramento\"><td class=\"wcpt-time\">15:50<\/td><td colspan=\"1\" class=\"wcb-track-trilha-a wcb-track-trilha-b wcpt-session-type-custom wcb-session-encerramento\" data-track-title=\"Trilha A, Trilha B\" data-session-id=\"1711\"><div class=\"wcb-session-cell-content\"><span class=\"wcpt-session-title\">Encerramento<\/span><\/div><\/td><\/tr><\/tbody><\/table>\n\t<div class=\"email-form fav-session-email-form-hide\">\n\t\t<!-- Tab links -->\n\t\t<div class=\"fav-session-share-tab\">\n\t\t\t\t\t\t\t<div class=\"fav-session-tablinks\" id=\"fav-session-btn-email\">\n\t\t\t\t\tE-mail\t\t\t\t<\/div>\n\t\t\t\n\t\t\t<div class=\"fav-session-tablinks\" id=\"fav-session-btn-link\">\n\t\t\t\tLink\t\t\t<\/div>\n\n\t\t\t<div class=\"fav-session-tablinks\" id=\"fav-session-btn-print\">\n\t\t\t\tImprimir\t\t\t<\/div>\n\t\t<\/div>\n\n\t\t<!-- Tab content -->\n\t\t\t\t\t<div id=\"fav-session-tab-email\" class=\"fav-session-share-tabcontent\">\n\t\t\t\t<div id=\"fav-session-email-form\">\n\t\t\t\t\tEnvie-me minhas sess\u00f5es favoritas:\n\t\t\t\t\t<form id=\"fav-sessions-form\">\n\t\t\t\t\t\t<input\n\t\t\t\t\t\t\ttype=\"text\"\n\t\t\t\t\t\t\tname=\"email_address\"\n\t\t\t\t\t\t\tid=\"fav-sessions-email-address\"\n\t\t\t\t\t\t\tplaceholder=\"me@protonmail.com\"\n\t\t\t\t\t\t\/>\n\t\t\t\t\t\t<input type=\"submit\" value=\"Enviar\" \/>\n\t\t\t\t\t<\/form>\n\t\t\t\t<\/div>\n\n\t\t\t\t<div class=\"fav-session-email-wait-spinner\"><\/div>\n\t\t\t\t<div class=\"fav-session-email-result\"><\/div>\n\t\t\t<\/div>\n\t\t\n\t\t<div id=\"fav-session-tab-link\" class=\"fav-session-share-tabcontent\">\n\t\t\tLink compartilh\u00e1vel:\t\t\t<br \/>\n\t\t\t<a id=\"fav-sessions-link\" href=\"\"><\/a>\n\t\t<\/div>\n\n\t\t<div id=\"fav-session-tab-print\" class=\"fav-session-share-tabcontent\">\n\t\t\t<button id=\"fav-session-print\">\n\t\t\t\tImprimir sess\u00f5es favoritas\t\t\t<\/button>\n\t\t<\/div>\n\t<\/div>\n\n\t<a class=\"show-email-form\" href=\"javascript:\">\n\t\t<span class=\"dashicons dashicons-star-filled\"><\/span>\n\t\t<span class=\"dashicons dashicons-email-alt\"><\/span>\n\t<\/a>\n\n\t\n","protected":false},"excerpt":{"rendered":"<p>Acompanhe o evento ao vivo agora! Acompanhe tamb\u00e9m a Trilha A. Clique na estrela\u2b50 para salvar suas palestras favoritas e envi\u00e1-las por email.<\/p>\n","protected":false},"author":17138112,"featured_media":0,"parent":0,"menu_order":0,"comment_status":"closed","ping_status":"closed","template":"","meta":{"_crdt_document":"","jetpack_post_was_ever_published":false,"footnotes":""},"class_list":["post-2609","page","type-page","status-publish","hentry"],"jetpack_sharing_enabled":true,"jetpack_likes_enabled":true,"jetpack-related-posts":[{"id":2400,"url":"https:\/\/saopaulo.wordcamp.org\/2020\/trilha-a\/","url_meta":{"origin":2609,"position":0},"title":"Trilha A","author":"killuawax","date":"11 de setembro de 2020","format":false,"excerpt":"Acompanhe o evento ao vivo agora! Acompanhe tamb\u00e9m a Trilha B. https:\/\/www.youtube.com\/watch?v=6YzxUBVMSpI Clique na estrela\u2b50 para salvar suas palestras favoritas e envi\u00e1-las por email.","rel":"","context":"Post similar","block_context":{"text":"Post similar","link":""},"img":{"alt_text":"","src":"https:\/\/i0.wp.com\/saopaulo.wordcamp.org\/2020\/files\/2020\/06\/cropped-cropped-simbolo-vermelho-wordcamp-sao-paulo-2020.png?fit=512%2C512&resize=350%2C200#038;ssl=1","width":350,"height":200},"classes":[]},{"id":2,"url":"https:\/\/saopaulo.wordcamp.org\/2020\/","url_meta":{"origin":2609,"position":1},"title":"Home","author":"Allyson","date":"31 de janeiro de 2020","format":false,"excerpt":"A confer\u00eancia oficial do WordPress 12 de setembro de 2020 - EDI\u00c7\u00c3O ONLINE e GRATUITA \ud83c\udfa5 Assita \u00e0 Trilha A \ud83c\udfa5 Assista \u00e0 Trilha B Palestras e muita troca de conhecimento. Tudo sobre WordPress. Os WordCamps s\u00e3o confer\u00eancias organizadas pelas comunidades WordPress em v\u00e1rias cidades do mundo. O WordCamp S\u00e3o\u2026","rel":"","context":"Post similar","block_context":{"text":"Post similar","link":""},"img":{"alt_text":"","src":"https:\/\/i0.wp.com\/saopaulo.wordcamp.org\/2020\/files\/2020\/07\/wordcamp-sao-paulo-2020-slideshow-1-scaled.jpg?resize=350%2C200&ssl=1","width":350,"height":200,"srcset":"https:\/\/i0.wp.com\/saopaulo.wordcamp.org\/2020\/files\/2020\/07\/wordcamp-sao-paulo-2020-slideshow-1-scaled.jpg?resize=350%2C200&ssl=1 1x, https:\/\/i0.wp.com\/saopaulo.wordcamp.org\/2020\/files\/2020\/07\/wordcamp-sao-paulo-2020-slideshow-1-scaled.jpg?resize=525%2C300&ssl=1 1.5x, https:\/\/i0.wp.com\/saopaulo.wordcamp.org\/2020\/files\/2020\/07\/wordcamp-sao-paulo-2020-slideshow-1-scaled.jpg?resize=700%2C400&ssl=1 2x, https:\/\/i0.wp.com\/saopaulo.wordcamp.org\/2020\/files\/2020\/07\/wordcamp-sao-paulo-2020-slideshow-1-scaled.jpg?resize=1050%2C600&ssl=1 3x, https:\/\/i0.wp.com\/saopaulo.wordcamp.org\/2020\/files\/2020\/07\/wordcamp-sao-paulo-2020-slideshow-1-scaled.jpg?resize=1400%2C800&ssl=1 4x"},"classes":[]},{"id":7,"url":"https:\/\/saopaulo.wordcamp.org\/2020\/programacao\/","url_meta":{"origin":2609,"position":2},"title":"Programa\u00e7\u00e3o","author":"Allyson","date":"31 de janeiro de 2020","format":false,"excerpt":"Reunimos o melhor conte\u00fado sobre WordPress para voc\u00ea Reserve j\u00e1 o seu ingresso gr\u00e1tis para acompanhar as palestras online. Inscreva-se Clique na estrela\u2b50 para salvar suas palestras favoritas e envi\u00e1-las por email.","rel":"","context":"Post similar","block_context":{"text":"Post similar","link":""},"img":{"alt_text":"","src":"https:\/\/i0.wp.com\/saopaulo.wordcamp.org\/2020\/files\/2020\/06\/cropped-cropped-simbolo-vermelho-wordcamp-sao-paulo-2020.png?fit=512%2C512&resize=350%2C200#038;ssl=1","width":350,"height":200},"classes":[]},{"id":813,"url":"https:\/\/saopaulo.wordcamp.org\/2020\/compartilhe\/","url_meta":{"origin":2609,"position":3},"title":"Compartilhe","author":"Allyson","date":"28 de julho de 2020","format":false,"excerpt":"Acompanhe tudo que est\u00e1 sendo compartilhado nas redes sociais com a hashtag oficial do evento: #WordCampSP","rel":"","context":"Post similar","block_context":{"text":"Post similar","link":""},"img":{"alt_text":"","src":"https:\/\/i0.wp.com\/saopaulo.wordcamp.org\/2020\/files\/2020\/06\/cropped-cropped-simbolo-vermelho-wordcamp-sao-paulo-2020.png?fit=512%2C512&resize=350%2C200#038;ssl=1","width":350,"height":200},"classes":[]},{"id":806,"url":"https:\/\/saopaulo.wordcamp.org\/2020\/sobre\/","url_meta":{"origin":2609,"position":4},"title":"Sobre","author":"Allyson","date":"28 de julho de 2020","format":false,"excerpt":"O WordCamp \u00e9 uma confer\u00eancia originada nos Estados Unidos, sobre tudo relacionado ao WordPress, plataforma open source de gerenciamento de conte\u00fado. S\u00e3o eventos organizados por comunidades de usu\u00e1rios do WordPress ao redor do mundo, onde desenvolvedores, designers, produtores de conte\u00fado e demais usu\u00e1rios podem se unir para assistir palestras, trocar\u2026","rel":"","context":"Post similar","block_context":{"text":"Post similar","link":""},"img":{"alt_text":"Matt Mullenweg no WordCamp Brasil","src":"https:\/\/i0.wp.com\/2012.saopaulo.wordcamp.org\/files\/2012\/06\/matt4-199x300.jpg?resize=350%2C200","width":350,"height":200},"classes":[]},{"id":1315,"url":"https:\/\/saopaulo.wordcamp.org\/2020\/patrocine-o-wordcamp\/","url_meta":{"origin":2609,"position":5},"title":"Patrocine o WordCamp","author":"Iran Muniz","date":"27 de agosto de 2020","format":false,"excerpt":"Patrocine o WordCamp S\u00e3o Paulo 2020 O WordCamp \u00e9 o \u00fanico evento oficial apoiado pela Funda\u00e7\u00e3o WordPress, \u00e9 organizado pela comunidade local e n\u00e3o possui fins lucrativos. Por isso, contamos com o apoio dos patrocinadores para fazer o evento acontecer e oferecer a melhor estrutura para os participantes. Quer conhecer\u2026","rel":"","context":"Post similar","block_context":{"text":"Post similar","link":""},"img":{"alt_text":"","src":"https:\/\/i0.wp.com\/saopaulo.wordcamp.org\/2020\/files\/2020\/06\/cropped-cropped-simbolo-vermelho-wordcamp-sao-paulo-2020.png?fit=512%2C512&resize=350%2C200#038;ssl=1","width":350,"height":200},"classes":[]}],"_links":{"self":[{"href":"https:\/\/saopaulo.wordcamp.org\/2020\/wp-json\/wp\/v2\/pages\/2609","targetHints":{"allow":["GET"]}}],"collection":[{"href":"https:\/\/saopaulo.wordcamp.org\/2020\/wp-json\/wp\/v2\/pages"}],"about":[{"href":"https:\/\/saopaulo.wordcamp.org\/2020\/wp-json\/wp\/v2\/types\/page"}],"author":[{"embeddable":true,"href":"https:\/\/saopaulo.wordcamp.org\/2020\/wp-json\/wp\/v2\/users\/17138112"}],"replies":[{"embeddable":true,"href":"https:\/\/saopaulo.wordcamp.org\/2020\/wp-json\/wp\/v2\/comments?post=2609"}],"version-history":[{"count":5,"href":"https:\/\/saopaulo.wordcamp.org\/2020\/wp-json\/wp\/v2\/pages\/2609\/revisions"}],"predecessor-version":[{"id":2635,"href":"https:\/\/saopaulo.wordcamp.org\/2020\/wp-json\/wp\/v2\/pages\/2609\/revisions\/2635"}],"wp:attachment":[{"href":"https:\/\/saopaulo.wordcamp.org\/2020\/wp-json\/wp\/v2\/media?parent=2609"}],"curies":[{"name":"wp","href":"https:\/\/api.w.org\/{rel}","templated":true}]}}