{"id":676,"date":"2020-07-28T16:58:01","date_gmt":"2020-07-28T16:58:01","guid":{"rendered":"https:\/\/2020.saopaulo.wordcamp.org\/?page_id=676"},"modified":"2020-08-27T00:30:07","modified_gmt":"2020-08-27T00:30:07","slug":"palestre-no-wordcamp-sao-paulo-2020","status":"publish","type":"page","link":"https:\/\/saopaulo.wordcamp.org\/2020\/palestre-no-wordcamp-sao-paulo-2020\/","title":{"rendered":"Palestre no WordCamp S\u00e3o Paulo 2020"},"content":{"rendered":"\n<p>Nesta edi\u00e7\u00e3o do <strong>WordCamp S\u00e3o Paulo<\/strong>, receberemos propostas de palestras. Abaixo, voc\u00ea confere algumas informa\u00e7\u00f5es e instru\u00e7\u00f5es para se candidatar.<\/p>\n\n\n\n<h2 class=\"wp-block-heading\">Prazos<\/h2>\n\n\n\n<ul class=\"wp-block-list\"><li>Envio das palestras: <strong>at\u00e9 24 de agosto<\/strong><\/li><li>Divulga\u00e7\u00e3o da programa\u00e7\u00e3o final: <strong>a partir de 27 de agosto<\/strong><\/li><\/ul>\n\n\n\n<h2 class=\"wp-block-heading\">Formato<\/h2>\n\n\n\n<h3 class=\"wp-block-heading\">Palestra<\/h3>\n\n\n\n<p>As palestras s\u00e3o apresenta\u00e7\u00f5es &#8211; geralmente pontuais &#8211; que abordam um assunto espec\u00edfico. <\/p>\n\n\n\n<p>Cada palestra durar\u00e1, no m\u00e1ximo, 30 minutos.<\/p>\n\n\n\n<h2 class=\"wp-block-heading\">Categorias<\/h2>\n\n\n\n<p>Os<strong>&nbsp;WordCamps<\/strong> compreendem os mais diversos assuntos relacionados ao <strong>WordPress<\/strong>. Apesar de n\u00e3o haver nenhuma divis\u00e3o f\u00edsica, voc\u00ea poder\u00e1 assinalar a categoria que a sua proposta de apresenta\u00e7\u00e3o mais se encaixe, servindo de indicativo para os participantes na programa\u00e7\u00e3o do evento. <\/p>\n\n\n\n<p>Pense que um mesmo assunto pode, por exemplo, ser abordado pela \u00f3tica do Design como pela do Desenvolvimento. Sendo assim, definimos as seguintes categorias:<\/p>\n\n\n\n<h4 class=\"wp-block-heading\">Comunidade<\/h4>\n\n\n\n<p>Apresenta\u00e7\u00f5es que estejam relacionadas a assuntos da comunidade <strong>WordPress<\/strong>, seja sobre como iniciar uma comunidade em sua regi\u00e3o, contribuindo com projetos da comunidade ou discutir como a comunidade pode se tornar mais aberta a novos membros.<\/p>\n\n\n\n<h4 class=\"wp-block-heading\">Desenvolvimento<\/h4>\n\n\n\n<p>Apresenta\u00e7\u00f5es relacionadas a Desenvolvimento, codifica\u00e7\u00e3o de temas e plugins, configura\u00e7\u00e3o de servidores e performance.<\/p>\n\n\n\n<h4 class=\"wp-block-heading\">Design<\/h4>\n\n\n\n<p>Apresenta\u00e7\u00f5es relacionadas ao Design, planejamento e estrutura\u00e7\u00e3o de projetos <strong>WordPress<\/strong>, design de temas, interfaces, experi\u00eancia do usu\u00e1rio, usabilidade e acessibilidade se enquadram, por exemplo, nesta categoria.<\/p>\n\n\n\n<h4 class=\"wp-block-heading\">Marketing e Conte\u00fado<\/h4>\n\n\n\n<p>Apresenta\u00e7\u00f5es relacionadas aos aspectos do Marketing e cria\u00e7\u00e3o e gest\u00e3o de Conte\u00fado em projetos <strong>WordPress<\/strong>, como marketing pessoal, SEO, an\u00e1lise de m\u00e9tricas, cria\u00e7\u00e3o de conte\u00fado engajador, marketing para neg\u00f3cios com <strong>WordPress<\/strong>, entre outros.<\/p>\n\n\n\n<h4 class=\"wp-block-heading\">Neg\u00f3cios<\/h4>\n\n\n\n<p>Apresenta\u00e7\u00f5es relacionadas ao mundo dos neg\u00f3cios, cria\u00e7\u00e3o de startups, monetiza\u00e7\u00e3o de projetos com <strong>WordPress<\/strong>, gerenciamento de ag\u00eancias focadas em <strong>WordPress<\/strong>, venda de temas e plugins premium seriam alguns dos temas desta categoria.<\/p>\n\n\n\n<h2 class=\"wp-block-heading\">Qual assunto escolher?<\/h2>\n\n\n\n<p>N\u00e3o existe uma lista de assuntos pr\u00e9-definidos que podem ser abordados no <strong>WordCamp<\/strong>, voc\u00ea pode falar basicamente de qualquer tema que permeie o universo <strong>WordPress<\/strong>. <\/p>\n\n\n\n<h2 class=\"wp-block-heading\">Concord\u00e2ncia com os termos<\/h2>\n\n\n\n<p>Ao enviar a sua proposta, voc\u00ea estar\u00e1 automaticamente concordando com os seguintes termos:<\/p>\n\n\n\n<ul class=\"wp-block-list\"><li>Concordo que a organiza\u00e7\u00e3o do <strong>WordCamp S\u00e3o Paulo <\/strong>utilize o meu direito de imagem para transmiss\u00e3o em v\u00eddeo, fotos e demais veicula\u00e7\u00f5es relacionadas a esse evento;<\/li><li>Abordar e promover em minha palestra somente c\u00f3digos e ferramentas compat\u00edveis com a <a rel=\"noreferrer noopener\" href=\"https:\/\/www.gnu.org\/licenses\/licenses.pt-br.html\" target=\"_blank\">licen\u00e7a GPL<\/a>;<\/li><li>Fornecer todos os materiais utilizados na minha palestra para a organiza\u00e7\u00e3o disponibilizar no site do <strong>WordCamp S\u00e3o Paulo<\/strong>.<\/li><\/ul>\n\n\n\n<h2 class=\"wp-block-heading\">Palestrantes locais<\/h2>\n\n\n\n<p>A organiza\u00e7\u00e3o do <strong>WordCamp S\u00e3o Paulo<\/strong> \u00e9 volunt\u00e1ria e sem fins lucrativos. Al\u00e9m disso, o esp\u00edrito do evento objetiva a comunidade local (nos mesmos padr\u00f5es empregados internacionalmente), por\u00e9m palestrantes de fora de S\u00e3o Paulo s\u00e3o sempre muito bem-vindos e podem se aplicar.<\/p>\n\n\n\n<h2 class=\"wp-block-heading\">O que posso colocar em minha apresenta\u00e7\u00e3o?<\/h2>\n\n\n\n<p>Todo material que possa lhe ajudar durante a apresenta\u00e7\u00e3o ser\u00e1 permitido, como, por exemplo, gifs, v\u00eddeos, c\u00f3digo, etc.<\/p>\n\n\n\n<p><strong>N\u00e3o ser\u00e1 permitido<\/strong> materiais que contenham atividade promocional visando benef\u00edcio pr\u00f3prio e associa\u00e7\u00e3o \u00e0 marca <strong>WordPress<\/strong>, como logos e\/ou qualquer tipo de marca de empresas e servi\u00e7os, bem como qualquer material que fira o <a href=\"https:\/\/2018.saopaulo.wordcamp.org\/codigo-de-conduta\/\">C\u00f3digo de Conduta<\/a>.<\/p>\n\n\n\n<h2 class=\"wp-block-heading\">Comparecimento e perman\u00eancia no evento<\/h2>\n\n\n\n<p>Embora seja muito legal que todos os palestrantes participem do evento inteiro, entendemos que nem sempre isso \u00e9 poss\u00edvel para todos. <\/p>\n\n\n\n<p>A partir disso, ao submeter a sua palestra no formul\u00e1rio no final desta p\u00e1gina, voc\u00ea se compromete a estar online por pelo menos 30 minutos antes do in\u00edcio de sua <em>talk<\/em>, <span class=\"has-inline-color has-black-color\">e permanecer por at\u00e9 30 minutos depois do t\u00e9rmino da palestra para participar do painel de perguntas<\/span>.<\/p>\n\n\n\n<h2 class=\"wp-block-heading\">Submiss\u00f5es encerradas<\/h2>\n","protected":false},"excerpt":{"rendered":"<p>Nesta edi\u00e7\u00e3o do WordCamp S\u00e3o Paulo, receberemos propostas de palestras. Abaixo, voc\u00ea confere algumas informa\u00e7\u00f5es e instru\u00e7\u00f5es para se candidatar. Prazos Envio das palestras: at\u00e9 24 de agosto Divulga\u00e7\u00e3o da programa\u00e7\u00e3o final: a partir de 27 de agosto Formato Palestra &hellip; <a href=\"https:\/\/saopaulo.wordcamp.org\/2020\/palestre-no-wordcamp-sao-paulo-2020\/\">Continue lendo <span class=\"assistive-text\">Palestre no WordCamp S\u00e3o Paulo 2020<\/span>  <span class=\"meta-nav\">&rarr;<\/span><\/a><\/p>\n","protected":false},"author":3411954,"featured_media":0,"parent":0,"menu_order":0,"comment_status":"closed","ping_status":"closed","template":"","meta":{"jetpack_post_was_ever_published":false,"footnotes":""},"class_list":["post-676","page","type-page","status-publish","hentry"],"jetpack_sharing_enabled":true,"jetpack_likes_enabled":true,"jetpack-related-posts":[{"id":9,"url":"https:\/\/saopaulo.wordcamp.org\/2020\/palestras\/","url_meta":{"origin":676,"position":0},"title":"Palestras","author":"Allyson","date":"31 de janeiro de 2020","format":false,"excerpt":"","rel":"","context":"Post similar","block_context":{"text":"Post similar","link":""},"img":{"alt_text":"","src":"https:\/\/i0.wp.com\/saopaulo.wordcamp.org\/2020\/files\/2020\/06\/cropped-cropped-simbolo-vermelho-wordcamp-sao-paulo-2020.png?fit=512%2C512&resize=350%2C200#038;ssl=1","width":350,"height":200},"classes":[]},{"id":2,"url":"https:\/\/saopaulo.wordcamp.org\/2020\/","url_meta":{"origin":676,"position":1},"title":"Home","author":"Allyson","date":"31 de janeiro de 2020","format":false,"excerpt":"A confer\u00eancia oficial do WordPress 12 de setembro de 2020 - EDI\u00c7\u00c3O ONLINE e GRATUITA \ud83c\udfa5 Assita \u00e0 Trilha A \ud83c\udfa5 Assista \u00e0 Trilha B Palestras e muita troca de conhecimento. Tudo sobre WordPress. Os WordCamps s\u00e3o confer\u00eancias organizadas pelas comunidades WordPress em v\u00e1rias cidades do mundo. O WordCamp S\u00e3o\u2026","rel":"","context":"Post similar","block_context":{"text":"Post similar","link":""},"img":{"alt_text":"","src":"https:\/\/i0.wp.com\/saopaulo.wordcamp.org\/2020\/files\/2020\/07\/wordcamp-sao-paulo-2020-slideshow-1-scaled.jpg?resize=350%2C200&ssl=1","width":350,"height":200,"srcset":"https:\/\/i0.wp.com\/saopaulo.wordcamp.org\/2020\/files\/2020\/07\/wordcamp-sao-paulo-2020-slideshow-1-scaled.jpg?resize=350%2C200&ssl=1 1x, https:\/\/i0.wp.com\/saopaulo.wordcamp.org\/2020\/files\/2020\/07\/wordcamp-sao-paulo-2020-slideshow-1-scaled.jpg?resize=525%2C300&ssl=1 1.5x, https:\/\/i0.wp.com\/saopaulo.wordcamp.org\/2020\/files\/2020\/07\/wordcamp-sao-paulo-2020-slideshow-1-scaled.jpg?resize=700%2C400&ssl=1 2x, https:\/\/i0.wp.com\/saopaulo.wordcamp.org\/2020\/files\/2020\/07\/wordcamp-sao-paulo-2020-slideshow-1-scaled.jpg?resize=1050%2C600&ssl=1 3x, https:\/\/i0.wp.com\/saopaulo.wordcamp.org\/2020\/files\/2020\/07\/wordcamp-sao-paulo-2020-slideshow-1-scaled.jpg?resize=1400%2C800&ssl=1 4x"},"classes":[]},{"id":7,"url":"https:\/\/saopaulo.wordcamp.org\/2020\/programacao\/","url_meta":{"origin":676,"position":2},"title":"Programa\u00e7\u00e3o","author":"Allyson","date":"31 de janeiro de 2020","format":false,"excerpt":"Reunimos o melhor conte\u00fado sobre WordPress para voc\u00ea Reserve j\u00e1 o seu ingresso gr\u00e1tis para acompanhar as palestras online. Inscreva-se Clique na estrela\u2b50 para salvar suas palestras favoritas e envi\u00e1-las por email.","rel":"","context":"Post similar","block_context":{"text":"Post similar","link":""},"img":{"alt_text":"","src":"https:\/\/i0.wp.com\/saopaulo.wordcamp.org\/2020\/files\/2020\/06\/cropped-cropped-simbolo-vermelho-wordcamp-sao-paulo-2020.png?fit=512%2C512&resize=350%2C200#038;ssl=1","width":350,"height":200},"classes":[]},{"id":2400,"url":"https:\/\/saopaulo.wordcamp.org\/2020\/trilha-a\/","url_meta":{"origin":676,"position":3},"title":"Trilha A","author":"killuawax","date":"11 de setembro de 2020","format":false,"excerpt":"Acompanhe o evento ao vivo agora! Acompanhe tamb\u00e9m a Trilha B. https:\/\/www.youtube.com\/watch?v=6YzxUBVMSpI Clique na estrela\u2b50 para salvar suas palestras favoritas e envi\u00e1-las por email.","rel":"","context":"Post similar","block_context":{"text":"Post similar","link":""},"img":{"alt_text":"","src":"https:\/\/i0.wp.com\/saopaulo.wordcamp.org\/2020\/files\/2020\/06\/cropped-cropped-simbolo-vermelho-wordcamp-sao-paulo-2020.png?fit=512%2C512&resize=350%2C200#038;ssl=1","width":350,"height":200},"classes":[]},{"id":2609,"url":"https:\/\/saopaulo.wordcamp.org\/2020\/trilha-b\/","url_meta":{"origin":676,"position":4},"title":"Trilha B","author":"killuawax","date":"11 de setembro de 2020","format":false,"excerpt":"Acompanhe o evento ao vivo agora! Acompanhe tamb\u00e9m a Trilha A. https:\/\/www.youtube.com\/watch?v=WCPNLdGwSGA Clique na estrela\u2b50 para salvar suas palestras favoritas e envi\u00e1-las por email.","rel":"","context":"Post similar","block_context":{"text":"Post similar","link":""},"img":{"alt_text":"","src":"https:\/\/i0.wp.com\/saopaulo.wordcamp.org\/2020\/files\/2020\/06\/cropped-cropped-simbolo-vermelho-wordcamp-sao-paulo-2020.png?fit=512%2C512&resize=350%2C200#038;ssl=1","width":350,"height":200},"classes":[]},{"id":806,"url":"https:\/\/saopaulo.wordcamp.org\/2020\/sobre\/","url_meta":{"origin":676,"position":5},"title":"Sobre","author":"Allyson","date":"28 de julho de 2020","format":false,"excerpt":"O WordCamp \u00e9 uma confer\u00eancia originada nos Estados Unidos, sobre tudo relacionado ao WordPress, plataforma open source de gerenciamento de conte\u00fado. S\u00e3o eventos organizados por comunidades de usu\u00e1rios do WordPress ao redor do mundo, onde desenvolvedores, designers, produtores de conte\u00fado e demais usu\u00e1rios podem se unir para assistir palestras, trocar\u2026","rel":"","context":"Post similar","block_context":{"text":"Post similar","link":""},"img":{"alt_text":"Matt Mullenweg no WordCamp Brasil","src":"https:\/\/i0.wp.com\/2012.saopaulo.wordcamp.org\/files\/2012\/06\/matt4-199x300.jpg?resize=350%2C200","width":350,"height":200},"classes":[]}],"_links":{"self":[{"href":"https:\/\/saopaulo.wordcamp.org\/2020\/wp-json\/wp\/v2\/pages\/676","targetHints":{"allow":["GET"]}}],"collection":[{"href":"https:\/\/saopaulo.wordcamp.org\/2020\/wp-json\/wp\/v2\/pages"}],"about":[{"href":"https:\/\/saopaulo.wordcamp.org\/2020\/wp-json\/wp\/v2\/types\/page"}],"author":[{"embeddable":true,"href":"https:\/\/saopaulo.wordcamp.org\/2020\/wp-json\/wp\/v2\/users\/3411954"}],"replies":[{"embeddable":true,"href":"https:\/\/saopaulo.wordcamp.org\/2020\/wp-json\/wp\/v2\/comments?post=676"}],"version-history":[{"count":15,"href":"https:\/\/saopaulo.wordcamp.org\/2020\/wp-json\/wp\/v2\/pages\/676\/revisions"}],"predecessor-version":[{"id":1346,"href":"https:\/\/saopaulo.wordcamp.org\/2020\/wp-json\/wp\/v2\/pages\/676\/revisions\/1346"}],"wp:attachment":[{"href":"https:\/\/saopaulo.wordcamp.org\/2020\/wp-json\/wp\/v2\/media?parent=676"}],"curies":[{"name":"wp","href":"https:\/\/api.w.org\/{rel}","templated":true}]}}