{"id":7,"date":"2020-01-31T18:24:14","date_gmt":"2020-01-31T18:24:14","guid":{"rendered":"https:\/\/2020.saopaulo.wordcamp.org\/schedule\/"},"modified":"2020-09-02T20:59:08","modified_gmt":"2020-09-02T23:59:08","slug":"programacao","status":"publish","type":"page","link":"https:\/\/saopaulo.wordcamp.org\/2020\/programacao\/","title":{"rendered":"Programa\u00e7\u00e3o"},"content":{"rendered":"\n<h2 class=\"wp-block-heading\">Reunimos o melhor conte\u00fado sobre WordPress para voc\u00ea<\/h2>\n\n\n\n<p>Reserve j\u00e1 o seu ingresso gr\u00e1tis para acompanhar as palestras online.<\/p>\n\n\n\n<div class=\"wp-block-buttons is-layout-flex wp-block-buttons-is-layout-flex\">\n<div class=\"wp-block-button\"><a class=\"wp-block-button__link has-white-color has-text-color has-background\" href=\"https:\/\/saopaulo.wordcamp.org\/2020\/inscreva-se\/\" style=\"border-radius:3px;background-color:#e60602\">Inscreva-se<\/a><\/div>\n<\/div>\n\n\n\n<div style=\"height:75px\" aria-hidden=\"true\" class=\"wp-block-spacer\"><\/div>\n\n\n\n\n\n<p>Clique na estrela\u2b50 para salvar suas palestras favoritas e envi\u00e1-las por email.<\/p>\n\n\n<table class=\"wcpt-schedule\" border=\"0\"><thead><tr><th class=\"wcpt-col-time\">Hora<\/th><th class=\"wcpt-col-track\"> <span class=\"wcpt-track-name\">Trilha A<\/span> <span class=\"wcpt-track-description\"><\/span> <\/th><th class=\"wcpt-col-track\"> <span class=\"wcpt-track-name\">Trilha B<\/span> <span class=\"wcpt-track-description\"><\/span> <\/th><\/tr><\/thead><tbody><tr class=\"wcpt-time-1000 global-session abertura\"><td class=\"wcpt-time\">10:00<\/td><td colspan=\"2\" class=\"wcb-track-trilha-a wcb-track-trilha-b wcpt-session-type-custom wcb-session-abertura\" data-track-title=\"Trilha A, Trilha B\" data-session-id=\"1709\"><div class=\"wcb-session-cell-content\"><span class=\"wcpt-session-title\">Abertura<\/span><\/div><\/td><\/tr><tr class=\"wcpt-time-1020\"><td class=\"wcpt-time\">10:20<\/td><td colspan=\"1\" class=\"wcb-speaker-fellyph-cintra wcb-track-desenvolvimento wcb-track-trilha-a wcb-session-category-desenvolvimento wcpt-session-type-session wcb-session-como-machine-learning-pode-influenciar-na-plataforma-wordpress\" data-track-title=\"Desenvolvimento, Trilha A\" data-session-id=\"1452\"><div class=\"wcb-session-cell-content\"><a class=\"wcpt-session-title\" href=\"https:\/\/saopaulo.wordcamp.org\/2020\/session\/como-machine-learning-pode-influenciar-na-plataforma-wordpress\/\">Como Machine Learning pode influenciar na plataforma WordPress<\/a> <span class=\"wcpt-session-speakers\"><a href=\"https:\/\/saopaulo.wordcamp.org\/2020\/speaker\/fellyph-cintra\/\">Fellyph Cintra<\/a><\/span><\/div><div class=\"wcb-session-favourite-icon\"><a href=\"#\" role=\"button\" class=\"fav-session-button\" aria-pressed=\"false\"><span class=\"screen-reader-text\">Palestra favorita: Como Machine Learning pode influenciar na plataforma WordPress<\/span><span class=\"dashicons dashicons-star-filled\"><\/span><\/a><\/div><\/td><td colspan=\"1\" class=\"wcb-speaker-luciane-costa wcb-track-conteudo wcb-track-trilha-b wcb-session-category-conteudo wcpt-session-type-session wcb-session-pare-de-escrever-para-o-robo-conteudo-que-encanta-e-converte\" data-track-title=\"Conte\u00fado, Trilha B\" data-session-id=\"1446\"><div class=\"wcb-session-cell-content\"><a class=\"wcpt-session-title\" href=\"https:\/\/saopaulo.wordcamp.org\/2020\/session\/pare-de-escrever-para-o-robo-conteudo-que-encanta-e-converte\/\">Pare de escrever para o rob\u00f4: conte\u00fado que encanta e converte<\/a> <span class=\"wcpt-session-speakers\"><a href=\"https:\/\/saopaulo.wordcamp.org\/2020\/speaker\/luciane-costa\/\">Luciane Costa<\/a><\/span><\/div><div class=\"wcb-session-favourite-icon\"><a href=\"#\" role=\"button\" class=\"fav-session-button\" aria-pressed=\"false\"><span class=\"screen-reader-text\">Palestra favorita: Pare de escrever para o rob\u00f4: conte\u00fado que encanta e converte<\/span><span class=\"dashicons dashicons-star-filled\"><\/span><\/a><\/div><\/td><\/tr><tr class=\"wcpt-time-1110\"><td class=\"wcpt-time\">11:10<\/td><td colspan=\"1\" class=\"wcb-speaker-paulo-henrique-de-lima-santana wcb-track-comunidade wcb-track-trilha-a wcb-session-category-comunidade wcpt-session-type-session wcb-session-software-livre-e-codigo-aberto-voce-tambem-pode-contribuir\" data-track-title=\"Comunidade, Trilha A\" data-session-id=\"1442\"><div class=\"wcb-session-cell-content\"><a class=\"wcpt-session-title\" href=\"https:\/\/saopaulo.wordcamp.org\/2020\/session\/software-livre-e-codigo-aberto-voce-tambem-pode-contribuir\/\">Software Livre e C\u00f3digo Aberto &#8211; Voc\u00ea tamb\u00e9m pode contribuir!<\/a> <span class=\"wcpt-session-speakers\"><a href=\"https:\/\/saopaulo.wordcamp.org\/2020\/speaker\/paulo-henrique-de-lima-santana\/\">Paulo Henrique de Lima Santana<\/a><\/span><\/div><div class=\"wcb-session-favourite-icon\"><a href=\"#\" role=\"button\" class=\"fav-session-button\" aria-pressed=\"false\"><span class=\"screen-reader-text\">Palestra favorita: Software Livre e C\u00f3digo Aberto &#8211; Voc\u00ea tamb\u00e9m pode contribuir!<\/span><span class=\"dashicons dashicons-star-filled\"><\/span><\/a><\/div><\/td><td colspan=\"1\" class=\"wcb-speaker-gabriel-henrique-ramos-souza wcb-track-design wcb-track-trilha-b wcb-session-category-design wcpt-session-type-session wcb-session-acessibilidade-e-usabilidade-em-design-digital\" data-track-title=\"Design, Trilha B\" data-session-id=\"1458\"><div class=\"wcb-session-cell-content\"><a class=\"wcpt-session-title\" href=\"https:\/\/saopaulo.wordcamp.org\/2020\/session\/acessibilidade-e-usabilidade-em-design-digital\/\">Acessibilidade e Usabilidade em Design Digital<\/a> <span class=\"wcpt-session-speakers\"><a href=\"https:\/\/saopaulo.wordcamp.org\/2020\/speaker\/gabriel-henrique-ramos-souza\/\">Gabriel Henrique Ramos Souza<\/a><\/span><\/div><div class=\"wcb-session-favourite-icon\"><a href=\"#\" role=\"button\" class=\"fav-session-button\" aria-pressed=\"false\"><span class=\"screen-reader-text\">Palestra favorita: Acessibilidade e Usabilidade em Design Digital<\/span><span class=\"dashicons dashicons-star-filled\"><\/span><\/a><\/div><\/td><\/tr><tr class=\"wcpt-time-1200\"><td class=\"wcpt-time\">12:00<\/td><td colspan=\"1\" class=\"wcb-speaker-leo-germani wcb-track-desenvolvimento wcb-track-trilha-a wcb-session-category-desenvolvimento wcpt-session-type-session wcb-session-interfaces-invisiveis-estendendo-a-api-do-wordpress\" data-track-title=\"Desenvolvimento, Trilha A\" data-session-id=\"1454\"><div class=\"wcb-session-cell-content\"><a class=\"wcpt-session-title\" href=\"https:\/\/saopaulo.wordcamp.org\/2020\/session\/interfaces-invisiveis-estendendo-a-api-do-wordpress\/\">Interfaces invis\u00edveis &#8211; Estendendo a API do WordPress<\/a> <span class=\"wcpt-session-speakers\"><a href=\"https:\/\/saopaulo.wordcamp.org\/2020\/speaker\/leo-germani\/\">Leo Germani<\/a><\/span><\/div><div class=\"wcb-session-favourite-icon\"><a href=\"#\" role=\"button\" class=\"fav-session-button\" aria-pressed=\"false\"><span class=\"screen-reader-text\">Palestra favorita: Interfaces invis\u00edveis &#8211; Estendendo a API do WordPress<\/span><span class=\"dashicons dashicons-star-filled\"><\/span><\/a><\/div><\/td><td colspan=\"1\" class=\"wcb-speaker-sandra-peres wcb-track-conteudo wcb-track-trilha-b wcb-session-category-conteudo wcpt-session-type-session wcb-session-como-usar-o-wordpress-na-estrategia-de-conteudo-digital\" data-track-title=\"Conte\u00fado, Trilha B\" data-session-id=\"1448\"><div class=\"wcb-session-cell-content\"><a class=\"wcpt-session-title\" href=\"https:\/\/saopaulo.wordcamp.org\/2020\/session\/como-usar-o-wordpress-na-estrategia-de-conteudo-digital\/\">Como usar o WordPress na estrat\u00e9gia de conte\u00fado digital<\/a> <span class=\"wcpt-session-speakers\"><a href=\"https:\/\/saopaulo.wordcamp.org\/2020\/speaker\/sandra-peres\/\">Sandra Peres<\/a><\/span><\/div><div class=\"wcb-session-favourite-icon\"><a href=\"#\" role=\"button\" class=\"fav-session-button\" aria-pressed=\"false\"><span class=\"screen-reader-text\">Palestra favorita: Como usar o WordPress na estrat\u00e9gia de conte\u00fado digital<\/span><span class=\"dashicons dashicons-star-filled\"><\/span><\/a><\/div><\/td><\/tr><tr class=\"wcpt-time-1250 global-session almoo\"><td class=\"wcpt-time\">12:50<\/td><td colspan=\"2\" class=\"wcb-track-trilha-a wcb-track-trilha-b wcpt-session-type-custom wcb-session-almoco\" data-track-title=\"Trilha A, Trilha B\" data-session-id=\"1710\"><div class=\"wcb-session-cell-content\"><span class=\"wcpt-session-title\">Almo\u00e7o<\/span><\/div><\/td><\/tr><tr class=\"wcpt-time-1320\"><td class=\"wcpt-time\">13:20<\/td><td colspan=\"1\" class=\"wcb-speaker-maicon-gracioli-passos wcb-track-negocios wcb-track-trilha-a wcb-session-category-negocios wcpt-session-type-session wcb-session-acoes-praticas-para-enquadrar-o-seu-site-wordpress-a-lgpd\" data-track-title=\"Neg\u00f3cios, Trilha A\" data-session-id=\"1460\"><div class=\"wcb-session-cell-content\"><a class=\"wcpt-session-title\" href=\"https:\/\/saopaulo.wordcamp.org\/2020\/session\/acoes-praticas-para-enquadrar-o-seu-site-wordpress-a-lgpd\/\">A\u00e7\u00f5es pr\u00e1ticas para enquadrar o seu site WordPress \u00e0 LGPD<\/a> <span class=\"wcpt-session-speakers\"><a href=\"https:\/\/saopaulo.wordcamp.org\/2020\/speaker\/maicon-gracioli-passos\/\">Maicon Gracioli Passos<\/a><\/span><\/div><div class=\"wcb-session-favourite-icon\"><a href=\"#\" role=\"button\" class=\"fav-session-button\" aria-pressed=\"false\"><span class=\"screen-reader-text\">Palestra favorita: A\u00e7\u00f5es pr\u00e1ticas para enquadrar o seu site WordPress \u00e0 LGPD<\/span><span class=\"dashicons dashicons-star-filled\"><\/span><\/a><\/div><\/td><td colspan=\"1\" class=\"wcb-speaker-cristina-de-cassia-viana-luz wcb-track-desenvolvimento wcb-track-trilha-b wcb-session-category-desenvolvimento wcpt-session-type-session wcb-session-sos-wordpress-um-manual-de-sobrevivencia-para-desenvolvedora\" data-track-title=\"Desenvolvimento, Trilha B\" data-session-id=\"1450\"><div class=\"wcb-session-cell-content\"><a class=\"wcpt-session-title\" href=\"https:\/\/saopaulo.wordcamp.org\/2020\/session\/sos-wordpress-um-manual-de-sobrevivencia-para-desenvolvedora\/\">SOS WordPress &#8211; Um manual de sobreviv\u00eancia para desenvolvedor(a)<\/a> <span class=\"wcpt-session-speakers\"><a href=\"https:\/\/saopaulo.wordcamp.org\/2020\/speaker\/cristina-de-cassia-viana-luz\/\">Cristina de Cassia Viana Luz<\/a><\/span><\/div><div class=\"wcb-session-favourite-icon\"><a href=\"#\" role=\"button\" class=\"fav-session-button\" aria-pressed=\"false\"><span class=\"screen-reader-text\">Palestra favorita: SOS WordPress &#8211; Um manual de sobreviv\u00eancia para desenvolvedor(a)<\/span><span class=\"dashicons dashicons-star-filled\"><\/span><\/a><\/div><\/td><\/tr><tr class=\"wcpt-time-1400\"><td class=\"wcpt-time\">14:00<\/td><td colspan=\"1\" class=\"wcb-speaker-tiago-correa-da-silva wcb-track-negocios wcb-track-trilha-a wcb-session-category-negocios wcpt-session-type-session wcb-session-ead-em-tempo-de-pandemia-com-wp-woocommerce-sensei\" data-track-title=\"Neg\u00f3cios, Trilha A\" data-session-id=\"1464\"><div class=\"wcb-session-cell-content\"><a class=\"wcpt-session-title\" href=\"https:\/\/saopaulo.wordcamp.org\/2020\/session\/ead-em-tempo-de-pandemia-com-wp-woocommerce-sensei\/\">EaD em tempo de pandemia com WP + WooCommerce + Sensei<\/a> <span class=\"wcpt-session-speakers\"><a href=\"https:\/\/saopaulo.wordcamp.org\/2020\/speaker\/tiago-correa-da-silva\/\">Tiago Correa da Silva<\/a><\/span><\/div><div class=\"wcb-session-favourite-icon\"><a href=\"#\" role=\"button\" class=\"fav-session-button\" aria-pressed=\"false\"><span class=\"screen-reader-text\">Palestra favorita: EaD em tempo de pandemia com WP + WooCommerce + Sensei<\/span><span class=\"dashicons dashicons-star-filled\"><\/span><\/a><\/div><\/td><td colspan=\"1\" class=\"wcb-speaker-filipe-nzongo wcb-track-design wcb-track-trilha-b wcb-session-category-design wcpt-session-type-session wcb-session-como-nascem-as-interfaces-que-usamos\" data-track-title=\"Design, Trilha B\" data-session-id=\"2513\"><div class=\"wcb-session-cell-content\"><a class=\"wcpt-session-title\" href=\"https:\/\/saopaulo.wordcamp.org\/2020\/session\/como-nascem-as-interfaces-que-usamos\/\">Como nascem as interfaces que usamos<\/a> <span class=\"wcpt-session-speakers\"><a href=\"https:\/\/saopaulo.wordcamp.org\/2020\/speaker\/filipe-nzongo\/\">Filipe Nzongo<\/a><\/span><\/div><div class=\"wcb-session-favourite-icon\"><a href=\"#\" role=\"button\" class=\"fav-session-button\" aria-pressed=\"false\"><span class=\"screen-reader-text\">Palestra favorita: Como nascem as interfaces que usamos<\/span><span class=\"dashicons dashicons-star-filled\"><\/span><\/a><\/div><\/td><\/tr><tr class=\"wcpt-time-1450\"><td class=\"wcpt-time\">14:50<\/td><td colspan=\"1\" class=\"wcb-speaker-rodrigo-digo-ribeiro wcb-track-desenvolvimento wcb-track-trilha-a wcb-session-category-desenvolvimento wcpt-session-type-session wcb-session-criando-temas-para-wordpress-usando-frontity\" data-track-title=\"Desenvolvimento, Trilha A\" data-session-id=\"1456\"><div class=\"wcb-session-cell-content\"><a class=\"wcpt-session-title\" href=\"https:\/\/saopaulo.wordcamp.org\/2020\/session\/criando-temas-para-wordpress-usando-frontity\/\">Criando temas para WordPress usando Frontity<\/a> <span class=\"wcpt-session-speakers\"><a href=\"https:\/\/saopaulo.wordcamp.org\/2020\/speaker\/rodrigo-digo-ribeiro\/\">Rodrigo (Digo) Ribeiro<\/a><\/span><\/div><div class=\"wcb-session-favourite-icon\"><a href=\"#\" role=\"button\" class=\"fav-session-button\" aria-pressed=\"false\"><span class=\"screen-reader-text\">Palestra favorita: Criando temas para WordPress usando Frontity<\/span><span class=\"dashicons dashicons-star-filled\"><\/span><\/a><\/div><\/td><td colspan=\"1\" class=\"wcb-speaker-amanda-noronha-araujo wcb-track-conteudo wcb-track-trilha-b wcb-session-category-conteudo wcpt-session-type-session wcb-session-o-seo-da-proxima-decada-e-o-que-esperar-do-futuro-o-fim-e-o-comeco\" data-track-title=\"Conte\u00fado, Trilha B\" data-session-id=\"1444\"><div class=\"wcb-session-cell-content\"><a class=\"wcpt-session-title\" href=\"https:\/\/saopaulo.wordcamp.org\/2020\/session\/o-seo-da-proxima-decada-e-o-que-esperar-do-futuro-o-fim-e-o-comeco\/\">O SEO da pr\u00f3xima d\u00e9cada e o que esperar do futuro &#8211; O fim \u00e9 o come\u00e7o<\/a> <span class=\"wcpt-session-speakers\"><a href=\"https:\/\/saopaulo.wordcamp.org\/2020\/speaker\/amanda-noronha-araujo\/\">Amanda Noronha Araujo<\/a><\/span><\/div><div class=\"wcb-session-favourite-icon\"><a href=\"#\" role=\"button\" class=\"fav-session-button\" aria-pressed=\"false\"><span class=\"screen-reader-text\">Palestra favorita: O SEO da pr\u00f3xima d\u00e9cada e o que esperar do futuro &#8211; O fim \u00e9 o come\u00e7o<\/span><span class=\"dashicons dashicons-star-filled\"><\/span><\/a><\/div><\/td><\/tr><tr class=\"wcpt-time-1550 global-session encerramento\"><td class=\"wcpt-time\">15:50<\/td><td colspan=\"2\" class=\"wcb-track-trilha-a wcb-track-trilha-b wcpt-session-type-custom wcb-session-encerramento\" data-track-title=\"Trilha A, Trilha B\" data-session-id=\"1711\"><div class=\"wcb-session-cell-content\"><span class=\"wcpt-session-title\">Encerramento<\/span><\/div><\/td><\/tr><\/tbody><\/table>\n\t<div class=\"email-form fav-session-email-form-hide\">\n\t\t<!-- Tab links -->\n\t\t<div class=\"fav-session-share-tab\">\n\t\t\t\t\t\t\t<div class=\"fav-session-tablinks\" id=\"fav-session-btn-email\">\n\t\t\t\t\tE-mail\t\t\t\t<\/div>\n\t\t\t\n\t\t\t<div class=\"fav-session-tablinks\" id=\"fav-session-btn-link\">\n\t\t\t\tLink\t\t\t<\/div>\n\n\t\t\t<div class=\"fav-session-tablinks\" id=\"fav-session-btn-print\">\n\t\t\t\tImprimir\t\t\t<\/div>\n\t\t<\/div>\n\n\t\t<!-- Tab content -->\n\t\t\t\t\t<div id=\"fav-session-tab-email\" class=\"fav-session-share-tabcontent\">\n\t\t\t\t<div id=\"fav-session-email-form\">\n\t\t\t\t\tEnvie-me minhas sess\u00f5es favoritas:\n\t\t\t\t\t<form id=\"fav-sessions-form\">\n\t\t\t\t\t\t<input\n\t\t\t\t\t\t\ttype=\"text\"\n\t\t\t\t\t\t\tname=\"email_address\"\n\t\t\t\t\t\t\tid=\"fav-sessions-email-address\"\n\t\t\t\t\t\t\tplaceholder=\"me@protonmail.com\"\n\t\t\t\t\t\t\/>\n\t\t\t\t\t\t<input type=\"submit\" value=\"Enviar\" \/>\n\t\t\t\t\t<\/form>\n\t\t\t\t<\/div>\n\n\t\t\t\t<div class=\"fav-session-email-wait-spinner\"><\/div>\n\t\t\t\t<div class=\"fav-session-email-result\"><\/div>\n\t\t\t<\/div>\n\t\t\n\t\t<div id=\"fav-session-tab-link\" class=\"fav-session-share-tabcontent\">\n\t\t\tLink compartilh\u00e1vel:\t\t\t<br \/>\n\t\t\t<a id=\"fav-sessions-link\" href=\"\"><\/a>\n\t\t<\/div>\n\n\t\t<div id=\"fav-session-tab-print\" class=\"fav-session-share-tabcontent\">\n\t\t\t<button id=\"fav-session-print\">\n\t\t\t\tImprimir sess\u00f5es favoritas\t\t\t<\/button>\n\t\t<\/div>\n\t<\/div>\n\n\t<a class=\"show-email-form\" href=\"javascript:\">\n\t\t<span class=\"dashicons dashicons-star-filled\"><\/span>\n\t\t<span class=\"dashicons dashicons-email-alt\"><\/span>\n\t<\/a>\n\n\t\n","protected":false},"excerpt":{"rendered":"<p>Reunimos o melhor conte\u00fado sobre WordPress para voc\u00ea Reserve j\u00e1 o seu ingresso gr\u00e1tis para acompanhar as palestras online. Clique na estrela\u2b50 para salvar suas palestras favoritas e envi\u00e1-las por email.<\/p>\n","protected":false},"author":7895104,"featured_media":0,"parent":0,"menu_order":0,"comment_status":"closed","ping_status":"closed","template":"","meta":{"jetpack_post_was_ever_published":false,"footnotes":""},"class_list":["post-7","page","type-page","status-publish","hentry"],"jetpack_sharing_enabled":true,"jetpack_likes_enabled":true,"jetpack-related-posts":[{"id":2400,"url":"https:\/\/saopaulo.wordcamp.org\/2020\/trilha-a\/","url_meta":{"origin":7,"position":0},"title":"Trilha A","author":"killuawax","date":"11 de setembro de 2020","format":false,"excerpt":"Acompanhe o evento ao vivo agora! Acompanhe tamb\u00e9m a Trilha B. https:\/\/www.youtube.com\/watch?v=6YzxUBVMSpI Clique na estrela\u2b50 para salvar suas palestras favoritas e envi\u00e1-las por email.","rel":"","context":"Post similar","block_context":{"text":"Post similar","link":""},"img":{"alt_text":"","src":"https:\/\/i0.wp.com\/saopaulo.wordcamp.org\/2020\/files\/2020\/06\/cropped-cropped-simbolo-vermelho-wordcamp-sao-paulo-2020.png?fit=512%2C512&resize=350%2C200#038;ssl=1","width":350,"height":200},"classes":[]},{"id":2609,"url":"https:\/\/saopaulo.wordcamp.org\/2020\/trilha-b\/","url_meta":{"origin":7,"position":1},"title":"Trilha B","author":"killuawax","date":"11 de setembro de 2020","format":false,"excerpt":"Acompanhe o evento ao vivo agora! Acompanhe tamb\u00e9m a Trilha A. https:\/\/www.youtube.com\/watch?v=WCPNLdGwSGA Clique na estrela\u2b50 para salvar suas palestras favoritas e envi\u00e1-las por email.","rel":"","context":"Post similar","block_context":{"text":"Post similar","link":""},"img":{"alt_text":"","src":"https:\/\/i0.wp.com\/saopaulo.wordcamp.org\/2020\/files\/2020\/06\/cropped-cropped-simbolo-vermelho-wordcamp-sao-paulo-2020.png?fit=512%2C512&resize=350%2C200#038;ssl=1","width":350,"height":200},"classes":[]},{"id":2,"url":"https:\/\/saopaulo.wordcamp.org\/2020\/","url_meta":{"origin":7,"position":2},"title":"Home","author":"Allyson","date":"31 de janeiro de 2020","format":false,"excerpt":"A confer\u00eancia oficial do WordPress 12 de setembro de 2020 - EDI\u00c7\u00c3O ONLINE e GRATUITA \ud83c\udfa5 Assita \u00e0 Trilha A \ud83c\udfa5 Assista \u00e0 Trilha B Palestras e muita troca de conhecimento. Tudo sobre WordPress. Os WordCamps s\u00e3o confer\u00eancias organizadas pelas comunidades WordPress em v\u00e1rias cidades do mundo. O WordCamp S\u00e3o\u2026","rel":"","context":"Post similar","block_context":{"text":"Post similar","link":""},"img":{"alt_text":"","src":"https:\/\/i0.wp.com\/saopaulo.wordcamp.org\/2020\/files\/2020\/07\/wordcamp-sao-paulo-2020-slideshow-1-scaled.jpg?resize=350%2C200&ssl=1","width":350,"height":200,"srcset":"https:\/\/i0.wp.com\/saopaulo.wordcamp.org\/2020\/files\/2020\/07\/wordcamp-sao-paulo-2020-slideshow-1-scaled.jpg?resize=350%2C200&ssl=1 1x, https:\/\/i0.wp.com\/saopaulo.wordcamp.org\/2020\/files\/2020\/07\/wordcamp-sao-paulo-2020-slideshow-1-scaled.jpg?resize=525%2C300&ssl=1 1.5x, https:\/\/i0.wp.com\/saopaulo.wordcamp.org\/2020\/files\/2020\/07\/wordcamp-sao-paulo-2020-slideshow-1-scaled.jpg?resize=700%2C400&ssl=1 2x, https:\/\/i0.wp.com\/saopaulo.wordcamp.org\/2020\/files\/2020\/07\/wordcamp-sao-paulo-2020-slideshow-1-scaled.jpg?resize=1050%2C600&ssl=1 3x, https:\/\/i0.wp.com\/saopaulo.wordcamp.org\/2020\/files\/2020\/07\/wordcamp-sao-paulo-2020-slideshow-1-scaled.jpg?resize=1400%2C800&ssl=1 4x"},"classes":[]},{"id":9,"url":"https:\/\/saopaulo.wordcamp.org\/2020\/palestras\/","url_meta":{"origin":7,"position":3},"title":"Palestras","author":"Allyson","date":"31 de janeiro de 2020","format":false,"excerpt":"","rel":"","context":"Post similar","block_context":{"text":"Post similar","link":""},"img":{"alt_text":"","src":"https:\/\/i0.wp.com\/saopaulo.wordcamp.org\/2020\/files\/2020\/06\/cropped-cropped-simbolo-vermelho-wordcamp-sao-paulo-2020.png?fit=512%2C512&resize=350%2C200#038;ssl=1","width":350,"height":200},"classes":[]},{"id":676,"url":"https:\/\/saopaulo.wordcamp.org\/2020\/palestre-no-wordcamp-sao-paulo-2020\/","url_meta":{"origin":7,"position":4},"title":"Palestre no WordCamp S\u00e3o Paulo 2020","author":"Anyssa Ferreira","date":"28 de julho de 2020","format":false,"excerpt":"Nesta edi\u00e7\u00e3o do WordCamp S\u00e3o Paulo, receberemos propostas de palestras. Abaixo, voc\u00ea confere algumas informa\u00e7\u00f5es e instru\u00e7\u00f5es para se candidatar. Prazos Envio das palestras: at\u00e9 24 de agostoDivulga\u00e7\u00e3o da programa\u00e7\u00e3o final: a partir de 27 de agosto Formato Palestra As palestras s\u00e3o apresenta\u00e7\u00f5es - geralmente pontuais - que abordam um\u2026","rel":"","context":"Post similar","block_context":{"text":"Post similar","link":""},"img":{"alt_text":"","src":"https:\/\/i0.wp.com\/saopaulo.wordcamp.org\/2020\/files\/2020\/06\/cropped-cropped-simbolo-vermelho-wordcamp-sao-paulo-2020.png?fit=512%2C512&resize=350%2C200#038;ssl=1","width":350,"height":200},"classes":[]},{"id":806,"url":"https:\/\/saopaulo.wordcamp.org\/2020\/sobre\/","url_meta":{"origin":7,"position":5},"title":"Sobre","author":"Allyson","date":"28 de julho de 2020","format":false,"excerpt":"O WordCamp \u00e9 uma confer\u00eancia originada nos Estados Unidos, sobre tudo relacionado ao WordPress, plataforma open source de gerenciamento de conte\u00fado. S\u00e3o eventos organizados por comunidades de usu\u00e1rios do WordPress ao redor do mundo, onde desenvolvedores, designers, produtores de conte\u00fado e demais usu\u00e1rios podem se unir para assistir palestras, trocar\u2026","rel":"","context":"Post similar","block_context":{"text":"Post similar","link":""},"img":{"alt_text":"Matt Mullenweg no WordCamp Brasil","src":"https:\/\/i0.wp.com\/2012.saopaulo.wordcamp.org\/files\/2012\/06\/matt4-199x300.jpg?resize=350%2C200","width":350,"height":200},"classes":[]}],"_links":{"self":[{"href":"https:\/\/saopaulo.wordcamp.org\/2020\/wp-json\/wp\/v2\/pages\/7","targetHints":{"allow":["GET"]}}],"collection":[{"href":"https:\/\/saopaulo.wordcamp.org\/2020\/wp-json\/wp\/v2\/pages"}],"about":[{"href":"https:\/\/saopaulo.wordcamp.org\/2020\/wp-json\/wp\/v2\/types\/page"}],"author":[{"embeddable":true,"href":"https:\/\/saopaulo.wordcamp.org\/2020\/wp-json\/wp\/v2\/users\/7895104"}],"replies":[{"embeddable":true,"href":"https:\/\/saopaulo.wordcamp.org\/2020\/wp-json\/wp\/v2\/comments?post=7"}],"version-history":[{"count":15,"href":"https:\/\/saopaulo.wordcamp.org\/2020\/wp-json\/wp\/v2\/pages\/7\/revisions"}],"predecessor-version":[{"id":2404,"href":"https:\/\/saopaulo.wordcamp.org\/2020\/wp-json\/wp\/v2\/pages\/7\/revisions\/2404"}],"wp:attachment":[{"href":"https:\/\/saopaulo.wordcamp.org\/2020\/wp-json\/wp\/v2\/media?parent=7"}],"curies":[{"name":"wp","href":"https:\/\/api.w.org\/{rel}","templated":true}]}}