{"id":806,"date":"2020-07-28T17:32:33","date_gmt":"2020-07-28T17:32:33","guid":{"rendered":"https:\/\/2020.saopaulo.wordcamp.org\/?page_id=806"},"modified":"2020-07-28T17:32:33","modified_gmt":"2020-07-28T17:32:33","slug":"sobre","status":"publish","type":"page","link":"https:\/\/saopaulo.wordcamp.org\/2020\/sobre\/","title":{"rendered":"Sobre"},"content":{"rendered":"\n<p>O <a href=\"https:\/\/central.wordcamp.org\/\">WordCamp<\/a> \u00e9 uma confer\u00eancia originada nos Estados Unidos, sobre tudo relacionado ao WordPress, plataforma <em>open<\/em> <em>source<\/em> de gerenciamento de conte\u00fado. S\u00e3o eventos organizados por comunidades de usu\u00e1rios do WordPress ao redor do mundo, onde desenvolvedores, designers, produtores de conte\u00fado e demais usu\u00e1rios podem se unir para assistir palestras, trocar ideias e se conhecer em um&nbsp;ambiente informal.<\/p>\n\n\n\n<div class=\"wp-block-image\"><figure class=\"alignleft\"><a href=\"https:\/\/i0.wp.com\/2012.saopaulo.wordcamp.org\/files\/2012\/06\/matt4.jpg\"><img data-recalc-dims=\"1\" height=\"300\" width=\"199\" decoding=\"async\" src=\"https:\/\/i0.wp.com\/2012.saopaulo.wordcamp.org\/files\/2012\/06\/matt4-199x300.jpg?resize=199%2C300\" alt=\"Matt Mullenweg no WordCamp Brasil\" class=\"wp-image-10\" \/><\/a><\/figure><\/div>\n\n\n\n<p>O primeiro WordCamp aconteceu em julho de 2006 em S\u00e3o Francisco. Foi organizado por <a href=\"https:\/\/ma.tt\/\">Matt Mullenweg<\/a>, criador do WordPress, em apenas tr\u00eas semanas, tornando-se um sucesso absoluto com 300 participantes. O primeiro WordCamp internacional do qual se teve not\u00edcia aconteceu em Israel no dia 25 de outubro de 2007. Desde ent\u00e3o o WordCamp se espalhou pelas capitais e principais cidades do mundo todo, como: Paris, Mil\u00e3o, T\u00f3quio, Melbourne, Sydney, Birmingham, Hamburgo e Vancouver (<a href=\"https:\/\/central.wordcamp.org\/schedule\/past-wordcamps\/\">veja lista com todos os WordCamps realizados<\/a>)<\/p>\n\n\n\n<p>Em 2009 foi realizado o primeiro WordCamp Brasil, na cidade de S\u00e3o Paulo, com a presen\u00e7a de Matt Mullenweg. Desde ent\u00e3o outros 6 WordCamps foram realizados em S\u00e3o Paulo. Esse ano realizaremos novamente o WordCamp S\u00e3o Paulo, em parceria com a UNINOVE, em um evento para cerca de 600 pessoas.<\/p>\n\n\n\n<h3 class=\"wp-block-heading\">WordPress no Brasil<\/h3>\n\n\n\n<p>Depois do primeiro WordCamp Brasil a comunidade come\u00e7ou a se organizar para descentralizar a a\u00e7\u00e3o de S\u00e3o Paulo e v\u00e1rias cidades como Rio de Janeiro, Curitiba, Salvador, Porto Alegre e Belo Horizonte come\u00e7aram a articular Meetups e a falar sobre novos WordCamps.<\/p>\n\n\n\n<p>Atualmente a lista de eventos exclusivos de WordPress est\u00e1 dividida em WordCamps e Meetups:<\/p>\n\n\n\n<h4 class=\"wp-block-heading\">WordCamps<\/h4>\n\n\n\n<ul class=\"wp-block-list\"><li><a href=\"http:\/\/belohorizonte.wordcamp.org\/\">WordCamp Belo Horizonte<\/a><\/li><li><a href=\"http:\/\/curitiba.wordcamp.org\/\">WordCamp Curitiba<\/a><\/li><li><a href=\"https:\/\/floripa.wordcamp.org\/\">WordCamp Floripa<\/a><\/li><li><a href=\"https:\/\/fortaleza.wordcamp.org\/2016\/\">WordCamp Fortaleza<\/a><\/li><li><a href=\"http:\/\/portoalegre.wordcamp.org\/\">WordCamp Porto Alegre<\/a><\/li><li><a href=\"http:\/\/riodejaneiro.wordcamp.org\/\">WordCamp Rio de Janeiro<\/a><\/li><li><a href=\"http:\/\/salvador.wordcamp.org\/\">WordCamp Salvador<\/a><\/li><li><a href=\"https:\/\/saopaulo.wordcamp.org\/\">WordCamp S\u00e3o Paulo<\/a><\/li><\/ul>\n\n\n\n<h4 class=\"wp-block-heading\">Meetups<\/h4>\n\n\n\n<p>Maps de meetups global: <a href=\"https:\/\/www.meetup.com\/pro\/wordpress\/\">https:\/\/www.meetup.com\/pro\/wordpress\/<\/a><\/p>\n\n\n\n<ul class=\"wp-block-list\"><li><a href=\"https:\/\/www.meetup.com\/pt-BR\/Meetup-de-WordPress-Balneario-Camboriu\/\">Balne\u00e1rio Cambori\u00fa<\/a><\/li><li><a href=\"http:\/\/www.meetup.com\/WordPressBeloHorizonte\">Belo Horizonte<\/a><\/li><li><a href=\"https:\/\/www.meetup.com\/pt-BR\/Blumenau-WordPress-Meetup\/\">Blumenau<\/a><\/li><li><a href=\"https:\/\/www.meetup.com\/WordPress-Brasilia\/\">Bras\u00edlia<\/a><\/li><li><a href=\"https:\/\/www.meetup.com\/pt-BR\/wpcampinas\/\">Campinas<\/a><\/li><li><a href=\"http:\/\/www.meetup.com\/wpcuritiba\/\">Curitiba<\/a><\/li><li><a href=\"http:\/\/www.meetup.com\/WordPress-Meetup-Cariri\/\">Cariri (Regi\u00e3o do Cariri Cearense)<\/a><\/li><li><a href=\"https:\/\/www.meetup.com\/Meetup-Wordpress-Floripa\/\">Florian\u00f3polis<\/a><\/li><li><a href=\"https:\/\/www.meetup.com\/wpfortaleza\/\">Fortaleza<\/a><\/li><li><a href=\"https:\/\/www.meetup.com\/pt-BR\/WordPressGyn\/\">Goi\u00e2nia<\/a><\/li><li><a href=\"http:\/\/www.meetup.com\/wpJoaoPessoa\/\">Jo\u00e3o Pessoa<\/a><\/li><li><a href=\"http:\/\/www.meetup.com\/wpjoinville\/\">Joinville<\/a><\/li><li><a href=\"https:\/\/www.meetup.com\/pt-BR\/Comunidade-WordPress-Juiz-de-Fora\/\">Juiz de Fora<\/a><\/li><li><a href=\"https:\/\/www.meetup.com\/Natal-WordPress\/\">Natal<\/a><\/li><li><a href=\"http:\/\/www.meetup.com\/baixada-rio\/\">Nova Igua\u00e7u (Baixada Rio)<\/a><\/li><li><a href=\"http:\/\/www.meetup.com\/wp-poa\/\">Porto Alegre<\/a><\/li><li><a href=\"https:\/\/www.meetup.com\/Rio-Branco-WordPress-Meetup\/\">Rio Branco<\/a><\/li><li><a href=\"http:\/\/www.meetup.com\/wp-rio\" target=\"_blank\" rel=\"noopener noreferrer\">Rio de Janeiro<\/a><\/li><li><a href=\"https:\/\/www.meetup.com\/pt-BR\/wpsaobento\/\">S\u00e3o Bento do Sul <\/a> <\/li><li><a rel=\"noreferrer noopener\" href=\"https:\/\/www.meetup.com\/wpsanca\">S\u00e3o Carlos<\/a><\/li><li><a rel=\"noreferrer noopener\" href=\"https:\/\/www.meetup.com\/pt-BR\/Sao-Jose-dos-Campos-WordPress-Meetup\/\" target=\"_blank\">S\u00e3o Jos\u00e9 dos Campos<\/a><\/li><li><a href=\"http:\/\/www.meetup.com\/wpsampa\/\" target=\"_blank\" rel=\"noopener noreferrer\">S\u00e3o Paulo<\/a><\/li><li><a href=\"http:\/\/www.meetup.com\/wpsorocaba\/\">Sorocaba<\/a><\/li><li><a href=\"https:\/\/www.meetup.com\/pt-BR\/Tiradentes-WordPress-Meetup\/\">Tiradentes<\/a><\/li><li><a href=\"https:\/\/www.meetup.com\/Vitoria-WordPress-Meetup-WordCampVitoria\/\">Vit\u00f3ria<\/a><\/li><\/ul>\n","protected":false},"excerpt":{"rendered":"<p>O WordCamp \u00e9 uma confer\u00eancia originada nos Estados Unidos, sobre tudo relacionado ao WordPress, plataforma open source de gerenciamento de conte\u00fado. S\u00e3o eventos organizados por comunidades de usu\u00e1rios do WordPress ao redor do mundo, onde desenvolvedores, designers, produtores de conte\u00fado &hellip; <a href=\"https:\/\/saopaulo.wordcamp.org\/2020\/sobre\/\">Continue lendo <span class=\"assistive-text\">Sobre<\/span>  <span class=\"meta-nav\">&rarr;<\/span><\/a><\/p>\n","protected":false},"author":7895104,"featured_media":0,"parent":0,"menu_order":0,"comment_status":"closed","ping_status":"closed","template":"","meta":{"jetpack_post_was_ever_published":false,"footnotes":""},"class_list":["post-806","page","type-page","status-publish","hentry"],"jetpack_sharing_enabled":true,"jetpack_likes_enabled":true,"jetpack-related-posts":[{"id":676,"url":"https:\/\/saopaulo.wordcamp.org\/2020\/palestre-no-wordcamp-sao-paulo-2020\/","url_meta":{"origin":806,"position":0},"title":"Palestre no WordCamp S\u00e3o Paulo 2020","author":"Anyssa Ferreira","date":"28 de julho de 2020","format":false,"excerpt":"Nesta edi\u00e7\u00e3o do WordCamp S\u00e3o Paulo, receberemos propostas de palestras. Abaixo, voc\u00ea confere algumas informa\u00e7\u00f5es e instru\u00e7\u00f5es para se candidatar. Prazos Envio das palestras: at\u00e9 24 de agostoDivulga\u00e7\u00e3o da programa\u00e7\u00e3o final: a partir de 27 de agosto Formato Palestra As palestras s\u00e3o apresenta\u00e7\u00f5es - geralmente pontuais - que abordam um\u2026","rel":"","context":"Post similar","block_context":{"text":"Post similar","link":""},"img":{"alt_text":"","src":"https:\/\/i0.wp.com\/saopaulo.wordcamp.org\/2020\/files\/2020\/06\/cropped-cropped-simbolo-vermelho-wordcamp-sao-paulo-2020.png?fit=512%2C512&resize=350%2C200#038;ssl=1","width":350,"height":200},"classes":[]},{"id":2,"url":"https:\/\/saopaulo.wordcamp.org\/2020\/","url_meta":{"origin":806,"position":1},"title":"Home","author":"Allyson","date":"31 de janeiro de 2020","format":false,"excerpt":"A confer\u00eancia oficial do WordPress 12 de setembro de 2020 - EDI\u00c7\u00c3O ONLINE e GRATUITA \ud83c\udfa5 Assita \u00e0 Trilha A \ud83c\udfa5 Assista \u00e0 Trilha B Palestras e muita troca de conhecimento. Tudo sobre WordPress. Os WordCamps s\u00e3o confer\u00eancias organizadas pelas comunidades WordPress em v\u00e1rias cidades do mundo. O WordCamp S\u00e3o\u2026","rel":"","context":"Post similar","block_context":{"text":"Post similar","link":""},"img":{"alt_text":"","src":"https:\/\/i0.wp.com\/saopaulo.wordcamp.org\/2020\/files\/2020\/07\/wordcamp-sao-paulo-2020-slideshow-1-scaled.jpg?resize=350%2C200&ssl=1","width":350,"height":200,"srcset":"https:\/\/i0.wp.com\/saopaulo.wordcamp.org\/2020\/files\/2020\/07\/wordcamp-sao-paulo-2020-slideshow-1-scaled.jpg?resize=350%2C200&ssl=1 1x, https:\/\/i0.wp.com\/saopaulo.wordcamp.org\/2020\/files\/2020\/07\/wordcamp-sao-paulo-2020-slideshow-1-scaled.jpg?resize=525%2C300&ssl=1 1.5x, https:\/\/i0.wp.com\/saopaulo.wordcamp.org\/2020\/files\/2020\/07\/wordcamp-sao-paulo-2020-slideshow-1-scaled.jpg?resize=700%2C400&ssl=1 2x, https:\/\/i0.wp.com\/saopaulo.wordcamp.org\/2020\/files\/2020\/07\/wordcamp-sao-paulo-2020-slideshow-1-scaled.jpg?resize=1050%2C600&ssl=1 3x, https:\/\/i0.wp.com\/saopaulo.wordcamp.org\/2020\/files\/2020\/07\/wordcamp-sao-paulo-2020-slideshow-1-scaled.jpg?resize=1400%2C800&ssl=1 4x"},"classes":[]},{"id":7,"url":"https:\/\/saopaulo.wordcamp.org\/2020\/programacao\/","url_meta":{"origin":806,"position":2},"title":"Programa\u00e7\u00e3o","author":"Allyson","date":"31 de janeiro de 2020","format":false,"excerpt":"Reunimos o melhor conte\u00fado sobre WordPress para voc\u00ea Reserve j\u00e1 o seu ingresso gr\u00e1tis para acompanhar as palestras online. Inscreva-se Clique na estrela\u2b50 para salvar suas palestras favoritas e envi\u00e1-las por email.","rel":"","context":"Post similar","block_context":{"text":"Post similar","link":""},"img":{"alt_text":"","src":"https:\/\/i0.wp.com\/saopaulo.wordcamp.org\/2020\/files\/2020\/06\/cropped-cropped-simbolo-vermelho-wordcamp-sao-paulo-2020.png?fit=512%2C512&resize=350%2C200#038;ssl=1","width":350,"height":200},"classes":[]},{"id":1315,"url":"https:\/\/saopaulo.wordcamp.org\/2020\/patrocine-o-wordcamp\/","url_meta":{"origin":806,"position":3},"title":"Patrocine o WordCamp","author":"Iran Muniz","date":"27 de agosto de 2020","format":false,"excerpt":"Patrocine o WordCamp S\u00e3o Paulo 2020 O WordCamp \u00e9 o \u00fanico evento oficial apoiado pela Funda\u00e7\u00e3o WordPress, \u00e9 organizado pela comunidade local e n\u00e3o possui fins lucrativos. Por isso, contamos com o apoio dos patrocinadores para fazer o evento acontecer e oferecer a melhor estrutura para os participantes. Quer conhecer\u2026","rel":"","context":"Post similar","block_context":{"text":"Post similar","link":""},"img":{"alt_text":"","src":"https:\/\/i0.wp.com\/saopaulo.wordcamp.org\/2020\/files\/2020\/06\/cropped-cropped-simbolo-vermelho-wordcamp-sao-paulo-2020.png?fit=512%2C512&resize=350%2C200#038;ssl=1","width":350,"height":200},"classes":[]},{"id":19,"url":"https:\/\/saopaulo.wordcamp.org\/2020\/codigo-de-conduta\/","url_meta":{"origin":806,"position":4},"title":"C\u00f3digo de conduta","author":"Allyson","date":"31 de janeiro de 2020","format":false,"excerpt":"1. Prop\u00f3sito O WordCamp S\u00e3o Paulo acredita que a nossa comunidade deve ser aberta para todos. Dessa forma, estamos comprometidos a oferecer um ambiente amig\u00e1vel, seguro e acolhedor para todos, n\u00e3o importando as caracter\u00edsticas \u00e9tnico-raciais, o sexo, a orienta\u00e7\u00e3o sexual, as defici\u00eancias f\u00edsicas, a religi\u00e3o, o sistema operacional preferido, a\u2026","rel":"","context":"Post similar","block_context":{"text":"Post similar","link":""},"img":{"alt_text":"","src":"https:\/\/i0.wp.com\/saopaulo.wordcamp.org\/2020\/files\/2020\/06\/cropped-cropped-simbolo-vermelho-wordcamp-sao-paulo-2020.png?fit=512%2C512&resize=350%2C200#038;ssl=1","width":350,"height":200},"classes":[]},{"id":811,"url":"https:\/\/saopaulo.wordcamp.org\/2020\/politica-de-privacidade\/","url_meta":{"origin":806,"position":5},"title":"Pol\u00edtica de privacidade","author":"Allyson","date":"28 de julho de 2020","format":false,"excerpt":"Informa\u00e7\u00f5es e dados pessoais fornecidos \u00e0 organiza\u00e7\u00e3o do WordCamp S\u00e3o Paulo 2019 \u2013 cuja veracidade e exatid\u00e3o s\u00e3o de total responsabilidade do inscrito \u2013 ser\u00e3o coletados e guardados em conformidade com padr\u00f5es r\u00edgidos de confidencialidade e de seguran\u00e7a, e utilizados para as seguintes finalidades: comunicar o inscrito a respeito de\u2026","rel":"","context":"Post similar","block_context":{"text":"Post similar","link":""},"img":{"alt_text":"","src":"https:\/\/i0.wp.com\/saopaulo.wordcamp.org\/2020\/files\/2020\/06\/cropped-cropped-simbolo-vermelho-wordcamp-sao-paulo-2020.png?fit=512%2C512&resize=350%2C200#038;ssl=1","width":350,"height":200},"classes":[]}],"_links":{"self":[{"href":"https:\/\/saopaulo.wordcamp.org\/2020\/wp-json\/wp\/v2\/pages\/806","targetHints":{"allow":["GET"]}}],"collection":[{"href":"https:\/\/saopaulo.wordcamp.org\/2020\/wp-json\/wp\/v2\/pages"}],"about":[{"href":"https:\/\/saopaulo.wordcamp.org\/2020\/wp-json\/wp\/v2\/types\/page"}],"author":[{"embeddable":true,"href":"https:\/\/saopaulo.wordcamp.org\/2020\/wp-json\/wp\/v2\/users\/7895104"}],"replies":[{"embeddable":true,"href":"https:\/\/saopaulo.wordcamp.org\/2020\/wp-json\/wp\/v2\/comments?post=806"}],"version-history":[{"count":1,"href":"https:\/\/saopaulo.wordcamp.org\/2020\/wp-json\/wp\/v2\/pages\/806\/revisions"}],"predecessor-version":[{"id":807,"href":"https:\/\/saopaulo.wordcamp.org\/2020\/wp-json\/wp\/v2\/pages\/806\/revisions\/807"}],"wp:attachment":[{"href":"https:\/\/saopaulo.wordcamp.org\/2020\/wp-json\/wp\/v2\/media?parent=806"}],"curies":[{"name":"wp","href":"https:\/\/api.w.org\/{rel}","templated":true}]}}