{"id":813,"date":"2020-07-28T17:39:27","date_gmt":"2020-07-28T17:39:27","guid":{"rendered":"https:\/\/2020.saopaulo.wordcamp.org\/?page_id=813"},"modified":"2020-07-28T17:39:27","modified_gmt":"2020-07-28T17:39:27","slug":"compartilhe","status":"publish","type":"page","link":"https:\/\/saopaulo.wordcamp.org\/2020\/compartilhe\/","title":{"rendered":"Compartilhe"},"content":{"rendered":"\n<p>Acompanhe tudo que est\u00e1 sendo compartilhado nas redes sociais com a hashtag oficial do evento: #WordCampSP<\/p>\n\n\n<div\n\tid=\"tggr-media-item-container\"\n\tclass=\"three-column\"\n\tdata-hashtag=\"wordcampsp,wordcampsp2020,wpsampa,wordcampsp-2,wpsampa-2,wpsampa-2-2,wordpresssp\"\n\taria-live=\"polite\">\n\n\t<p>Loading new posts.<\/p>\n<\/div> <!-- end media-item-container -->\n\n<script type=\"text\/javascript\">\n\tvar tggrData = {\n\t\tApiUrl:          'https:\/\/saopaulo.wordcamp.org\/2020\/wp-json\/',\n\t\tlogos:            [\"https:\\\/\\\/saopaulo.wordcamp.org\\\/2020\\\/wp-content\\\/plugins\\\/tagregator\\\/images\\\/source-logos\\\/tweets.png\",\"https:\\\/\\\/saopaulo.wordcamp.org\\\/2020\\\/wp-content\\\/plugins\\\/tagregator\\\/images\\\/source-logos\\\/instagram.png\",\"https:\\\/\\\/saopaulo.wordcamp.org\\\/2020\\\/wp-content\\\/plugins\\\/tagregator\\\/images\\\/source-logos\\\/flickr.png\",\"https:\\\/\\\/saopaulo.wordcamp.org\\\/2020\\\/wp-content\\\/plugins\\\/tagregator\\\/images\\\/source-logos\\\/google.png\"],\n\t\thashtags:        'wordcampsp,wordcampsp2020,wpsampa,wordcampsp-2,wpsampa-2,wpsampa-2-2,wordpresssp',\n\t\tlayout:          'three-column',\n\t\trefreshInterval:  30\t};\n<\/script>\n\n","protected":false},"excerpt":{"rendered":"<p>Acompanhe tudo que est\u00e1 sendo compartilhado nas redes sociais com a hashtag oficial do evento: #WordCampSP<\/p>\n","protected":false},"author":7895104,"featured_media":0,"parent":0,"menu_order":0,"comment_status":"closed","ping_status":"closed","template":"","meta":{"jetpack_post_was_ever_published":false,"footnotes":""},"class_list":["post-813","page","type-page","status-publish","hentry"],"jetpack_sharing_enabled":true,"jetpack_likes_enabled":true,"jetpack-related-posts":[{"id":19,"url":"https:\/\/saopaulo.wordcamp.org\/2020\/codigo-de-conduta\/","url_meta":{"origin":813,"position":0},"title":"C\u00f3digo de conduta","author":"Allyson","date":"31 de janeiro de 2020","format":false,"excerpt":"1. Prop\u00f3sito O WordCamp S\u00e3o Paulo acredita que a nossa comunidade deve ser aberta para todos. Dessa forma, estamos comprometidos a oferecer um ambiente amig\u00e1vel, seguro e acolhedor para todos, n\u00e3o importando as caracter\u00edsticas \u00e9tnico-raciais, o sexo, a orienta\u00e7\u00e3o sexual, as defici\u00eancias f\u00edsicas, a religi\u00e3o, o sistema operacional preferido, a\u2026","rel":"","context":"Post similar","block_context":{"text":"Post similar","link":""},"img":{"alt_text":"","src":"https:\/\/i0.wp.com\/saopaulo.wordcamp.org\/2020\/files\/2020\/06\/cropped-cropped-simbolo-vermelho-wordcamp-sao-paulo-2020.png?fit=512%2C512&resize=350%2C200#038;ssl=1","width":350,"height":200},"classes":[]}],"_links":{"self":[{"href":"https:\/\/saopaulo.wordcamp.org\/2020\/wp-json\/wp\/v2\/pages\/813","targetHints":{"allow":["GET"]}}],"collection":[{"href":"https:\/\/saopaulo.wordcamp.org\/2020\/wp-json\/wp\/v2\/pages"}],"about":[{"href":"https:\/\/saopaulo.wordcamp.org\/2020\/wp-json\/wp\/v2\/types\/page"}],"author":[{"embeddable":true,"href":"https:\/\/saopaulo.wordcamp.org\/2020\/wp-json\/wp\/v2\/users\/7895104"}],"replies":[{"embeddable":true,"href":"https:\/\/saopaulo.wordcamp.org\/2020\/wp-json\/wp\/v2\/comments?post=813"}],"version-history":[{"count":1,"href":"https:\/\/saopaulo.wordcamp.org\/2020\/wp-json\/wp\/v2\/pages\/813\/revisions"}],"predecessor-version":[{"id":814,"href":"https:\/\/saopaulo.wordcamp.org\/2020\/wp-json\/wp\/v2\/pages\/813\/revisions\/814"}],"wp:attachment":[{"href":"https:\/\/saopaulo.wordcamp.org\/2020\/wp-json\/wp\/v2\/media?parent=813"}],"curies":[{"name":"wp","href":"https:\/\/api.w.org\/{rel}","templated":true}]}}