{"id":10,"date":"2021-09-02T02:35:00","date_gmt":"2021-09-02T05:35:00","guid":{"rendered":"https:\/\/saopaulo.wordcamp.org\/2021\/sponsors\/"},"modified":"2021-10-24T21:38:02","modified_gmt":"2021-10-25T00:38:02","slug":"patrocinadores","status":"publish","type":"page","link":"https:\/\/saopaulo.wordcamp.org\/2021\/patrocinadores\/","title":{"rendered":"Patrocinadores"},"content":{"rendered":"\n\t<div class=\"wcorg-sponsors\">\n\t\t\n\t\t\t<div class=\"wcorg-sponsor-level-ouro\">\n\t\t\t\t<h2>Ouro<\/h2>\n\n\t\t\t\t\n\t\t\t\t\t<div id=\"wcorg-sponsor-641\" class=\"wcorg-sponsor\">\n\t\t\t\t\t\t\t\t\t\t\t\t\t\t\t\t\t\t\t\t\t<h3>\n\t\t\t\t\t\t\t\t\t<a href=\"http:\/\/www.studiovisual.com.br\" rel=\"nofollow\">\n\t\t\t\t\t\t\t\t\t\tStudio Visual\t\t\t\t\t\t\t\t\t<\/a>\n\t\t\t\t\t\t\t\t<\/h3>\n\t\t\t\t\t\t\t\t\t\t\t\t\t\n\t\t\t\t\t\t<div class=\"wcorg-sponsor-description\">\n\t\t\t\t\t\t\t\t\t\t\t\t\t\t\t<a href=\"http:\/\/www.studiovisual.com.br\" rel=\"nofollow\">\n\t\t\t\t\t\t\t\t\t<img loading=\"lazy\" decoding=\"async\" width=\"1975\" height=\"802\" src=\"https:\/\/saopaulo.wordcamp.org\/2021\/files\/2021\/10\/studiovisual-logo-black@2x.png\" class=\"attachment-wcb-sponsor-logo-horizontal-2x size-wcb-sponsor-logo-horizontal-2x wp-post-image\" alt=\"Studio Visual\" srcset=\"https:\/\/saopaulo.wordcamp.org\/2021\/files\/2021\/10\/studiovisual-logo-black@2x.png 1975w, https:\/\/saopaulo.wordcamp.org\/2021\/files\/2021\/10\/studiovisual-logo-black@2x-300x122.png 300w, https:\/\/saopaulo.wordcamp.org\/2021\/files\/2021\/10\/studiovisual-logo-black@2x-1024x416.png 1024w, https:\/\/saopaulo.wordcamp.org\/2021\/files\/2021\/10\/studiovisual-logo-black@2x-768x312.png 768w, https:\/\/saopaulo.wordcamp.org\/2021\/files\/2021\/10\/studiovisual-logo-black@2x-500x203.png 500w, https:\/\/saopaulo.wordcamp.org\/2021\/files\/2021\/10\/studiovisual-logo-black@2x-1536x624.png 1536w, https:\/\/saopaulo.wordcamp.org\/2021\/files\/2021\/10\/studiovisual-logo-black@2x-1000x406.png 1000w\" sizes=\"auto, (max-width: 1975px) 100vw, 1975px\" \/>\t\t\t\t\t\t\t\t<\/a>\n\t\t\t\t\t\t\t\n\t\t\t\t\t\t\t\t\t\t\t\t\t\t\t\n<p>A&nbsp;<a href=\"https:\/\/www.studiovisual.com.br\/\" target=\"_blank\" rel=\"noreferrer noopener nofollow\">Studio Visual<\/a>&nbsp;nasceu e cresceu da necessidade de diversas empresas: desenvolver ideias e torn\u00e1-las reais com foco em resultados. Nosso time \u00e9 formado por desenvolvedores especialistas em WordPress, integra\u00e7\u00f5es de sistemas, an\u00e1lise de performance, testes funcionais, UX, Design e SEO.&nbsp;<br>Trabalhamos de forma \u00e1gil e eficiente, com:<br>&#8211; Desenvolvimento de temas e plugins sob medida<br>&#8211; WordPress Headless (WordPress como API Rest consumido por aplica\u00e7\u00e3o em javascript)<br>&#8211; Desenvolvimento de aplica\u00e7\u00f5es e APIs utilizando framework Laravel<br>&#8211;&nbsp;Automa\u00e7\u00e3o de testes<br>&#8211; DevOps (Versionamento sem\u00e2ntico, integra\u00e7\u00e3o cont\u00ednua, continuous testing e monitoramento de disponibilidade)<\/p>\n\n\n\n<p>Al\u00e9m disso, a&nbsp;<a href=\"https:\/\/www.studiovisual.com.br\/\" target=\"_blank\" rel=\"noreferrer noopener nofollow\">Studio Visual<\/a>&nbsp;pensa em todas as fases do projeto, incluindo an\u00e1lise estrat\u00e9gica, usabilidade, cria\u00e7\u00e3o, desenvolvimento, publica\u00e7\u00e3o, SEO, Performance e monitoramento. Com sede em S\u00e3o Paulo, atendemos clientes como: Serasa Experian, Roche, Totvs, FIESP, FMU e Faber-Castell.<br>S\u00e3o 19 anos de experi\u00eancia em tecnologia, inova\u00e7\u00e3o e transforma\u00e7\u00e3o de problemas em oportunidades digitais.<\/p>\n\t\t\t\t\t\t\t\t\t\t\t\t\t<\/div>\n\t\t\t\t\t<\/div><!-- #sponsor -->\n\t\t\t\t\n\t\t\t\t\t<div id=\"wcorg-sponsor-646\" class=\"wcorg-sponsor\">\n\t\t\t\t\t\t\t\t\t\t\t\t\t\t\t\t\t\t\t\t\t<h3>\n\t\t\t\t\t\t\t\t\t<a href=\"https:\/\/king.host\/\" rel=\"nofollow\">\n\t\t\t\t\t\t\t\t\t\tKingHost\t\t\t\t\t\t\t\t\t<\/a>\n\t\t\t\t\t\t\t\t<\/h3>\n\t\t\t\t\t\t\t\t\t\t\t\t\t\n\t\t\t\t\t\t<div class=\"wcorg-sponsor-description\">\n\t\t\t\t\t\t\t\t\t\t\t\t\t\t\t<a href=\"https:\/\/king.host\/\" rel=\"nofollow\">\n\t\t\t\t\t\t\t\t\t<img loading=\"lazy\" decoding=\"async\" width=\"1117\" height=\"214\" src=\"https:\/\/saopaulo.wordcamp.org\/2021\/files\/2021\/10\/01A-kinghost-PRERENCIAL-roxo.png\" class=\"attachment-wcb-sponsor-logo-horizontal-2x size-wcb-sponsor-logo-horizontal-2x wp-post-image\" alt=\"KingHost\" srcset=\"https:\/\/saopaulo.wordcamp.org\/2021\/files\/2021\/10\/01A-kinghost-PRERENCIAL-roxo.png 1117w, https:\/\/saopaulo.wordcamp.org\/2021\/files\/2021\/10\/01A-kinghost-PRERENCIAL-roxo-300x57.png 300w, https:\/\/saopaulo.wordcamp.org\/2021\/files\/2021\/10\/01A-kinghost-PRERENCIAL-roxo-1024x196.png 1024w, https:\/\/saopaulo.wordcamp.org\/2021\/files\/2021\/10\/01A-kinghost-PRERENCIAL-roxo-768x147.png 768w, https:\/\/saopaulo.wordcamp.org\/2021\/files\/2021\/10\/01A-kinghost-PRERENCIAL-roxo-500x96.png 500w, https:\/\/saopaulo.wordcamp.org\/2021\/files\/2021\/10\/01A-kinghost-PRERENCIAL-roxo-1000x192.png 1000w\" sizes=\"auto, (max-width: 1117px) 100vw, 1117px\" \/>\t\t\t\t\t\t\t\t<\/a>\n\t\t\t\t\t\t\t\n\t\t\t\t\t\t\t\t\t\t\t\t\t\t\t\n<p>Ol\u00e1! \ud83d\ude0a<\/p>\n\n\n\n<p>Somos a KingHost (prazer!), uma empresa de solu\u00e7\u00f5es digitais para profissionais de tecnologia e empreendedores, refer\u00eancia em hospedagem de sites no Brasil desde a nossa funda\u00e7\u00e3o em 2006.<\/p>\n\n\n\n<p>Investimentos na diversifica\u00e7\u00e3o do nosso portf\u00f3lio para simplificar a rela\u00e7\u00e3o com a tecnologia<br>das pessoas com ou sem conhecimento t\u00e9cnico. Oferecemos servi\u00e7os que incluem desde computa\u00e7\u00e3o<br>na nuvem at\u00e9 ferramentas que otimizam o posicionamento dos sites nos buscadores online.<\/p>\n\n\n\n<p><a href=\"https:\/\/king.host\/hospedagem-wordpress?utm_source=evento-patrocinado&amp;utm_medium=wordcamp-sp&amp;utm_term=conheca-nossos-planos&amp;utm_content=conheca-nossos-planos&amp;utm_campaign=canais-patrocinados\" target=\"_blank\" rel=\"noreferrer noopener nofollow\">Conhe\u00e7a nossos planos<\/a> que ajudar\u00e3o o seu site em WordPress a evoluir com muito mais seguran\u00e7a e velocidade. <a href=\"https:\/\/ead.tudodeshare.com.br\/curso\/wordpress-do-zero\/?utm_source=evento-patrocinado&amp;utm_medium=wordcamp-sp&amp;utm_term=curso-gratuito-de-wp&amp;utm_content=curso-gratuito-de-wp&amp;utm_campaign=canais-patrocinados\" target=\"_blank\" rel=\"noreferrer noopener nofollow\">Fa\u00e7a nosso curso gratuito de cria\u00e7\u00e3o de sites em WordPress<\/a> e garanta um desconto de 80% na hospedagem especializada.<\/p>\n\n\n\n<p>Nos siga nas redes sociais:<br><a href=\"https:\/\/www.linkedin.com\/company\/2456949\" target=\"_blank\" rel=\"noreferrer noopener nofollow\">Linkedin<\/a><br><a href=\"https:\/\/www.instagram.com\/kinghost\/\" target=\"_blank\" rel=\"noreferrer noopener nofollow\">Instagram<\/a><br><a href=\"https:\/\/twitter.com\/KingHost\" target=\"_blank\" rel=\"noreferrer noopener nofollow\">Twitter<\/a><\/p>\n\t\t\t\t\t\t\t\t\t\t\t\t\t<\/div>\n\t\t\t\t\t<\/div><!-- #sponsor -->\n\t\t\t\t\n\t\t\t\t\t<div id=\"wcorg-sponsor-827\" class=\"wcorg-sponsor\">\n\t\t\t\t\t\t\t\t\t\t\t\t\t\t\t\t\t\t\t\t\t<h3>\n\t\t\t\t\t\t\t\t\t<a href=\"https:\/\/www.mercadopago.com.br\/\" rel=\"nofollow\">\n\t\t\t\t\t\t\t\t\t\tMercado Pago\t\t\t\t\t\t\t\t\t<\/a>\n\t\t\t\t\t\t\t\t<\/h3>\n\t\t\t\t\t\t\t\t\t\t\t\t\t\n\t\t\t\t\t\t<div class=\"wcorg-sponsor-description\">\n\t\t\t\t\t\t\t\t\t\t\t\t\t\t\t<a href=\"https:\/\/www.mercadopago.com.br\/\" rel=\"nofollow\">\n\t\t\t\t\t\t\t\t\t<img loading=\"lazy\" decoding=\"async\" width=\"946\" height=\"501\" src=\"https:\/\/saopaulo.wordcamp.org\/2021\/files\/2021\/10\/mercado_pago.png\" class=\"attachment-wcb-sponsor-logo-horizontal-2x size-wcb-sponsor-logo-horizontal-2x wp-post-image\" alt=\"Mercado Pago\" srcset=\"https:\/\/saopaulo.wordcamp.org\/2021\/files\/2021\/10\/mercado_pago.png 946w, https:\/\/saopaulo.wordcamp.org\/2021\/files\/2021\/10\/mercado_pago-300x159.png 300w, https:\/\/saopaulo.wordcamp.org\/2021\/files\/2021\/10\/mercado_pago-768x407.png 768w, https:\/\/saopaulo.wordcamp.org\/2021\/files\/2021\/10\/mercado_pago-500x265.png 500w\" sizes=\"auto, (max-width: 946px) 100vw, 946px\" \/>\t\t\t\t\t\t\t\t<\/a>\n\t\t\t\t\t\t\t\n\t\t\t\t\t\t\t\t\t\t\t\t\t\t\t\n<p>Mercado Pago \u00e9 a solu\u00e7\u00e3o de pagamentos do Mercado Livre! <\/p>\n\n\n\n<p>Estamos presentes em 19 pa\u00edses da Am\u00e9rica Latina, e contamos com diversos servi\u00e7os de pagamento, como checkout Pro e checkout Transparente onde seu cliente pode optar por pagar com cart\u00e3o de cr\u00e9dito, Pix,&nbsp;boleto ou dinheiro em conta Mercado Pago. Fa\u00e7a suas vendas e receba na hora, al\u00e9m de contar com o programa Prote\u00e7\u00e3o ao vendedor dando cobertura contra contesta\u00e7\u00f5es. Facilidade de integra\u00e7\u00e3o, receber na hora, diversas op\u00e7\u00f5es para cobrar, voc\u00ea s\u00f3 encontra com Mercado Pago.<\/p>\n\t\t\t\t\t\t\t\t\t\t\t\t\t<\/div>\n\t\t\t\t\t<\/div><!-- #sponsor -->\n\t\t\t\t\t\t\t<\/div><!-- .wcorg-sponsor-level -->\n\t\t\n\t\t\t<div class=\"wcorg-sponsor-level-prata\">\n\t\t\t\t<h2>Prata<\/h2>\n\n\t\t\t\t\n\t\t\t\t\t<div id=\"wcorg-sponsor-741\" class=\"wcorg-sponsor\">\n\t\t\t\t\t\t\t\t\t\t\t\t\t\t\t\t\t\t\t\t\t<h3>\n\t\t\t\t\t\t\t\t\t<a href=\"https:\/\/kangaroohost.com.br\/\" rel=\"nofollow\">\n\t\t\t\t\t\t\t\t\t\tKangaroo Host\t\t\t\t\t\t\t\t\t<\/a>\n\t\t\t\t\t\t\t\t<\/h3>\n\t\t\t\t\t\t\t\t\t\t\t\t\t\n\t\t\t\t\t\t<div class=\"wcorg-sponsor-description\">\n\t\t\t\t\t\t\t\t\t\t\t\t\t\t\t<a href=\"https:\/\/kangaroohost.com.br\/\" rel=\"nofollow\">\n\t\t\t\t\t\t\t\t\t<img loading=\"lazy\" decoding=\"async\" width=\"4336\" height=\"560\" src=\"https:\/\/saopaulo.wordcamp.org\/2021\/files\/2021\/10\/kangaroo_host.png\" class=\"attachment-wcb-sponsor-logo-horizontal-2x size-wcb-sponsor-logo-horizontal-2x wp-post-image\" alt=\"Kangaroo Host\" srcset=\"https:\/\/saopaulo.wordcamp.org\/2021\/files\/2021\/10\/kangaroo_host.png 4336w, https:\/\/saopaulo.wordcamp.org\/2021\/files\/2021\/10\/kangaroo_host-300x39.png 300w, https:\/\/saopaulo.wordcamp.org\/2021\/files\/2021\/10\/kangaroo_host-1024x132.png 1024w, https:\/\/saopaulo.wordcamp.org\/2021\/files\/2021\/10\/kangaroo_host-768x99.png 768w, https:\/\/saopaulo.wordcamp.org\/2021\/files\/2021\/10\/kangaroo_host-500x65.png 500w, https:\/\/saopaulo.wordcamp.org\/2021\/files\/2021\/10\/kangaroo_host-1536x198.png 1536w, https:\/\/saopaulo.wordcamp.org\/2021\/files\/2021\/10\/kangaroo_host-2048x265.png 2048w, https:\/\/saopaulo.wordcamp.org\/2021\/files\/2021\/10\/kangaroo_host-1000x129.png 1000w\" sizes=\"auto, (max-width: 4336px) 100vw, 4336px\" \/>\t\t\t\t\t\t\t\t<\/a>\n\t\t\t\t\t\t\t\n\t\t\t\t\t\t\t\t\t\t\t\t\t\t\t\n<p>Ol\u00e1, pequeno <strong>Kangaroo<\/strong><br>Somos uma empresa especializada em hospedagem otimizada, trabalhamos com<br>as mais modernas tecnologias em servidores.<\/p>\n\n\n\n<p>Se voc\u00ea tem um WordPress, a <strong>Kangaroo Host<\/strong> ser\u00e1 uma m\u00e3e para seu projeto!<br>Queremos que seus sites sejam r\u00e1pidos e seguros, garantindo uma boa<br>noite sono e que seus fins de semana n\u00e3o sejam interrompidos por<br>indisponibilidade com servidores.<br>Essa \u00e9 a <strong>Kangaroo Host<\/strong>, uma empresa que veio para mudar os conceitos de<br>Hospedagem!<\/p>\n\n\n\n<p><\/p>\n\n\n\n<p>Facebook: <a href=\"https:\/\/www.facebook.com\/kangaroohost\" target=\"_blank\" rel=\"noreferrer noopener nofollow\">https:\/\/www.facebook.com\/kangaroohost<\/a><br>Site: <a href=\"https:\/\/kangaroohost.com.br\/\" target=\"_blank\" rel=\"noreferrer noopener nofollow\">https:\/\/kangaroohost.com.br\/<\/a><\/p>\n\t\t\t\t\t\t\t\t\t\t\t\t\t<\/div>\n\t\t\t\t\t<\/div><!-- #sponsor -->\n\t\t\t\t\n\t\t\t\t\t<div id=\"wcorg-sponsor-859\" class=\"wcorg-sponsor\">\n\t\t\t\t\t\t\t\t\t\t\t\t\t\t\t\t\t\t\t\t\t<h3>\n\t\t\t\t\t\t\t\t\t<a href=\"https:\/\/www.hastedesign.com.br\/\" rel=\"nofollow\">\n\t\t\t\t\t\t\t\t\t\tEst\u00fadio Haste\t\t\t\t\t\t\t\t\t<\/a>\n\t\t\t\t\t\t\t\t<\/h3>\n\t\t\t\t\t\t\t\t\t\t\t\t\t\n\t\t\t\t\t\t<div class=\"wcorg-sponsor-description\">\n\t\t\t\t\t\t\t\t\t\t\t\t\t\t\t<a href=\"https:\/\/www.hastedesign.com.br\/\" rel=\"nofollow\">\n\t\t\t\t\t\t\t\t\t<img loading=\"lazy\" decoding=\"async\" width=\"2260\" height=\"1130\" src=\"https:\/\/saopaulo.wordcamp.org\/2021\/files\/2021\/10\/estudio_haste.png\" class=\"attachment-wcb-sponsor-logo-horizontal-2x size-wcb-sponsor-logo-horizontal-2x wp-post-image\" alt=\"Est\u00fadio Haste\" srcset=\"https:\/\/saopaulo.wordcamp.org\/2021\/files\/2021\/10\/estudio_haste.png 2260w, https:\/\/saopaulo.wordcamp.org\/2021\/files\/2021\/10\/estudio_haste-300x150.png 300w, https:\/\/saopaulo.wordcamp.org\/2021\/files\/2021\/10\/estudio_haste-1024x512.png 1024w, https:\/\/saopaulo.wordcamp.org\/2021\/files\/2021\/10\/estudio_haste-768x384.png 768w, https:\/\/saopaulo.wordcamp.org\/2021\/files\/2021\/10\/estudio_haste-500x250.png 500w, https:\/\/saopaulo.wordcamp.org\/2021\/files\/2021\/10\/estudio_haste-1536x768.png 1536w, https:\/\/saopaulo.wordcamp.org\/2021\/files\/2021\/10\/estudio_haste-2048x1024.png 2048w, https:\/\/saopaulo.wordcamp.org\/2021\/files\/2021\/10\/estudio_haste-1000x500.png 1000w\" sizes=\"auto, (max-width: 2260px) 100vw, 2260px\" \/>\t\t\t\t\t\t\t\t<\/a>\n\t\t\t\t\t\t\t\n\t\t\t\t\t\t\t\t\t\t\t\t\t\t\t\n<p>A Haste \u00e9 um est\u00fadio transdisciplinar de desenvolvimento, design e comunica\u00e7\u00e3o fundado em 2009. O foco da Haste \u00e9 criar solu\u00e7\u00f5es e conex\u00f5es estrat\u00e9gicas para produtos digitais e fazemos isso atrav\u00e9s da uni\u00e3o dessas diferentes \u00e1reas de conhecimento.<\/p>\n\n\n\n<p>Atuamos com o design e desenvolvimento de plataformas (sites, lojas virtuais e apps), estrat\u00e9gia digital, gest\u00e3o de conte\u00fado, marketing de relacionamento e SEO.<\/p>\n\n\n\n<p>Conhe\u00e7a nosso <a href=\"https:\/\/www.hastedesign.com.br\/\" target=\"_blank\" rel=\"noreferrer noopener nofollow\">site<\/a> e as redes sociais: <a href=\"https:\/\/www.instagram.com\/estudiohaste\/\" target=\"_blank\" rel=\"noreferrer noopener nofollow\">Instagram<\/a> | <a href=\"https:\/\/www.facebook.com\/estudiohaste\" target=\"_blank\" rel=\"noreferrer noopener nofollow\">Facebook<\/a> | <a href=\"https:\/\/www.linkedin.com\/company\/estudiohaste\/\" data-type=\"URL\" data-id=\"https:\/\/www.linkedin.com\/company\/estudiohaste\/\" target=\"_blank\" rel=\"noreferrer noopener nofollow\">LinkedIn<\/a> | <a href=\"https:\/\/twitter.com\/estudiohaste\" target=\"_blank\" rel=\"noreferrer noopener nofollow\">Twitter<\/a><\/p>\n\t\t\t\t\t\t\t\t\t\t\t\t\t<\/div>\n\t\t\t\t\t<\/div><!-- #sponsor -->\n\t\t\t\t\t\t\t<\/div><!-- .wcorg-sponsor-level -->\n\t\t\n\t\t\t<div class=\"wcorg-sponsor-level-bronze\">\n\t\t\t\t<h2>Bronze<\/h2>\n\n\t\t\t\t\n\t\t\t\t\t<div id=\"wcorg-sponsor-800\" class=\"wcorg-sponsor\">\n\t\t\t\t\t\t\t\t\t\t\t\t\t\t\t\t\t\t\t\t\t<h3>\n\t\t\t\t\t\t\t\t\t<a href=\"https:\/\/www.painelwp.com.br\/\" rel=\"nofollow\">\n\t\t\t\t\t\t\t\t\t\tPainelWP\t\t\t\t\t\t\t\t\t<\/a>\n\t\t\t\t\t\t\t\t<\/h3>\n\t\t\t\t\t\t\t\t\t\t\t\t\t\n\t\t\t\t\t\t<div class=\"wcorg-sponsor-description\">\n\t\t\t\t\t\t\t\t\t\t\t\t\t\t\t<a href=\"https:\/\/www.painelwp.com.br\/\" rel=\"nofollow\">\n\t\t\t\t\t\t\t\t\t<img loading=\"lazy\" decoding=\"async\" width=\"5790\" height=\"1129\" src=\"https:\/\/saopaulo.wordcamp.org\/2021\/files\/2021\/10\/painelwp.png\" class=\"attachment-wcb-sponsor-logo-horizontal-2x size-wcb-sponsor-logo-horizontal-2x wp-post-image\" alt=\"PainelWP\" srcset=\"https:\/\/saopaulo.wordcamp.org\/2021\/files\/2021\/10\/painelwp.png 5790w, https:\/\/saopaulo.wordcamp.org\/2021\/files\/2021\/10\/painelwp-300x58.png 300w, https:\/\/saopaulo.wordcamp.org\/2021\/files\/2021\/10\/painelwp-1024x200.png 1024w, https:\/\/saopaulo.wordcamp.org\/2021\/files\/2021\/10\/painelwp-768x150.png 768w, https:\/\/saopaulo.wordcamp.org\/2021\/files\/2021\/10\/painelwp-500x97.png 500w, https:\/\/saopaulo.wordcamp.org\/2021\/files\/2021\/10\/painelwp-1536x300.png 1536w, https:\/\/saopaulo.wordcamp.org\/2021\/files\/2021\/10\/painelwp-2048x399.png 2048w, https:\/\/saopaulo.wordcamp.org\/2021\/files\/2021\/10\/painelwp-1000x195.png 1000w\" sizes=\"auto, (max-width: 5790px) 100vw, 5790px\" \/>\t\t\t\t\t\t\t\t<\/a>\n\t\t\t\t\t\t\t\n\t\t\t\t\t\t\t\t\t\t\t\t\t\t\t\n<p>O PainelWP \u00e9 uma newsletter semanal e gratuita com as principais not\u00edcias, tutoriais, dicas, v\u00eddeos, eventos e vagas sobre o maravilhoso mundo do WordPress. O seu objetivo principal \u00e9 fomentar a produ\u00e7\u00e3o de conte\u00fado em portugu\u00eas sobre WordPress, ajudando a divulg\u00e1-lo.<\/p>\n\n\n\n<p>Site: <a href=\"https:\/\/www.painelwp.com.br\/\" target=\"_blank\" rel=\"noreferrer noopener nofollow\">https:\/\/www.painelwp.com.br\/<\/a><br>Instagram: <a href=\"https:\/\/www.instagram.com\/painelwp\/\" target=\"_blank\" rel=\"noreferrer noopener nofollow\">https:\/\/www.instagram.com\/painelwp\/<\/a><\/p>\n\t\t\t\t\t\t\t\t\t\t\t\t\t<\/div>\n\t\t\t\t\t<\/div><!-- #sponsor -->\n\t\t\t\t\t\t\t<\/div><!-- .wcorg-sponsor-level -->\n\t\t\t<\/div><!-- .wcorg-sponsors -->\n\n\t\n\n\n\n<p><\/p>\n","protected":false},"excerpt":{"rendered":"","protected":false},"author":98905,"featured_media":0,"parent":0,"menu_order":0,"comment_status":"closed","ping_status":"closed","template":"","meta":{"jetpack_post_was_ever_published":false,"footnotes":""},"class_list":["post-10","page","type-page","status-publish","hentry"],"jetpack_sharing_enabled":true,"_links":{"self":[{"href":"https:\/\/saopaulo.wordcamp.org\/2021\/wp-json\/wp\/v2\/pages\/10","targetHints":{"allow":["GET"]}}],"collection":[{"href":"https:\/\/saopaulo.wordcamp.org\/2021\/wp-json\/wp\/v2\/pages"}],"about":[{"href":"https:\/\/saopaulo.wordcamp.org\/2021\/wp-json\/wp\/v2\/types\/page"}],"author":[{"embeddable":true,"href":"https:\/\/saopaulo.wordcamp.org\/2021\/wp-json\/wp\/v2\/users\/98905"}],"replies":[{"embeddable":true,"href":"https:\/\/saopaulo.wordcamp.org\/2021\/wp-json\/wp\/v2\/comments?post=10"}],"version-history":[{"count":5,"href":"https:\/\/saopaulo.wordcamp.org\/2021\/wp-json\/wp\/v2\/pages\/10\/revisions"}],"predecessor-version":[{"id":804,"href":"https:\/\/saopaulo.wordcamp.org\/2021\/wp-json\/wp\/v2\/pages\/10\/revisions\/804"}],"wp:attachment":[{"href":"https:\/\/saopaulo.wordcamp.org\/2021\/wp-json\/wp\/v2\/media?parent=10"}],"curies":[{"name":"wp","href":"https:\/\/api.w.org\/{rel}","templated":true}]}}